{"id":16498,"date":"2020-07-16T06:54:15","date_gmt":"2020-07-16T04:54:15","guid":{"rendered":"https:\/\/test.guerini.it\/?product=come-i-social-hanno-ucciso-la-comunicazione"},"modified":"2024-06-12T14:37:51","modified_gmt":"2024-06-12T12:37:51","slug":"come-i-social-hanno-ucciso-la-comunicazione","status":"publish","type":"product","link":"https:\/\/www.guerini.it\/index.php\/prodotto\/come-i-social-hanno-ucciso-la-comunicazione\/","title":{"rendered":"Come i social hanno ucciso la comunicazione"},"content":{"rendered":"<p style=\"text-align: justify;\">Messaggi stereotipati e urlati, informazioni in eccesso, slogan e hashtag ripetitivi. In questo bombardamento incessante, diventa vitale \u2013 per i singoli e per le aziende \u2013 cambiare il modo di porsi. \u00c8 la proposta di questo agile saggio che smonta i meccanismi della comunicazione, cos\u00ec da offrire al lettore strumenti nuovi per esprimere la propria identit\u00e0 in rete e il proprio brand, aziendale o personale che sia. Se il mercato ormai vive sui social, sono i social pi\u00f9 forti del mercato stesso? S\u00ec e no. I big player del web sono giganti in grado di influenzare l\u2019opinione pubblica globale, ma anche vulnerabilissimi alle mode e ai gusti di un pubblico divenuto ingovernabile massa. E i social hanno di fatto paralizzato la comunicazione. Aziende, politica, privati devono sgomitare per avere voce nelle piazze virtuali, disposti a snaturarsi pur di emergere. Ma ci siamo mai chiesti davvero che cosa vogliamo dire? Abbiamo cercato di definire la nostra identit\u00e0, chi siamo, che cosa abbiamo da esprimere? Invece di spendere tempo e risorse per comunicare, sottostando a regole imposte da giganti con i piedi di argilla, lavoriamo su di noi. La nuova era dell\u2019espressione \u00e8 pi\u00f9 vicina di quanto crediamo.<\/p>\n<hr \/>\n<p style=\"text-align: justify;\"><strong>Guido Bosticco<\/strong> insegna scrittura all\u2019Universit\u00e0 di Pavia e alla Scuola del Viaggio. Ha fondato Epoch\u00e9, un\u2019agenzia di progettazione e comunicazione culturale e istituzionale. \u00c8 co-direttore della Vittorio Dan Segre Foundation. \u00c8 membro del Comitato Etico della Fondazione Umberto Veronesi. Scrive reportage di viaggio ed \u00e8 autore di una manciata di libri.<\/p>\n<p style=\"text-align: justify;\"><strong>Giovanni Battista Magnoli Bocchi<\/strong> si occupa di storiografia, retorica e comunicazione politica, cio\u00e8 del racconto della realt\u00e0 a fini politici. Collabora con le universit\u00e0 di Pavia e di Strasburgo. Insegna Forme di potere e comunicazione nel mondo greco, presso l\u2019Ateneo pavese. Fra le sue pubblicazioni: <em>Politica e Storia nella Retorica di Aristotele<\/em> e <em>La resilienza dell\u2019antico. Il passato alla prova del presente<\/em>.<\/p>\n","protected":false},"excerpt":{"rendered":"<p style=\"text-align: justify;\">Messaggi stereotipati e urlati, informazioni in eccesso, slogan e hashtag ripetitivi. In questo bombardamento incessante, diventa vitale \u2013 per i singoli e per le aziende \u2013 cambiare il modo di porsi. \u00c8 la proposta di questo agile saggio che smonta i meccanismi della comunicazione, cos\u00ec da offrire al lettore strumenti nuovi per esprimere la propria identit\u00e0 in rete e il proprio brand, aziendale o personale che sia. Se il mercato ormai vive sui social, sono i social pi\u00f9 forti del mercato stesso? S\u00ec e no. I big player del web sono giganti in grado di influenzare l\u2019opinione pubblica globale, ma anche vulnerabilissimi alle mode e ai gusti di un pubblico divenuto ingovernabile massa. E i social hanno di fatto paralizzato la comunicazione. Aziende, politica, privati devono sgomitare per avere voce nelle piazze virtuali, disposti a snaturarsi pur di emergere. Ma ci siamo mai chiesti davvero che cosa vogliamo dire? Abbiamo cercato di definire la nostra identit\u00e0, chi siamo, che cosa abbiamo da esprimere? Invece di spendere tempo e risorse per comunicare, sottostando a regole imposte da giganti con i piedi di argilla, lavoriamo su di noi. La nuova era dell\u2019espressione \u00e8 pi\u00f9 vicina di quanto crediamo.<\/p>\n","protected":false},"featured_media":21833,"template":"","meta":{"_editorskit_title_hidden":false,"_editorskit_reading_time":0,"_editorskit_is_block_options_detached":false,"_editorskit_block_options_position":"{}","_monsterinsights_skip_tracking":false,"_monsterinsights_sitenote_active":false,"_monsterinsights_sitenote_note":"","_monsterinsights_sitenote_category":0},"product_brand":[],"product_cat":[6805,6538],"product_tag":[],"class_list":{"0":"post-16498","1":"product","2":"type-product","3":"status-publish","4":"has-post-thumbnail","6":"product_cat-guerini-next","7":"product_cat-sociologia-e-comunicazione","8":"pa_fulfillment-default","9":"pa_guerini_feltrinelli_link-b9-httpswwwlafeltrinelliitlib","10":"pa_guerini_ibs_link-https-www-ibs-it-come-social-hanno-ucciso-comunicazione-libro-guido-bosticco-giovanni-battista-magnoli-bocchi-e-9788868963361","11":"pa_guerini_libruniver_link-19-httpswwwlibreriauniversita","12":"pa_guerini_link_apple_ibook-5d-httpsbooksapplecomitbookco","13":"pa_guerini_link_bookrepublic-1e-httpswwwbookrepubliciteboo","14":"pa_guerini_link_google_play-3b-httpsplaygooglecomstoreboo","15":"pa_guerini_link_ibs-2c-httpswwwibsitcome_social_h","16":"pa_guerini_link_kobo-3a-httpswwwkobocomititebookco","17":"pa_guerini_link_lafeltrinelli-d4-httpswwwlafeltrinelliitebo","18":"pa_guerini_link_mondadori-https-www-mondadoristore-it-come-social-hanno-ucciso-giovanni-battista-magnoli-bocchi-guido-bosticco-eai978886896353","19":"pa_guerini_mondadori_link-20-httpswwwmondadoristoreitco","21":"first","22":"instock","23":"sale","24":"shipping-taxable","25":"purchasable","26":"product-type-simple"},"yoast_head":"<!-- This site is optimized with the Yoast SEO plugin v25.4 - https:\/\/yoast.com\/wordpress\/plugins\/seo\/ -->\n<title>Come i social hanno ucciso la comunicazione - Guerini e Associati<\/title>\n<meta name=\"robots\" content=\"index, follow, max-snippet:-1, max-image-preview:large, max-video-preview:-1\" \/>\n<link rel=\"canonical\" href=\"https:\/\/www.guerini.it\/index.php\/prodotto\/come-i-social-hanno-ucciso-la-comunicazione\/\" \/>\n<meta property=\"og:locale\" content=\"it_IT\" \/>\n<meta property=\"og:type\" content=\"article\" \/>\n<meta property=\"og:title\" content=\"Come i social hanno ucciso la comunicazione - Guerini e Associati\" \/>\n<meta property=\"og:description\" content=\"Messaggi stereotipati e urlati, informazioni in eccesso, slogan e hashtag ripetitivi. In questo bombardamento incessante, diventa vitale \u2013 per i singoli e per le aziende \u2013 cambiare il modo di porsi. \u00c8 la proposta di questo agile saggio che smonta i meccanismi della comunicazione, cos\u00ec da offrire al lettore strumenti nuovi per esprimere la propria identit\u00e0 in rete e il proprio brand, aziendale o personale che sia. Se il mercato ormai vive sui social, sono i social pi\u00f9 forti del mercato stesso? S\u00ec e no. I big player del web sono giganti in grado di influenzare l\u2019opinione pubblica globale, ma anche vulnerabilissimi alle mode e ai gusti di un pubblico divenuto ingovernabile massa. E i social hanno di fatto paralizzato la comunicazione. Aziende, politica, privati devono sgomitare per avere voce nelle piazze virtuali, disposti a snaturarsi pur di emergere. Ma ci siamo mai chiesti davvero che cosa vogliamo dire? Abbiamo cercato di definire la nostra identit\u00e0, chi siamo, che cosa abbiamo da esprimere? Invece di spendere tempo e risorse per comunicare, sottostando a regole imposte da giganti con i piedi di argilla, lavoriamo su di noi. La nuova era dell\u2019espressione \u00e8 pi\u00f9 vicina di quanto crediamo.\" \/>\n<meta property=\"og:url\" content=\"https:\/\/www.guerini.it\/index.php\/prodotto\/come-i-social-hanno-ucciso-la-comunicazione\/\" \/>\n<meta property=\"og:site_name\" content=\"Guerini e Associati\" \/>\n<meta property=\"article:modified_time\" content=\"2024-06-12T12:37:51+00:00\" \/>\n<meta property=\"og:image\" content=\"https:\/\/www.guerini.it\/wp-content\/uploads\/2020\/07\/Front-Cover-COME-I-SOCIAL-HANNO-UCCISO-e1617003319880.jpg\" \/>\n\t<meta property=\"og:image:width\" content=\"215\" \/>\n\t<meta property=\"og:image:height\" content=\"350\" \/>\n\t<meta property=\"og:image:type\" content=\"image\/jpeg\" \/>\n<meta name=\"twitter:card\" content=\"summary_large_image\" \/>\n<meta name=\"twitter:label1\" content=\"Tempo di lettura stimato\" \/>\n\t<meta name=\"twitter:data1\" content=\"2 minuti\" \/>\n<!-- \/ Yoast SEO plugin. -->","yoast_head_json":{"title":"Come i social hanno ucciso la comunicazione - Guerini e Associati","robots":{"index":"index","follow":"follow","max-snippet":"max-snippet:-1","max-image-preview":"max-image-preview:large","max-video-preview":"max-video-preview:-1"},"canonical":"https:\/\/www.guerini.it\/index.php\/prodotto\/come-i-social-hanno-ucciso-la-comunicazione\/","og_locale":"it_IT","og_type":"article","og_title":"Come i social hanno ucciso la comunicazione - Guerini e Associati","og_description":"Messaggi stereotipati e urlati, informazioni in eccesso, slogan e hashtag ripetitivi. In questo bombardamento incessante, diventa vitale \u2013 per i singoli e per le aziende \u2013 cambiare il modo di porsi. \u00c8 la proposta di questo agile saggio che smonta i meccanismi della comunicazione, cos\u00ec da offrire al lettore strumenti nuovi per esprimere la propria identit\u00e0 in rete e il proprio brand, aziendale o personale che sia. Se il mercato ormai vive sui social, sono i social pi\u00f9 forti del mercato stesso? S\u00ec e no. I big player del web sono giganti in grado di influenzare l\u2019opinione pubblica globale, ma anche vulnerabilissimi alle mode e ai gusti di un pubblico divenuto ingovernabile massa. E i social hanno di fatto paralizzato la comunicazione. Aziende, politica, privati devono sgomitare per avere voce nelle piazze virtuali, disposti a snaturarsi pur di emergere. Ma ci siamo mai chiesti davvero che cosa vogliamo dire? Abbiamo cercato di definire la nostra identit\u00e0, chi siamo, che cosa abbiamo da esprimere? Invece di spendere tempo e risorse per comunicare, sottostando a regole imposte da giganti con i piedi di argilla, lavoriamo su di noi. La nuova era dell\u2019espressione \u00e8 pi\u00f9 vicina di quanto crediamo.","og_url":"https:\/\/www.guerini.it\/index.php\/prodotto\/come-i-social-hanno-ucciso-la-comunicazione\/","og_site_name":"Guerini e Associati","article_modified_time":"2024-06-12T12:37:51+00:00","og_image":[{"width":215,"height":350,"url":"https:\/\/www.guerini.it\/wp-content\/uploads\/2020\/07\/Front-Cover-COME-I-SOCIAL-HANNO-UCCISO-e1617003319880.jpg","type":"image\/jpeg"}],"twitter_card":"summary_large_image","twitter_misc":{"Tempo di lettura stimato":"2 minuti"},"schema":{"@context":"https:\/\/schema.org","@graph":[{"@type":"WebPage","@id":"https:\/\/www.guerini.it\/index.php\/prodotto\/come-i-social-hanno-ucciso-la-comunicazione\/","url":"https:\/\/www.guerini.it\/index.php\/prodotto\/come-i-social-hanno-ucciso-la-comunicazione\/","name":"Come i social hanno ucciso la comunicazione - Guerini e Associati","isPartOf":{"@id":"https:\/\/www.guerini.it\/#website"},"primaryImageOfPage":{"@id":"https:\/\/www.guerini.it\/index.php\/prodotto\/come-i-social-hanno-ucciso-la-comunicazione\/#primaryimage"},"image":{"@id":"https:\/\/www.guerini.it\/index.php\/prodotto\/come-i-social-hanno-ucciso-la-comunicazione\/#primaryimage"},"thumbnailUrl":"https:\/\/www.guerini.it\/wp-content\/uploads\/2020\/07\/Front-Cover-COME-I-SOCIAL-HANNO-UCCISO-e1617003319880.jpg","datePublished":"2020-07-16T04:54:15+00:00","dateModified":"2024-06-12T12:37:51+00:00","breadcrumb":{"@id":"https:\/\/www.guerini.it\/index.php\/prodotto\/come-i-social-hanno-ucciso-la-comunicazione\/#breadcrumb"},"inLanguage":"it-IT","potentialAction":[{"@type":"ReadAction","target":["https:\/\/www.guerini.it\/index.php\/prodotto\/come-i-social-hanno-ucciso-la-comunicazione\/"]}]},{"@type":"ImageObject","inLanguage":"it-IT","@id":"https:\/\/www.guerini.it\/index.php\/prodotto\/come-i-social-hanno-ucciso-la-comunicazione\/#primaryimage","url":"https:\/\/www.guerini.it\/wp-content\/uploads\/2020\/07\/Front-Cover-COME-I-SOCIAL-HANNO-UCCISO-e1617003319880.jpg","contentUrl":"https:\/\/www.guerini.it\/wp-content\/uploads\/2020\/07\/Front-Cover-COME-I-SOCIAL-HANNO-UCCISO-e1617003319880.jpg","width":215,"height":350},{"@type":"BreadcrumbList","@id":"https:\/\/www.guerini.it\/index.php\/prodotto\/come-i-social-hanno-ucciso-la-comunicazione\/#breadcrumb","itemListElement":[{"@type":"ListItem","position":1,"name":"Home","item":"https:\/\/www.guerini.it\/"},{"@type":"ListItem","position":2,"name":"Catalogo","item":"https:\/\/www.guerini.it\/index.php\/negozio\/"},{"@type":"ListItem","position":3,"name":"Come i social hanno ucciso la comunicazione"}]},{"@type":"WebSite","@id":"https:\/\/www.guerini.it\/#website","url":"https:\/\/www.guerini.it\/","name":"Guerini e Associati","description":"30 anni di libri, idee e libert\u00e0","publisher":{"@id":"https:\/\/www.guerini.it\/#organization"},"potentialAction":[{"@type":"SearchAction","target":{"@type":"EntryPoint","urlTemplate":"https:\/\/www.guerini.it\/?s={search_term_string}"},"query-input":{"@type":"PropertyValueSpecification","valueRequired":true,"valueName":"search_term_string"}}],"inLanguage":"it-IT"},{"@type":"Organization","@id":"https:\/\/www.guerini.it\/#organization","name":"Guerini e Associati","url":"https:\/\/www.guerini.it\/","logo":{"@type":"ImageObject","inLanguage":"it-IT","@id":"https:\/\/www.guerini.it\/#\/schema\/logo\/image\/","url":"https:\/\/www.guerini.it\/wp-content\/uploads\/2021\/03\/Logo-Guerini-OK_-e1615831292285.png","contentUrl":"https:\/\/www.guerini.it\/wp-content\/uploads\/2021\/03\/Logo-Guerini-OK_-e1615831292285.png","width":2805,"height":1870,"caption":"Guerini e Associati"},"image":{"@id":"https:\/\/www.guerini.it\/#\/schema\/logo\/image\/"}}]}},"_links":{"self":[{"href":"https:\/\/www.guerini.it\/index.php\/wp-json\/wp\/v2\/product\/16498","targetHints":{"allow":["GET"]}}],"collection":[{"href":"https:\/\/www.guerini.it\/index.php\/wp-json\/wp\/v2\/product"}],"about":[{"href":"https:\/\/www.guerini.it\/index.php\/wp-json\/wp\/v2\/types\/product"}],"wp:featuredmedia":[{"embeddable":true,"href":"https:\/\/www.guerini.it\/index.php\/wp-json\/wp\/v2\/media\/21833"}],"wp:attachment":[{"href":"https:\/\/www.guerini.it\/index.php\/wp-json\/wp\/v2\/media?parent=16498"}],"wp:term":[{"taxonomy":"product_brand","embeddable":true,"href":"https:\/\/www.guerini.it\/index.php\/wp-json\/wp\/v2\/product_brand?post=16498"},{"taxonomy":"product_cat","embeddable":true,"href":"https:\/\/www.guerini.it\/index.php\/wp-json\/wp\/v2\/product_cat?post=16498"},{"taxonomy":"product_tag","embeddable":true,"href":"https:\/\/www.guerini.it\/index.php\/wp-json\/wp\/v2\/product_tag?post=16498"}],"curies":[{"name":"wp","href":"https:\/\/api.w.org\/{rel}","templated":true}]}}