{"id":16506,"date":"2020-09-03T06:56:40","date_gmt":"2020-09-03T04:56:40","guid":{"rendered":"https:\/\/test.guerini.it\/?product=io-compro-a-casa"},"modified":"2024-06-12T14:38:11","modified_gmt":"2024-06-12T12:38:11","slug":"io-compro-a-casa","status":"publish","type":"product","link":"https:\/\/www.guerini.it\/index.php\/prodotto\/io-compro-a-casa\/","title":{"rendered":"Io compro a casa"},"content":{"rendered":"<p style=\"text-align: justify;\">Il boom dell\u2019e-commerce e la rivincita dei negozi di vicinato. Il crollo delle vendite dei prodotti di lusso e la crescita vertiginosa di disinfettanti e mascherine. Il delivery di quasi tutto: cibo, gelato, vino e persino cannabis (legale). Il 2020 ci ha, sinora, riservato non poche sorprese, anche per quanto riguarda i consumi. In questo agile saggio, che si rivolge agli addetti ai lavori ma anche al lettore comune, Anna Zinola offre la prima panoramica completa e accurata sui consumi degli italiani post coronavirus. E racconta come tutto \u00e8 cambiato. A cominciare dalla spesa, che dapprima ha sub\u00ecto l\u2019effetto bunker (con il carrello stipato di carta igienica, pasta e tonno in scatola) per poi adattarsi ai nuovi ritmi e riti del lockdown (con grandi scorte di farina, lievito e tinture per capelli) e, infine, assestarsi su una nuova normalit\u00e0. Ma a mutare \u00e8 stato anche l\u2019approccio alla moda e al lusso, che sta cercando declinazioni inedite, pi\u00f9 vicine alle nuove sensibilit\u00e0 dei consumatori. Chi \u00e8 uscito vincente da questa situazione? Sicuramente l\u2019e-commerce, che ha recuperato nell\u2019arco di poco tempo un gap di anni, i negozi di vicinato, che hanno saputo rispondere con efficacia alle esigenze dei consumatori, e il delivery, che ha coinvolto molteplici categorie. Senza dimenticare tutto ci\u00f2 che ha a che fare con la salute e il benessere: dagli integratori ai farmaci sino ad arrivare a guanti e mascherine. A soffrire sono stati, invece, il mondo del fuori casa (ristoranti, pizzerie, bar, gelaterie) e degli eventi live (teatro, musica, sport). Ma la rivoluzione \u2013 se cos\u00ec possiamo chiamarla \u2013 \u00e8 solo all\u2019inizio. Quanto accaduto sinora \u00e8 destinato a incidere a lungo sugli atteggiamenti e i comportamenti dei consumatori.<\/p>\n<hr \/>\n<p style=\"text-align: justify;\"><strong>Anna Zinola<\/strong> si occupa di consulenza nell\u2019area dei consumi dal 1995. Insegna all\u2019Universit\u00e0 Cattolica di Milano ed \u00e8 lecturer presso i corsi master dell\u2019Istituto Marangoni. \u00c8 inoltre tra i docenti del master in Professioni e prodotti per l\u2019editoria del collegio universitario Santa Caterina di Pavia, dove insegna Principi di marketing. Collabora con le principali riviste di settore. Scrive per il <em>Corriere della Sera<\/em> ed \u00e8 tra gli autori del blog <em>La nuvola del lavoro<\/em> (nuvola.corriere.it). Per le nostre edizioni ha pubblicato <a href=\"https:\/\/www.guerini.it\/index.php\/prodotto\/la-rivoluzione-nel-carrello\/\"><em>La rivoluzione nel carrello. Viaggio nei consumi dell\u2019Italia che cambia<\/em><\/a>, 2018.<\/p>\n","protected":false},"excerpt":{"rendered":"<p style=\"text-align: justify;\">Il boom dell\u2019e-commerce e la rivincita dei negozi di vicinato. Il crollo delle vendite dei prodotti di lusso e la crescita vertiginosa di disinfettanti e mascherine. Il delivery di quasi tutto: cibo, gelato, vino e persino cannabis (legale). Il 2020 ci ha, sinora, riservato non poche sorprese, anche per quanto riguarda i consumi. In questo agile saggio, che si rivolge agli addetti ai lavori ma anche al lettore comune, Anna Zinola offre la prima panoramica completa e accurata sui consumi degli italiani post coronavirus. E racconta come tutto \u00e8 cambiato. A cominciare dalla spesa, che dapprima ha sub\u00ecto l\u2019effetto bunker (con il carrello stipato di carta igienica, pasta e tonno in scatola) per poi adattarsi ai nuovi ritmi e riti del lockdown (con grandi scorte di farina, lievito e tinture per capelli) e, infine, assestarsi su una nuova normalit\u00e0. Ma a mutare \u00e8 stato anche l\u2019approccio alla moda e al lusso, che sta cercando declinazioni inedite, pi\u00f9 vicine alle nuove sensibilit\u00e0 dei consumatori. Chi \u00e8 uscito vincente da questa situazione? Sicuramente l\u2019e-commerce, che ha recuperato nell\u2019arco di poco tempo un gap di anni, i negozi di vicinato, che hanno saputo rispondere con efficacia alle esigenze dei consumatori, e il delivery, che ha coinvolto molteplici categorie. Senza dimenticare tutto ci\u00f2 che ha a che fare con la salute e il benessere: dagli integratori ai farmaci sino ad arrivare a guanti e mascherine. A soffrire sono stati, invece, il mondo del fuori casa (ristoranti, pizzerie, bar, gelaterie) e degli eventi live (teatro, musica, sport). Ma la rivoluzione \u2013 se cos\u00ec possiamo chiamarla \u2013 \u00e8 solo all\u2019inizio. Quanto accaduto sinora \u00e8 destinato a incidere a lungo sugli atteggiamenti e i comportamenti dei consumatori.<\/p>\n","protected":false},"featured_media":16505,"template":"","meta":{"_editorskit_title_hidden":false,"_editorskit_reading_time":0,"_editorskit_is_block_options_detached":false,"_editorskit_block_options_position":"{}","_monsterinsights_skip_tracking":false,"_monsterinsights_sitenote_active":false,"_monsterinsights_sitenote_note":"","_monsterinsights_sitenote_category":0},"product_brand":[],"product_cat":[6805,6529],"product_tag":[],"class_list":{"0":"post-16506","1":"product","2":"type-product","3":"status-publish","4":"has-post-thumbnail","6":"product_cat-guerini-next","7":"product_cat-economia-e-management","8":"pa_fulfillment-default","9":"pa_guerini_amazon_link-e8-httpswwwamazonitcompro_cas","10":"pa_guerini_feltrinelli_link-4f-httpswwwlafeltrinelliitlib","11":"pa_guerini_ibs_link-22-httpswwwibsitio_compro_a_c","12":"pa_guerini_libruniver_link-5b-httpswwwlibreriauniversita","13":"pa_guerini_link_amazon-82-httpswwwamazonitdpb08hcvs6","14":"pa_guerini_link_apple_ibook-9a-httpsbooksapplecomitbookio","15":"pa_guerini_link_bookrepublic-f3-httpswwwbookrepubliciteboo","16":"pa_guerini_link_giunti_punto-6c-httpswwwgiuntialpuntoitpro","17":"pa_guerini_link_google_play-e9-httpsplaygooglecomstoreboo","18":"pa_guerini_link_ibs-31-httpswwwawin1comcreadphpaw","19":"pa_guerini_link_kobo-ad-httpswwwkobocomititebookio","20":"pa_guerini_link_lafeltrinelli-ed-httpswwwawin1comcreadphpaw","21":"pa_guerini_link_mondadori-5c-httpswwwmondadoristoreitio","22":"pa_guerini_mondadori_link-41-httpswwwmondadoristoreitio","24":"first","25":"instock","26":"sale","27":"shipping-taxable","28":"purchasable","29":"product-type-simple"},"yoast_head":"<!-- This site is optimized with the Yoast SEO plugin v25.4 - https:\/\/yoast.com\/wordpress\/plugins\/seo\/ -->\n<title>Io compro a casa - Guerini e Associati<\/title>\n<meta name=\"robots\" content=\"index, follow, max-snippet:-1, max-image-preview:large, max-video-preview:-1\" \/>\n<link rel=\"canonical\" href=\"https:\/\/www.guerini.it\/index.php\/prodotto\/io-compro-a-casa\/\" \/>\n<meta property=\"og:locale\" content=\"it_IT\" \/>\n<meta property=\"og:type\" content=\"article\" \/>\n<meta property=\"og:title\" content=\"Io compro a casa - Guerini e Associati\" \/>\n<meta property=\"og:description\" content=\"Il boom dell\u2019e-commerce e la rivincita dei negozi di vicinato. Il crollo delle vendite dei prodotti di lusso e la crescita vertiginosa di disinfettanti e mascherine. Il delivery di quasi tutto: cibo, gelato, vino e persino cannabis (legale). Il 2020 ci ha, sinora, riservato non poche sorprese, anche per quanto riguarda i consumi. In questo agile saggio, che si rivolge agli addetti ai lavori ma anche al lettore comune, Anna Zinola offre la prima panoramica completa e accurata sui consumi degli italiani post coronavirus. E racconta come tutto \u00e8 cambiato. A cominciare dalla spesa, che dapprima ha sub\u00ecto l\u2019effetto bunker (con il carrello stipato di carta igienica, pasta e tonno in scatola) per poi adattarsi ai nuovi ritmi e riti del lockdown (con grandi scorte di farina, lievito e tinture per capelli) e, infine, assestarsi su una nuova normalit\u00e0. Ma a mutare \u00e8 stato anche l\u2019approccio alla moda e al lusso, che sta cercando declinazioni inedite, pi\u00f9 vicine alle nuove sensibilit\u00e0 dei consumatori. Chi \u00e8 uscito vincente da questa situazione? Sicuramente l\u2019e-commerce, che ha recuperato nell\u2019arco di poco tempo un gap di anni, i negozi di vicinato, che hanno saputo rispondere con efficacia alle esigenze dei consumatori, e il delivery, che ha coinvolto molteplici categorie. Senza dimenticare tutto ci\u00f2 che ha a che fare con la salute e il benessere: dagli integratori ai farmaci sino ad arrivare a guanti e mascherine. A soffrire sono stati, invece, il mondo del fuori casa (ristoranti, pizzerie, bar, gelaterie) e degli eventi live (teatro, musica, sport). Ma la rivoluzione \u2013 se cos\u00ec possiamo chiamarla \u2013 \u00e8 solo all\u2019inizio. Quanto accaduto sinora \u00e8 destinato a incidere a lungo sugli atteggiamenti e i comportamenti dei consumatori.\" \/>\n<meta property=\"og:url\" content=\"https:\/\/www.guerini.it\/index.php\/prodotto\/io-compro-a-casa\/\" \/>\n<meta property=\"og:site_name\" content=\"Guerini e Associati\" \/>\n<meta property=\"article:modified_time\" content=\"2024-06-12T12:38:11+00:00\" \/>\n<meta property=\"og:image\" content=\"https:\/\/www.guerini.it\/wp-content\/uploads\/2020\/09\/io_compro_a_casa_sito.jpg\" \/>\n\t<meta property=\"og:image:width\" content=\"235\" \/>\n\t<meta property=\"og:image:height\" content=\"353\" \/>\n\t<meta property=\"og:image:type\" content=\"image\/jpeg\" \/>\n<meta name=\"twitter:card\" content=\"summary_large_image\" \/>\n<meta name=\"twitter:label1\" content=\"Tempo di lettura stimato\" \/>\n\t<meta name=\"twitter:data1\" content=\"3 minuti\" \/>\n<!-- \/ Yoast SEO plugin. -->","yoast_head_json":{"title":"Io compro a casa - Guerini e Associati","robots":{"index":"index","follow":"follow","max-snippet":"max-snippet:-1","max-image-preview":"max-image-preview:large","max-video-preview":"max-video-preview:-1"},"canonical":"https:\/\/www.guerini.it\/index.php\/prodotto\/io-compro-a-casa\/","og_locale":"it_IT","og_type":"article","og_title":"Io compro a casa - Guerini e Associati","og_description":"Il boom dell\u2019e-commerce e la rivincita dei negozi di vicinato. Il crollo delle vendite dei prodotti di lusso e la crescita vertiginosa di disinfettanti e mascherine. Il delivery di quasi tutto: cibo, gelato, vino e persino cannabis (legale). Il 2020 ci ha, sinora, riservato non poche sorprese, anche per quanto riguarda i consumi. In questo agile saggio, che si rivolge agli addetti ai lavori ma anche al lettore comune, Anna Zinola offre la prima panoramica completa e accurata sui consumi degli italiani post coronavirus. E racconta come tutto \u00e8 cambiato. A cominciare dalla spesa, che dapprima ha sub\u00ecto l\u2019effetto bunker (con il carrello stipato di carta igienica, pasta e tonno in scatola) per poi adattarsi ai nuovi ritmi e riti del lockdown (con grandi scorte di farina, lievito e tinture per capelli) e, infine, assestarsi su una nuova normalit\u00e0. Ma a mutare \u00e8 stato anche l\u2019approccio alla moda e al lusso, che sta cercando declinazioni inedite, pi\u00f9 vicine alle nuove sensibilit\u00e0 dei consumatori. Chi \u00e8 uscito vincente da questa situazione? Sicuramente l\u2019e-commerce, che ha recuperato nell\u2019arco di poco tempo un gap di anni, i negozi di vicinato, che hanno saputo rispondere con efficacia alle esigenze dei consumatori, e il delivery, che ha coinvolto molteplici categorie. Senza dimenticare tutto ci\u00f2 che ha a che fare con la salute e il benessere: dagli integratori ai farmaci sino ad arrivare a guanti e mascherine. A soffrire sono stati, invece, il mondo del fuori casa (ristoranti, pizzerie, bar, gelaterie) e degli eventi live (teatro, musica, sport). Ma la rivoluzione \u2013 se cos\u00ec possiamo chiamarla \u2013 \u00e8 solo all\u2019inizio. Quanto accaduto sinora \u00e8 destinato a incidere a lungo sugli atteggiamenti e i comportamenti dei consumatori.","og_url":"https:\/\/www.guerini.it\/index.php\/prodotto\/io-compro-a-casa\/","og_site_name":"Guerini e Associati","article_modified_time":"2024-06-12T12:38:11+00:00","og_image":[{"width":235,"height":353,"url":"https:\/\/www.guerini.it\/wp-content\/uploads\/2020\/09\/io_compro_a_casa_sito.jpg","type":"image\/jpeg"}],"twitter_card":"summary_large_image","twitter_misc":{"Tempo di lettura stimato":"3 minuti"},"schema":{"@context":"https:\/\/schema.org","@graph":[{"@type":"WebPage","@id":"https:\/\/www.guerini.it\/index.php\/prodotto\/io-compro-a-casa\/","url":"https:\/\/www.guerini.it\/index.php\/prodotto\/io-compro-a-casa\/","name":"Io compro a casa - Guerini e Associati","isPartOf":{"@id":"https:\/\/www.guerini.it\/#website"},"primaryImageOfPage":{"@id":"https:\/\/www.guerini.it\/index.php\/prodotto\/io-compro-a-casa\/#primaryimage"},"image":{"@id":"https:\/\/www.guerini.it\/index.php\/prodotto\/io-compro-a-casa\/#primaryimage"},"thumbnailUrl":"https:\/\/www.guerini.it\/wp-content\/uploads\/2020\/09\/io_compro_a_casa_sito.jpg","datePublished":"2020-09-03T04:56:40+00:00","dateModified":"2024-06-12T12:38:11+00:00","breadcrumb":{"@id":"https:\/\/www.guerini.it\/index.php\/prodotto\/io-compro-a-casa\/#breadcrumb"},"inLanguage":"it-IT","potentialAction":[{"@type":"ReadAction","target":["https:\/\/www.guerini.it\/index.php\/prodotto\/io-compro-a-casa\/"]}]},{"@type":"ImageObject","inLanguage":"it-IT","@id":"https:\/\/www.guerini.it\/index.php\/prodotto\/io-compro-a-casa\/#primaryimage","url":"https:\/\/www.guerini.it\/wp-content\/uploads\/2020\/09\/io_compro_a_casa_sito.jpg","contentUrl":"https:\/\/www.guerini.it\/wp-content\/uploads\/2020\/09\/io_compro_a_casa_sito.jpg","width":235,"height":353,"caption":"Copertina del volume Io compro a casa"},{"@type":"BreadcrumbList","@id":"https:\/\/www.guerini.it\/index.php\/prodotto\/io-compro-a-casa\/#breadcrumb","itemListElement":[{"@type":"ListItem","position":1,"name":"Home","item":"https:\/\/www.guerini.it\/"},{"@type":"ListItem","position":2,"name":"Catalogo","item":"https:\/\/www.guerini.it\/index.php\/negozio\/"},{"@type":"ListItem","position":3,"name":"Io compro a casa"}]},{"@type":"WebSite","@id":"https:\/\/www.guerini.it\/#website","url":"https:\/\/www.guerini.it\/","name":"Guerini e Associati","description":"30 anni di libri, idee e libert\u00e0","publisher":{"@id":"https:\/\/www.guerini.it\/#organization"},"potentialAction":[{"@type":"SearchAction","target":{"@type":"EntryPoint","urlTemplate":"https:\/\/www.guerini.it\/?s={search_term_string}"},"query-input":{"@type":"PropertyValueSpecification","valueRequired":true,"valueName":"search_term_string"}}],"inLanguage":"it-IT"},{"@type":"Organization","@id":"https:\/\/www.guerini.it\/#organization","name":"Guerini e Associati","url":"https:\/\/www.guerini.it\/","logo":{"@type":"ImageObject","inLanguage":"it-IT","@id":"https:\/\/www.guerini.it\/#\/schema\/logo\/image\/","url":"https:\/\/www.guerini.it\/wp-content\/uploads\/2021\/03\/Logo-Guerini-OK_-e1615831292285.png","contentUrl":"https:\/\/www.guerini.it\/wp-content\/uploads\/2021\/03\/Logo-Guerini-OK_-e1615831292285.png","width":2805,"height":1870,"caption":"Guerini e Associati"},"image":{"@id":"https:\/\/www.guerini.it\/#\/schema\/logo\/image\/"}}]}},"_links":{"self":[{"href":"https:\/\/www.guerini.it\/index.php\/wp-json\/wp\/v2\/product\/16506","targetHints":{"allow":["GET"]}}],"collection":[{"href":"https:\/\/www.guerini.it\/index.php\/wp-json\/wp\/v2\/product"}],"about":[{"href":"https:\/\/www.guerini.it\/index.php\/wp-json\/wp\/v2\/types\/product"}],"wp:featuredmedia":[{"embeddable":true,"href":"https:\/\/www.guerini.it\/index.php\/wp-json\/wp\/v2\/media\/16505"}],"wp:attachment":[{"href":"https:\/\/www.guerini.it\/index.php\/wp-json\/wp\/v2\/media?parent=16506"}],"wp:term":[{"taxonomy":"product_brand","embeddable":true,"href":"https:\/\/www.guerini.it\/index.php\/wp-json\/wp\/v2\/product_brand?post=16506"},{"taxonomy":"product_cat","embeddable":true,"href":"https:\/\/www.guerini.it\/index.php\/wp-json\/wp\/v2\/product_cat?post=16506"},{"taxonomy":"product_tag","embeddable":true,"href":"https:\/\/www.guerini.it\/index.php\/wp-json\/wp\/v2\/product_tag?post=16506"}],"curies":[{"name":"wp","href":"https:\/\/api.w.org\/{rel}","templated":true}]}}