{"id":16508,"date":"2020-09-09T07:41:25","date_gmt":"2020-09-09T05:41:25","guid":{"rendered":"https:\/\/test.guerini.it\/?product=le-cinque-leggi-bronzee-dell-era-digitale"},"modified":"2024-06-12T14:40:57","modified_gmt":"2024-06-12T12:40:57","slug":"le-cinque-leggi-bronzee-dell-era-digitale","status":"publish","type":"product","link":"https:\/\/www.guerini.it\/index.php\/prodotto\/le-cinque-leggi-bronzee-dell-era-digitale\/","title":{"rendered":"Le Cinque Leggi bronzee dell&#8217;era digitale"},"content":{"rendered":"<p style=\"text-align: center;\">NON SIAMO <em>INFORG <\/em><br \/>\nNON SIAMO <em>ROBOT<\/em><br \/>\nNON SIAMO <em>ALGORITMI<\/em><br \/>\nNON SIAMO <em>MACCHINE<\/em><\/p>\n<p style=\"text-align: center;\">SIAMO ESSERI <em>UMANI<\/em>.<\/p>\n<p style=\"text-align: justify;\">Goethe e Leopardi introducono a una originale lettura della cultura digitale. Una propaganda interessata parla ai cittadini di radicale rottura con il passato. Eppure, questa stagione, in cui si celebrano i fasti di macchine e delle loro estreme incarnazioni \u2013 le Intelligenze Artificiali \u2013, non \u00e8 che l\u2019ultima manifestazione dell\u2019Illuminismo. Il mito del Progresso si conclude nel progettare macchine destinate a prendere il posto di noi esseri umani. Guru del nuovo tempo insistono nel ricordare ai cittadini la loro ignoranza, e quindi la loro incapacit\u00e0 di capire. L\u2019innovazione \u00e8 presentata come fatale manifestazione di Leggi di Natura, di fronte alle quali lo spazio per il libero arbitrio si riduce fino ad azzerarsi. Le <em>Cinque Leggi<\/em> sintetizzano in modo chiaro e evidente questa interpretazione canonica della novit\u00e0 digitale. Serve conoscere le <em>Cinque Leggi<\/em> per poterle trasgredire. Ricollocata la novit\u00e0 nella storia, smascherato il linguaggio tecnico, \u00e8 possibile tornare ad una lettura politica. Le macchine digitali sono il nuovo strumento di governo. Il tecnocrate \u00e8 la figura dominante. Il cittadino \u00e8 ridotto ad utente di servizi digitali. L\u2019illusoria convinzione di avere a disposizione una crescente potenza di calcolo porta a perdere il senso del limite e della misura. La presenza di macchine digitali, cos\u00ec, finisce per essere un benvenuto monito: ci spinge a tornare ad apprezzare, per differenza, la nostra umanit\u00e0.<\/p>\n<p style=\"text-align: justify;\"><strong>Francesco Varanini<\/strong>, etnografo e ricercatore sociale di formazione, si occupa di processi di cambiamento legati all\u2019innovazione tecnologica. Dirigente d\u2019azienda, ha condotto progetti di sviluppo informatico. Nel 1999 ha ideato e diretto il primo Master in Italia dedicato all\u2019e-business e alla cultura digitale. Ha insegnato Informatica Umanistica all\u2019Universit\u00e0 di Pisa. L\u2019attivit\u00e0 di docente e consulente si nutre del parallelo impegno come critico letterario. Tra i suoi libri, ricordiamo <em>Viaggio letterario in America Latina<\/em>, <em>Romanzi per i manager<\/em>, e per le edizioni Guerini <a href=\"https:\/\/www.guerini.it\/index.php\/prodotto\/le-parole-del-manager\/\"><em>Le parole del manager<\/em><\/a>, <a href=\"https:\/\/www.guerini.it\/index.php\/prodotto\/contro-il-management\/\"><em>Contro il management<\/em><\/a>, e <a href=\"https:\/\/www.guerini.it\/index.php\/prodotto\/macchine-per-pensare\/\"><em>Macchine per pensare<\/em><\/a>, primo tomo del <em>Trattato di Informatica Umanistica<\/em>. <a href=\"http:\/\/www.francescovaranini.it\">www.francescovaranini.it<\/a><\/p>\n","protected":false},"excerpt":{"rendered":"<p style=\"text-align: center;\">NON SIAMO\u00a0<em>INFORG\u00a0<\/em><br \/>\nNON SIAMO\u00a0<em>ROBOT<\/em><br \/>\nNON SIAMO\u00a0<em>ALGORITMI<\/em><br \/>\nNON SIAMO\u00a0<em>MACCHINE<\/em><\/p>\n<p style=\"text-align: center;\">SIAMO ESSERI\u00a0<em>UMANI<\/em>.<\/p>\n<p style=\"text-align: justify;\">Goethe e Leopardi introducono a una originale lettura della cultura digitale. Una propaganda interessata parla ai cittadini di radicale rottura con il passato. Eppure, questa stagione, in cui si celebrano i fasti di macchine e delle loro estreme incarnazioni \u2013 le Intelligenze Artificiali \u2013, non \u00e8 che l\u2019ultima manifestazione dell\u2019Illuminismo. Il mito del Progresso si conclude nel progettare macchine destinate a prendere il posto di noi esseri umani. Guru del nuovo tempo insistono nel ricordare ai cittadini la loro ignoranza, e quindi la loro incapacit\u00e0 di capire. L\u2019innovazione \u00e8 presentata come fatale manifestazione di Leggi di Natura, di fronte alle quali lo spazio per il libero arbitrio si riduce fino ad azzerarsi. Le\u00a0<em>Cinque Leggi<\/em>\u00a0sintetizzano in modo chiaro e evidente questa interpretazione canonica della novit\u00e0 digitale. Serve conoscere le\u00a0<em>Cinque Leggi<\/em>\u00a0per poterle trasgredire. Ricollocata la novit\u00e0 nella storia, smascherato il linguaggio tecnico, \u00e8 possibile tornare ad una lettura politica. Le macchine digitali sono il nuovo strumento di governo. Il tecnocrate \u00e8 la figura dominante. Il cittadino \u00e8 ridotto ad utente di servizi digitali. L\u2019illusoria convinzione di avere a disposizione una crescente potenza di calcolo porta a perdere il senso del limite e della misura. La presenza di macchine digitali, cos\u00ec, finisce per essere un benvenuto monito: ci spinge a tornare ad apprezzare, per differenza, la nostra umanit\u00e0.<\/p>\n<p>&nbsp;<\/p>\n<p>&nbsp;<\/p>\n","protected":false},"featured_media":16507,"template":"","meta":{"_editorskit_title_hidden":false,"_editorskit_reading_time":0,"_editorskit_is_block_options_detached":false,"_editorskit_block_options_position":"{}","_monsterinsights_skip_tracking":false,"_monsterinsights_sitenote_active":false,"_monsterinsights_sitenote_note":"","_monsterinsights_sitenote_category":0},"product_brand":[],"product_cat":[6617,6537],"product_tag":[],"class_list":{"0":"post-16508","1":"product","2":"type-product","3":"status-publish","4":"has-post-thumbnail","6":"product_cat-bc","7":"product_cat-scienze-politiche-sociali","8":"pa_guerini_amazon_link-2b-httpswwwamazonitbronzee_de","9":"pa_guerini_feltrinelli_link-a8-httpswwwawin1comcreadphpaw","10":"pa_guerini_ibs_link-b4-httpswwwawin1comcreadphpaw","11":"pa_guerini_libruniver_link-cf-httpswwwlibreriauniversita","12":"pa_guerini_link_amazon-d3-httpswwwamazonitdpb08hq6xv","13":"pa_guerini_link_apple_ibook-71-httpsbooksapplecomitbookle","14":"pa_guerini_link_bookrepublic-d4-httpswwwbookrepubliciteboo","15":"pa_guerini_link_giunti_punto-0e-httpswwwgiuntialpuntoitpro","16":"pa_guerini_link_google_play-e4-httpsplaygooglecomstoreboo","17":"pa_guerini_link_ibs-c7-httpswwwibsitcinque_leggi_","18":"pa_guerini_link_kobo-db-httpswwwkobocomititebookle","19":"pa_guerini_link_lafeltrinelli-f1-httpswwwlafeltrinelliitebo","20":"pa_guerini_link_mondadori-69-httpswwwmondadoristoreitci","21":"pa_guerini_mondadori_link-06-httpswwwmondadoristoreitci","23":"first","24":"instock","25":"sale","26":"shipping-taxable","27":"purchasable","28":"product-type-simple"},"yoast_head":"<!-- This site is optimized with the Yoast SEO plugin v25.4 - https:\/\/yoast.com\/wordpress\/plugins\/seo\/ -->\n<title>Le Cinque Leggi bronzee dell&#039;era digitale - Guerini e Associati<\/title>\n<meta name=\"robots\" content=\"index, follow, max-snippet:-1, max-image-preview:large, max-video-preview:-1\" \/>\n<link rel=\"canonical\" href=\"https:\/\/www.guerini.it\/index.php\/prodotto\/le-cinque-leggi-bronzee-dell-era-digitale\/\" \/>\n<meta property=\"og:locale\" content=\"it_IT\" \/>\n<meta property=\"og:type\" content=\"article\" \/>\n<meta property=\"og:title\" content=\"Le Cinque Leggi bronzee dell&#039;era digitale - Guerini e Associati\" \/>\n<meta property=\"og:description\" content=\"NON SIAMO\u00a0INFORG\u00a0 NON SIAMO\u00a0ROBOT NON SIAMO\u00a0ALGORITMI NON SIAMO\u00a0MACCHINE SIAMO ESSERI\u00a0UMANI. Goethe e Leopardi introducono a una originale lettura della cultura digitale. Una propaganda interessata parla ai cittadini di radicale rottura con il passato. Eppure, questa stagione, in cui si celebrano i fasti di macchine e delle loro estreme incarnazioni \u2013 le Intelligenze Artificiali \u2013, non \u00e8 che l\u2019ultima manifestazione dell\u2019Illuminismo. Il mito del Progresso si conclude nel progettare macchine destinate a prendere il posto di noi esseri umani. Guru del nuovo tempo insistono nel ricordare ai cittadini la loro ignoranza, e quindi la loro incapacit\u00e0 di capire. L\u2019innovazione \u00e8 presentata come fatale manifestazione di Leggi di Natura, di fronte alle quali lo spazio per il libero arbitrio si riduce fino ad azzerarsi. Le\u00a0Cinque Leggi\u00a0sintetizzano in modo chiaro e evidente questa interpretazione canonica della novit\u00e0 digitale. Serve conoscere le\u00a0Cinque Leggi\u00a0per poterle trasgredire. Ricollocata la novit\u00e0 nella storia, smascherato il linguaggio tecnico, \u00e8 possibile tornare ad una lettura politica. Le macchine digitali sono il nuovo strumento di governo. Il tecnocrate \u00e8 la figura dominante. Il cittadino \u00e8 ridotto ad utente di servizi digitali. L\u2019illusoria convinzione di avere a disposizione una crescente potenza di calcolo porta a perdere il senso del limite e della misura. La presenza di macchine digitali, cos\u00ec, finisce per essere un benvenuto monito: ci spinge a tornare ad apprezzare, per differenza, la nostra umanit\u00e0. &nbsp;  &nbsp;\" \/>\n<meta property=\"og:url\" content=\"https:\/\/www.guerini.it\/index.php\/prodotto\/le-cinque-leggi-bronzee-dell-era-digitale\/\" \/>\n<meta property=\"og:site_name\" content=\"Guerini e Associati\" \/>\n<meta property=\"article:modified_time\" content=\"2024-06-12T12:40:57+00:00\" \/>\n<meta property=\"og:image\" content=\"https:\/\/www.guerini.it\/wp-content\/uploads\/2020\/09\/cinque_leggi_bronzee_dell_era_digitale_sito.jpg\" \/>\n\t<meta property=\"og:image:width\" content=\"226\" \/>\n\t<meta property=\"og:image:height\" content=\"353\" \/>\n\t<meta property=\"og:image:type\" content=\"image\/jpeg\" \/>\n<meta name=\"twitter:card\" content=\"summary_large_image\" \/>\n<meta name=\"twitter:label1\" content=\"Tempo di lettura stimato\" \/>\n\t<meta name=\"twitter:data1\" content=\"2 minuti\" \/>\n<!-- \/ Yoast SEO plugin. -->","yoast_head_json":{"title":"Le Cinque Leggi bronzee dell'era digitale - Guerini e Associati","robots":{"index":"index","follow":"follow","max-snippet":"max-snippet:-1","max-image-preview":"max-image-preview:large","max-video-preview":"max-video-preview:-1"},"canonical":"https:\/\/www.guerini.it\/index.php\/prodotto\/le-cinque-leggi-bronzee-dell-era-digitale\/","og_locale":"it_IT","og_type":"article","og_title":"Le Cinque Leggi bronzee dell'era digitale - Guerini e Associati","og_description":"NON SIAMO\u00a0INFORG\u00a0 NON SIAMO\u00a0ROBOT NON SIAMO\u00a0ALGORITMI NON SIAMO\u00a0MACCHINE SIAMO ESSERI\u00a0UMANI. Goethe e Leopardi introducono a una originale lettura della cultura digitale. Una propaganda interessata parla ai cittadini di radicale rottura con il passato. Eppure, questa stagione, in cui si celebrano i fasti di macchine e delle loro estreme incarnazioni \u2013 le Intelligenze Artificiali \u2013, non \u00e8 che l\u2019ultima manifestazione dell\u2019Illuminismo. Il mito del Progresso si conclude nel progettare macchine destinate a prendere il posto di noi esseri umani. Guru del nuovo tempo insistono nel ricordare ai cittadini la loro ignoranza, e quindi la loro incapacit\u00e0 di capire. L\u2019innovazione \u00e8 presentata come fatale manifestazione di Leggi di Natura, di fronte alle quali lo spazio per il libero arbitrio si riduce fino ad azzerarsi. Le\u00a0Cinque Leggi\u00a0sintetizzano in modo chiaro e evidente questa interpretazione canonica della novit\u00e0 digitale. Serve conoscere le\u00a0Cinque Leggi\u00a0per poterle trasgredire. Ricollocata la novit\u00e0 nella storia, smascherato il linguaggio tecnico, \u00e8 possibile tornare ad una lettura politica. Le macchine digitali sono il nuovo strumento di governo. Il tecnocrate \u00e8 la figura dominante. Il cittadino \u00e8 ridotto ad utente di servizi digitali. L\u2019illusoria convinzione di avere a disposizione una crescente potenza di calcolo porta a perdere il senso del limite e della misura. La presenza di macchine digitali, cos\u00ec, finisce per essere un benvenuto monito: ci spinge a tornare ad apprezzare, per differenza, la nostra umanit\u00e0. &nbsp;  &nbsp;","og_url":"https:\/\/www.guerini.it\/index.php\/prodotto\/le-cinque-leggi-bronzee-dell-era-digitale\/","og_site_name":"Guerini e Associati","article_modified_time":"2024-06-12T12:40:57+00:00","og_image":[{"width":226,"height":353,"url":"https:\/\/www.guerini.it\/wp-content\/uploads\/2020\/09\/cinque_leggi_bronzee_dell_era_digitale_sito.jpg","type":"image\/jpeg"}],"twitter_card":"summary_large_image","twitter_misc":{"Tempo di lettura stimato":"2 minuti"},"schema":{"@context":"https:\/\/schema.org","@graph":[{"@type":"WebPage","@id":"https:\/\/www.guerini.it\/index.php\/prodotto\/le-cinque-leggi-bronzee-dell-era-digitale\/","url":"https:\/\/www.guerini.it\/index.php\/prodotto\/le-cinque-leggi-bronzee-dell-era-digitale\/","name":"Le Cinque Leggi bronzee dell'era digitale - Guerini e Associati","isPartOf":{"@id":"https:\/\/www.guerini.it\/#website"},"primaryImageOfPage":{"@id":"https:\/\/www.guerini.it\/index.php\/prodotto\/le-cinque-leggi-bronzee-dell-era-digitale\/#primaryimage"},"image":{"@id":"https:\/\/www.guerini.it\/index.php\/prodotto\/le-cinque-leggi-bronzee-dell-era-digitale\/#primaryimage"},"thumbnailUrl":"https:\/\/www.guerini.it\/wp-content\/uploads\/2020\/09\/cinque_leggi_bronzee_dell_era_digitale_sito.jpg","datePublished":"2020-09-09T05:41:25+00:00","dateModified":"2024-06-12T12:40:57+00:00","breadcrumb":{"@id":"https:\/\/www.guerini.it\/index.php\/prodotto\/le-cinque-leggi-bronzee-dell-era-digitale\/#breadcrumb"},"inLanguage":"it-IT","potentialAction":[{"@type":"ReadAction","target":["https:\/\/www.guerini.it\/index.php\/prodotto\/le-cinque-leggi-bronzee-dell-era-digitale\/"]}]},{"@type":"ImageObject","inLanguage":"it-IT","@id":"https:\/\/www.guerini.it\/index.php\/prodotto\/le-cinque-leggi-bronzee-dell-era-digitale\/#primaryimage","url":"https:\/\/www.guerini.it\/wp-content\/uploads\/2020\/09\/cinque_leggi_bronzee_dell_era_digitale_sito.jpg","contentUrl":"https:\/\/www.guerini.it\/wp-content\/uploads\/2020\/09\/cinque_leggi_bronzee_dell_era_digitale_sito.jpg","width":226,"height":353,"caption":"Cinque leggi bronzee dell'era digitale"},{"@type":"BreadcrumbList","@id":"https:\/\/www.guerini.it\/index.php\/prodotto\/le-cinque-leggi-bronzee-dell-era-digitale\/#breadcrumb","itemListElement":[{"@type":"ListItem","position":1,"name":"Home","item":"https:\/\/www.guerini.it\/"},{"@type":"ListItem","position":2,"name":"Catalogo","item":"https:\/\/www.guerini.it\/index.php\/negozio\/"},{"@type":"ListItem","position":3,"name":"Le Cinque Leggi bronzee dell&#8217;era digitale"}]},{"@type":"WebSite","@id":"https:\/\/www.guerini.it\/#website","url":"https:\/\/www.guerini.it\/","name":"Guerini e Associati","description":"30 anni di libri, idee e libert\u00e0","publisher":{"@id":"https:\/\/www.guerini.it\/#organization"},"potentialAction":[{"@type":"SearchAction","target":{"@type":"EntryPoint","urlTemplate":"https:\/\/www.guerini.it\/?s={search_term_string}"},"query-input":{"@type":"PropertyValueSpecification","valueRequired":true,"valueName":"search_term_string"}}],"inLanguage":"it-IT"},{"@type":"Organization","@id":"https:\/\/www.guerini.it\/#organization","name":"Guerini e Associati","url":"https:\/\/www.guerini.it\/","logo":{"@type":"ImageObject","inLanguage":"it-IT","@id":"https:\/\/www.guerini.it\/#\/schema\/logo\/image\/","url":"https:\/\/www.guerini.it\/wp-content\/uploads\/2021\/03\/Logo-Guerini-OK_-e1615831292285.png","contentUrl":"https:\/\/www.guerini.it\/wp-content\/uploads\/2021\/03\/Logo-Guerini-OK_-e1615831292285.png","width":2805,"height":1870,"caption":"Guerini e Associati"},"image":{"@id":"https:\/\/www.guerini.it\/#\/schema\/logo\/image\/"}}]}},"_links":{"self":[{"href":"https:\/\/www.guerini.it\/index.php\/wp-json\/wp\/v2\/product\/16508","targetHints":{"allow":["GET"]}}],"collection":[{"href":"https:\/\/www.guerini.it\/index.php\/wp-json\/wp\/v2\/product"}],"about":[{"href":"https:\/\/www.guerini.it\/index.php\/wp-json\/wp\/v2\/types\/product"}],"wp:featuredmedia":[{"embeddable":true,"href":"https:\/\/www.guerini.it\/index.php\/wp-json\/wp\/v2\/media\/16507"}],"wp:attachment":[{"href":"https:\/\/www.guerini.it\/index.php\/wp-json\/wp\/v2\/media?parent=16508"}],"wp:term":[{"taxonomy":"product_brand","embeddable":true,"href":"https:\/\/www.guerini.it\/index.php\/wp-json\/wp\/v2\/product_brand?post=16508"},{"taxonomy":"product_cat","embeddable":true,"href":"https:\/\/www.guerini.it\/index.php\/wp-json\/wp\/v2\/product_cat?post=16508"},{"taxonomy":"product_tag","embeddable":true,"href":"https:\/\/www.guerini.it\/index.php\/wp-json\/wp\/v2\/product_tag?post=16508"}],"curies":[{"name":"wp","href":"https:\/\/api.w.org\/{rel}","templated":true}]}}