{"id":16514,"date":"2020-10-12T10:01:09","date_gmt":"2020-10-12T08:01:09","guid":{"rendered":"https:\/\/test.guerini.it\/?product=open-retail"},"modified":"2024-06-12T14:37:57","modified_gmt":"2024-06-12T12:37:57","slug":"open-retail","status":"publish","type":"product","link":"https:\/\/www.guerini.it\/index.php\/prodotto\/open-retail\/","title":{"rendered":"Open Retail"},"content":{"rendered":"<p style=\"text-align: justify;\">Come evolver\u00e0 la vendita al dettaglio nel prossimo decennio? Quale sviluppo del lavoro in negozio dobbiamo aspettarci? Come cambieranno le dinamiche di marketing? Quali sono le reazioni degli addetti alle innovazioni che la digitalizzazione comporta?\u00a0<em>Open Retail <\/em>risponde a queste domande e lo fa attraverso un confronto tra professionalit\u00e0 diverse, messo in scena come un dialogo tra due amici: il direttore marketing e il libraio, Domenico e Luca, due persone che si chiedono quali ripercussioni la crisi del traffico in negozio (causa avvento dell\u2019e-commerce prima, Covid-19 poi) e la digitalizzazione del business avranno sul mondo del commercio al dettaglio e sulle rispettive vite. Il libro descrive approcci possibili e modelli pratici di cambiamento nei vari dipartimenti di una grande azienda retail, svelando i retroscena di ogni decisione strategica con uno stile di scrittura informale e di semplice comprensione, anche per i non addetti ai lavori. Questo stile lo rende adatto a pubblici trasversali: interessati agli argomenti retail e lavoro, addetti vendita, formatori del settore, medium management, studenti. Perch\u00e9 se \u00e8 vero che il futuro \u00e8 adesso, come recitava il famoso payoff di uno spot pubblicitario, anche nell\u2019ambito del retail abbiamo il dovere di renderlo sostenibile.<\/p>\n<hr \/>\n<p style=\"text-align: justify;\"><strong>Domenico Romano<\/strong>, Head of Marketing di AW LAB, ha alle spalle anni di carriera presso importanti agenzie e aziende come Natuzzi, Original Marines, McDonald\u2019s, Agritalia, L\u2019Or\u00e9al e Ninjamarketing. Grazie al suo lavoro ha operato e vissuto in quattro continenti su cinque, contribuendo attivamente a lanci di nuovi prodotti e nuovi format di distribuzione sul mercato.<\/p>\n<p style=\"text-align: justify;\"><strong>Luca Moretti<\/strong>, nato a Napoli nella prima met\u00e0 degli anni ottanta, di mestiere fa il libraio e fa parte di un team aziendale che si occupa di fumetti. \u00c8 responsabile editoriale e artistico del progetto #lavorobenfatto. \u00c8 coautore di due libri: <em>Enakapata. Storie di strada e di scienza da Secondigliano a Tokyo<\/em> (2008) e <em>Il Lavoro Ben Fatto: Che cos\u2019\u00e8, come si fa e perch\u00e9 pu\u00f2 cambiare il mondo<\/em> (#lavorobenfatto 2020).<\/p>\n","protected":false},"excerpt":{"rendered":"<p style=\"text-align: justify;\">Come evolver\u00e0 la vendita al dettaglio nel prossimo decennio? Quale sviluppo del lavoro in negozio dobbiamo aspettarci? Come cambieranno le dinamiche di marketing? Quali sono le reazioni degli addetti alle innovazioni che la digitalizzazione comporta? <em>Open Retail<\/em> risponde a queste domande e lo fa attraverso un confronto tra professionalit\u00e0 diverse, messo in scena come un dialogo tra due amici: il direttore marketing e il libraio, Domenico e Luca, due persone che si chiedono quali ripercussioni la crisi del traffico in negozio (causa avvento dell\u2019e-commerce prima, Covid-19 poi) e la digitalizzazione del business avranno sul mondo del commercio al dettaglio e sulle rispettive vite. Il libro descrive approcci possibili e modelli pratici di cambiamento nei vari dipartimenti di una grande azienda retail, svelando i retroscena di ogni decisione strategica con uno stile di scrittura informale e di semplice comprensione, anche per i non addetti ai lavori. Questo stile lo rende adatto a pubblici trasversali: interessati agli argomenti retail e lavoro, addetti vendita, formatori del settore, medium management, studenti. Perch\u00e9 se \u00e8 vero che il futuro \u00e8 adesso, come recitava il famoso payoff di uno spot pubblicitario, anche nell\u2019ambito del retail abbiamo il dovere di renderlo sostenibile.<\/p>\n","protected":false},"featured_media":16513,"template":"","meta":{"_editorskit_title_hidden":false,"_editorskit_reading_time":0,"_editorskit_is_block_options_detached":false,"_editorskit_block_options_position":"{}","_monsterinsights_skip_tracking":false,"_monsterinsights_sitenote_active":false,"_monsterinsights_sitenote_note":"","_monsterinsights_sitenote_category":0},"product_brand":[],"product_cat":[6805,6529],"product_tag":[],"class_list":{"0":"post-16514","1":"product","2":"type-product","3":"status-publish","4":"has-post-thumbnail","6":"product_cat-guerini-next","7":"product_cat-economia-e-management","8":"pa_fulfillment-default","9":"pa_guerini_amazon_link-41-httpswwwamazonitretail_inn","10":"pa_guerini_feltrinelli_link-44-httpswwwlafeltrinelliitlib","11":"pa_guerini_ibs_link-ce-httpswwwibsitopen_retail_i","12":"pa_guerini_libruniver_link-08-httpswwwlibreriauniversita","13":"pa_guerini_link_amazon-3e-httpswwwamazonitdpb08l6sqf","14":"pa_guerini_link_apple_ibook-a4-httpsbooksapplecomitbookop","15":"pa_guerini_link_bookrepublic-https-www-bookrepublic-it-ebook-9788868963514-open-retail-innovazione-sostenibile-in-un-mondo-di-atomi-e-bit-goware-guerini-next","16":"pa_guerini_link_giunti_punto-e5-httpswwwgiuntialpuntoitpro","17":"pa_guerini_link_google_play-8c-httpsplaygooglecomstoreboo","18":"pa_guerini_link_ibs-99-httpswwwibsitopen_retail_i","19":"pa_guerini_link_kobo-https-www-kobo-com-it-it-ebook-open-retail-innovazione-sostenibile-in-un-mondo-di-atomi-e-bit","20":"pa_guerini_link_lafeltrinelli-https-www-lafeltrinelli-it-open-retail-innovazione-sostenibile-in-ebook-luca-moretti-domenico-romano-e-9788868963514","21":"pa_guerini_link_mondadori-https-www-mondadoristore-it-open-retail-innovazione-domenico-romano-luca-moretti-eai978886896351","22":"pa_guerini_mondadori_link-5f-httpswwwmondadoristoreitop","24":"first","25":"instock","26":"sale","27":"shipping-taxable","28":"purchasable","29":"product-type-simple"},"yoast_head":"<!-- This site is optimized with the Yoast SEO plugin v25.4 - https:\/\/yoast.com\/wordpress\/plugins\/seo\/ -->\n<title>Open Retail - Guerini e Associati<\/title>\n<meta name=\"robots\" content=\"index, follow, max-snippet:-1, max-image-preview:large, max-video-preview:-1\" \/>\n<link rel=\"canonical\" href=\"https:\/\/www.guerini.it\/index.php\/prodotto\/open-retail\/\" \/>\n<meta property=\"og:locale\" content=\"it_IT\" \/>\n<meta property=\"og:type\" content=\"article\" \/>\n<meta property=\"og:title\" content=\"Open Retail - Guerini e Associati\" \/>\n<meta property=\"og:description\" content=\"Come evolver\u00e0 la vendita al dettaglio nel prossimo decennio? Quale sviluppo del lavoro in negozio dobbiamo aspettarci? Come cambieranno le dinamiche di marketing? Quali sono le reazioni degli addetti alle innovazioni che la digitalizzazione comporta? Open Retail risponde a queste domande e lo fa attraverso un confronto tra professionalit\u00e0 diverse, messo in scena come un dialogo tra due amici: il direttore marketing e il libraio, Domenico e Luca, due persone che si chiedono quali ripercussioni la crisi del traffico in negozio (causa avvento dell\u2019e-commerce prima, Covid-19 poi) e la digitalizzazione del business avranno sul mondo del commercio al dettaglio e sulle rispettive vite. Il libro descrive approcci possibili e modelli pratici di cambiamento nei vari dipartimenti di una grande azienda retail, svelando i retroscena di ogni decisione strategica con uno stile di scrittura informale e di semplice comprensione, anche per i non addetti ai lavori. Questo stile lo rende adatto a pubblici trasversali: interessati agli argomenti retail e lavoro, addetti vendita, formatori del settore, medium management, studenti. Perch\u00e9 se \u00e8 vero che il futuro \u00e8 adesso, come recitava il famoso payoff di uno spot pubblicitario, anche nell\u2019ambito del retail abbiamo il dovere di renderlo sostenibile.\" \/>\n<meta property=\"og:url\" content=\"https:\/\/www.guerini.it\/index.php\/prodotto\/open-retail\/\" \/>\n<meta property=\"og:site_name\" content=\"Guerini e Associati\" \/>\n<meta property=\"article:modified_time\" content=\"2024-06-12T12:37:57+00:00\" \/>\n<meta property=\"og:image\" content=\"https:\/\/www.guerini.it\/wp-content\/uploads\/2020\/10\/open_retail_sito.png\" \/>\n\t<meta property=\"og:image:width\" content=\"234\" \/>\n\t<meta property=\"og:image:height\" content=\"353\" \/>\n\t<meta property=\"og:image:type\" content=\"image\/png\" \/>\n<meta name=\"twitter:card\" content=\"summary_large_image\" \/>\n<meta name=\"twitter:label1\" content=\"Tempo di lettura stimato\" \/>\n\t<meta name=\"twitter:data1\" content=\"2 minuti\" \/>\n<!-- \/ Yoast SEO plugin. -->","yoast_head_json":{"title":"Open Retail - Guerini e Associati","robots":{"index":"index","follow":"follow","max-snippet":"max-snippet:-1","max-image-preview":"max-image-preview:large","max-video-preview":"max-video-preview:-1"},"canonical":"https:\/\/www.guerini.it\/index.php\/prodotto\/open-retail\/","og_locale":"it_IT","og_type":"article","og_title":"Open Retail - Guerini e Associati","og_description":"Come evolver\u00e0 la vendita al dettaglio nel prossimo decennio? Quale sviluppo del lavoro in negozio dobbiamo aspettarci? Come cambieranno le dinamiche di marketing? Quali sono le reazioni degli addetti alle innovazioni che la digitalizzazione comporta? Open Retail risponde a queste domande e lo fa attraverso un confronto tra professionalit\u00e0 diverse, messo in scena come un dialogo tra due amici: il direttore marketing e il libraio, Domenico e Luca, due persone che si chiedono quali ripercussioni la crisi del traffico in negozio (causa avvento dell\u2019e-commerce prima, Covid-19 poi) e la digitalizzazione del business avranno sul mondo del commercio al dettaglio e sulle rispettive vite. Il libro descrive approcci possibili e modelli pratici di cambiamento nei vari dipartimenti di una grande azienda retail, svelando i retroscena di ogni decisione strategica con uno stile di scrittura informale e di semplice comprensione, anche per i non addetti ai lavori. Questo stile lo rende adatto a pubblici trasversali: interessati agli argomenti retail e lavoro, addetti vendita, formatori del settore, medium management, studenti. Perch\u00e9 se \u00e8 vero che il futuro \u00e8 adesso, come recitava il famoso payoff di uno spot pubblicitario, anche nell\u2019ambito del retail abbiamo il dovere di renderlo sostenibile.","og_url":"https:\/\/www.guerini.it\/index.php\/prodotto\/open-retail\/","og_site_name":"Guerini e Associati","article_modified_time":"2024-06-12T12:37:57+00:00","og_image":[{"width":234,"height":353,"url":"https:\/\/www.guerini.it\/wp-content\/uploads\/2020\/10\/open_retail_sito.png","type":"image\/png"}],"twitter_card":"summary_large_image","twitter_misc":{"Tempo di lettura stimato":"2 minuti"},"schema":{"@context":"https:\/\/schema.org","@graph":[{"@type":"WebPage","@id":"https:\/\/www.guerini.it\/index.php\/prodotto\/open-retail\/","url":"https:\/\/www.guerini.it\/index.php\/prodotto\/open-retail\/","name":"Open Retail - Guerini e Associati","isPartOf":{"@id":"https:\/\/www.guerini.it\/#website"},"primaryImageOfPage":{"@id":"https:\/\/www.guerini.it\/index.php\/prodotto\/open-retail\/#primaryimage"},"image":{"@id":"https:\/\/www.guerini.it\/index.php\/prodotto\/open-retail\/#primaryimage"},"thumbnailUrl":"https:\/\/www.guerini.it\/wp-content\/uploads\/2020\/10\/open_retail_sito.png","datePublished":"2020-10-12T08:01:09+00:00","dateModified":"2024-06-12T12:37:57+00:00","breadcrumb":{"@id":"https:\/\/www.guerini.it\/index.php\/prodotto\/open-retail\/#breadcrumb"},"inLanguage":"it-IT","potentialAction":[{"@type":"ReadAction","target":["https:\/\/www.guerini.it\/index.php\/prodotto\/open-retail\/"]}]},{"@type":"ImageObject","inLanguage":"it-IT","@id":"https:\/\/www.guerini.it\/index.php\/prodotto\/open-retail\/#primaryimage","url":"https:\/\/www.guerini.it\/wp-content\/uploads\/2020\/10\/open_retail_sito.png","contentUrl":"https:\/\/www.guerini.it\/wp-content\/uploads\/2020\/10\/open_retail_sito.png","width":234,"height":353,"caption":"Open Retail"},{"@type":"BreadcrumbList","@id":"https:\/\/www.guerini.it\/index.php\/prodotto\/open-retail\/#breadcrumb","itemListElement":[{"@type":"ListItem","position":1,"name":"Home","item":"https:\/\/www.guerini.it\/"},{"@type":"ListItem","position":2,"name":"Catalogo","item":"https:\/\/www.guerini.it\/index.php\/negozio\/"},{"@type":"ListItem","position":3,"name":"Open Retail"}]},{"@type":"WebSite","@id":"https:\/\/www.guerini.it\/#website","url":"https:\/\/www.guerini.it\/","name":"Guerini e Associati","description":"30 anni di libri, idee e libert\u00e0","publisher":{"@id":"https:\/\/www.guerini.it\/#organization"},"potentialAction":[{"@type":"SearchAction","target":{"@type":"EntryPoint","urlTemplate":"https:\/\/www.guerini.it\/?s={search_term_string}"},"query-input":{"@type":"PropertyValueSpecification","valueRequired":true,"valueName":"search_term_string"}}],"inLanguage":"it-IT"},{"@type":"Organization","@id":"https:\/\/www.guerini.it\/#organization","name":"Guerini e Associati","url":"https:\/\/www.guerini.it\/","logo":{"@type":"ImageObject","inLanguage":"it-IT","@id":"https:\/\/www.guerini.it\/#\/schema\/logo\/image\/","url":"https:\/\/www.guerini.it\/wp-content\/uploads\/2021\/03\/Logo-Guerini-OK_-e1615831292285.png","contentUrl":"https:\/\/www.guerini.it\/wp-content\/uploads\/2021\/03\/Logo-Guerini-OK_-e1615831292285.png","width":2805,"height":1870,"caption":"Guerini e Associati"},"image":{"@id":"https:\/\/www.guerini.it\/#\/schema\/logo\/image\/"}}]}},"_links":{"self":[{"href":"https:\/\/www.guerini.it\/index.php\/wp-json\/wp\/v2\/product\/16514","targetHints":{"allow":["GET"]}}],"collection":[{"href":"https:\/\/www.guerini.it\/index.php\/wp-json\/wp\/v2\/product"}],"about":[{"href":"https:\/\/www.guerini.it\/index.php\/wp-json\/wp\/v2\/types\/product"}],"wp:featuredmedia":[{"embeddable":true,"href":"https:\/\/www.guerini.it\/index.php\/wp-json\/wp\/v2\/media\/16513"}],"wp:attachment":[{"href":"https:\/\/www.guerini.it\/index.php\/wp-json\/wp\/v2\/media?parent=16514"}],"wp:term":[{"taxonomy":"product_brand","embeddable":true,"href":"https:\/\/www.guerini.it\/index.php\/wp-json\/wp\/v2\/product_brand?post=16514"},{"taxonomy":"product_cat","embeddable":true,"href":"https:\/\/www.guerini.it\/index.php\/wp-json\/wp\/v2\/product_cat?post=16514"},{"taxonomy":"product_tag","embeddable":true,"href":"https:\/\/www.guerini.it\/index.php\/wp-json\/wp\/v2\/product_tag?post=16514"}],"curies":[{"name":"wp","href":"https:\/\/api.w.org\/{rel}","templated":true}]}}