{"id":16522,"date":"2020-10-29T10:59:27","date_gmt":"2020-10-29T09:59:27","guid":{"rendered":"https:\/\/test.guerini.it\/?product=l-arte-in-rivolta"},"modified":"2024-06-12T14:40:38","modified_gmt":"2024-06-12T12:40:38","slug":"l-arte-in-rivolta","status":"publish","type":"product","link":"https:\/\/www.guerini.it\/index.php\/prodotto\/l-arte-in-rivolta\/","title":{"rendered":"L&#8217;arte in rivolta"},"content":{"rendered":"<p style=\"text-align: justify;\"><em>\u00abNella <\/em>Venere <em>di Larionov, nel controrilievo di Tatlin, nella pittura analitica di Filonov, persino nel famigerato quadrato di Malevi\u010d, c\u2019\u00e8 pi\u00f9 rivoluzione che in tutte le inerti \u00abimmagini\u00bb filistee dell\u2019Associazione degli artisti della Russia rivoluzionaria, prese tutte assieme. Il fuoco della rivoluzione consumava le loro vite; erano cresciuti con essa. In tutti gli improvvisi capovolgimenti della sua sorte si rispecchiava anche la loro sorte. Verr\u00e0 un tempo in cui ci si entusiasmer\u00e0 di nuovo per quella sorte e si finir\u00e0 con l\u2019invidiarla senza riuscire a capacitarsi di come sia potuto accadere che sia stata loro negata la possibilit\u00e0 di operare\u00bb.<\/em><\/p>\n<p style=\"text-align: justify;\">Le memorie di Nikolaj Punin, che si focalizzano sul 1917, anno cruciale per le sorti individuali e collettive in Russia, ripercorrono gli anni irrequieti e turbinosi delle avanguardie artistiche attraverso i vividi ritratti di alcuni dei suoi protagonisti come Chlebnikov, Majakovskij, Larionov, Malevi\u010d e Tatlin. Coinvolto in prima persona nell\u2019organizzazione della vita artistica di Pietrogrado, Punin ricostruisce gli eventi storici e politici di cui \u00e8 diretto testimone, alternando intensi <em>flashback<\/em> autobiografici e resoconti di cronaca politica, articoli di giornali e documenti ufficiali a brillanti descrizioni della vita quotidiana e riflessioni sull\u2019estetica, l\u2019arte e la filosofia. Dal 1914 frequenta assiduamente l\u2019\u00abAppartamento n. 5\u00bb, dove vive il pittore Lev Bruni, conservatore dell\u2019Accademia di Belle Arti, con il quale costruisce un profondo sodalizio. L\u2019aria dell\u2019\u00abAppartamento N. 5\u00bb \u00e8 letteralmente impregnata di idee rivoluzionarie. Questi fermenti innovatori, la libert\u00e0 nella sperimentazione e l\u2019affermazione del valore rivoluzionario della creazione artistica, saranno determinanti nella formazione di Punin come teorico della nuova arte. Nell\u2019appartamento, ubicato nella sede dell\u2019Accademia, s\u2019incontra il fiore dell\u2019<em>intelligencija<\/em> artistica della capitale; qui, tra appassionate dispute teoriche, si va formando l\u2019arte delle avanguardie e si vanno delineando i nuovi fondamenti estetici che Punin avrebbe difeso con rigore nella sua parabola esistenziale e intellettuale e nella sua produzione.<\/p>\n<p>Il volume fa parte della collana <a href=\"https:\/\/www.guerini.it\/index.php\/categoria-prodotto\/default-category\/lingue-e-letteratura\/narrare-la-memoria\/\"><em>Narrare la memoria<\/em><\/a><\/p>\n<hr \/>\n<p style=\"text-align: justify;\"><strong>Nikolaj Punin <\/strong>(1888-1953), critico, teorico e storico dell\u2019arte, \u00e8 una figura chiave della vita culturale della Russia pre- e postrivoluzionaria. Dopo aver frequentato il liceo di Carskoe Selo, si laurea in storia dell\u2019arte all\u2019Universit\u00e0 di Pietroburgo nel 1914, ma gi\u00e0 nel 1913, ancora studente, viene invitato a collaborare con il Reparto antichit\u00e0 cristiane del Museo russo ed esordisce sulla prestigiosa rivista <em>Apollon<\/em>, diretta da S. Makovskij, il primo a scoprire il suo brillante talento. Da quel momento comincia a pubblicare una fitta serie di articoli e saggi che spaziano dalla pittura russa antica alla grafica giapponese all\u2019arte europea. Nel 1917 aderisce al cosiddetto \u00abfronte di sinistra\u00bb degli artisti che si batte contro la componente reazionaria e conservatrice del mondo artistico per l\u2019affermazione dei fondamenti della nuova arte. Nel 1918 viene nominato da Luna\u010darskij responsabile del Dipartimento delle arti figurative e commissario del Museo Russo e dell\u2019Ermitage e si dedica con passione all\u2019attivit\u00e0 museale e all\u2019insegnamento, partecipando attivamente alla vita pubblica, ma gi\u00e0 alla fine degli anni Venti i suoi lavori vengono sottoposti a censura. Dagli anni Quaranta s\u2019intensificano le accuse di formalismo contro la sua persona e Punin diviene oggetto di una violenta campagna persecutoria. Nel 1949 \u00e8 internato in un lager nei pressi di Vorkuta dove trova la morte nel 1953. La rivoluzione aveva chiuso cos\u00ec i conti con uno dei suoi intellettuali pi\u00f9 eruditi e raffinati.<\/p>\n","protected":false},"excerpt":{"rendered":"<p style=\"text-align: justify;\">Le memorie di Nikolaj Punin, che si focalizzano sul 1917, anno cruciale per le sorti individuali e collettive in Russia, ripercorrono gli anni irrequieti e turbinosi delle avanguardie artistiche attraverso i vividi ritratti di alcuni dei suoi protagonisti come Chlebnikov, Majakovskij, Larionov, Malevi\u010d e Tatlin. Coinvolto in prima persona nell\u2019organizzazione della vita artistica di Pietrogrado, Punin ricostruisce gli eventi storici e politici di cui \u00e8 diretto testimone, alternando intensi flashback autobiografici e resoconti di cronaca politica, articoli di giornali e documenti ufficiali a brillanti descrizioni della vita quotidiana e riflessioni sull\u2019estetica, l\u2019arte e la filosofia. Dal 1914 frequenta assiduamente l\u2019\u00abAppartamento n. 5\u00bb, dove vive il pittore Lev Bruni, conservatore dell\u2019Accademia di Belle Arti, con il quale costruisce un profondo sodalizio. L\u2019aria dell\u2019\u00abAppartamento N. 5\u00bb \u00e8 letteralmente impregnata di idee rivoluzionarie. Questi fermenti innovatori, la libert\u00e0 nella sperimentazione e l\u2019affermazione del valore rivoluzionario della creazione artistica, saranno determinanti nella formazione di Punin come teorico della nuova arte. Nell\u2019appartamento, ubicato nella sede dell\u2019Accademia, s\u2019incontra il fiore dell\u2019intelligencija artistica della capitale; qui, tra appassionate dispute teoriche, si va formando l\u2019arte delle avanguardie e si vanno delineando i nuovi fondamenti estetici che Punin avrebbe difeso con rigore nella sua parabola esistenziale e intellettuale e nella sua produzione.<\/p>\n<p>&nbsp;<\/p>\n","protected":false},"featured_media":23460,"template":"","meta":{"_editorskit_title_hidden":false,"_editorskit_reading_time":0,"_editorskit_is_block_options_detached":false,"_editorskit_block_options_position":"{}","_monsterinsights_skip_tracking":false,"_monsterinsights_sitenote_active":false,"_monsterinsights_sitenote_note":"","_monsterinsights_sitenote_category":0},"product_brand":[],"product_cat":[6608,6533],"product_tag":[7662,7347,8698,7050,8108],"class_list":{"0":"post-16522","1":"product","2":"type-product","3":"status-publish","4":"has-post-thumbnail","6":"product_cat-narrare-la-memoria","7":"product_cat-lingue-e-letteratura","8":"product_tag-arte","9":"product_tag-letteratura","10":"product_tag-memorie","11":"product_tag-storia","12":"product_tag-testimonianze","13":"pa_guerini_amazon_link-6b-httpswwwamazonitlarte_rivo","14":"pa_guerini_feltrinelli_link-52-httpswwwlafeltrinelliitlib","15":"pa_guerini_ibs_link-2d-httpswwwibsitarte_in_rivol","16":"pa_guerini_libruniver_link-57-httpswwwlibreriauniversita","17":"pa_guerini_link_amazon-81-httpswwwamazonitdpb08m5v3g","18":"pa_guerini_link_apple_ibook-8b-httpsbooksapplecomitbookla","19":"pa_guerini_link_bookrepublic-https-www-bookrepublic-it-ebook-9788881954070-larte-in-rivolta-pietrogrado-1917-goware-e-edizioni-angelo-guerini-e-associati","20":"pa_guerini_link_giunti_punto-https-www-giuntialpunto-it-product-b08m5v3gbt-libri-l-arte-rivolta-pietrogrado-1917-nikolaj-punin","21":"pa_guerini_link_google_play-https-play-google-com-store-books-details-nikolaj_punin_l_arte_in_rivolta_pietrogrado_1917id7oofeaaaqbajhlit","22":"pa_guerini_link_ibs-https-www-ibs-it-arte-in-rivolta-pietrogrado-1917-ebook-nikolaij-punin-e-9788881954070","23":"pa_guerini_link_kobo-4f-httpswwwkobocomititebookl_","24":"pa_guerini_link_lafeltrinelli-https-www-lafeltrinelli-it-arte-in-rivolta-pietrogrado-1917-ebook-nikolaij-punin-e-9788881954070","25":"pa_guerini_link_mondadori-https-www-mondadoristore-it-larte-rivolta-pietrogrado-nikolaj-punin-traduzione-e-cura-di-nadia-cigognini-eai978888195407","26":"pa_guerini_mondadori_link-69-httpswwwmondadoristoreitar","28":"first","29":"instock","30":"sale","31":"shipping-taxable","32":"purchasable","33":"product-type-simple"},"yoast_head":"<!-- This site is optimized with the Yoast SEO plugin v25.4 - https:\/\/yoast.com\/wordpress\/plugins\/seo\/ -->\n<title>L&#039;arte in rivolta - Guerini e Associati<\/title>\n<meta name=\"robots\" content=\"index, follow, max-snippet:-1, max-image-preview:large, max-video-preview:-1\" \/>\n<link rel=\"canonical\" href=\"https:\/\/www.guerini.it\/index.php\/prodotto\/l-arte-in-rivolta\/\" \/>\n<meta property=\"og:locale\" content=\"it_IT\" \/>\n<meta property=\"og:type\" content=\"article\" \/>\n<meta property=\"og:title\" content=\"L&#039;arte in rivolta - Guerini e Associati\" \/>\n<meta property=\"og:description\" content=\"Le memorie di Nikolaj Punin, che si focalizzano sul 1917, anno cruciale per le sorti individuali e collettive in Russia, ripercorrono gli anni irrequieti e turbinosi delle avanguardie artistiche attraverso i vividi ritratti di alcuni dei suoi protagonisti come Chlebnikov, Majakovskij, Larionov, Malevi\u010d e Tatlin. Coinvolto in prima persona nell\u2019organizzazione della vita artistica di Pietrogrado, Punin ricostruisce gli eventi storici e politici di cui \u00e8 diretto testimone, alternando intensi flashback autobiografici e resoconti di cronaca politica, articoli di giornali e documenti ufficiali a brillanti descrizioni della vita quotidiana e riflessioni sull\u2019estetica, l\u2019arte e la filosofia. Dal 1914 frequenta assiduamente l\u2019\u00abAppartamento n. 5\u00bb, dove vive il pittore Lev Bruni, conservatore dell\u2019Accademia di Belle Arti, con il quale costruisce un profondo sodalizio. L\u2019aria dell\u2019\u00abAppartamento N. 5\u00bb \u00e8 letteralmente impregnata di idee rivoluzionarie. Questi fermenti innovatori, la libert\u00e0 nella sperimentazione e l\u2019affermazione del valore rivoluzionario della creazione artistica, saranno determinanti nella formazione di Punin come teorico della nuova arte. Nell\u2019appartamento, ubicato nella sede dell\u2019Accademia, s\u2019incontra il fiore dell\u2019intelligencija artistica della capitale; qui, tra appassionate dispute teoriche, si va formando l\u2019arte delle avanguardie e si vanno delineando i nuovi fondamenti estetici che Punin avrebbe difeso con rigore nella sua parabola esistenziale e intellettuale e nella sua produzione. &nbsp;\" \/>\n<meta property=\"og:url\" content=\"https:\/\/www.guerini.it\/index.php\/prodotto\/l-arte-in-rivolta\/\" \/>\n<meta property=\"og:site_name\" content=\"Guerini e Associati\" \/>\n<meta property=\"article:modified_time\" content=\"2024-06-12T12:40:38+00:00\" \/>\n<meta property=\"og:image\" content=\"https:\/\/www.guerini.it\/wp-content\/uploads\/2020\/10\/Larte-in-rivolta.webp\" \/>\n\t<meta property=\"og:image:width\" content=\"643\" \/>\n\t<meta property=\"og:image:height\" content=\"1000\" \/>\n\t<meta property=\"og:image:type\" content=\"image\/webp\" \/>\n<meta name=\"twitter:card\" content=\"summary_large_image\" \/>\n<meta name=\"twitter:label1\" content=\"Tempo di lettura stimato\" \/>\n\t<meta name=\"twitter:data1\" content=\"4 minuti\" \/>\n<!-- \/ Yoast SEO plugin. -->","yoast_head_json":{"title":"L'arte in rivolta - Guerini e Associati","robots":{"index":"index","follow":"follow","max-snippet":"max-snippet:-1","max-image-preview":"max-image-preview:large","max-video-preview":"max-video-preview:-1"},"canonical":"https:\/\/www.guerini.it\/index.php\/prodotto\/l-arte-in-rivolta\/","og_locale":"it_IT","og_type":"article","og_title":"L'arte in rivolta - Guerini e Associati","og_description":"Le memorie di Nikolaj Punin, che si focalizzano sul 1917, anno cruciale per le sorti individuali e collettive in Russia, ripercorrono gli anni irrequieti e turbinosi delle avanguardie artistiche attraverso i vividi ritratti di alcuni dei suoi protagonisti come Chlebnikov, Majakovskij, Larionov, Malevi\u010d e Tatlin. Coinvolto in prima persona nell\u2019organizzazione della vita artistica di Pietrogrado, Punin ricostruisce gli eventi storici e politici di cui \u00e8 diretto testimone, alternando intensi flashback autobiografici e resoconti di cronaca politica, articoli di giornali e documenti ufficiali a brillanti descrizioni della vita quotidiana e riflessioni sull\u2019estetica, l\u2019arte e la filosofia. Dal 1914 frequenta assiduamente l\u2019\u00abAppartamento n. 5\u00bb, dove vive il pittore Lev Bruni, conservatore dell\u2019Accademia di Belle Arti, con il quale costruisce un profondo sodalizio. L\u2019aria dell\u2019\u00abAppartamento N. 5\u00bb \u00e8 letteralmente impregnata di idee rivoluzionarie. Questi fermenti innovatori, la libert\u00e0 nella sperimentazione e l\u2019affermazione del valore rivoluzionario della creazione artistica, saranno determinanti nella formazione di Punin come teorico della nuova arte. Nell\u2019appartamento, ubicato nella sede dell\u2019Accademia, s\u2019incontra il fiore dell\u2019intelligencija artistica della capitale; qui, tra appassionate dispute teoriche, si va formando l\u2019arte delle avanguardie e si vanno delineando i nuovi fondamenti estetici che Punin avrebbe difeso con rigore nella sua parabola esistenziale e intellettuale e nella sua produzione. &nbsp;","og_url":"https:\/\/www.guerini.it\/index.php\/prodotto\/l-arte-in-rivolta\/","og_site_name":"Guerini e Associati","article_modified_time":"2024-06-12T12:40:38+00:00","og_image":[{"width":643,"height":1000,"url":"https:\/\/www.guerini.it\/wp-content\/uploads\/2020\/10\/Larte-in-rivolta.webp","type":"image\/webp"}],"twitter_card":"summary_large_image","twitter_misc":{"Tempo di lettura stimato":"4 minuti"},"schema":{"@context":"https:\/\/schema.org","@graph":[{"@type":"WebPage","@id":"https:\/\/www.guerini.it\/index.php\/prodotto\/l-arte-in-rivolta\/","url":"https:\/\/www.guerini.it\/index.php\/prodotto\/l-arte-in-rivolta\/","name":"L'arte in rivolta - Guerini e Associati","isPartOf":{"@id":"https:\/\/www.guerini.it\/#website"},"primaryImageOfPage":{"@id":"https:\/\/www.guerini.it\/index.php\/prodotto\/l-arte-in-rivolta\/#primaryimage"},"image":{"@id":"https:\/\/www.guerini.it\/index.php\/prodotto\/l-arte-in-rivolta\/#primaryimage"},"thumbnailUrl":"https:\/\/www.guerini.it\/wp-content\/uploads\/2020\/10\/Larte-in-rivolta.webp","datePublished":"2020-10-29T09:59:27+00:00","dateModified":"2024-06-12T12:40:38+00:00","breadcrumb":{"@id":"https:\/\/www.guerini.it\/index.php\/prodotto\/l-arte-in-rivolta\/#breadcrumb"},"inLanguage":"it-IT","potentialAction":[{"@type":"ReadAction","target":["https:\/\/www.guerini.it\/index.php\/prodotto\/l-arte-in-rivolta\/"]}]},{"@type":"ImageObject","inLanguage":"it-IT","@id":"https:\/\/www.guerini.it\/index.php\/prodotto\/l-arte-in-rivolta\/#primaryimage","url":"https:\/\/www.guerini.it\/wp-content\/uploads\/2020\/10\/Larte-in-rivolta.webp","contentUrl":"https:\/\/www.guerini.it\/wp-content\/uploads\/2020\/10\/Larte-in-rivolta.webp","width":643,"height":1000,"caption":"Copertina del volume L\u2019arte in rivolta, Guerini e Associati, 2020"},{"@type":"BreadcrumbList","@id":"https:\/\/www.guerini.it\/index.php\/prodotto\/l-arte-in-rivolta\/#breadcrumb","itemListElement":[{"@type":"ListItem","position":1,"name":"Home","item":"https:\/\/www.guerini.it\/"},{"@type":"ListItem","position":2,"name":"Catalogo","item":"https:\/\/www.guerini.it\/index.php\/negozio\/"},{"@type":"ListItem","position":3,"name":"L&#8217;arte in rivolta"}]},{"@type":"WebSite","@id":"https:\/\/www.guerini.it\/#website","url":"https:\/\/www.guerini.it\/","name":"Guerini e Associati","description":"30 anni di libri, idee e libert\u00e0","publisher":{"@id":"https:\/\/www.guerini.it\/#organization"},"potentialAction":[{"@type":"SearchAction","target":{"@type":"EntryPoint","urlTemplate":"https:\/\/www.guerini.it\/?s={search_term_string}"},"query-input":{"@type":"PropertyValueSpecification","valueRequired":true,"valueName":"search_term_string"}}],"inLanguage":"it-IT"},{"@type":"Organization","@id":"https:\/\/www.guerini.it\/#organization","name":"Guerini e Associati","url":"https:\/\/www.guerini.it\/","logo":{"@type":"ImageObject","inLanguage":"it-IT","@id":"https:\/\/www.guerini.it\/#\/schema\/logo\/image\/","url":"https:\/\/www.guerini.it\/wp-content\/uploads\/2021\/03\/Logo-Guerini-OK_-e1615831292285.png","contentUrl":"https:\/\/www.guerini.it\/wp-content\/uploads\/2021\/03\/Logo-Guerini-OK_-e1615831292285.png","width":2805,"height":1870,"caption":"Guerini e Associati"},"image":{"@id":"https:\/\/www.guerini.it\/#\/schema\/logo\/image\/"}}]}},"_links":{"self":[{"href":"https:\/\/www.guerini.it\/index.php\/wp-json\/wp\/v2\/product\/16522","targetHints":{"allow":["GET"]}}],"collection":[{"href":"https:\/\/www.guerini.it\/index.php\/wp-json\/wp\/v2\/product"}],"about":[{"href":"https:\/\/www.guerini.it\/index.php\/wp-json\/wp\/v2\/types\/product"}],"wp:featuredmedia":[{"embeddable":true,"href":"https:\/\/www.guerini.it\/index.php\/wp-json\/wp\/v2\/media\/23460"}],"wp:attachment":[{"href":"https:\/\/www.guerini.it\/index.php\/wp-json\/wp\/v2\/media?parent=16522"}],"wp:term":[{"taxonomy":"product_brand","embeddable":true,"href":"https:\/\/www.guerini.it\/index.php\/wp-json\/wp\/v2\/product_brand?post=16522"},{"taxonomy":"product_cat","embeddable":true,"href":"https:\/\/www.guerini.it\/index.php\/wp-json\/wp\/v2\/product_cat?post=16522"},{"taxonomy":"product_tag","embeddable":true,"href":"https:\/\/www.guerini.it\/index.php\/wp-json\/wp\/v2\/product_tag?post=16522"}],"curies":[{"name":"wp","href":"https:\/\/api.w.org\/{rel}","templated":true}]}}