{"id":16528,"date":"2020-11-19T07:48:11","date_gmt":"2020-11-19T06:48:11","guid":{"rendered":"https:\/\/test.guerini.it\/?product=oltre-lo-specchio-di-alice"},"modified":"2024-06-12T14:41:18","modified_gmt":"2024-06-12T12:41:18","slug":"oltre-lo-specchio-di-alice","status":"publish","type":"product","link":"https:\/\/www.guerini.it\/index.php\/prodotto\/oltre-lo-specchio-di-alice\/","title":{"rendered":"Oltre lo specchio di Alice"},"content":{"rendered":"<p style=\"text-align: center;\"><em>In un mondo glocal, dove (quasi) tutto ha il privilegio della mobilit\u00e0, a cominciare dall\u2019informazione,\u00a0<\/em><em>le categorie progettuali fondamentali, scompaginate, ci obbligano a pensare l\u2019epoca nuova.\u00a0<\/em><em>Ma se il vecchio assetto tramonta, non \u00e8 forse altrettanto vero che le cose pi\u00f9 interessanti, oggi,\u00a0<\/em><em>le facciamo nel reame del \u00abnon sapere\u00bb?<\/em><\/p>\n<p style=\"text-align: justify;\">L\u2019innovazione \u00e8 una forza politica. Dopo il trionfo dell\u2019algoritmo, dopo il potere ai social, dopo la rivoluzione delle scienze della vita e della fisica quantistica, stringiamo tra le mani un potere orfano di potenza. Ci eravamo abituati a dire: ci\u00f2 che non funziona non vale. Eppure l\u2019inanit\u00e0 valoriale di ci\u00f2 che \u00abpotentemente\u00bb troviamo continua ad alimentare il nichilismo. Come Alice, abbiamo spiccato il balzo oltre lo specchio, per approdare nel paese delle meraviglie. Ma qui la vecchia strumentazione di gestione del potere, le sue usurate redini, non tengono pi\u00f9. A chi vada attribuita la funzione di sostituirle \u00e8 un interrogativo al quale non ci si pu\u00f2 sottrarre. In un mondo trasformato dall\u2019innovazione e dal glocalismo, l\u2019emergere di nuove soggettivit\u00e0 e la formazione delle loro volont\u00e0 politiche interrogano la capacit\u00e0, da parte delle istituzioni, di trasformarsi conciliando valori e fini: attingendo a mezzi molto diversi da quando furono concepite. Allora l\u2019esercizio provocatorio della ragione non \u00e8 materia da indovini, ma da classi dirigenti responsabili predisposte alla visione del futuro.<\/p>\n<p style=\"text-align: justify;\"><strong>Piero Bassetti<\/strong> (Milano, 1928), ha fondato e attualmente presiede l\u2019associazione Globus et Locus e Fondazione Giannino Bassetti. Formato all\u2019economia tra la Bocconi e la Cornell University, \u00e8 stato assessore al Comune di Milano dal 1956 e primo presidente di Regione Lombardia dal 1970. Deputato dal 1974, presidente di Ipalmo e membro della Trilateral Commission, negli anni Ottanta e Novanta ha promosso il rinnovamento delle Camere di commercio: come presidente a Milano (1982-1997) e in Unioncamere (1983-1992), poi alla guida dell\u2019Associazione delle camere di commercio italiane all\u2019estero (1993-1999). Da sempre intreccia l\u2019esperienza istituzionale alla riflessione politico intellettuale, a cominciare dalla pubblicazione de <em>Le redini del potere<\/em> (1959) per proseguire con <em>Occidente scomodo<\/em> (1978), <em>L\u2019Italia si \u00e8 rotta?<\/em> (1996), <em>Milanesi senza Milano<\/em> (1999) e <em>Svegliamoci Italici!<\/em> (2015). Intorno al suo archivio personale l\u2019Universit\u00e0 Statale di Milano ha promosso un filone di ricerca sfociato nel volume <em>Milano dalla ricostruzione alla globalizzazione. Dalle carte dell\u2019archivio di Piero Bassetti<\/em> (2011).<\/p>\n","protected":false},"excerpt":{"rendered":"<p style=\"text-align: justify;\">L\u2019innovazione \u00e8 una forza politica. Dopo il trionfo dell\u2019algoritmo, dopo il potere ai social, dopo la rivoluzione delle scienze della vita e della fisica quantistica, stringiamo tra le mani un potere orfano di potenza. Ci eravamo abituati a dire: ci\u00f2 che non funziona non vale. Eppure l\u2019inanit\u00e0 valoriale di ci\u00f2 che \u00abpotentemente\u00bb troviamo continua ad alimentare il nichilismo. Come Alice, abbiamo spiccato il balzo oltre lo specchio, per approdare nel paese delle meraviglie. Ma qui la vecchia strumentazione di gestione del potere, le sue usurate redini, non tengono pi\u00f9. A chi vada attribuita la funzione di sostituirle \u00e8 un interrogativo al quale non ci si pu\u00f2 sottrarre. In un mondo trasformato dall\u2019innovazione e dal glocalismo, l\u2019emergere di nuove soggettivit\u00e0 e la formazione delle loro volont\u00e0 politiche interrogano la capacit\u00e0, da parte delle istituzioni, di trasformarsi conciliando valori e fini: attingendo a mezzi molto diversi da quando furono concepite. Allora l\u2019esercizio provocatorio della ragione non \u00e8 materia da indovini, ma da classi dirigenti responsabili predisposte alla visione del futuro.<\/p>\n","protected":false},"featured_media":16527,"template":"","meta":{"_editorskit_title_hidden":false,"_editorskit_reading_time":0,"_editorskit_is_block_options_detached":false,"_editorskit_block_options_position":"{}","_monsterinsights_skip_tracking":false,"_monsterinsights_sitenote_active":false,"_monsterinsights_sitenote_note":"","_monsterinsights_sitenote_category":0},"product_brand":[],"product_cat":[6527,6626,6631],"product_tag":[],"class_list":{"0":"post-16528","1":"product","2":"type-product","3":"status-publish","4":"has-post-thumbnail","6":"product_cat-attualita","7":"product_cat-innovazione-e-potere","8":"product_cat-le-sfide-dell-era-digitale","9":"pa_fulfillment-default","10":"pa_guerini_amazon_link-8f-httpswwwamazonitoltre_spec","11":"pa_guerini_feltrinelli_link-e1-httpswwwlafeltrinelliitlib","12":"pa_guerini_ibs_link-8e-httpswwwibsitoltre_specchi","13":"pa_guerini_libruniver_link-40-httpswwwlibreriauniversita","14":"pa_guerini_link_amazon-04-httpswwwamazonitspecchio_a","15":"pa_guerini_link_bookrepublic-47-httpswwwbookrepubliciteboo","16":"pa_guerini_link_giunti_punto-d8-httpswwwgiuntialpuntoitpro","17":"pa_guerini_link_ibs-02-httpswwwibsitoltre_specchi","18":"pa_guerini_link_kobo-44-httpswwwkobocomititebookol","19":"pa_guerini_link_lafeltrinelli-35-httpswwwlafeltrinelliitebo","20":"pa_guerini_link_mondadori-7c-httpswwwmondadoristoreitol","21":"pa_guerini_mondadori_link-ad-httpswwwmondadoristoreitol","23":"first","24":"instock","25":"sale","26":"shipping-taxable","27":"purchasable","28":"product-type-simple"},"yoast_head":"<!-- This site is optimized with the Yoast SEO plugin v25.4 - https:\/\/yoast.com\/wordpress\/plugins\/seo\/ -->\n<title>Oltre lo specchio di Alice - Guerini e Associati<\/title>\n<meta name=\"robots\" content=\"index, follow, max-snippet:-1, max-image-preview:large, max-video-preview:-1\" \/>\n<link rel=\"canonical\" href=\"https:\/\/www.guerini.it\/index.php\/prodotto\/oltre-lo-specchio-di-alice\/\" \/>\n<meta property=\"og:locale\" content=\"it_IT\" \/>\n<meta property=\"og:type\" content=\"article\" \/>\n<meta property=\"og:title\" content=\"Oltre lo specchio di Alice - Guerini e Associati\" \/>\n<meta property=\"og:description\" content=\"L\u2019innovazione \u00e8 una forza politica. Dopo il trionfo dell\u2019algoritmo, dopo il potere ai social, dopo la rivoluzione delle scienze della vita e della fisica quantistica, stringiamo tra le mani un potere orfano di potenza. Ci eravamo abituati a dire: ci\u00f2 che non funziona non vale. Eppure l\u2019inanit\u00e0 valoriale di ci\u00f2 che \u00abpotentemente\u00bb troviamo continua ad alimentare il nichilismo. Come Alice, abbiamo spiccato il balzo oltre lo specchio, per approdare nel paese delle meraviglie. Ma qui la vecchia strumentazione di gestione del potere, le sue usurate redini, non tengono pi\u00f9. A chi vada attribuita la funzione di sostituirle \u00e8 un interrogativo al quale non ci si pu\u00f2 sottrarre. In un mondo trasformato dall\u2019innovazione e dal glocalismo, l\u2019emergere di nuove soggettivit\u00e0 e la formazione delle loro volont\u00e0 politiche interrogano la capacit\u00e0, da parte delle istituzioni, di trasformarsi conciliando valori e fini: attingendo a mezzi molto diversi da quando furono concepite. Allora l\u2019esercizio provocatorio della ragione non \u00e8 materia da indovini, ma da classi dirigenti responsabili predisposte alla visione del futuro.\" \/>\n<meta property=\"og:url\" content=\"https:\/\/www.guerini.it\/index.php\/prodotto\/oltre-lo-specchio-di-alice\/\" \/>\n<meta property=\"og:site_name\" content=\"Guerini e Associati\" \/>\n<meta property=\"article:modified_time\" content=\"2024-06-12T12:41:18+00:00\" \/>\n<meta property=\"og:image\" content=\"https:\/\/www.guerini.it\/wp-content\/uploads\/2020\/11\/oltre_lo_specchio_di_alice_sito.jpg\" \/>\n\t<meta property=\"og:image:width\" content=\"217\" \/>\n\t<meta property=\"og:image:height\" content=\"353\" \/>\n\t<meta property=\"og:image:type\" content=\"image\/jpeg\" \/>\n<meta name=\"twitter:card\" content=\"summary_large_image\" \/>\n<meta name=\"twitter:label1\" content=\"Tempo di lettura stimato\" \/>\n\t<meta name=\"twitter:data1\" content=\"3 minuti\" \/>\n<!-- \/ Yoast SEO plugin. -->","yoast_head_json":{"title":"Oltre lo specchio di Alice - Guerini e Associati","robots":{"index":"index","follow":"follow","max-snippet":"max-snippet:-1","max-image-preview":"max-image-preview:large","max-video-preview":"max-video-preview:-1"},"canonical":"https:\/\/www.guerini.it\/index.php\/prodotto\/oltre-lo-specchio-di-alice\/","og_locale":"it_IT","og_type":"article","og_title":"Oltre lo specchio di Alice - Guerini e Associati","og_description":"L\u2019innovazione \u00e8 una forza politica. Dopo il trionfo dell\u2019algoritmo, dopo il potere ai social, dopo la rivoluzione delle scienze della vita e della fisica quantistica, stringiamo tra le mani un potere orfano di potenza. Ci eravamo abituati a dire: ci\u00f2 che non funziona non vale. Eppure l\u2019inanit\u00e0 valoriale di ci\u00f2 che \u00abpotentemente\u00bb troviamo continua ad alimentare il nichilismo. Come Alice, abbiamo spiccato il balzo oltre lo specchio, per approdare nel paese delle meraviglie. Ma qui la vecchia strumentazione di gestione del potere, le sue usurate redini, non tengono pi\u00f9. A chi vada attribuita la funzione di sostituirle \u00e8 un interrogativo al quale non ci si pu\u00f2 sottrarre. In un mondo trasformato dall\u2019innovazione e dal glocalismo, l\u2019emergere di nuove soggettivit\u00e0 e la formazione delle loro volont\u00e0 politiche interrogano la capacit\u00e0, da parte delle istituzioni, di trasformarsi conciliando valori e fini: attingendo a mezzi molto diversi da quando furono concepite. Allora l\u2019esercizio provocatorio della ragione non \u00e8 materia da indovini, ma da classi dirigenti responsabili predisposte alla visione del futuro.","og_url":"https:\/\/www.guerini.it\/index.php\/prodotto\/oltre-lo-specchio-di-alice\/","og_site_name":"Guerini e Associati","article_modified_time":"2024-06-12T12:41:18+00:00","og_image":[{"width":217,"height":353,"url":"https:\/\/www.guerini.it\/wp-content\/uploads\/2020\/11\/oltre_lo_specchio_di_alice_sito.jpg","type":"image\/jpeg"}],"twitter_card":"summary_large_image","twitter_misc":{"Tempo di lettura stimato":"3 minuti"},"schema":{"@context":"https:\/\/schema.org","@graph":[{"@type":"WebPage","@id":"https:\/\/www.guerini.it\/index.php\/prodotto\/oltre-lo-specchio-di-alice\/","url":"https:\/\/www.guerini.it\/index.php\/prodotto\/oltre-lo-specchio-di-alice\/","name":"Oltre lo specchio di Alice - Guerini e Associati","isPartOf":{"@id":"https:\/\/www.guerini.it\/#website"},"primaryImageOfPage":{"@id":"https:\/\/www.guerini.it\/index.php\/prodotto\/oltre-lo-specchio-di-alice\/#primaryimage"},"image":{"@id":"https:\/\/www.guerini.it\/index.php\/prodotto\/oltre-lo-specchio-di-alice\/#primaryimage"},"thumbnailUrl":"https:\/\/www.guerini.it\/wp-content\/uploads\/2020\/11\/oltre_lo_specchio_di_alice_sito.jpg","datePublished":"2020-11-19T06:48:11+00:00","dateModified":"2024-06-12T12:41:18+00:00","breadcrumb":{"@id":"https:\/\/www.guerini.it\/index.php\/prodotto\/oltre-lo-specchio-di-alice\/#breadcrumb"},"inLanguage":"it-IT","potentialAction":[{"@type":"ReadAction","target":["https:\/\/www.guerini.it\/index.php\/prodotto\/oltre-lo-specchio-di-alice\/"]}]},{"@type":"ImageObject","inLanguage":"it-IT","@id":"https:\/\/www.guerini.it\/index.php\/prodotto\/oltre-lo-specchio-di-alice\/#primaryimage","url":"https:\/\/www.guerini.it\/wp-content\/uploads\/2020\/11\/oltre_lo_specchio_di_alice_sito.jpg","contentUrl":"https:\/\/www.guerini.it\/wp-content\/uploads\/2020\/11\/oltre_lo_specchio_di_alice_sito.jpg","width":217,"height":353,"caption":"Oltre lo specchio di Alice"},{"@type":"BreadcrumbList","@id":"https:\/\/www.guerini.it\/index.php\/prodotto\/oltre-lo-specchio-di-alice\/#breadcrumb","itemListElement":[{"@type":"ListItem","position":1,"name":"Home","item":"https:\/\/www.guerini.it\/"},{"@type":"ListItem","position":2,"name":"Catalogo","item":"https:\/\/www.guerini.it\/index.php\/negozio\/"},{"@type":"ListItem","position":3,"name":"Oltre lo specchio di Alice"}]},{"@type":"WebSite","@id":"https:\/\/www.guerini.it\/#website","url":"https:\/\/www.guerini.it\/","name":"Guerini e Associati","description":"30 anni di libri, idee e libert\u00e0","publisher":{"@id":"https:\/\/www.guerini.it\/#organization"},"potentialAction":[{"@type":"SearchAction","target":{"@type":"EntryPoint","urlTemplate":"https:\/\/www.guerini.it\/?s={search_term_string}"},"query-input":{"@type":"PropertyValueSpecification","valueRequired":true,"valueName":"search_term_string"}}],"inLanguage":"it-IT"},{"@type":"Organization","@id":"https:\/\/www.guerini.it\/#organization","name":"Guerini e Associati","url":"https:\/\/www.guerini.it\/","logo":{"@type":"ImageObject","inLanguage":"it-IT","@id":"https:\/\/www.guerini.it\/#\/schema\/logo\/image\/","url":"https:\/\/www.guerini.it\/wp-content\/uploads\/2021\/03\/Logo-Guerini-OK_-e1615831292285.png","contentUrl":"https:\/\/www.guerini.it\/wp-content\/uploads\/2021\/03\/Logo-Guerini-OK_-e1615831292285.png","width":2805,"height":1870,"caption":"Guerini e Associati"},"image":{"@id":"https:\/\/www.guerini.it\/#\/schema\/logo\/image\/"}}]}},"_links":{"self":[{"href":"https:\/\/www.guerini.it\/index.php\/wp-json\/wp\/v2\/product\/16528","targetHints":{"allow":["GET"]}}],"collection":[{"href":"https:\/\/www.guerini.it\/index.php\/wp-json\/wp\/v2\/product"}],"about":[{"href":"https:\/\/www.guerini.it\/index.php\/wp-json\/wp\/v2\/types\/product"}],"wp:featuredmedia":[{"embeddable":true,"href":"https:\/\/www.guerini.it\/index.php\/wp-json\/wp\/v2\/media\/16527"}],"wp:attachment":[{"href":"https:\/\/www.guerini.it\/index.php\/wp-json\/wp\/v2\/media?parent=16528"}],"wp:term":[{"taxonomy":"product_brand","embeddable":true,"href":"https:\/\/www.guerini.it\/index.php\/wp-json\/wp\/v2\/product_brand?post=16528"},{"taxonomy":"product_cat","embeddable":true,"href":"https:\/\/www.guerini.it\/index.php\/wp-json\/wp\/v2\/product_cat?post=16528"},{"taxonomy":"product_tag","embeddable":true,"href":"https:\/\/www.guerini.it\/index.php\/wp-json\/wp\/v2\/product_tag?post=16528"}],"curies":[{"name":"wp","href":"https:\/\/api.w.org\/{rel}","templated":true}]}}