{"id":16542,"date":"2020-11-30T12:35:42","date_gmt":"2020-11-30T11:35:42","guid":{"rendered":"https:\/\/test.guerini.it\/?product=40-anni-di-engineering"},"modified":"2024-06-12T14:37:56","modified_gmt":"2024-06-12T12:37:56","slug":"40-anni-di-engineering","status":"publish","type":"product","link":"https:\/\/www.guerini.it\/index.php\/prodotto\/40-anni-di-engineering\/","title":{"rendered":"40 anni di Engineering"},"content":{"rendered":"<p style=\"text-align: justify;\">Nel 2020 la pi\u00f9 grande azienda del settore IT, la Engineering \u2013 Ingegneria Informatica SpA, fondata da Michele Cinaglia, e giunta oggi a contare 12.000 dipendenti e circa 3.000 collaboratori, compie i suoi primi quarant\u2019anni. Con questa cronaca si racconta la storia di questi anni, fortemente caratterizzati da un governo dell\u2019azienda \u00aba guida nazionale\u00bb, e si introduce la stagione di una nuova gestione aziendale, quella che risulter\u00e0 dall\u2019incontro di un management storico di prim\u2019ordine con gli orientamenti strategici dei fondi di investimento, nuovi proprietari della societ\u00e0.<br \/>\nDi questa vicenda, per molti aspetti esemplare, ci parlano le pagine scritte da Nicola Melideo, testimone e partecipe dei fatti narrati e ora scrupoloso ed equanime cronista. Sono molti i soggetti le cui storie si intrecciano nel racconto. Il primo \u00e8 l\u2019azienda, che ha dato un contributo non indifferente allo sviluppo del Paese. Al di l\u00e0 dei numeri(1,2 miliardi di fatturato, 65 sedi in Italia, Belgio, Germania, Norvegia, Repubblica di Serbia, Spagna, Svezia, Svizzera, Argentina, Brasile e Usa, 420 ricercatori e data scientists, una Scuola di formazione multidisciplinare che nell\u2019ultimo anno ha erogato oltre 21.000 giornate di formazione) colpisce la qualit\u00e0 e l\u2019utilit\u00e0 dei progetti sviluppati. La maggior parte di essi ha un impatto pubblico, si tratti di supportare le politiche attive per il lavoro, rendere possibile la medicina a distanza, mettere in sicurezza le infrastrutture energetiche o migliorare la gestione dei rifiuti.<br \/>\nDopo aver contribuito a innovare il sistema bancario, Engineering \u00e8 stato un partner decisivo per rendere pi\u00f9 moderna la Pubblica Amministrazione. Ha messo a disposizione la sua capacit\u00e0 di sviluppare sistemi informativi e il suo capitale umano per un business post-moderno, dove l\u2019affidabilit\u00e0 ha a che fare non con i manufatti ma con la solidit\u00e0 di beni immateriali come la razionalit\u00e0 dei processi, l\u2019efficienza, la privacy, la sicurezza.<\/p>\n<p style=\"text-align: right;\"><em>Dalla prefazione di Paolo Pagliaro<\/em><\/p>\n<p><strong>Permalink:\u00a0<a href=\"http:\/\/digital.casalini.it\/9788868963279\">http:\/\/digital.casalini.it\/9788868963279<\/a><\/strong><\/p>\n","protected":false},"excerpt":{"rendered":"<p>Nel 2020 la pi\u00f9 grande azienda del settore IT, la Engineering \u2013 Ingegneria Informatica SpA, fondata da Michele Cinaglia, e giunta oggi a contare 12.000 dipendenti e circa 3.000 collaboratori, compie i suoi primi quarant\u2019anni. Con questa cronaca si racconta la storia di questi anni, fortemente caratterizzati da un governo dell\u2019azienda \u00aba guida nazionale\u00bb, e si introduce la stagione di una nuova gestione aziendale, quella che risulter\u00e0 dall\u2019incontro di un management storico di prim\u2019ordine con gli orientamenti strategici dei fondi di investimento, nuovi proprietari della societ\u00e0.<br \/>\nDi questa vicenda, per molti aspetti esemplare, ci parlano le pagine scritte da Nicola Melideo, testimone e partecipe dei fatti narrati e ora scrupoloso ed equanime cronista. Sono molti i soggetti le cui storie si intrecciano nel racconto. Il primo \u00e8 l\u2019azienda, che ha dato un contributo non indifferente allo sviluppo del Paese. Al di l\u00e0 dei numeri(1,2 miliardi di fatturato, 65 sedi in Italia, Belgio, Germania, Norvegia, Repubblica di Serbia, Spagna, Svezia, Svizzera, Argentina, Brasile e Usa, 420 ricercatori e data scientists, una Scuola di formazione multidisciplinare che nell\u2019ultimo anno ha erogato oltre 21.000 giornate di formazione) colpisce la qualit\u00e0 e l\u2019utilit\u00e0 dei progetti sviluppati. La maggior parte di essi ha un impatto pubblico, si tratti di supportare le politiche attive per il lavoro, rendere possibile la medicina a distanza, mettere in sicurezza le infrastrutture energetiche o migliorare la gestione dei rifiuti.<br \/>\nDopo aver contribuito a innovare il sistema bancario, Engineering \u00e8 stato un partner decisivo per rendere pi\u00f9 moderna la Pubblica Amministrazione. Ha messo a disposizione la sua capacit\u00e0 di sviluppare sistemi informativi e il suo capitale umano per un business post-moderno, dove l\u2019affidabilit\u00e0 ha a che fare non con i manufatti ma con la solidit\u00e0 di beni immateriali come la razionalit\u00e0 dei processi, l\u2019efficienza, la privacy, la sicurezza.<\/p>\n","protected":false},"featured_media":16541,"template":"","meta":{"_editorskit_title_hidden":false,"_editorskit_reading_time":0,"_editorskit_is_block_options_detached":false,"_editorskit_block_options_position":"{}","_monsterinsights_skip_tracking":false,"_monsterinsights_sitenote_active":false,"_monsterinsights_sitenote_note":"","_monsterinsights_sitenote_category":0},"product_brand":[],"product_cat":[6805],"product_tag":[],"class_list":{"0":"post-16542","1":"product","2":"type-product","3":"status-publish","4":"has-post-thumbnail","6":"product_cat-guerini-next","7":"pa_fulfillment-default","8":"pa_guerini_amazon_link-11-httpswwwamazonitstoria_eng","9":"pa_guerini_feltrinelli_link-https-tidd-ly-3mh1o1o","10":"pa_guerini_ibs_link-https-tidd-ly-3uzlpbu","11":"pa_guerini_libruniver_link-8a-httpswwwlibreriauniversita","12":"pa_guerini_link_amazon-fe-httpswwwamazonitdpb08phzs5","13":"pa_guerini_link_apple_ibook-92-httpsbooksapplecomitbook40","14":"pa_guerini_link_bookrepublic-https-www-bookrepublic-it-ebook-9788868963873-40-anni-di-engineering-la-storia-di-unimpresa-italiana-e-delle-persone-che-lhanno-costruita-goware-guerini-next","15":"pa_guerini_link_giunti_punto-19-httpswwwgiuntialpuntoitpro","16":"pa_guerini_link_google_play-https-play-google-com-store-books-details-nicola_melideo_40_anni_di_engineering_la_storia_diidnk4meaaaqbajhlit","17":"pa_guerini_link_ibs-https-www-ibs-it-40-anni-di-engineering-storia-ebook-nicola-melideo-e-9788868963873","18":"pa_guerini_link_kobo-18-httpswwwkobocomititebook40","19":"pa_guerini_link_lafeltrinelli-https-www-lafeltrinelli-it-40-anni-di-engineering-storia-ebook-nicola-melideo-e-9788868963873","20":"pa_guerini_link_mondadori-https-www-mondadoristore-it-40-anni-engineering-storia-nicola-melideo-eai978886896387","21":"pa_guerini_mondadori_link-https-www-mondadoristore-it-40-anni-engineering-storia-nicola-melideo-eai978886896327","23":"first","24":"instock","25":"sale","26":"shipping-taxable","27":"purchasable","28":"product-type-simple"},"yoast_head":"<!-- This site is optimized with the Yoast SEO plugin v25.4 - https:\/\/yoast.com\/wordpress\/plugins\/seo\/ -->\n<title>40 anni di Engineering - Guerini e Associati<\/title>\n<meta name=\"robots\" content=\"index, follow, max-snippet:-1, max-image-preview:large, max-video-preview:-1\" \/>\n<link rel=\"canonical\" href=\"https:\/\/www.guerini.it\/index.php\/prodotto\/40-anni-di-engineering\/\" \/>\n<meta property=\"og:locale\" content=\"it_IT\" \/>\n<meta property=\"og:type\" content=\"article\" \/>\n<meta property=\"og:title\" content=\"40 anni di Engineering - Guerini e Associati\" \/>\n<meta property=\"og:description\" content=\"Nel 2020 la pi\u00f9 grande azienda del settore IT, la Engineering \u2013 Ingegneria Informatica SpA, fondata da Michele Cinaglia, e giunta oggi a contare 12.000 dipendenti e circa 3.000 collaboratori, compie i suoi primi quarant\u2019anni. Con questa cronaca si racconta la storia di questi anni, fortemente caratterizzati da un governo dell\u2019azienda \u00aba guida nazionale\u00bb, e si introduce la stagione di una nuova gestione aziendale, quella che risulter\u00e0 dall\u2019incontro di un management storico di prim\u2019ordine con gli orientamenti strategici dei fondi di investimento, nuovi proprietari della societ\u00e0. Di questa vicenda, per molti aspetti esemplare, ci parlano le pagine scritte da Nicola Melideo, testimone e partecipe dei fatti narrati e ora scrupoloso ed equanime cronista. Sono molti i soggetti le cui storie si intrecciano nel racconto. Il primo \u00e8 l\u2019azienda, che ha dato un contributo non indifferente allo sviluppo del Paese. Al di l\u00e0 dei numeri(1,2 miliardi di fatturato, 65 sedi in Italia, Belgio, Germania, Norvegia, Repubblica di Serbia, Spagna, Svezia, Svizzera, Argentina, Brasile e Usa, 420 ricercatori e data scientists, una Scuola di formazione multidisciplinare che nell\u2019ultimo anno ha erogato oltre 21.000 giornate di formazione) colpisce la qualit\u00e0 e l\u2019utilit\u00e0 dei progetti sviluppati. La maggior parte di essi ha un impatto pubblico, si tratti di supportare le politiche attive per il lavoro, rendere possibile la medicina a distanza, mettere in sicurezza le infrastrutture energetiche o migliorare la gestione dei rifiuti. Dopo aver contribuito a innovare il sistema bancario, Engineering \u00e8 stato un partner decisivo per rendere pi\u00f9 moderna la Pubblica Amministrazione. Ha messo a disposizione la sua capacit\u00e0 di sviluppare sistemi informativi e il suo capitale umano per un business post-moderno, dove l\u2019affidabilit\u00e0 ha a che fare non con i manufatti ma con la solidit\u00e0 di beni immateriali come la razionalit\u00e0 dei processi, l\u2019efficienza, la privacy, la sicurezza.\" \/>\n<meta property=\"og:url\" content=\"https:\/\/www.guerini.it\/index.php\/prodotto\/40-anni-di-engineering\/\" \/>\n<meta property=\"og:site_name\" content=\"Guerini e Associati\" \/>\n<meta property=\"article:modified_time\" content=\"2024-06-12T12:37:56+00:00\" \/>\n<meta property=\"og:image\" content=\"https:\/\/www.guerini.it\/wp-content\/uploads\/2020\/11\/40_anni_di_engineering_sito.jpg\" \/>\n\t<meta property=\"og:image:width\" content=\"235\" \/>\n\t<meta property=\"og:image:height\" content=\"353\" \/>\n\t<meta property=\"og:image:type\" content=\"image\/jpeg\" \/>\n<meta name=\"twitter:card\" content=\"summary_large_image\" \/>\n<meta name=\"twitter:label1\" content=\"Tempo di lettura stimato\" \/>\n\t<meta name=\"twitter:data1\" content=\"2 minuti\" \/>\n<!-- \/ Yoast SEO plugin. -->","yoast_head_json":{"title":"40 anni di Engineering - Guerini e Associati","robots":{"index":"index","follow":"follow","max-snippet":"max-snippet:-1","max-image-preview":"max-image-preview:large","max-video-preview":"max-video-preview:-1"},"canonical":"https:\/\/www.guerini.it\/index.php\/prodotto\/40-anni-di-engineering\/","og_locale":"it_IT","og_type":"article","og_title":"40 anni di Engineering - Guerini e Associati","og_description":"Nel 2020 la pi\u00f9 grande azienda del settore IT, la Engineering \u2013 Ingegneria Informatica SpA, fondata da Michele Cinaglia, e giunta oggi a contare 12.000 dipendenti e circa 3.000 collaboratori, compie i suoi primi quarant\u2019anni. Con questa cronaca si racconta la storia di questi anni, fortemente caratterizzati da un governo dell\u2019azienda \u00aba guida nazionale\u00bb, e si introduce la stagione di una nuova gestione aziendale, quella che risulter\u00e0 dall\u2019incontro di un management storico di prim\u2019ordine con gli orientamenti strategici dei fondi di investimento, nuovi proprietari della societ\u00e0. Di questa vicenda, per molti aspetti esemplare, ci parlano le pagine scritte da Nicola Melideo, testimone e partecipe dei fatti narrati e ora scrupoloso ed equanime cronista. Sono molti i soggetti le cui storie si intrecciano nel racconto. Il primo \u00e8 l\u2019azienda, che ha dato un contributo non indifferente allo sviluppo del Paese. Al di l\u00e0 dei numeri(1,2 miliardi di fatturato, 65 sedi in Italia, Belgio, Germania, Norvegia, Repubblica di Serbia, Spagna, Svezia, Svizzera, Argentina, Brasile e Usa, 420 ricercatori e data scientists, una Scuola di formazione multidisciplinare che nell\u2019ultimo anno ha erogato oltre 21.000 giornate di formazione) colpisce la qualit\u00e0 e l\u2019utilit\u00e0 dei progetti sviluppati. La maggior parte di essi ha un impatto pubblico, si tratti di supportare le politiche attive per il lavoro, rendere possibile la medicina a distanza, mettere in sicurezza le infrastrutture energetiche o migliorare la gestione dei rifiuti. Dopo aver contribuito a innovare il sistema bancario, Engineering \u00e8 stato un partner decisivo per rendere pi\u00f9 moderna la Pubblica Amministrazione. Ha messo a disposizione la sua capacit\u00e0 di sviluppare sistemi informativi e il suo capitale umano per un business post-moderno, dove l\u2019affidabilit\u00e0 ha a che fare non con i manufatti ma con la solidit\u00e0 di beni immateriali come la razionalit\u00e0 dei processi, l\u2019efficienza, la privacy, la sicurezza.","og_url":"https:\/\/www.guerini.it\/index.php\/prodotto\/40-anni-di-engineering\/","og_site_name":"Guerini e Associati","article_modified_time":"2024-06-12T12:37:56+00:00","og_image":[{"width":235,"height":353,"url":"https:\/\/www.guerini.it\/wp-content\/uploads\/2020\/11\/40_anni_di_engineering_sito.jpg","type":"image\/jpeg"}],"twitter_card":"summary_large_image","twitter_misc":{"Tempo di lettura stimato":"2 minuti"},"schema":{"@context":"https:\/\/schema.org","@graph":[{"@type":"WebPage","@id":"https:\/\/www.guerini.it\/index.php\/prodotto\/40-anni-di-engineering\/","url":"https:\/\/www.guerini.it\/index.php\/prodotto\/40-anni-di-engineering\/","name":"40 anni di Engineering - Guerini e Associati","isPartOf":{"@id":"https:\/\/www.guerini.it\/#website"},"primaryImageOfPage":{"@id":"https:\/\/www.guerini.it\/index.php\/prodotto\/40-anni-di-engineering\/#primaryimage"},"image":{"@id":"https:\/\/www.guerini.it\/index.php\/prodotto\/40-anni-di-engineering\/#primaryimage"},"thumbnailUrl":"https:\/\/www.guerini.it\/wp-content\/uploads\/2020\/11\/40_anni_di_engineering_sito.jpg","datePublished":"2020-11-30T11:35:42+00:00","dateModified":"2024-06-12T12:37:56+00:00","breadcrumb":{"@id":"https:\/\/www.guerini.it\/index.php\/prodotto\/40-anni-di-engineering\/#breadcrumb"},"inLanguage":"it-IT","potentialAction":[{"@type":"ReadAction","target":["https:\/\/www.guerini.it\/index.php\/prodotto\/40-anni-di-engineering\/"]}]},{"@type":"ImageObject","inLanguage":"it-IT","@id":"https:\/\/www.guerini.it\/index.php\/prodotto\/40-anni-di-engineering\/#primaryimage","url":"https:\/\/www.guerini.it\/wp-content\/uploads\/2020\/11\/40_anni_di_engineering_sito.jpg","contentUrl":"https:\/\/www.guerini.it\/wp-content\/uploads\/2020\/11\/40_anni_di_engineering_sito.jpg","width":235,"height":353,"caption":"40 anni di Engineering"},{"@type":"BreadcrumbList","@id":"https:\/\/www.guerini.it\/index.php\/prodotto\/40-anni-di-engineering\/#breadcrumb","itemListElement":[{"@type":"ListItem","position":1,"name":"Home","item":"https:\/\/www.guerini.it\/"},{"@type":"ListItem","position":2,"name":"Catalogo","item":"https:\/\/www.guerini.it\/index.php\/negozio\/"},{"@type":"ListItem","position":3,"name":"40 anni di Engineering"}]},{"@type":"WebSite","@id":"https:\/\/www.guerini.it\/#website","url":"https:\/\/www.guerini.it\/","name":"Guerini e Associati","description":"30 anni di libri, idee e libert\u00e0","publisher":{"@id":"https:\/\/www.guerini.it\/#organization"},"potentialAction":[{"@type":"SearchAction","target":{"@type":"EntryPoint","urlTemplate":"https:\/\/www.guerini.it\/?s={search_term_string}"},"query-input":{"@type":"PropertyValueSpecification","valueRequired":true,"valueName":"search_term_string"}}],"inLanguage":"it-IT"},{"@type":"Organization","@id":"https:\/\/www.guerini.it\/#organization","name":"Guerini e Associati","url":"https:\/\/www.guerini.it\/","logo":{"@type":"ImageObject","inLanguage":"it-IT","@id":"https:\/\/www.guerini.it\/#\/schema\/logo\/image\/","url":"https:\/\/www.guerini.it\/wp-content\/uploads\/2021\/03\/Logo-Guerini-OK_-e1615831292285.png","contentUrl":"https:\/\/www.guerini.it\/wp-content\/uploads\/2021\/03\/Logo-Guerini-OK_-e1615831292285.png","width":2805,"height":1870,"caption":"Guerini e Associati"},"image":{"@id":"https:\/\/www.guerini.it\/#\/schema\/logo\/image\/"}}]}},"_links":{"self":[{"href":"https:\/\/www.guerini.it\/index.php\/wp-json\/wp\/v2\/product\/16542","targetHints":{"allow":["GET"]}}],"collection":[{"href":"https:\/\/www.guerini.it\/index.php\/wp-json\/wp\/v2\/product"}],"about":[{"href":"https:\/\/www.guerini.it\/index.php\/wp-json\/wp\/v2\/types\/product"}],"wp:featuredmedia":[{"embeddable":true,"href":"https:\/\/www.guerini.it\/index.php\/wp-json\/wp\/v2\/media\/16541"}],"wp:attachment":[{"href":"https:\/\/www.guerini.it\/index.php\/wp-json\/wp\/v2\/media?parent=16542"}],"wp:term":[{"taxonomy":"product_brand","embeddable":true,"href":"https:\/\/www.guerini.it\/index.php\/wp-json\/wp\/v2\/product_brand?post=16542"},{"taxonomy":"product_cat","embeddable":true,"href":"https:\/\/www.guerini.it\/index.php\/wp-json\/wp\/v2\/product_cat?post=16542"},{"taxonomy":"product_tag","embeddable":true,"href":"https:\/\/www.guerini.it\/index.php\/wp-json\/wp\/v2\/product_tag?post=16542"}],"curies":[{"name":"wp","href":"https:\/\/api.w.org\/{rel}","templated":true}]}}