{"id":16546,"date":"2020-12-10T10:43:48","date_gmt":"2020-12-10T09:43:48","guid":{"rendered":"https:\/\/test.guerini.it\/?product=addio-milano-bella"},"modified":"2024-06-12T14:40:35","modified_gmt":"2024-06-12T12:40:35","slug":"addio-milano-bella","status":"publish","type":"product","link":"https:\/\/www.guerini.it\/index.php\/prodotto\/addio-milano-bella\/","title":{"rendered":"Addio Milano bella"},"content":{"rendered":"<p style=\"text-align: justify;\"><strong>Milano \u201993. Tornava. Partito e coscienza chiamavano Mario Cavenaghi ad affrontare una situazione straordinaria. Tanti, invece, ora dicevano addio a una citt\u00e0 amata travolta dalle indagini sulla corruzione. Chi cedeva a una resa incondizionata, lasciando talvolta persino la vita, e chi a nuovi deliri ideologici nati nel tramonto del potere sovietico. La citt\u00e0 aveva smarrito molti dei tratti che l\u2019avevano fatta bella, ma avrebbe continuato a trasformarsi e a tornare quella di un tempo, come avveniva da secoli. Per\u00f2 c\u2019era chi non voleva affrontare il travaglio del parto di una nuova fase.<\/strong><\/p>\n<p style=\"text-align: justify;\"><span style=\"text-align: justify;\">Primi anni Novanta. Un colossale furto di risorse riservate sconvolge il Pds milanese, erede della tradizione comunista e sempre pi\u00f9 in affanno.<br \/>\n<\/span><span style=\"text-align: justify;\">L\u2019ingegner Mario Cavenaghi, ex presidente dei probiviri lombardi del Pci (che oltre alla correttezza etica sorvegliavano interessi strategici del partito) torna dall\u2019autoesilio svizzero per individuare i colpevoli. A copertura di quest\u2019indagine da non rivelare, dovr\u00e0 stendere un rapporto sull\u2019opinione pubblica milanese. E quest\u2019ultimo compito, paradossalmente, finir\u00e0 per essere il pi\u00f9 ossessionante e impegnativo.<br \/>\n<\/span><span style=\"text-align: justify;\">Per scovare i ladri e allo stesso tempo comprendere che cosa avviene nel luogo dove \u00e8 cresciuto e che ha intensamente amato, s\u2019immerge nei gironi dell\u2019inferno ambrosiano. Incontra, per due settimane, operai e femministe, studenti e banchieri, socialisti e cattolici, giornalisti e rifondaroli, avvocati e magistrati, partigiani e manager, grandi dame e vecchi saggi. Legge una citt\u00e0 travolta da feroci inchieste giudiziarie sulla corruzione, sperduta tra indignazione e paura per la rottura di equilibri che ne hanno a lungo garantito progresso e libert\u00e0. \u00c8 questa la citt\u00e0 che Cavenaghi osserva e descrive in modo passionalmente puntuale. La storia che sempre colpisce due volte, gli esiti di una Guerra finita e il tradimento che, come diceva Talleyrand, \u00e8 al fondo questione di tempi, gli daranno la chiave per svelare chi ha rubato. Pi\u00f9 difficile sar\u00e0 trovare la risposta su quel che attende, nel futuro, Milano.<\/span><\/p>\n<p>Segui la pagina Facebook: <a href=\"https:\/\/www.facebook.com\/Addiomilanobella\/\">www.facebook.com\/Addiomilanobella\/<\/a><\/p>\n<hr \/>\n<p style=\"text-align: justify;\"><strong>Lodovico Festa<\/strong> (Venezia 1947), giornalista e scrittore, \u00e8 stato dirigente del Pci nel milanese, direttore editoriale del \u00abModerno\u00bb, condirettore de \u00abIl Foglio\u00bb e di \u00abFinanza &amp; Mercati\u00bb. Ha pubblicato saggi storico-politici, culturali ed economico-socialiper Boroli, Mondadori, Ares, Scheiwiller, goWare e Guerini. Ha scritto due romanzi gialli, <em>La provvidenza rossa<\/em> e <em>La confusione morale<\/em>, nei quali ha introdotto la figura del presidente dei probiviri-investigatore, ingegner Mario Cavenaghi. Nel primo, ambientato nella Milano fine anni Settanta, Cavenaghi indaga all\u2019interno di un\u2019organizzazione politica ancora solida. Nel secondo, siamo al 1984, il Pci rivela i segni di un declino ormai largamente avviato. In questo terzo romanzo, <em>Addio Milano Bella<\/em>, il partito, diventato ormai Pds, \u00e8 in una situazione di sbandamento di cui l\u2019autore, vicino testimone di quei tempi, riproduce la portata.<\/p>\n","protected":false},"excerpt":{"rendered":"<p>Primi anni Novanta. Un colossale furto di risorse riservate sconvolge il Pds milanese, erede della tradizione comunista e sempre pi\u00f9 in affanno.<br \/>\nL\u2019ingegner Mario Cavenaghi, ex presidente dei probiviri lombardi del Pci (che oltre alla correttezza etica sorvegliavano interessi strategici del partito) torna dall\u2019autoesilio svizzero per individuarei colpevoli. A copertura di quest\u2019indagine da non rivelare, dovr\u00e0 stendere un rapporto sull\u2019opinione pubblica milanese. E quest\u2019ultimo compito, paradossalmente, finir\u00e0 per essere il pi\u00f9 ossessionante e impegnativo.<br \/>\nPer scovare i ladri e allo stesso tempo comprendere che cosa avviene nel luogo dove \u00e8 cresciuto e che ha intensamente amato, s\u2019immerge nei gironi dell\u2019inferno ambrosiano. Incontra, per due settimane, operai e femministe, studenti e banchieri, socialisti e cattolici, giornalisti e rifondaroli, avvocati e magistrati, partigiani e manager, grandi dame e vecchi saggi. Legge una citt\u00e0 travolta da feroci inchieste giudiziarie sulla corruzione, sperduta tra indignazione e paura per la rottura di equilibri che ne hanno a lungo garantito progresso e libert\u00e0. \u00c8 questa la citt\u00e0 che Cavenaghi osserva e descrive in modo passionalmente puntuale. La storia che sempre colpisce due volte, gli esiti di una Guerra finita e il tradimento che, come diceva Talleyrand, \u00e8 al fondo questione di tempi, gli daranno la chiave per svelare chi ha rubato. Pi\u00f9 difficile sar\u00e0 trovare la risposta su quel che attende, nel futuro, Milano.<\/p>\n<p>&nbsp;<\/p>\n<p>&nbsp;<\/p>\n","protected":false},"featured_media":16545,"template":"","meta":{"_editorskit_title_hidden":false,"_editorskit_reading_time":0,"_editorskit_is_block_options_detached":false,"_editorskit_block_options_position":"{}","_monsterinsights_skip_tracking":false,"_monsterinsights_sitenote_active":false,"_monsterinsights_sitenote_note":"","_monsterinsights_sitenote_category":0},"product_brand":[],"product_cat":[6560],"product_tag":[],"class_list":{"0":"post-16546","1":"product","2":"type-product","3":"status-publish","4":"has-post-thumbnail","6":"product_cat-bl","7":"pa_guerini_amazon_link-41-httpswwwamazonitmilano_lul","8":"pa_guerini_feltrinelli_link-83-httpswwwawin1comcreadphpaw","9":"pa_guerini_ibs_link-61-httpswwwawin1comcreadphpaw","10":"pa_guerini_libruniver_link-2e-httpswwwlibreriauniversita","11":"pa_guerini_link_amazon-a4-httpswwwamazonitdpb08swp7w","12":"pa_guerini_link_apple_ibook-eb-httpsbooksapplecomitbookad","13":"pa_guerini_link_bookrepublic-3e-httpswwwbookrepubliciteboo","14":"pa_guerini_link_giunti_punto-f5-httpswwwgiuntialpuntoitpro","15":"pa_guerini_link_google_play-42-httpsplaygooglecomstoreboo","16":"pa_guerini_link_ibs-f1-httpswwwibsitaddio_milano_","17":"pa_guerini_link_kobo-0a-httpswwwkobocomititebookad","18":"pa_guerini_link_lafeltrinelli-47-httpswwwlafeltrinelliitebo","20":"first","21":"instock","22":"sale","23":"shipping-taxable","24":"purchasable","25":"product-type-simple"},"yoast_head":"<!-- This site is optimized with the Yoast SEO plugin v25.4 - https:\/\/yoast.com\/wordpress\/plugins\/seo\/ -->\n<title>Addio Milano bella - Guerini e Associati<\/title>\n<meta name=\"robots\" content=\"index, follow, max-snippet:-1, max-image-preview:large, max-video-preview:-1\" \/>\n<link rel=\"canonical\" href=\"https:\/\/www.guerini.it\/index.php\/prodotto\/addio-milano-bella\/\" \/>\n<meta property=\"og:locale\" content=\"it_IT\" \/>\n<meta property=\"og:type\" content=\"article\" \/>\n<meta property=\"og:title\" content=\"Addio Milano bella - Guerini e Associati\" \/>\n<meta property=\"og:description\" content=\"Primi anni Novanta. Un colossale furto di risorse riservate sconvolge il Pds milanese, erede della tradizione comunista e sempre pi\u00f9 in affanno. L\u2019ingegner Mario Cavenaghi, ex presidente dei probiviri lombardi del Pci (che oltre alla correttezza etica sorvegliavano interessi strategici del partito) torna dall\u2019autoesilio svizzero per individuarei colpevoli. A copertura di quest\u2019indagine da non rivelare, dovr\u00e0 stendere un rapporto sull\u2019opinione pubblica milanese. E quest\u2019ultimo compito, paradossalmente, finir\u00e0 per essere il pi\u00f9 ossessionante e impegnativo. Per scovare i ladri e allo stesso tempo comprendere che cosa avviene nel luogo dove \u00e8 cresciuto e che ha intensamente amato, s\u2019immerge nei gironi dell\u2019inferno ambrosiano. Incontra, per due settimane, operai e femministe, studenti e banchieri, socialisti e cattolici, giornalisti e rifondaroli, avvocati e magistrati, partigiani e manager, grandi dame e vecchi saggi. Legge una citt\u00e0 travolta da feroci inchieste giudiziarie sulla corruzione, sperduta tra indignazione e paura per la rottura di equilibri che ne hanno a lungo garantito progresso e libert\u00e0. \u00c8 questa la citt\u00e0 che Cavenaghi osserva e descrive in modo passionalmente puntuale. La storia che sempre colpisce due volte, gli esiti di una Guerra finita e il tradimento che, come diceva Talleyrand, \u00e8 al fondo questione di tempi, gli daranno la chiave per svelare chi ha rubato. Pi\u00f9 difficile sar\u00e0 trovare la risposta su quel che attende, nel futuro, Milano.  &nbsp;  &nbsp;\" \/>\n<meta property=\"og:url\" content=\"https:\/\/www.guerini.it\/index.php\/prodotto\/addio-milano-bella\/\" \/>\n<meta property=\"og:site_name\" content=\"Guerini e Associati\" \/>\n<meta property=\"article:modified_time\" content=\"2024-06-12T12:40:35+00:00\" \/>\n<meta property=\"og:image\" content=\"https:\/\/www.guerini.it\/wp-content\/uploads\/2020\/12\/addio_milano_bella_sito.png\" \/>\n\t<meta property=\"og:image:width\" content=\"235\" \/>\n\t<meta property=\"og:image:height\" content=\"353\" \/>\n\t<meta property=\"og:image:type\" content=\"image\/png\" \/>\n<meta name=\"twitter:card\" content=\"summary_large_image\" \/>\n<meta name=\"twitter:label1\" content=\"Tempo di lettura stimato\" \/>\n\t<meta name=\"twitter:data1\" content=\"3 minuti\" \/>\n<!-- \/ Yoast SEO plugin. -->","yoast_head_json":{"title":"Addio Milano bella - Guerini e Associati","robots":{"index":"index","follow":"follow","max-snippet":"max-snippet:-1","max-image-preview":"max-image-preview:large","max-video-preview":"max-video-preview:-1"},"canonical":"https:\/\/www.guerini.it\/index.php\/prodotto\/addio-milano-bella\/","og_locale":"it_IT","og_type":"article","og_title":"Addio Milano bella - Guerini e Associati","og_description":"Primi anni Novanta. Un colossale furto di risorse riservate sconvolge il Pds milanese, erede della tradizione comunista e sempre pi\u00f9 in affanno. L\u2019ingegner Mario Cavenaghi, ex presidente dei probiviri lombardi del Pci (che oltre alla correttezza etica sorvegliavano interessi strategici del partito) torna dall\u2019autoesilio svizzero per individuarei colpevoli. A copertura di quest\u2019indagine da non rivelare, dovr\u00e0 stendere un rapporto sull\u2019opinione pubblica milanese. E quest\u2019ultimo compito, paradossalmente, finir\u00e0 per essere il pi\u00f9 ossessionante e impegnativo. Per scovare i ladri e allo stesso tempo comprendere che cosa avviene nel luogo dove \u00e8 cresciuto e che ha intensamente amato, s\u2019immerge nei gironi dell\u2019inferno ambrosiano. Incontra, per due settimane, operai e femministe, studenti e banchieri, socialisti e cattolici, giornalisti e rifondaroli, avvocati e magistrati, partigiani e manager, grandi dame e vecchi saggi. Legge una citt\u00e0 travolta da feroci inchieste giudiziarie sulla corruzione, sperduta tra indignazione e paura per la rottura di equilibri che ne hanno a lungo garantito progresso e libert\u00e0. \u00c8 questa la citt\u00e0 che Cavenaghi osserva e descrive in modo passionalmente puntuale. La storia che sempre colpisce due volte, gli esiti di una Guerra finita e il tradimento che, come diceva Talleyrand, \u00e8 al fondo questione di tempi, gli daranno la chiave per svelare chi ha rubato. Pi\u00f9 difficile sar\u00e0 trovare la risposta su quel che attende, nel futuro, Milano.  &nbsp;  &nbsp;","og_url":"https:\/\/www.guerini.it\/index.php\/prodotto\/addio-milano-bella\/","og_site_name":"Guerini e Associati","article_modified_time":"2024-06-12T12:40:35+00:00","og_image":[{"width":235,"height":353,"url":"https:\/\/www.guerini.it\/wp-content\/uploads\/2020\/12\/addio_milano_bella_sito.png","type":"image\/png"}],"twitter_card":"summary_large_image","twitter_misc":{"Tempo di lettura stimato":"3 minuti"},"schema":{"@context":"https:\/\/schema.org","@graph":[{"@type":"WebPage","@id":"https:\/\/www.guerini.it\/index.php\/prodotto\/addio-milano-bella\/","url":"https:\/\/www.guerini.it\/index.php\/prodotto\/addio-milano-bella\/","name":"Addio Milano bella - Guerini e Associati","isPartOf":{"@id":"https:\/\/www.guerini.it\/#website"},"primaryImageOfPage":{"@id":"https:\/\/www.guerini.it\/index.php\/prodotto\/addio-milano-bella\/#primaryimage"},"image":{"@id":"https:\/\/www.guerini.it\/index.php\/prodotto\/addio-milano-bella\/#primaryimage"},"thumbnailUrl":"https:\/\/www.guerini.it\/wp-content\/uploads\/2020\/12\/addio_milano_bella_sito.png","datePublished":"2020-12-10T09:43:48+00:00","dateModified":"2024-06-12T12:40:35+00:00","breadcrumb":{"@id":"https:\/\/www.guerini.it\/index.php\/prodotto\/addio-milano-bella\/#breadcrumb"},"inLanguage":"it-IT","potentialAction":[{"@type":"ReadAction","target":["https:\/\/www.guerini.it\/index.php\/prodotto\/addio-milano-bella\/"]}]},{"@type":"ImageObject","inLanguage":"it-IT","@id":"https:\/\/www.guerini.it\/index.php\/prodotto\/addio-milano-bella\/#primaryimage","url":"https:\/\/www.guerini.it\/wp-content\/uploads\/2020\/12\/addio_milano_bella_sito.png","contentUrl":"https:\/\/www.guerini.it\/wp-content\/uploads\/2020\/12\/addio_milano_bella_sito.png","width":235,"height":353,"caption":"Addio Milano bella"},{"@type":"BreadcrumbList","@id":"https:\/\/www.guerini.it\/index.php\/prodotto\/addio-milano-bella\/#breadcrumb","itemListElement":[{"@type":"ListItem","position":1,"name":"Home","item":"https:\/\/www.guerini.it\/"},{"@type":"ListItem","position":2,"name":"Catalogo","item":"https:\/\/www.guerini.it\/index.php\/negozio\/"},{"@type":"ListItem","position":3,"name":"Addio Milano bella"}]},{"@type":"WebSite","@id":"https:\/\/www.guerini.it\/#website","url":"https:\/\/www.guerini.it\/","name":"Guerini e Associati","description":"30 anni di libri, idee e libert\u00e0","publisher":{"@id":"https:\/\/www.guerini.it\/#organization"},"potentialAction":[{"@type":"SearchAction","target":{"@type":"EntryPoint","urlTemplate":"https:\/\/www.guerini.it\/?s={search_term_string}"},"query-input":{"@type":"PropertyValueSpecification","valueRequired":true,"valueName":"search_term_string"}}],"inLanguage":"it-IT"},{"@type":"Organization","@id":"https:\/\/www.guerini.it\/#organization","name":"Guerini e Associati","url":"https:\/\/www.guerini.it\/","logo":{"@type":"ImageObject","inLanguage":"it-IT","@id":"https:\/\/www.guerini.it\/#\/schema\/logo\/image\/","url":"https:\/\/www.guerini.it\/wp-content\/uploads\/2021\/03\/Logo-Guerini-OK_-e1615831292285.png","contentUrl":"https:\/\/www.guerini.it\/wp-content\/uploads\/2021\/03\/Logo-Guerini-OK_-e1615831292285.png","width":2805,"height":1870,"caption":"Guerini e Associati"},"image":{"@id":"https:\/\/www.guerini.it\/#\/schema\/logo\/image\/"}}]}},"_links":{"self":[{"href":"https:\/\/www.guerini.it\/index.php\/wp-json\/wp\/v2\/product\/16546","targetHints":{"allow":["GET"]}}],"collection":[{"href":"https:\/\/www.guerini.it\/index.php\/wp-json\/wp\/v2\/product"}],"about":[{"href":"https:\/\/www.guerini.it\/index.php\/wp-json\/wp\/v2\/types\/product"}],"wp:featuredmedia":[{"embeddable":true,"href":"https:\/\/www.guerini.it\/index.php\/wp-json\/wp\/v2\/media\/16545"}],"wp:attachment":[{"href":"https:\/\/www.guerini.it\/index.php\/wp-json\/wp\/v2\/media?parent=16546"}],"wp:term":[{"taxonomy":"product_brand","embeddable":true,"href":"https:\/\/www.guerini.it\/index.php\/wp-json\/wp\/v2\/product_brand?post=16546"},{"taxonomy":"product_cat","embeddable":true,"href":"https:\/\/www.guerini.it\/index.php\/wp-json\/wp\/v2\/product_cat?post=16546"},{"taxonomy":"product_tag","embeddable":true,"href":"https:\/\/www.guerini.it\/index.php\/wp-json\/wp\/v2\/product_tag?post=16546"}],"curies":[{"name":"wp","href":"https:\/\/api.w.org\/{rel}","templated":true}]}}