{"id":16554,"date":"2020-12-21T08:45:34","date_gmt":"2020-12-21T07:45:34","guid":{"rendered":"https:\/\/test.guerini.it\/?product=l-avvocato-del-dios"},"modified":"2024-06-12T14:34:55","modified_gmt":"2024-06-12T12:34:55","slug":"l-avvocato-del-dios","status":"publish","type":"product","link":"https:\/\/www.guerini.it\/index.php\/prodotto\/l-avvocato-del-dios\/","title":{"rendered":"L&#8217;avvocato del DIOS"},"content":{"rendered":"<p style=\"text-align: center;\">\u00abHo creduto di essere io il suo avvocato, quando invece \u00e8 stato probabilmente il contrario: era lui l\u2019avvocato di noi tutti, ha difeso i deboli e ha incitato a fare delle nostre vite un capolavoro, nel bene e nel male\u00bb.<\/p>\n<p style=\"text-align: justify;\">Le accuse che il mondo ha lanciato a Diego Armando Maradona sono tutte qui: la droga, i rapporti con le donne, i guai con il fisco e la politica. E poi, fu una vera colpa aver segnato con la mano agli inglesi? Fu suo il gol pi\u00f9 bello di sempre? E, soprattutto, era davvero pi\u00f9 forte di Pel\u00e8? Dieci capi di imputazione per dieci ragionamenti difensivi. Dieci, come il numero che ha incarnato. A condurre l\u2019arringa in difesa del campione \u00e8 il suo avvocato di fiducia, Angelo Pisani, che il calciatore aveva ribattezzato \u00abAngelone\u00bb; l\u2019uomo che ha tutelato la sua immagine e la sua figura dalle grandi persecuzioni subite: dai nemici del campo a quelli dei palazzi, dalla stampa ai finti amici, fino a quella pi\u00f9 grande, la persecuzione dell\u2019uomo sul giocatore. Maradona contro Diego. La sentenza, ora che il tribunale che affronta il suo giudizio si \u00e8 espanso fino a diventare celeste, sar\u00e0 clamorosa. Sar\u00e0 anche l\u2019occasione per ripercorrere i passaggi salienti di una carriera e una vita uniche, vissute sempre al massimo, continuamente in prima pagina. Aneddoti personali inseguono i momenti in campo, mentre l\u2019eco di un\u2019esistenza da rockstar raggiunge ogni punto del pianeta. Di questa micidiale macchina mediatica Maradona sar\u00e0 a volte vittima a volte burattinaio. Puntualmente, comunque, controvento, dribblando ogni ostacolo e nascondendo la palla al destino, mentre gli avversari di ogni grado continuano a inseguirlo, invano.<\/p>\n<p style=\"text-align: justify;\">Angelo Pisani \u00e8 avvocato del foro di Napoli. Per tutti, l\u2019avvocato di Maradona. Nel 2000 fonda il Movimento \u00abNoi Consumatori\u00bb che si attesta su tutto il territorio italiano come un sodalizio che combatte in vari campi del diritto i soprusi dei poteri forti (da Equitalia alle banche, alle multinazionali del tabacco). Altre sue difese entrate nella cronaca nazionale: <em>Ciro Esposito e la famiglia della piccola Fortuna Loffredo<\/em>. Autore di<em> Luci a Scampia<\/em> (2016) e<em> Diritto alla pizza <\/em>(2018). Ha pubblicato per i nostri tipi, con Giovanni Chianelli, <em>RAIOLA. Per i nemici Mino. Affari e segreti del super procuratore dei calciatori <\/em>(2018).<\/p>\n<p>&nbsp;<\/p>\n","protected":false},"excerpt":{"rendered":"<p>Le accuse che il mondo ha lanciato a Diego Armando Maradona sono tutte qui: la droga, i rapporti con le donne, i guai con il fisco e la politica. E poi, fu una vera colpa aver segnato con la mano agli inglesi? Fu suo il gol pi\u00f9 bello di sempre? E, soprattutto, era davvero pi\u00f9 forte di Pel\u00e8? Dieci capi di imputazione per dieci ragionamenti difensivi. Dieci, come il numero che ha incarnato. A condurre l\u2019arringa in difesa del campione \u00e8 il suo avvocato di fiducia, Angelo Pisani, che il calciatore aveva ribattezzato \u00abAngelone\u00bb; l\u2019uomo che ha tutelato la sua immagine e la sua figura dalle grandi persecuzioni subite: dai nemici del campo a quelli dei palazzi, dalla stampa ai finti amici, fino a quella pi\u00f9 grande, la persecuzione dell\u2019uomo sul giocatore. Maradona contro Diego. La sentenza, ora che il tribunale che affronta il suo giudizio si \u00e8 espanso fino a diventare celeste, sar\u00e0 clamorosa. Sar\u00e0 anche l\u2019occasione per ripercorrere i passaggi salienti di una carriera e una vita uniche, vissute sempre al massimo, continuamente in prima pagina. Aneddoti personali inseguono i momenti in campo, mentre l\u2019eco di un\u2019esistenza da rockstar raggiunge ogni punto del pianeta. Di questa micidiale macchina mediatica Maradona sar\u00e0 a volte vittima a volte burattinaio. Puntualmente, comunque, controvento, dribblando ogni ostacolo e nascondendo la palla al destino, mentre gli avversari di ogni grado continuano a inseguirlo, invano.<\/p>\n<p>&nbsp;<\/p>\n","protected":false},"featured_media":16553,"template":"","meta":{"_editorskit_title_hidden":false,"_editorskit_reading_time":0,"_editorskit_is_block_options_detached":false,"_editorskit_block_options_position":"{}","_monsterinsights_skip_tracking":false,"_monsterinsights_sitenote_active":false,"_monsterinsights_sitenote_note":"","_monsterinsights_sitenote_category":0},"product_brand":[],"product_cat":[6542],"product_tag":[],"class_list":{"0":"post-16554","1":"product","2":"type-product","3":"status-publish","4":"has-post-thumbnail","6":"product_cat-log-edizioni","7":"pa_fulfillment-default","8":"pa_guerini_amazon_link-24-httpswwwamazonitlavvocato_","9":"pa_guerini_ibs_link-5a-httpswwwawin1comcreadphpaw","10":"pa_guerini_link_amazon-0a-httpswwwamazonitlavvocato_","11":"pa_guerini_link_apple_ibook-d3-httpsbooksapplecomitbookla","12":"pa_guerini_link_bookrepublic-a4-httpswwwbookrepubliciteboo","13":"pa_guerini_link_giunti_punto-87-httpswwwgiuntialpuntoitpro","14":"pa_guerini_link_google_play-cc-httpsplaygooglecomstoreboo","15":"pa_guerini_link_kobo-b3-httpswwwkobocomititebookl_","16":"pa_guerini_link_lafeltrinelli-df-httpswwwawin1comcreadphpaw","17":"pa_guerini_link_mondadori-2f-httpswwwmondadoristoreitav","18":"pa_guerini_strillo-contributi-di-gianni-mina-e-nicola-graziano","19":"pa_guerini_strillo-prefazione-di-maurizio-de-giovanni","21":"first","22":"instock","23":"sale","24":"shipping-taxable","25":"purchasable","26":"product-type-simple"},"yoast_head":"<!-- This site is optimized with the Yoast SEO plugin v25.4 - https:\/\/yoast.com\/wordpress\/plugins\/seo\/ -->\n<title>L&#039;avvocato del DIOS - Guerini e Associati<\/title>\n<meta name=\"robots\" content=\"index, follow, max-snippet:-1, max-image-preview:large, max-video-preview:-1\" \/>\n<link rel=\"canonical\" href=\"https:\/\/www.guerini.it\/index.php\/prodotto\/l-avvocato-del-dios\/\" \/>\n<meta property=\"og:locale\" content=\"it_IT\" \/>\n<meta property=\"og:type\" content=\"article\" \/>\n<meta property=\"og:title\" content=\"L&#039;avvocato del DIOS - Guerini e Associati\" \/>\n<meta property=\"og:description\" content=\"Le accuse che il mondo ha lanciato a Diego Armando Maradona sono tutte qui: la droga, i rapporti con le donne, i guai con il fisco e la politica. E poi, fu una vera colpa aver segnato con la mano agli inglesi? Fu suo il gol pi\u00f9 bello di sempre? E, soprattutto, era davvero pi\u00f9 forte di Pel\u00e8? Dieci capi di imputazione per dieci ragionamenti difensivi. Dieci, come il numero che ha incarnato. A condurre l\u2019arringa in difesa del campione \u00e8 il suo avvocato di fiducia, Angelo Pisani, che il calciatore aveva ribattezzato \u00abAngelone\u00bb; l\u2019uomo che ha tutelato la sua immagine e la sua figura dalle grandi persecuzioni subite: dai nemici del campo a quelli dei palazzi, dalla stampa ai finti amici, fino a quella pi\u00f9 grande, la persecuzione dell\u2019uomo sul giocatore. Maradona contro Diego. La sentenza, ora che il tribunale che affronta il suo giudizio si \u00e8 espanso fino a diventare celeste, sar\u00e0 clamorosa. Sar\u00e0 anche l\u2019occasione per ripercorrere i passaggi salienti di una carriera e una vita uniche, vissute sempre al massimo, continuamente in prima pagina. Aneddoti personali inseguono i momenti in campo, mentre l\u2019eco di un\u2019esistenza da rockstar raggiunge ogni punto del pianeta. Di questa micidiale macchina mediatica Maradona sar\u00e0 a volte vittima a volte burattinaio. Puntualmente, comunque, controvento, dribblando ogni ostacolo e nascondendo la palla al destino, mentre gli avversari di ogni grado continuano a inseguirlo, invano.  &nbsp;\" \/>\n<meta property=\"og:url\" content=\"https:\/\/www.guerini.it\/index.php\/prodotto\/l-avvocato-del-dios\/\" \/>\n<meta property=\"og:site_name\" content=\"Guerini e Associati\" \/>\n<meta property=\"article:modified_time\" content=\"2024-06-12T12:34:55+00:00\" \/>\n<meta property=\"og:image\" content=\"https:\/\/www.guerini.it\/wp-content\/uploads\/2020\/12\/avvocato_del_dios_sito.png\" \/>\n\t<meta property=\"og:image:width\" content=\"233\" \/>\n\t<meta property=\"og:image:height\" content=\"353\" \/>\n\t<meta property=\"og:image:type\" content=\"image\/png\" \/>\n<meta name=\"twitter:card\" content=\"summary_large_image\" \/>\n<meta name=\"twitter:label1\" content=\"Tempo di lettura stimato\" \/>\n\t<meta name=\"twitter:data1\" content=\"3 minuti\" \/>\n<!-- \/ Yoast SEO plugin. -->","yoast_head_json":{"title":"L'avvocato del DIOS - Guerini e Associati","robots":{"index":"index","follow":"follow","max-snippet":"max-snippet:-1","max-image-preview":"max-image-preview:large","max-video-preview":"max-video-preview:-1"},"canonical":"https:\/\/www.guerini.it\/index.php\/prodotto\/l-avvocato-del-dios\/","og_locale":"it_IT","og_type":"article","og_title":"L'avvocato del DIOS - Guerini e Associati","og_description":"Le accuse che il mondo ha lanciato a Diego Armando Maradona sono tutte qui: la droga, i rapporti con le donne, i guai con il fisco e la politica. E poi, fu una vera colpa aver segnato con la mano agli inglesi? Fu suo il gol pi\u00f9 bello di sempre? E, soprattutto, era davvero pi\u00f9 forte di Pel\u00e8? Dieci capi di imputazione per dieci ragionamenti difensivi. Dieci, come il numero che ha incarnato. A condurre l\u2019arringa in difesa del campione \u00e8 il suo avvocato di fiducia, Angelo Pisani, che il calciatore aveva ribattezzato \u00abAngelone\u00bb; l\u2019uomo che ha tutelato la sua immagine e la sua figura dalle grandi persecuzioni subite: dai nemici del campo a quelli dei palazzi, dalla stampa ai finti amici, fino a quella pi\u00f9 grande, la persecuzione dell\u2019uomo sul giocatore. Maradona contro Diego. La sentenza, ora che il tribunale che affronta il suo giudizio si \u00e8 espanso fino a diventare celeste, sar\u00e0 clamorosa. Sar\u00e0 anche l\u2019occasione per ripercorrere i passaggi salienti di una carriera e una vita uniche, vissute sempre al massimo, continuamente in prima pagina. Aneddoti personali inseguono i momenti in campo, mentre l\u2019eco di un\u2019esistenza da rockstar raggiunge ogni punto del pianeta. Di questa micidiale macchina mediatica Maradona sar\u00e0 a volte vittima a volte burattinaio. Puntualmente, comunque, controvento, dribblando ogni ostacolo e nascondendo la palla al destino, mentre gli avversari di ogni grado continuano a inseguirlo, invano.  &nbsp;","og_url":"https:\/\/www.guerini.it\/index.php\/prodotto\/l-avvocato-del-dios\/","og_site_name":"Guerini e Associati","article_modified_time":"2024-06-12T12:34:55+00:00","og_image":[{"width":233,"height":353,"url":"https:\/\/www.guerini.it\/wp-content\/uploads\/2020\/12\/avvocato_del_dios_sito.png","type":"image\/png"}],"twitter_card":"summary_large_image","twitter_misc":{"Tempo di lettura stimato":"3 minuti"},"schema":{"@context":"https:\/\/schema.org","@graph":[{"@type":"WebPage","@id":"https:\/\/www.guerini.it\/index.php\/prodotto\/l-avvocato-del-dios\/","url":"https:\/\/www.guerini.it\/index.php\/prodotto\/l-avvocato-del-dios\/","name":"L'avvocato del DIOS - Guerini e Associati","isPartOf":{"@id":"https:\/\/www.guerini.it\/#website"},"primaryImageOfPage":{"@id":"https:\/\/www.guerini.it\/index.php\/prodotto\/l-avvocato-del-dios\/#primaryimage"},"image":{"@id":"https:\/\/www.guerini.it\/index.php\/prodotto\/l-avvocato-del-dios\/#primaryimage"},"thumbnailUrl":"https:\/\/www.guerini.it\/wp-content\/uploads\/2020\/12\/avvocato_del_dios_sito.png","datePublished":"2020-12-21T07:45:34+00:00","dateModified":"2024-06-12T12:34:55+00:00","breadcrumb":{"@id":"https:\/\/www.guerini.it\/index.php\/prodotto\/l-avvocato-del-dios\/#breadcrumb"},"inLanguage":"it-IT","potentialAction":[{"@type":"ReadAction","target":["https:\/\/www.guerini.it\/index.php\/prodotto\/l-avvocato-del-dios\/"]}]},{"@type":"ImageObject","inLanguage":"it-IT","@id":"https:\/\/www.guerini.it\/index.php\/prodotto\/l-avvocato-del-dios\/#primaryimage","url":"https:\/\/www.guerini.it\/wp-content\/uploads\/2020\/12\/avvocato_del_dios_sito.png","contentUrl":"https:\/\/www.guerini.it\/wp-content\/uploads\/2020\/12\/avvocato_del_dios_sito.png","width":233,"height":353,"caption":"L'avvocato del Dios"},{"@type":"BreadcrumbList","@id":"https:\/\/www.guerini.it\/index.php\/prodotto\/l-avvocato-del-dios\/#breadcrumb","itemListElement":[{"@type":"ListItem","position":1,"name":"Home","item":"https:\/\/www.guerini.it\/"},{"@type":"ListItem","position":2,"name":"Catalogo","item":"https:\/\/www.guerini.it\/index.php\/negozio\/"},{"@type":"ListItem","position":3,"name":"L&#8217;avvocato del DIOS"}]},{"@type":"WebSite","@id":"https:\/\/www.guerini.it\/#website","url":"https:\/\/www.guerini.it\/","name":"Guerini e Associati","description":"30 anni di libri, idee e libert\u00e0","publisher":{"@id":"https:\/\/www.guerini.it\/#organization"},"potentialAction":[{"@type":"SearchAction","target":{"@type":"EntryPoint","urlTemplate":"https:\/\/www.guerini.it\/?s={search_term_string}"},"query-input":{"@type":"PropertyValueSpecification","valueRequired":true,"valueName":"search_term_string"}}],"inLanguage":"it-IT"},{"@type":"Organization","@id":"https:\/\/www.guerini.it\/#organization","name":"Guerini e Associati","url":"https:\/\/www.guerini.it\/","logo":{"@type":"ImageObject","inLanguage":"it-IT","@id":"https:\/\/www.guerini.it\/#\/schema\/logo\/image\/","url":"https:\/\/www.guerini.it\/wp-content\/uploads\/2021\/03\/Logo-Guerini-OK_-e1615831292285.png","contentUrl":"https:\/\/www.guerini.it\/wp-content\/uploads\/2021\/03\/Logo-Guerini-OK_-e1615831292285.png","width":2805,"height":1870,"caption":"Guerini e Associati"},"image":{"@id":"https:\/\/www.guerini.it\/#\/schema\/logo\/image\/"}}]}},"_links":{"self":[{"href":"https:\/\/www.guerini.it\/index.php\/wp-json\/wp\/v2\/product\/16554","targetHints":{"allow":["GET"]}}],"collection":[{"href":"https:\/\/www.guerini.it\/index.php\/wp-json\/wp\/v2\/product"}],"about":[{"href":"https:\/\/www.guerini.it\/index.php\/wp-json\/wp\/v2\/types\/product"}],"wp:featuredmedia":[{"embeddable":true,"href":"https:\/\/www.guerini.it\/index.php\/wp-json\/wp\/v2\/media\/16553"}],"wp:attachment":[{"href":"https:\/\/www.guerini.it\/index.php\/wp-json\/wp\/v2\/media?parent=16554"}],"wp:term":[{"taxonomy":"product_brand","embeddable":true,"href":"https:\/\/www.guerini.it\/index.php\/wp-json\/wp\/v2\/product_brand?post=16554"},{"taxonomy":"product_cat","embeddable":true,"href":"https:\/\/www.guerini.it\/index.php\/wp-json\/wp\/v2\/product_cat?post=16554"},{"taxonomy":"product_tag","embeddable":true,"href":"https:\/\/www.guerini.it\/index.php\/wp-json\/wp\/v2\/product_tag?post=16554"}],"curies":[{"name":"wp","href":"https:\/\/api.w.org\/{rel}","templated":true}]}}