{"id":16564,"date":"2021-01-07T12:38:56","date_gmt":"2021-01-07T11:38:56","guid":{"rendered":"https:\/\/test.guerini.it\/?product=tutto-ruota"},"modified":"2024-06-12T14:40:27","modified_gmt":"2024-06-12T12:40:27","slug":"tutto-ruota","status":"publish","type":"product","link":"https:\/\/www.guerini.it\/index.php\/prodotto\/tutto-ruota\/","title":{"rendered":"Tutto ruota"},"content":{"rendered":"<p style=\"text-align: justify;\">Di imparare non si smette mai. Soprattutto se la materia di studio \u00e8 in continua evoluzione.<br \/>\nAttraverso un linguaggio dinamico e una grafica accattivante <em>Tutto ruota<\/em> racconta come funziona l\u2019economia circolare e perch\u00e9 rappresenta la chiave per un futuro sostenibile. Invita il lettore a farsi protagonista del necessario cambiamento di stili di vita e di produzione, mostrando ai giovani gli scenari lavorativi che utilizzano tecnologie innovative per la tutela dell\u2019ambiente, e agli adulti uno strumento per approfondire la propria conoscenza e indirizzare figli o studenti. Un viaggio culturale, ma anche pratico, attraverso cinque capitoli arricchiti da interviste ai protagonisti della nuova economia circolare, esponenti del mondo dell\u2019imprenditoria e della finanza.<\/p>\n<p style=\"text-align: justify;\"><strong>Luciano Canova<\/strong>. Economista e divulgatore scientifico.Insegna economia ed economia comportamentale alla Scuola Enrico Mattei. Autore di diversi saggi divulgativi tra cui <em>Il metro della felicit\u00e0<\/em> (2019) e <em>Quando l\u2019oceano si arrabbia<\/em>. <em>Keynes per chi non l\u2019ha mai letto<\/em> (2020). Collabora con diverse testate: Gli Stati Generali, Lavoce.info, Infodata di Sole 24 ore. TedX speaker a Vicenza nel 2016.<br \/>\n<strong>Fabrizio Iaconetti<\/strong>. Professionista di pluriennale esperienza, gi\u00e0 Partner Valdani Vicari &amp; Associati in area business consulting, fornisce la sua consulenza a Greenthesis Group perlo sviluppo del progetto 3p Innovation LAB. Impegnato nel campo dell\u2019innovazione e del cambiamento organizzativo, ed esperto in marketing e comunicazione ad alto impatto sociale. Collabora con la SDA Bocconi a vario titolo dal 1990 per l\u2019ideazione e implementazione di numerosi progetti. Ha pubblicato per i nostri tipi <em>Il marketing della politica<\/em>.<\/p>\n<hr \/>\n<p><strong>Greenthesis Group<\/strong>. Gruppo leader nel panorama nazionale ed estero nel settore del trattamento, recupero, smaltimento e valorizzazione, anche energetica, dei rifiuti, oltre che nel settore delle bonifiche ambientali. \u00c8 impegnata in soluzioni concrete finalizzate alla sostenibilit\u00e0, circolarit\u00e0 ed efficienza dei processi produttivi in un\u2019ottica di responsabilit\u00e0 sociale.<br \/>\n<strong>La Fabbrica spa<\/strong>. Agenzia leader a livello nazionale e internazionale nella comunicazione edutainment rivolta al grande pubblico, alle scuole, ai giovani. La Fabbrica \u00e8 partner di aziende, enti e fondazioni, ed \u00e8 specializzata nella creazione di iniziative di responsabilit\u00e0 sociale. Tra le sue attivit\u00e0 ha realizzato con Greenthesis Group il progetto dedicato alle scuole <em>A scuola di economia circolare<\/em>.<\/p>\n","protected":false},"excerpt":{"rendered":"<p>Di imparare non si smette mai. Soprattutto se la materia di studio \u00e8 in continua evoluzione.<br \/>\nAttraverso un linguaggio dinamico e una grafica accattivante Tutto ruota racconta come funziona l\u2019economia circolare e perch\u00e9 rappresenta la chiave per un futuro sostenibile. Invita il lettore a farsi protagonista del necessario cambiamento di stili di vita e di produzione, mostrando ai giovani gli scenari lavorativi che utilizzano tecnologie innovative per la tutela dell\u2019ambiente, e agli adulti uno strumento per approfondire la propria conoscenza e indirizzare figli o studenti. Un viaggio culturale, ma anche pratico, attraverso cinque capitoli arricchiti da interviste ai protagonisti della nuova economia circolare, esponenti del mondo dell\u2019imprenditoria e della finanza.<\/p>\n","protected":false},"featured_media":16563,"template":"","meta":{"_editorskit_title_hidden":false,"_editorskit_reading_time":0,"_editorskit_is_block_options_detached":false,"_editorskit_block_options_position":"{}","_monsterinsights_skip_tracking":false,"_monsterinsights_sitenote_active":false,"_monsterinsights_sitenote_note":"","_monsterinsights_sitenote_category":0},"product_brand":[],"product_cat":[6527,6529],"product_tag":[],"class_list":{"0":"post-16564","1":"product","2":"type-product","3":"status-publish","4":"has-post-thumbnail","6":"product_cat-attualita","7":"product_cat-economia-e-management","8":"pa_fulfillment-default","9":"pa_guerini_amazon_link-f3-httpswwwamazonittutto_ruot","10":"pa_guerini_ibs_link-15-httpswwwawin1comcreadphpaw","11":"pa_guerini_mondadori_link-e8-httpswwwmondadoristoreittu","13":"first","14":"instock","15":"sale","16":"shipping-taxable","17":"purchasable","18":"product-type-simple"},"yoast_head":"<!-- This site is optimized with the Yoast SEO plugin v25.4 - https:\/\/yoast.com\/wordpress\/plugins\/seo\/ -->\n<title>Tutto ruota - Guerini e Associati<\/title>\n<meta name=\"robots\" content=\"index, follow, max-snippet:-1, max-image-preview:large, max-video-preview:-1\" \/>\n<link rel=\"canonical\" href=\"https:\/\/www.guerini.it\/index.php\/prodotto\/tutto-ruota\/\" \/>\n<meta property=\"og:locale\" content=\"it_IT\" \/>\n<meta property=\"og:type\" content=\"article\" \/>\n<meta property=\"og:title\" content=\"Tutto ruota - Guerini e Associati\" \/>\n<meta property=\"og:description\" content=\"Di imparare non si smette mai. Soprattutto se la materia di studio \u00e8 in continua evoluzione. Attraverso un linguaggio dinamico e una grafica accattivante Tutto ruota racconta come funziona l\u2019economia circolare e perch\u00e9 rappresenta la chiave per un futuro sostenibile. Invita il lettore a farsi protagonista del necessario cambiamento di stili di vita e di produzione, mostrando ai giovani gli scenari lavorativi che utilizzano tecnologie innovative per la tutela dell\u2019ambiente, e agli adulti uno strumento per approfondire la propria conoscenza e indirizzare figli o studenti. Un viaggio culturale, ma anche pratico, attraverso cinque capitoli arricchiti da interviste ai protagonisti della nuova economia circolare, esponenti del mondo dell\u2019imprenditoria e della finanza.\" \/>\n<meta property=\"og:url\" content=\"https:\/\/www.guerini.it\/index.php\/prodotto\/tutto-ruota\/\" \/>\n<meta property=\"og:site_name\" content=\"Guerini e Associati\" \/>\n<meta property=\"article:modified_time\" content=\"2024-06-12T12:40:27+00:00\" \/>\n<meta property=\"og:image\" content=\"https:\/\/www.guerini.it\/wp-content\/uploads\/2021\/01\/tutto_ruota_sito.png\" \/>\n\t<meta property=\"og:image:width\" content=\"230\" \/>\n\t<meta property=\"og:image:height\" content=\"353\" \/>\n\t<meta property=\"og:image:type\" content=\"image\/png\" \/>\n<meta name=\"twitter:card\" content=\"summary_large_image\" \/>\n<meta name=\"twitter:label1\" content=\"Tempo di lettura stimato\" \/>\n\t<meta name=\"twitter:data1\" content=\"3 minuti\" \/>\n<!-- \/ Yoast SEO plugin. -->","yoast_head_json":{"title":"Tutto ruota - Guerini e Associati","robots":{"index":"index","follow":"follow","max-snippet":"max-snippet:-1","max-image-preview":"max-image-preview:large","max-video-preview":"max-video-preview:-1"},"canonical":"https:\/\/www.guerini.it\/index.php\/prodotto\/tutto-ruota\/","og_locale":"it_IT","og_type":"article","og_title":"Tutto ruota - Guerini e Associati","og_description":"Di imparare non si smette mai. Soprattutto se la materia di studio \u00e8 in continua evoluzione. Attraverso un linguaggio dinamico e una grafica accattivante Tutto ruota racconta come funziona l\u2019economia circolare e perch\u00e9 rappresenta la chiave per un futuro sostenibile. Invita il lettore a farsi protagonista del necessario cambiamento di stili di vita e di produzione, mostrando ai giovani gli scenari lavorativi che utilizzano tecnologie innovative per la tutela dell\u2019ambiente, e agli adulti uno strumento per approfondire la propria conoscenza e indirizzare figli o studenti. Un viaggio culturale, ma anche pratico, attraverso cinque capitoli arricchiti da interviste ai protagonisti della nuova economia circolare, esponenti del mondo dell\u2019imprenditoria e della finanza.","og_url":"https:\/\/www.guerini.it\/index.php\/prodotto\/tutto-ruota\/","og_site_name":"Guerini e Associati","article_modified_time":"2024-06-12T12:40:27+00:00","og_image":[{"width":230,"height":353,"url":"https:\/\/www.guerini.it\/wp-content\/uploads\/2021\/01\/tutto_ruota_sito.png","type":"image\/png"}],"twitter_card":"summary_large_image","twitter_misc":{"Tempo di lettura stimato":"3 minuti"},"schema":{"@context":"https:\/\/schema.org","@graph":[{"@type":"WebPage","@id":"https:\/\/www.guerini.it\/index.php\/prodotto\/tutto-ruota\/","url":"https:\/\/www.guerini.it\/index.php\/prodotto\/tutto-ruota\/","name":"Tutto ruota - Guerini e Associati","isPartOf":{"@id":"https:\/\/www.guerini.it\/#website"},"primaryImageOfPage":{"@id":"https:\/\/www.guerini.it\/index.php\/prodotto\/tutto-ruota\/#primaryimage"},"image":{"@id":"https:\/\/www.guerini.it\/index.php\/prodotto\/tutto-ruota\/#primaryimage"},"thumbnailUrl":"https:\/\/www.guerini.it\/wp-content\/uploads\/2021\/01\/tutto_ruota_sito.png","datePublished":"2021-01-07T11:38:56+00:00","dateModified":"2024-06-12T12:40:27+00:00","breadcrumb":{"@id":"https:\/\/www.guerini.it\/index.php\/prodotto\/tutto-ruota\/#breadcrumb"},"inLanguage":"it-IT","potentialAction":[{"@type":"ReadAction","target":["https:\/\/www.guerini.it\/index.php\/prodotto\/tutto-ruota\/"]}]},{"@type":"ImageObject","inLanguage":"it-IT","@id":"https:\/\/www.guerini.it\/index.php\/prodotto\/tutto-ruota\/#primaryimage","url":"https:\/\/www.guerini.it\/wp-content\/uploads\/2021\/01\/tutto_ruota_sito.png","contentUrl":"https:\/\/www.guerini.it\/wp-content\/uploads\/2021\/01\/tutto_ruota_sito.png","width":230,"height":353,"caption":"Tutto ruota"},{"@type":"BreadcrumbList","@id":"https:\/\/www.guerini.it\/index.php\/prodotto\/tutto-ruota\/#breadcrumb","itemListElement":[{"@type":"ListItem","position":1,"name":"Home","item":"https:\/\/www.guerini.it\/"},{"@type":"ListItem","position":2,"name":"Catalogo","item":"https:\/\/www.guerini.it\/index.php\/negozio\/"},{"@type":"ListItem","position":3,"name":"Tutto ruota"}]},{"@type":"WebSite","@id":"https:\/\/www.guerini.it\/#website","url":"https:\/\/www.guerini.it\/","name":"Guerini e Associati","description":"30 anni di libri, idee e libert\u00e0","publisher":{"@id":"https:\/\/www.guerini.it\/#organization"},"potentialAction":[{"@type":"SearchAction","target":{"@type":"EntryPoint","urlTemplate":"https:\/\/www.guerini.it\/?s={search_term_string}"},"query-input":{"@type":"PropertyValueSpecification","valueRequired":true,"valueName":"search_term_string"}}],"inLanguage":"it-IT"},{"@type":"Organization","@id":"https:\/\/www.guerini.it\/#organization","name":"Guerini e Associati","url":"https:\/\/www.guerini.it\/","logo":{"@type":"ImageObject","inLanguage":"it-IT","@id":"https:\/\/www.guerini.it\/#\/schema\/logo\/image\/","url":"https:\/\/www.guerini.it\/wp-content\/uploads\/2021\/03\/Logo-Guerini-OK_-e1615831292285.png","contentUrl":"https:\/\/www.guerini.it\/wp-content\/uploads\/2021\/03\/Logo-Guerini-OK_-e1615831292285.png","width":2805,"height":1870,"caption":"Guerini e Associati"},"image":{"@id":"https:\/\/www.guerini.it\/#\/schema\/logo\/image\/"}}]}},"_links":{"self":[{"href":"https:\/\/www.guerini.it\/index.php\/wp-json\/wp\/v2\/product\/16564","targetHints":{"allow":["GET"]}}],"collection":[{"href":"https:\/\/www.guerini.it\/index.php\/wp-json\/wp\/v2\/product"}],"about":[{"href":"https:\/\/www.guerini.it\/index.php\/wp-json\/wp\/v2\/types\/product"}],"wp:featuredmedia":[{"embeddable":true,"href":"https:\/\/www.guerini.it\/index.php\/wp-json\/wp\/v2\/media\/16563"}],"wp:attachment":[{"href":"https:\/\/www.guerini.it\/index.php\/wp-json\/wp\/v2\/media?parent=16564"}],"wp:term":[{"taxonomy":"product_brand","embeddable":true,"href":"https:\/\/www.guerini.it\/index.php\/wp-json\/wp\/v2\/product_brand?post=16564"},{"taxonomy":"product_cat","embeddable":true,"href":"https:\/\/www.guerini.it\/index.php\/wp-json\/wp\/v2\/product_cat?post=16564"},{"taxonomy":"product_tag","embeddable":true,"href":"https:\/\/www.guerini.it\/index.php\/wp-json\/wp\/v2\/product_tag?post=16564"}],"curies":[{"name":"wp","href":"https:\/\/api.w.org\/{rel}","templated":true}]}}