{"id":16567,"date":"2021-01-14T12:58:17","date_gmt":"2021-01-14T11:58:17","guid":{"rendered":"https:\/\/test.guerini.it\/?product=human-leadership"},"modified":"2024-06-12T14:37:42","modified_gmt":"2024-06-12T12:37:42","slug":"human-leadership","status":"publish","type":"product","link":"https:\/\/www.guerini.it\/index.php\/prodotto\/human-leadership\/","title":{"rendered":"Human leadership"},"content":{"rendered":"<p style=\"text-align: justify;\">A partire da una lunga e approfondita esperienza di lavoro a stretto contatto con le persone, in piccoli e grandi gruppi e organizzazioni, e viaggiando in diverse parti del mondo, Nancy Cooklin, coach, counselor e formatrice, ha creato un modello chiamato \u00abHuman Leadership\u00bb, molto richiesto in contesti aziendali e formativi. Lo presenta in questo libro \u2013 agile, chiaro e illustrato da vivaci infografiche \u2013 proponendo al lettore, attraverso vari esercizi, gli strumenti utili a migliorare come persona e come leader. La Human Leadership \u00e8 consapevolezza, creativit\u00e0, coraggio e pensiero sistemico. Mettere la persona al centro significa in primo luogo conoscere se stessi, identificare il proprio \u00abpurpose\u00bb e cosa si desidera veramente, per poi definire un piano d\u2019azione nella consapevolezza di essere parte di un sistema. Da qui la chiave per guidare gruppi di lavoro: essere presenti come persone complete, leader umani. Concetti semplici e pratici, facili da seguire, per pensare in modo diverso alla propria quotidianit\u00e0.<\/p>\n<p><iframe loading=\"lazy\" src=\"https:\/\/www.youtube.com\/embed\/BjBQQsE0V8Q\" width=\"560\" height=\"315\" frameborder=\"0\" allowfullscreen=\"allowfullscreen\"><\/iframe><\/p>\n<p style=\"text-align: justify;\"><strong>Nancy Cooklin<\/strong>, nata in Per\u00f9 e cresciuta in diverse citt\u00e0 del mondo, \u00e8 formatrice, coach e counselor. Vive a Milano con le sue due figlie. Dopo aver studiato Business Administration, si \u00e8 occupata di marketing, commerciale e formazione. \u00c8 trainer certificata in PNL (Programmazione Neuro Linguistica) e counselor sistemica. Nel 2010 si \u00e8 formata alla Bocconi nel programma di sviluppo manageriale e nel 2017 e 2019 al Search Inside Yourself training di Google. Autrice di numerosi libri, ebook e audiobook, tra cui <em>Felicit\u00e0: sei gi\u00e0 sulla strada giusta <\/em>e <em>Crea te Stessa<\/em>, alla sua quarta edizione. Nel 2016 ha ricevuto il premio Standout Woman Award. Collabora con aziende e associazioni facendo formazione. Insegna Human Leadership nel programma mba della SDA Bocconi. La profonda conoscenza di se stessi e l\u2019essere in continuo cambiamento sono alla base del suo motto Create Yourself.<\/p>\n<p>&nbsp;<\/p>\n<p>&nbsp;<\/p>\n","protected":false},"excerpt":{"rendered":"<p>A partire da una lunga e approfondita esperienza di lavoro a stretto contatto con le persone, in piccoli e grandi gruppi e organizzazioni, e viaggiando in diverse parti del mondo, Nancy Cooklin, coach, counselor e formatrice, ha creato un modello chiamato \u00abHuman Leadership\u00bb, molto richiesto in contesti aziendali e formativi. Lo presenta in questo libro \u2013 agile, chiaro e illustrato da vivaci infografiche \u2013 proponendo al lettore, attraverso vari esercizi, gli strumenti utili a migliorare come persona e come leader. La Human Leadership \u00e8 consapevolezza, creativit\u00e0, coraggio e pensiero sistemico. Mettere la persona al centro significa in primo luogo conoscere se stessi, identificare il proprio \u00abpurpose\u00bb e cosa si desidera veramente, per poi definire un piano d\u2019azione nella consapevolezza di essere parte di un sistema. Da qui la chiave per guidare gruppi di lavoro: essere presenti come persone complete, leader umani. Concetti semplici e pratici, facili da seguire, per pensare in modo diverso alla propria quotidianit\u00e0.<\/p>\n<p>&nbsp;<\/p>\n<p>&nbsp;<\/p>\n","protected":false},"featured_media":20778,"template":"","meta":{"_editorskit_title_hidden":false,"_editorskit_reading_time":0,"_editorskit_is_block_options_detached":false,"_editorskit_block_options_position":"{}","_monsterinsights_skip_tracking":false,"_monsterinsights_sitenote_active":false,"_monsterinsights_sitenote_note":"","_monsterinsights_sitenote_category":0},"product_brand":[],"product_cat":[6805,6529],"product_tag":[],"class_list":{"0":"post-16567","1":"product","2":"type-product","3":"status-publish","4":"has-post-thumbnail","6":"product_cat-guerini-next","7":"product_cat-economia-e-management","8":"pa_fulfillment-default","9":"pa_guerini_amazon_link-17-httpswwwamazonitleadership","10":"pa_guerini_ibs_link-4b-httpswwwibsithuman_leaders","11":"pa_guerini_link_amazon-c4-httpswwwamazonitdpb08sw6kw","12":"pa_guerini_link_apple_ibook-d3-httpsbooksapplecomitbookhu","13":"pa_guerini_link_bookrepublic-4e-httpswwwbookrepubliciteboo","14":"pa_guerini_link_google_play-35-httpsplaygooglecomstoreboo","15":"pa_guerini_link_ibs-71-httpswwwibsithuman_leaders","16":"pa_guerini_link_kobo-b9-httpswwwkobocomititebookhu","17":"pa_guerini_link_lafeltrinelli-57-httpswwwlafeltrinelliitebo","18":"pa_guerini_link_mondadori-54-httpswwwmondadoristoreithu","20":"first","21":"instock","22":"sale","23":"shipping-taxable","24":"purchasable","25":"product-type-simple"},"yoast_head":"<!-- This site is optimized with the Yoast SEO plugin v25.4 - https:\/\/yoast.com\/wordpress\/plugins\/seo\/ -->\n<title>Human leadership - Guerini e Associati<\/title>\n<meta name=\"robots\" content=\"index, follow, max-snippet:-1, max-image-preview:large, max-video-preview:-1\" \/>\n<link rel=\"canonical\" href=\"https:\/\/www.guerini.it\/index.php\/prodotto\/human-leadership\/\" \/>\n<meta property=\"og:locale\" content=\"it_IT\" \/>\n<meta property=\"og:type\" content=\"article\" \/>\n<meta property=\"og:title\" content=\"Human leadership - Guerini e Associati\" \/>\n<meta property=\"og:description\" content=\"A partire da una lunga e approfondita esperienza di lavoro a stretto contatto con le persone, in piccoli e grandi gruppi e organizzazioni, e viaggiando in diverse parti del mondo, Nancy Cooklin, coach, counselor e formatrice, ha creato un modello chiamato \u00abHuman Leadership\u00bb, molto richiesto in contesti aziendali e formativi. Lo presenta in questo libro \u2013 agile, chiaro e illustrato da vivaci infografiche \u2013 proponendo al lettore, attraverso vari esercizi, gli strumenti utili a migliorare come persona e come leader. La Human Leadership \u00e8 consapevolezza, creativit\u00e0, coraggio e pensiero sistemico. Mettere la persona al centro significa in primo luogo conoscere se stessi, identificare il proprio \u00abpurpose\u00bb e cosa si desidera veramente, per poi definire un piano d\u2019azione nella consapevolezza di essere parte di un sistema. Da qui la chiave per guidare gruppi di lavoro: essere presenti come persone complete, leader umani. Concetti semplici e pratici, facili da seguire, per pensare in modo diverso alla propria quotidianit\u00e0.  &nbsp;  &nbsp;\" \/>\n<meta property=\"og:url\" content=\"https:\/\/www.guerini.it\/index.php\/prodotto\/human-leadership\/\" \/>\n<meta property=\"og:site_name\" content=\"Guerini e Associati\" \/>\n<meta property=\"article:modified_time\" content=\"2024-06-12T12:37:42+00:00\" \/>\n<meta property=\"og:image\" content=\"https:\/\/www.guerini.it\/wp-content\/uploads\/2021\/01\/COOKLIN_cover_exe-e1614606219751.jpg\" \/>\n\t<meta property=\"og:image:width\" content=\"233\" \/>\n\t<meta property=\"og:image:height\" content=\"350\" \/>\n\t<meta property=\"og:image:type\" content=\"image\/jpeg\" \/>\n<meta name=\"twitter:card\" content=\"summary_large_image\" \/>\n<meta name=\"twitter:label1\" content=\"Tempo di lettura stimato\" \/>\n\t<meta name=\"twitter:data1\" content=\"2 minuti\" \/>\n<!-- \/ Yoast SEO plugin. -->","yoast_head_json":{"title":"Human leadership - Guerini e Associati","robots":{"index":"index","follow":"follow","max-snippet":"max-snippet:-1","max-image-preview":"max-image-preview:large","max-video-preview":"max-video-preview:-1"},"canonical":"https:\/\/www.guerini.it\/index.php\/prodotto\/human-leadership\/","og_locale":"it_IT","og_type":"article","og_title":"Human leadership - Guerini e Associati","og_description":"A partire da una lunga e approfondita esperienza di lavoro a stretto contatto con le persone, in piccoli e grandi gruppi e organizzazioni, e viaggiando in diverse parti del mondo, Nancy Cooklin, coach, counselor e formatrice, ha creato un modello chiamato \u00abHuman Leadership\u00bb, molto richiesto in contesti aziendali e formativi. Lo presenta in questo libro \u2013 agile, chiaro e illustrato da vivaci infografiche \u2013 proponendo al lettore, attraverso vari esercizi, gli strumenti utili a migliorare come persona e come leader. La Human Leadership \u00e8 consapevolezza, creativit\u00e0, coraggio e pensiero sistemico. Mettere la persona al centro significa in primo luogo conoscere se stessi, identificare il proprio \u00abpurpose\u00bb e cosa si desidera veramente, per poi definire un piano d\u2019azione nella consapevolezza di essere parte di un sistema. Da qui la chiave per guidare gruppi di lavoro: essere presenti come persone complete, leader umani. Concetti semplici e pratici, facili da seguire, per pensare in modo diverso alla propria quotidianit\u00e0.  &nbsp;  &nbsp;","og_url":"https:\/\/www.guerini.it\/index.php\/prodotto\/human-leadership\/","og_site_name":"Guerini e Associati","article_modified_time":"2024-06-12T12:37:42+00:00","og_image":[{"width":233,"height":350,"url":"https:\/\/www.guerini.it\/wp-content\/uploads\/2021\/01\/COOKLIN_cover_exe-e1614606219751.jpg","type":"image\/jpeg"}],"twitter_card":"summary_large_image","twitter_misc":{"Tempo di lettura stimato":"2 minuti"},"schema":{"@context":"https:\/\/schema.org","@graph":[{"@type":"WebPage","@id":"https:\/\/www.guerini.it\/index.php\/prodotto\/human-leadership\/","url":"https:\/\/www.guerini.it\/index.php\/prodotto\/human-leadership\/","name":"Human leadership - Guerini e Associati","isPartOf":{"@id":"https:\/\/www.guerini.it\/#website"},"primaryImageOfPage":{"@id":"https:\/\/www.guerini.it\/index.php\/prodotto\/human-leadership\/#primaryimage"},"image":{"@id":"https:\/\/www.guerini.it\/index.php\/prodotto\/human-leadership\/#primaryimage"},"thumbnailUrl":"https:\/\/www.guerini.it\/wp-content\/uploads\/2021\/01\/COOKLIN_cover_exe-e1614606219751.jpg","datePublished":"2021-01-14T11:58:17+00:00","dateModified":"2024-06-12T12:37:42+00:00","breadcrumb":{"@id":"https:\/\/www.guerini.it\/index.php\/prodotto\/human-leadership\/#breadcrumb"},"inLanguage":"it-IT","potentialAction":[{"@type":"ReadAction","target":["https:\/\/www.guerini.it\/index.php\/prodotto\/human-leadership\/"]}]},{"@type":"ImageObject","inLanguage":"it-IT","@id":"https:\/\/www.guerini.it\/index.php\/prodotto\/human-leadership\/#primaryimage","url":"https:\/\/www.guerini.it\/wp-content\/uploads\/2021\/01\/COOKLIN_cover_exe-e1614606219751.jpg","contentUrl":"https:\/\/www.guerini.it\/wp-content\/uploads\/2021\/01\/COOKLIN_cover_exe-e1614606219751.jpg","width":233,"height":350,"caption":"Copertina del libro Human Leadership"},{"@type":"BreadcrumbList","@id":"https:\/\/www.guerini.it\/index.php\/prodotto\/human-leadership\/#breadcrumb","itemListElement":[{"@type":"ListItem","position":1,"name":"Home","item":"https:\/\/www.guerini.it\/"},{"@type":"ListItem","position":2,"name":"Catalogo","item":"https:\/\/www.guerini.it\/index.php\/negozio\/"},{"@type":"ListItem","position":3,"name":"Human leadership"}]},{"@type":"WebSite","@id":"https:\/\/www.guerini.it\/#website","url":"https:\/\/www.guerini.it\/","name":"Guerini e Associati","description":"30 anni di libri, idee e libert\u00e0","publisher":{"@id":"https:\/\/www.guerini.it\/#organization"},"potentialAction":[{"@type":"SearchAction","target":{"@type":"EntryPoint","urlTemplate":"https:\/\/www.guerini.it\/?s={search_term_string}"},"query-input":{"@type":"PropertyValueSpecification","valueRequired":true,"valueName":"search_term_string"}}],"inLanguage":"it-IT"},{"@type":"Organization","@id":"https:\/\/www.guerini.it\/#organization","name":"Guerini e Associati","url":"https:\/\/www.guerini.it\/","logo":{"@type":"ImageObject","inLanguage":"it-IT","@id":"https:\/\/www.guerini.it\/#\/schema\/logo\/image\/","url":"https:\/\/www.guerini.it\/wp-content\/uploads\/2021\/03\/Logo-Guerini-OK_-e1615831292285.png","contentUrl":"https:\/\/www.guerini.it\/wp-content\/uploads\/2021\/03\/Logo-Guerini-OK_-e1615831292285.png","width":2805,"height":1870,"caption":"Guerini e Associati"},"image":{"@id":"https:\/\/www.guerini.it\/#\/schema\/logo\/image\/"}}]}},"_links":{"self":[{"href":"https:\/\/www.guerini.it\/index.php\/wp-json\/wp\/v2\/product\/16567","targetHints":{"allow":["GET"]}}],"collection":[{"href":"https:\/\/www.guerini.it\/index.php\/wp-json\/wp\/v2\/product"}],"about":[{"href":"https:\/\/www.guerini.it\/index.php\/wp-json\/wp\/v2\/types\/product"}],"wp:featuredmedia":[{"embeddable":true,"href":"https:\/\/www.guerini.it\/index.php\/wp-json\/wp\/v2\/media\/20778"}],"wp:attachment":[{"href":"https:\/\/www.guerini.it\/index.php\/wp-json\/wp\/v2\/media?parent=16567"}],"wp:term":[{"taxonomy":"product_brand","embeddable":true,"href":"https:\/\/www.guerini.it\/index.php\/wp-json\/wp\/v2\/product_brand?post=16567"},{"taxonomy":"product_cat","embeddable":true,"href":"https:\/\/www.guerini.it\/index.php\/wp-json\/wp\/v2\/product_cat?post=16567"},{"taxonomy":"product_tag","embeddable":true,"href":"https:\/\/www.guerini.it\/index.php\/wp-json\/wp\/v2\/product_tag?post=16567"}],"curies":[{"name":"wp","href":"https:\/\/api.w.org\/{rel}","templated":true}]}}