{"id":21339,"date":"2021-03-08T14:08:22","date_gmt":"2021-03-08T13:08:22","guid":{"rendered":"https:\/\/www.guerini.it\/?post_type=product&#038;p=21339"},"modified":"2024-06-09T20:24:58","modified_gmt":"2024-06-09T18:24:58","slug":"finanza-alternativa-per-leconomia-reale","status":"publish","type":"product","link":"https:\/\/www.guerini.it\/index.php\/prodotto\/finanza-alternativa-per-leconomia-reale\/","title":{"rendered":"Finanza alternativa per l&#8217;economia reale"},"content":{"rendered":"<p style=\"text-align: justify;\">In un periodo di grande discontinuit\u00e0, \u00e8 sempre pi\u00f9 attuale per imprese, consulenti e investitori capire il mondo della finanza innovativa. Sui mercati internazionali \u00e8 ormai consolidata la tendenza a vedere sempre pi\u00f9 attivi operatori alternativi alla Banca, che offrono capitali alle imprese con diverse modalit\u00e0.<br \/>\nIl testo passa in rassegna i principali soggetti e strumenti, inquadrandoli comunque in uno scenario che comprende anche la parte pi\u00f9 tradizionale dei mercati finanziari. Si parla, tra l\u2019altro, di ricorso al private equity, venture capital, private debt, di crowdfunding, di quotazioni sui mercati e collocamenti privati. Il lettore trover\u00e0 sia un testo con un taglio rigoroso, pensato per i corsi accademici, sia risposte concrete alle riflessioni di imprenditori e consulenti sulle coperture del fabbisogno finanziario delle imprese.<\/p>\n<hr \/>\n<p style=\"text-align: justify;\"><strong>Anna Gervasoni<\/strong>, \u00e8 Direttore Generale di <a href=\"https:\/\/www.aifi.it\/\">AIFI<\/a> (Associazione italiana del private equity, venture capital e private debt). Professore ordinario di Economia e Gestione delle Imprese presso l\u2019<a href=\"http:\/\/www.liuc.it\/\">Universit\u00e0 Cattaneo-LIUC<\/a> di Castellanza, \u00e8 titolare dei corsi di Finanza d\u2019impresa e di Gestione finanziaria delle imprese; dirige il Master universitario in Merchant Banking e Private Capital ed \u00e8 Direttore del Centro sulla Finanza per lo Sviluppo e l\u2019Innovazione, oltre a presiedere il Comitato Scientifico del Private Equity Monitor-PEM\u00ae e del VEM, Venture Capital Monitor. Dottore commercialista e revisore legale, ricopre il ruolo di Consigliere indipendente in societ\u00e0 quotate nel settore bancario e industriale. Autrice di numerose pubblicazioni, per Guerini Next ha pubblicato <a href=\"https:\/\/www.guerini.it\/index.php\/prodotto\/come-finanziare-l-impresa\/\"><em>Come finanziare l\u2019impresa<\/em><\/a> (2014), <a href=\"https:\/\/www.guerini.it\/index.php\/prodotto\/dieci-lezioni-di-finanza-d-impresa-2\/\"><em>Dieci lezioni di finanza d\u2019impresa<\/em><\/a> (2019) e il manuale <a href=\"https:\/\/www.guerini.it\/index.php\/prodotto\/private-equity-e-venture-capital-2\/\"><em>Private equity e venture capital<\/em><\/a> (VI edizione, 2020).<\/p>\n","protected":false},"excerpt":{"rendered":"<p>&nbsp;<\/p>\n<p>&nbsp;<\/p>\n","protected":false},"featured_media":21340,"template":"","meta":{"_editorskit_title_hidden":false,"_editorskit_reading_time":0,"_editorskit_is_block_options_detached":false,"_editorskit_block_options_position":"{}","_monsterinsights_skip_tracking":false,"_monsterinsights_sitenote_active":false,"_monsterinsights_sitenote_note":"","_monsterinsights_sitenote_category":0},"product_brand":[],"product_cat":[6805,6529,6711],"product_tag":[6763,6760,6762,6761,6764,6765],"class_list":{"0":"post-21339","1":"product","2":"type-product","3":"status-publish","4":"has-post-thumbnail","6":"product_cat-guerini-next","7":"product_cat-economia-e-management","8":"product_cat-finanza","9":"product_tag-banche","10":"product_tag-finanza","11":"product_tag-finanziamenti","12":"product_tag-fintech","13":"product_tag-private-equity","14":"product_tag-strumenti-di-finanziamento-alternativi","15":"pa_guerini_amazon_link-https-www-amazon-it-finanza-alternativa-leconomia-reale-gervasoni-dp-8868963809","16":"pa_guerini_feltrinelli_link-https-tidd-ly-2qywh6r","17":"pa_guerini_ibs_link-https-tidd-ly-39eeqzw","18":"pa_guerini_libruniver_link-https-www-libreriauniversitaria-it-finanza-alternativa-economia-reale-gervasoni-libro-9788868963804","19":"pa_guerini_link_amazon-https-www-amazon-it-dp-b0915nssnn-reftmm_kin_swatch_0_encodingutf8qid1616756329sr8-1","20":"pa_guerini_link_apple_ibook-https-books-apple-com-it-book-finanza-alternativa-per-leconomia-reale-id1560183889","21":"pa_guerini_link_bookrepublic-https-www-bookrepublic-it-ebook-9788868963811-finanza-alternativa-per-leconomia-reale-goware-guerini-next","22":"pa_guerini_link_giunti_punto-https-www-giuntialpunto-it-product-b0915nssnn-libri-finanza-alternativa-l-economia-reale-anna-gervasoni","23":"pa_guerini_link_google_play-https-play-google-com-store-books-details-anna_gervasoni_finanza_alternativa_per_l_economiaidk6qleaaaqbaj","24":"pa_guerini_link_ibs-https-www-ibs-it-finanza-alternativa-per-economia-reale-ebook-anna-gervasoni-e-9788868963811","25":"pa_guerini_link_kobo-https-www-kobo-com-it-it-ebook-finanza-alternativa-per-l-economia-reale","26":"pa_guerini_link_lafeltrinelli-https-tidd-ly-3fbk9bw","27":"pa_guerini_link_mondadori-https-www-mondadoristore-it-finanza-alternativa-economia-anna-gervasoni-eai978886896381","28":"pa_guerini_mondadori_link-https-www-mondadoristore-it-finanza-alternativa-economia-anna-gervasoni-eai978886896380","30":"first","31":"instock","32":"sale","33":"shipping-taxable","34":"purchasable","35":"product-type-simple"},"yoast_head":"<!-- This site is optimized with the Yoast SEO plugin v25.4 - https:\/\/yoast.com\/wordpress\/plugins\/seo\/ -->\n<title>Finanza alternativa per l&#039;economia reale - Guerini e Associati<\/title>\n<meta name=\"description\" content=\"Dai pi\u00f9 conosciuti fondi di private equity e venture capital, alle possibilit\u00e0 meno note come crowdfunding, crediti utp, npl, search funds. Un saggio utile e attuale, d\u2019interesse per consulenti finanziari, imprenditori, manager, CFO.\" \/>\n<meta name=\"robots\" content=\"index, follow, max-snippet:-1, max-image-preview:large, max-video-preview:-1\" \/>\n<link rel=\"canonical\" href=\"https:\/\/www.guerini.it\/index.php\/prodotto\/finanza-alternativa-per-leconomia-reale\/\" \/>\n<meta property=\"og:locale\" content=\"it_IT\" \/>\n<meta property=\"og:type\" content=\"article\" \/>\n<meta property=\"og:title\" content=\"Finanza alternativa per l&#039;economia reale - Guerini e Associati\" \/>\n<meta property=\"og:description\" content=\"Dai pi\u00f9 conosciuti fondi di private equity e venture capital, alle possibilit\u00e0 meno note come crowdfunding, crediti utp, npl, search funds. Un saggio utile e attuale, d\u2019interesse per consulenti finanziari, imprenditori, manager, CFO.\" \/>\n<meta property=\"og:url\" content=\"https:\/\/www.guerini.it\/index.php\/prodotto\/finanza-alternativa-per-leconomia-reale\/\" \/>\n<meta property=\"og:site_name\" content=\"Guerini e Associati\" \/>\n<meta property=\"article:modified_time\" content=\"2024-06-09T18:24:58+00:00\" \/>\n<meta property=\"og:image\" content=\"https:\/\/www.guerini.it\/wp-content\/uploads\/2021\/03\/Front-Cover-FINANZA-ALTERNATIVA-e1615208570815.jpg\" \/>\n\t<meta property=\"og:image:width\" content=\"233\" \/>\n\t<meta property=\"og:image:height\" content=\"350\" \/>\n\t<meta property=\"og:image:type\" content=\"image\/jpeg\" \/>\n<meta name=\"twitter:card\" content=\"summary_large_image\" \/>\n<meta name=\"twitter:label1\" content=\"Tempo di lettura stimato\" \/>\n\t<meta name=\"twitter:data1\" content=\"2 minuti\" \/>\n<!-- \/ Yoast SEO plugin. -->","yoast_head_json":{"title":"Finanza alternativa per l'economia reale - Guerini e Associati","description":"Dai pi\u00f9 conosciuti fondi di private equity e venture capital, alle possibilit\u00e0 meno note come crowdfunding, crediti utp, npl, search funds. Un saggio utile e attuale, d\u2019interesse per consulenti finanziari, imprenditori, manager, CFO.","robots":{"index":"index","follow":"follow","max-snippet":"max-snippet:-1","max-image-preview":"max-image-preview:large","max-video-preview":"max-video-preview:-1"},"canonical":"https:\/\/www.guerini.it\/index.php\/prodotto\/finanza-alternativa-per-leconomia-reale\/","og_locale":"it_IT","og_type":"article","og_title":"Finanza alternativa per l'economia reale - Guerini e Associati","og_description":"Dai pi\u00f9 conosciuti fondi di private equity e venture capital, alle possibilit\u00e0 meno note come crowdfunding, crediti utp, npl, search funds. Un saggio utile e attuale, d\u2019interesse per consulenti finanziari, imprenditori, manager, CFO.","og_url":"https:\/\/www.guerini.it\/index.php\/prodotto\/finanza-alternativa-per-leconomia-reale\/","og_site_name":"Guerini e Associati","article_modified_time":"2024-06-09T18:24:58+00:00","og_image":[{"width":233,"height":350,"url":"https:\/\/www.guerini.it\/wp-content\/uploads\/2021\/03\/Front-Cover-FINANZA-ALTERNATIVA-e1615208570815.jpg","type":"image\/jpeg"}],"twitter_card":"summary_large_image","twitter_misc":{"Tempo di lettura stimato":"2 minuti"},"schema":{"@context":"https:\/\/schema.org","@graph":[{"@type":"WebPage","@id":"https:\/\/www.guerini.it\/index.php\/prodotto\/finanza-alternativa-per-leconomia-reale\/","url":"https:\/\/www.guerini.it\/index.php\/prodotto\/finanza-alternativa-per-leconomia-reale\/","name":"Finanza alternativa per l'economia reale - Guerini e Associati","isPartOf":{"@id":"https:\/\/www.guerini.it\/#website"},"primaryImageOfPage":{"@id":"https:\/\/www.guerini.it\/index.php\/prodotto\/finanza-alternativa-per-leconomia-reale\/#primaryimage"},"image":{"@id":"https:\/\/www.guerini.it\/index.php\/prodotto\/finanza-alternativa-per-leconomia-reale\/#primaryimage"},"thumbnailUrl":"https:\/\/www.guerini.it\/wp-content\/uploads\/2021\/03\/Front-Cover-FINANZA-ALTERNATIVA-e1615208570815.jpg","datePublished":"2021-03-08T13:08:22+00:00","dateModified":"2024-06-09T18:24:58+00:00","description":"Dai pi\u00f9 conosciuti fondi di private equity e venture capital, alle possibilit\u00e0 meno note come crowdfunding, crediti utp, npl, search funds. Un saggio utile e attuale, d\u2019interesse per consulenti finanziari, imprenditori, manager, CFO.","breadcrumb":{"@id":"https:\/\/www.guerini.it\/index.php\/prodotto\/finanza-alternativa-per-leconomia-reale\/#breadcrumb"},"inLanguage":"it-IT","potentialAction":[{"@type":"ReadAction","target":["https:\/\/www.guerini.it\/index.php\/prodotto\/finanza-alternativa-per-leconomia-reale\/"]}]},{"@type":"ImageObject","inLanguage":"it-IT","@id":"https:\/\/www.guerini.it\/index.php\/prodotto\/finanza-alternativa-per-leconomia-reale\/#primaryimage","url":"https:\/\/www.guerini.it\/wp-content\/uploads\/2021\/03\/Front-Cover-FINANZA-ALTERNATIVA-e1615208570815.jpg","contentUrl":"https:\/\/www.guerini.it\/wp-content\/uploads\/2021\/03\/Front-Cover-FINANZA-ALTERNATIVA-e1615208570815.jpg","width":233,"height":350,"caption":"Copertina del libro Finanza alternativa per l'economia reale"},{"@type":"BreadcrumbList","@id":"https:\/\/www.guerini.it\/index.php\/prodotto\/finanza-alternativa-per-leconomia-reale\/#breadcrumb","itemListElement":[{"@type":"ListItem","position":1,"name":"Home","item":"https:\/\/www.guerini.it\/"},{"@type":"ListItem","position":2,"name":"Catalogo","item":"https:\/\/www.guerini.it\/index.php\/negozio\/"},{"@type":"ListItem","position":3,"name":"Finanza alternativa per l&#8217;economia reale"}]},{"@type":"WebSite","@id":"https:\/\/www.guerini.it\/#website","url":"https:\/\/www.guerini.it\/","name":"Guerini e Associati","description":"30 anni di libri, idee e libert\u00e0","publisher":{"@id":"https:\/\/www.guerini.it\/#organization"},"potentialAction":[{"@type":"SearchAction","target":{"@type":"EntryPoint","urlTemplate":"https:\/\/www.guerini.it\/?s={search_term_string}"},"query-input":{"@type":"PropertyValueSpecification","valueRequired":true,"valueName":"search_term_string"}}],"inLanguage":"it-IT"},{"@type":"Organization","@id":"https:\/\/www.guerini.it\/#organization","name":"Guerini e Associati","url":"https:\/\/www.guerini.it\/","logo":{"@type":"ImageObject","inLanguage":"it-IT","@id":"https:\/\/www.guerini.it\/#\/schema\/logo\/image\/","url":"https:\/\/www.guerini.it\/wp-content\/uploads\/2021\/03\/Logo-Guerini-OK_-e1615831292285.png","contentUrl":"https:\/\/www.guerini.it\/wp-content\/uploads\/2021\/03\/Logo-Guerini-OK_-e1615831292285.png","width":2805,"height":1870,"caption":"Guerini e Associati"},"image":{"@id":"https:\/\/www.guerini.it\/#\/schema\/logo\/image\/"}}]}},"_links":{"self":[{"href":"https:\/\/www.guerini.it\/index.php\/wp-json\/wp\/v2\/product\/21339","targetHints":{"allow":["GET"]}}],"collection":[{"href":"https:\/\/www.guerini.it\/index.php\/wp-json\/wp\/v2\/product"}],"about":[{"href":"https:\/\/www.guerini.it\/index.php\/wp-json\/wp\/v2\/types\/product"}],"wp:featuredmedia":[{"embeddable":true,"href":"https:\/\/www.guerini.it\/index.php\/wp-json\/wp\/v2\/media\/21340"}],"wp:attachment":[{"href":"https:\/\/www.guerini.it\/index.php\/wp-json\/wp\/v2\/media?parent=21339"}],"wp:term":[{"taxonomy":"product_brand","embeddable":true,"href":"https:\/\/www.guerini.it\/index.php\/wp-json\/wp\/v2\/product_brand?post=21339"},{"taxonomy":"product_cat","embeddable":true,"href":"https:\/\/www.guerini.it\/index.php\/wp-json\/wp\/v2\/product_cat?post=21339"},{"taxonomy":"product_tag","embeddable":true,"href":"https:\/\/www.guerini.it\/index.php\/wp-json\/wp\/v2\/product_tag?post=21339"}],"curies":[{"name":"wp","href":"https:\/\/api.w.org\/{rel}","templated":true}]}}