{"id":21742,"date":"2021-03-19T11:06:18","date_gmt":"2021-03-19T10:06:18","guid":{"rendered":"https:\/\/www.guerini.it\/?post_type=product&#038;p=21742"},"modified":"2026-01-22T12:56:34","modified_gmt":"2026-01-22T11:56:34","slug":"economia-circolare-e-management","status":"publish","type":"product","link":"https:\/\/www.guerini.it\/index.php\/prodotto\/economia-circolare-e-management\/","title":{"rendered":"Economia circolare e management"},"content":{"rendered":"<blockquote><p>\u00abIl libro ha il grande pregio di affrontare la transizione da un modello di economia lineare a uno circolare, che sar\u00e0 l\u2019imperativo per imprese e istituzioni nei prossimi anni. Solo grazie allo sviluppo di modelli di business circolari potremo garantire una crescita economica sostenibile e duratura del nostro sistema economico, salvaguardando al contempo il pianeta dallo sfruttamento eccessivo degli ecosistemi e il depauperamento delle risorse\u00bb.<br \/>\nLorenzo Solimene, KPMG Advisory S.p.A., Associate Partner Sustainability Services<\/p>\n<p>\u00abL\u2019economia circolare \u00e8 cruciale se vogliamo capire come si evolver\u00e0 il futuro e come potremo modellarlo: si tratta di ricollegare business e societ\u00e0. Come? Coltivando il capitale economico, naturale e sociale all\u2019interno di un modello di economia reale che \u00e8 rigenerativo by design, grazie all\u2019innovazione e a un cambiamento sistematico del mindset\u00bb.<br \/>\nMassimiano Tellini, Intesa Sanpaolo S.p.A., Global Head Circular Economy<\/p>\n<p>\u00abL\u2019economia circolare nel nostro Paese \u00e8 gi\u00e0 realt\u00e0 in diversi territori grazie al lavoro di istituzioni, societ\u00e0 pubbliche e private, universit\u00e0 e centri di ricerca che fanno in Italia quello che neanche i Paesi del nord Europa sono in grado di realizzare. Ma per far decollare il settore occorre rimuovere gli ostacoli che lo rallentano: tra questi la burocrazia asfissiante, l\u2019inadeguatezza di chi decide le politiche, le insufficienti risorse destinate alla ricerca, il mancato consenso sociale alla realizzazione dei necessari impianti. Passa anche dalla risoluzione di questi problemi la definitiva consacrazione dell\u2019economia circolare made in Italy\u00bb.<br \/>\nStefano Ciafani, Presidente nazionale, Legambiente Onlus<\/p><\/blockquote>\n<p>&nbsp;<\/p>\n<p style=\"text-align: justify;\"><strong>Il volume fa parte della collana\u00a0<a href=\"https:\/\/www.guerini.it\/index.php\/categoria-prodotto\/default-category\/economia-e-management\/universita-cattaneo-libri\/\"><em>Universit\u00e0 Cattaneo Libri<\/em><\/a><\/strong><\/p>\n<hr \/>\n<p style=\"text-align: justify;\"><strong>Alessandro Creazza<\/strong>, PhD, \u00e8 professore associato di Logistica e Supply Chain Management presso la Scuola di Ingegneria Industriale di LIUC \u2013 Universit\u00e0 Cattaneo. \u00c8 specializzato in tematiche di progettazione e gestione di supply chain internazionali con considerazioni di rischio e sostenibilit\u00e0. Su questi temi ha prodotto numerose pubblicazioni scientifiche su riviste internazionali.<\/p>\n<p style=\"text-align: justify;\"><strong>Emanuele Pizzurno<\/strong>, PhD, \u00e8 ricercatore nell\u2019area dell\u2019ingegneria economico-gestionale presso la Scuola di Ingegneria Industriale di LIUC \u2013 Universit\u00e0 Cattaneo e visiting professor presso l\u2019Universit\u00e0 Nordakademie di Amburgo. I temi di ricerca e di didattica prevalenti riguardano la gestione dell\u2019innovazione e della sostenibilit\u00e0, su cui \u00e8 autore di numerose pubblicazioni scientifiche internazionali.<\/p>\n<p style=\"text-align: justify;\"><strong>Andrea Urbinati<\/strong>, PhD, \u00e8 Assistant Professor di Analisi Strategica e Progettazione Organizzativa presso la Scuola di Ingegneria Industriale di LIUC \u2013 Universit\u00e0 Cattaneo. Le sue aree di ricerca sono negli ambiti dell\u2019economia circolare e della costruzione di modelli di business circolari. Su questi argomenti \u00e8 autore di numerose pubblicazioni su riviste internazionali.<\/p>\n<p><strong>Permalink:\u00a0<a href=\"http:\/\/digital.casalini.it\/9788868964023\">http:\/\/digital.casalini.it\/9788868964023<\/a><\/strong><\/p>\n","protected":false},"excerpt":{"rendered":"<p>&nbsp;<\/p>\n<p>&nbsp;<\/p>\n<p>&nbsp;<\/p>\n<p>&nbsp;<\/p>\n","protected":false},"featured_media":21743,"template":"","meta":{"_editorskit_title_hidden":false,"_editorskit_reading_time":0,"_editorskit_is_block_options_detached":false,"_editorskit_block_options_position":"{}","_monsterinsights_skip_tracking":false,"_monsterinsights_sitenote_active":false,"_monsterinsights_sitenote_note":"","_monsterinsights_sitenote_category":0},"product_brand":[],"product_cat":[6805,6529,6700],"product_tag":[6837,6803],"class_list":{"0":"post-21742","1":"product","2":"type-product","3":"status-publish","4":"has-post-thumbnail","6":"product_cat-guerini-next","7":"product_cat-economia-e-management","8":"product_cat-universita-cattaneo-libri","9":"product_tag-economia-circolare","10":"product_tag-management","11":"pa_guerini_amazon_link-https-amzn-to-3qzbnzp","12":"pa_guerini_feltrinelli_link-https-www-lafeltrinelli-it-economia-circolare-management-nuovo-approccio-libro-vari-e-9788868963705","13":"pa_guerini_ibs_link-https-tidd-ly-3evrjlk","14":"pa_guerini_libruniver_link-https-www-libreriauniversitaria-it-economia-circolare-management-nuovo-approccio-libro-9788868963705","15":"pa_guerini_link_amazon-https-www-amazon-it-dp-b092z6xk5h","16":"pa_guerini_link_apple_ibook-https-books-apple-com-it-book-economia-circolare-e-management-nuovo-approccio-industriale-id1563792456","17":"pa_guerini_link_bookrepublic-https-www-bookrepublic-it-ebook-9788868964023-economia-circolare-e-management-un-nuovo-approccio-industriale-per-la-gestione-dimpresa-goware-guerini-next","18":"pa_guerini_link_giunti_punto-https-www-giuntialpunto-it-product-b092z6xk5h-libri-economia-circolare-e-management-un-nuovo-approccio-industriale-la-gestione","19":"pa_guerini_link_google_play-https-play-google-com-store-books-details-alessandro_creazza_economia_circolare_e_managementidtdwqeaaaqbaj","20":"pa_guerini_link_ibs-https-tidd-ly-2qudx2z","21":"pa_guerini_link_kobo-https-www-kobo-com-it-it-ebook-economia-circolare-e-management-un-nuovo-approccio-industriale-per-la-gestione-d-impresa","22":"pa_guerini_link_lafeltrinelli-https-tidd-ly-3vrgobi","23":"pa_guerini_mondadori_link-https-www-mondadoristore-it-economia-circolare-na-eai978886896370","25":"first","26":"instock","27":"sale","28":"shipping-taxable","29":"purchasable","30":"product-type-simple"},"yoast_head":"<!-- This site is optimized with the Yoast SEO plugin v25.4 - https:\/\/yoast.com\/wordpress\/plugins\/seo\/ -->\n<title>Economia circolare e management - Guerini e Associati<\/title>\n<meta name=\"robots\" content=\"index, follow, max-snippet:-1, max-image-preview:large, max-video-preview:-1\" \/>\n<link rel=\"canonical\" href=\"https:\/\/www.guerini.it\/index.php\/prodotto\/economia-circolare-e-management\/\" \/>\n<meta property=\"og:locale\" content=\"it_IT\" \/>\n<meta property=\"og:type\" content=\"article\" \/>\n<meta property=\"og:title\" content=\"Economia circolare e management - Guerini e Associati\" \/>\n<meta property=\"og:description\" content=\"&nbsp;  &nbsp;  &nbsp;  &nbsp;\" \/>\n<meta property=\"og:url\" content=\"https:\/\/www.guerini.it\/index.php\/prodotto\/economia-circolare-e-management\/\" \/>\n<meta property=\"og:site_name\" content=\"Guerini e Associati\" \/>\n<meta property=\"article:modified_time\" content=\"2026-01-22T11:56:34+00:00\" \/>\n<meta property=\"og:image\" content=\"https:\/\/www.guerini.it\/wp-content\/uploads\/2021\/03\/Front-Cover-ECONOMIA-CIRCOLARE-E-MANAGEMENT-LIUC-scaled-e1616148347443.jpg\" \/>\n\t<meta property=\"og:image:width\" content=\"228\" \/>\n\t<meta property=\"og:image:height\" content=\"350\" \/>\n\t<meta property=\"og:image:type\" content=\"image\/jpeg\" \/>\n<meta name=\"twitter:card\" content=\"summary_large_image\" \/>\n<meta name=\"twitter:label1\" content=\"Tempo di lettura stimato\" \/>\n\t<meta name=\"twitter:data1\" content=\"2 minuti\" \/>\n<!-- \/ Yoast SEO plugin. -->","yoast_head_json":{"title":"Economia circolare e management - Guerini e Associati","robots":{"index":"index","follow":"follow","max-snippet":"max-snippet:-1","max-image-preview":"max-image-preview:large","max-video-preview":"max-video-preview:-1"},"canonical":"https:\/\/www.guerini.it\/index.php\/prodotto\/economia-circolare-e-management\/","og_locale":"it_IT","og_type":"article","og_title":"Economia circolare e management - Guerini e Associati","og_description":"&nbsp;  &nbsp;  &nbsp;  &nbsp;","og_url":"https:\/\/www.guerini.it\/index.php\/prodotto\/economia-circolare-e-management\/","og_site_name":"Guerini e Associati","article_modified_time":"2026-01-22T11:56:34+00:00","og_image":[{"width":228,"height":350,"url":"https:\/\/www.guerini.it\/wp-content\/uploads\/2021\/03\/Front-Cover-ECONOMIA-CIRCOLARE-E-MANAGEMENT-LIUC-scaled-e1616148347443.jpg","type":"image\/jpeg"}],"twitter_card":"summary_large_image","twitter_misc":{"Tempo di lettura stimato":"2 minuti"},"schema":{"@context":"https:\/\/schema.org","@graph":[{"@type":"WebPage","@id":"https:\/\/www.guerini.it\/index.php\/prodotto\/economia-circolare-e-management\/","url":"https:\/\/www.guerini.it\/index.php\/prodotto\/economia-circolare-e-management\/","name":"Economia circolare e management - Guerini e Associati","isPartOf":{"@id":"https:\/\/www.guerini.it\/#website"},"primaryImageOfPage":{"@id":"https:\/\/www.guerini.it\/index.php\/prodotto\/economia-circolare-e-management\/#primaryimage"},"image":{"@id":"https:\/\/www.guerini.it\/index.php\/prodotto\/economia-circolare-e-management\/#primaryimage"},"thumbnailUrl":"https:\/\/www.guerini.it\/wp-content\/uploads\/2021\/03\/Front-Cover-ECONOMIA-CIRCOLARE-E-MANAGEMENT-LIUC-scaled-e1616148347443.jpg","datePublished":"2021-03-19T10:06:18+00:00","dateModified":"2026-01-22T11:56:34+00:00","breadcrumb":{"@id":"https:\/\/www.guerini.it\/index.php\/prodotto\/economia-circolare-e-management\/#breadcrumb"},"inLanguage":"it-IT","potentialAction":[{"@type":"ReadAction","target":["https:\/\/www.guerini.it\/index.php\/prodotto\/economia-circolare-e-management\/"]}]},{"@type":"ImageObject","inLanguage":"it-IT","@id":"https:\/\/www.guerini.it\/index.php\/prodotto\/economia-circolare-e-management\/#primaryimage","url":"https:\/\/www.guerini.it\/wp-content\/uploads\/2021\/03\/Front-Cover-ECONOMIA-CIRCOLARE-E-MANAGEMENT-LIUC-scaled-e1616148347443.jpg","contentUrl":"https:\/\/www.guerini.it\/wp-content\/uploads\/2021\/03\/Front-Cover-ECONOMIA-CIRCOLARE-E-MANAGEMENT-LIUC-scaled-e1616148347443.jpg","width":228,"height":350,"caption":"Copertina del libro Economia circolare e management"},{"@type":"BreadcrumbList","@id":"https:\/\/www.guerini.it\/index.php\/prodotto\/economia-circolare-e-management\/#breadcrumb","itemListElement":[{"@type":"ListItem","position":1,"name":"Home","item":"https:\/\/www.guerini.it\/"},{"@type":"ListItem","position":2,"name":"Catalogo","item":"https:\/\/www.guerini.it\/index.php\/negozio\/"},{"@type":"ListItem","position":3,"name":"Economia circolare e management"}]},{"@type":"WebSite","@id":"https:\/\/www.guerini.it\/#website","url":"https:\/\/www.guerini.it\/","name":"Guerini e Associati","description":"30 anni di libri, idee e libert\u00e0","publisher":{"@id":"https:\/\/www.guerini.it\/#organization"},"potentialAction":[{"@type":"SearchAction","target":{"@type":"EntryPoint","urlTemplate":"https:\/\/www.guerini.it\/?s={search_term_string}"},"query-input":{"@type":"PropertyValueSpecification","valueRequired":true,"valueName":"search_term_string"}}],"inLanguage":"it-IT"},{"@type":"Organization","@id":"https:\/\/www.guerini.it\/#organization","name":"Guerini e Associati","url":"https:\/\/www.guerini.it\/","logo":{"@type":"ImageObject","inLanguage":"it-IT","@id":"https:\/\/www.guerini.it\/#\/schema\/logo\/image\/","url":"https:\/\/www.guerini.it\/wp-content\/uploads\/2021\/03\/Logo-Guerini-OK_-e1615831292285.png","contentUrl":"https:\/\/www.guerini.it\/wp-content\/uploads\/2021\/03\/Logo-Guerini-OK_-e1615831292285.png","width":2805,"height":1870,"caption":"Guerini e Associati"},"image":{"@id":"https:\/\/www.guerini.it\/#\/schema\/logo\/image\/"}}]}},"_links":{"self":[{"href":"https:\/\/www.guerini.it\/index.php\/wp-json\/wp\/v2\/product\/21742","targetHints":{"allow":["GET"]}}],"collection":[{"href":"https:\/\/www.guerini.it\/index.php\/wp-json\/wp\/v2\/product"}],"about":[{"href":"https:\/\/www.guerini.it\/index.php\/wp-json\/wp\/v2\/types\/product"}],"wp:featuredmedia":[{"embeddable":true,"href":"https:\/\/www.guerini.it\/index.php\/wp-json\/wp\/v2\/media\/21743"}],"wp:attachment":[{"href":"https:\/\/www.guerini.it\/index.php\/wp-json\/wp\/v2\/media?parent=21742"}],"wp:term":[{"taxonomy":"product_brand","embeddable":true,"href":"https:\/\/www.guerini.it\/index.php\/wp-json\/wp\/v2\/product_brand?post=21742"},{"taxonomy":"product_cat","embeddable":true,"href":"https:\/\/www.guerini.it\/index.php\/wp-json\/wp\/v2\/product_cat?post=21742"},{"taxonomy":"product_tag","embeddable":true,"href":"https:\/\/www.guerini.it\/index.php\/wp-json\/wp\/v2\/product_tag?post=21742"}],"curies":[{"name":"wp","href":"https:\/\/api.w.org\/{rel}","templated":true}]}}