{"id":21858,"date":"2021-04-15T10:13:10","date_gmt":"2021-04-15T08:13:10","guid":{"rendered":"https:\/\/www.guerini.it\/?post_type=product&#038;p=21858"},"modified":"2024-06-09T20:25:02","modified_gmt":"2024-06-09T18:25:02","slug":"bonaldo-stringher","status":"publish","type":"product","link":"https:\/\/www.guerini.it\/index.php\/prodotto\/bonaldo-stringher\/","title":{"rendered":"Bonaldo Stringher"},"content":{"rendered":"<p style=\"text-align: center;\"><em>\u00abL\u2019uomo non dev\u2019essere considerato dalla scienza economica<br \/>\ncome un semplice fattore della produzione,<br \/>\n<\/em><em>bens\u00ec come il grande soggetto d\u2019ogni funzione economica\u00bb.<\/em><\/p>\n<p style=\"text-align: justify;\">In questa frase c\u2019\u00e8 tutta la straordinaria modernit\u00e0 e attualit\u00e0 del lascito di Bonaldo Stringher, protagonista della vita economica, istituzionale e sociale nella costruzione dell\u2019Italia unita. Fu il primo Governatore della Banca d\u2019Italia. Da profondo conoscitore dei valori e dell\u2019esperienza europea della cooperazione \u00e8 considerato, insieme a Luigi Luzzatti, il fondatore del sistema delle banche popolari e del territorio in Italia. Una storia del nostro Paese, attraverso la quale \u00e8 possibile dare risposte a tanti quesiti del nuovo millennio e delle sue ricorrenti crisi economiche, nella convinzione che il nostro futuro \u00e8 scritto nella nostra storia.<\/p>\n<hr \/>\n<p style=\"text-align: justify;\"><strong>Giuseppe De Lucia Lumeno<\/strong> \u00e8 il segretario generale dell\u2019Associazione Nazionale fra le Banche Popolari. Dopo un\u2019intensa attivit\u00e0 accademica \u00e8 stato direttore generale e amministratore delegato di diversi istituti di credito e presidente di una compagnia di assicurazione. \u00c8 autore di numerose pubblicazioni di economia, storia ed etica.<\/p>\n<p><strong>Permalink:\u00a0<\/strong><a href=\"http:\/\/digital.casalini.it\/9788862508216\">http:\/\/digital.casalini.it\/9788862508216<\/a><\/p>\n","protected":false},"excerpt":{"rendered":"<p>&nbsp;<\/p>\n<p>&nbsp;<\/p>\n<p>&nbsp;<\/p>\n","protected":false},"featured_media":21860,"template":"","meta":{"_editorskit_title_hidden":false,"_editorskit_reading_time":0,"_editorskit_is_block_options_detached":false,"_editorskit_block_options_position":"{}","_monsterinsights_skip_tracking":false,"_monsterinsights_sitenote_active":false,"_monsterinsights_sitenote_note":"","_monsterinsights_sitenote_category":0},"product_brand":[],"product_cat":[6636],"product_tag":[6954,6763,6953,6950,6951,6952],"class_list":{"0":"post-21858","1":"product","2":"type-product","3":"status-publish","4":"has-post-thumbnail","6":"product_cat-di-storie-in-storia","7":"product_tag-banca-ditalia","8":"product_tag-banche","9":"product_tag-banche-popolari","10":"product_tag-politica-economica","11":"product_tag-storia-economica","12":"product_tag-sviluppo-economico","13":"pa_guerini_amazon_link-https-www-amazon-it-stringher-serenit-fermezza-economica-dellitalia-dp-8862508212","14":"pa_guerini_feltrinelli_link-https-www-lafeltrinelli-it-bonaldo-stringher-serenita-calma-fermezza-libro-giuseppe-de-lucia-lumeno-e-9788862508216","15":"pa_guerini_ibs_link-https-tidd-ly-3wyurlx","16":"pa_guerini_libruniver_link-https-www-libreriauniversitaria-it-bonaldo-stringher-serenita-calma-fermezza-libro-9788862508216","17":"pa_guerini_link_amazon-https-www-amazon-it-dp-b093smw4qq","18":"pa_guerini_link_apple_ibook-https-books-apple-com-it-book-bonaldo-stringher-serenit-calma-e-fermezza-una-storia-id1565151177","19":"pa_guerini_link_bookrepublic-https-www-bookrepublic-it-ebook-9788881954322-bonaldo-stringher-serenita-calma-e-fermezza-una-storia-economica-dellitalia-goware-e-edizioni-angelo-guerini-e-associati","20":"pa_guerini_link_giunti_punto-https-www-giuntialpunto-it-product-b093smw4qq-libri-bonaldo-stringher-serenit-calma-e-fermezza-una-storia-economica-dell-italia","21":"pa_guerini_link_google_play-https-play-google-com-store-books-details-giuseppe_de_lucia_lumeno_bonaldo_stringher_serenitidzl4reaaaqbaj","22":"pa_guerini_link_ibs-https-www-ibs-it-bonaldo-stringher-serenita-calma-fermezza-ebook-giuseppe-de-lucia-lumeno-e-9788881954322","23":"pa_guerini_link_kobo-https-www-kobo-com-it-it-ebook-bonaldo-stringher-serenita-calma-e-fermezza-una-storia-economica-dell-italia","24":"pa_guerini_link_lafeltrinelli-https-www-lafeltrinelli-it-bonaldo-stringher-serenita-calma-fermezza-ebook-giuseppe-de-lucia-lumeno-e-9788881954322","25":"pa_guerini_link_mondadori-https-www-mondadoristore-it-bonaldo-stringher-serenita-giuseppe-de-lucia-lumeno-eai978888195432","26":"pa_guerini_mondadori_link-https-www-mondadoristore-it-bonaldo-stringher-serenita-giuseppe-de-lucia-lumeno-eai978886250821","28":"first","29":"instock","30":"sale","31":"shipping-taxable","32":"purchasable","33":"product-type-simple"},"yoast_head":"<!-- This site is optimized with the Yoast SEO plugin v25.4 - https:\/\/yoast.com\/wordpress\/plugins\/seo\/ -->\n<title>Bonaldo Stringher - Guerini e Associati<\/title>\n<meta name=\"robots\" content=\"index, follow, max-snippet:-1, max-image-preview:large, max-video-preview:-1\" \/>\n<link rel=\"canonical\" href=\"https:\/\/www.guerini.it\/index.php\/prodotto\/bonaldo-stringher\/\" \/>\n<meta property=\"og:locale\" content=\"it_IT\" \/>\n<meta property=\"og:type\" content=\"article\" \/>\n<meta property=\"og:title\" content=\"Bonaldo Stringher - Guerini e Associati\" \/>\n<meta property=\"og:description\" content=\"&nbsp;  &nbsp;  &nbsp;\" \/>\n<meta property=\"og:url\" content=\"https:\/\/www.guerini.it\/index.php\/prodotto\/bonaldo-stringher\/\" \/>\n<meta property=\"og:site_name\" content=\"Guerini e Associati\" \/>\n<meta property=\"article:modified_time\" content=\"2024-06-09T18:25:02+00:00\" \/>\n<meta property=\"og:image\" content=\"https:\/\/www.guerini.it\/wp-content\/uploads\/2021\/04\/Front-Cover-BONALDO-STRINGHER-scaled-e1618473861975.jpg\" \/>\n\t<meta property=\"og:image:width\" content=\"225\" \/>\n\t<meta property=\"og:image:height\" content=\"350\" \/>\n\t<meta property=\"og:image:type\" content=\"image\/jpeg\" \/>\n<meta name=\"twitter:card\" content=\"summary_large_image\" \/>\n<meta name=\"twitter:label1\" content=\"Tempo di lettura stimato\" \/>\n\t<meta name=\"twitter:data1\" content=\"2 minuti\" \/>\n<!-- \/ Yoast SEO plugin. -->","yoast_head_json":{"title":"Bonaldo Stringher - Guerini e Associati","robots":{"index":"index","follow":"follow","max-snippet":"max-snippet:-1","max-image-preview":"max-image-preview:large","max-video-preview":"max-video-preview:-1"},"canonical":"https:\/\/www.guerini.it\/index.php\/prodotto\/bonaldo-stringher\/","og_locale":"it_IT","og_type":"article","og_title":"Bonaldo Stringher - Guerini e Associati","og_description":"&nbsp;  &nbsp;  &nbsp;","og_url":"https:\/\/www.guerini.it\/index.php\/prodotto\/bonaldo-stringher\/","og_site_name":"Guerini e Associati","article_modified_time":"2024-06-09T18:25:02+00:00","og_image":[{"width":225,"height":350,"url":"https:\/\/www.guerini.it\/wp-content\/uploads\/2021\/04\/Front-Cover-BONALDO-STRINGHER-scaled-e1618473861975.jpg","type":"image\/jpeg"}],"twitter_card":"summary_large_image","twitter_misc":{"Tempo di lettura stimato":"2 minuti"},"schema":{"@context":"https:\/\/schema.org","@graph":[{"@type":"WebPage","@id":"https:\/\/www.guerini.it\/index.php\/prodotto\/bonaldo-stringher\/","url":"https:\/\/www.guerini.it\/index.php\/prodotto\/bonaldo-stringher\/","name":"Bonaldo Stringher - Guerini e Associati","isPartOf":{"@id":"https:\/\/www.guerini.it\/#website"},"primaryImageOfPage":{"@id":"https:\/\/www.guerini.it\/index.php\/prodotto\/bonaldo-stringher\/#primaryimage"},"image":{"@id":"https:\/\/www.guerini.it\/index.php\/prodotto\/bonaldo-stringher\/#primaryimage"},"thumbnailUrl":"https:\/\/www.guerini.it\/wp-content\/uploads\/2021\/04\/Front-Cover-BONALDO-STRINGHER-scaled-e1618473861975.jpg","datePublished":"2021-04-15T08:13:10+00:00","dateModified":"2024-06-09T18:25:02+00:00","breadcrumb":{"@id":"https:\/\/www.guerini.it\/index.php\/prodotto\/bonaldo-stringher\/#breadcrumb"},"inLanguage":"it-IT","potentialAction":[{"@type":"ReadAction","target":["https:\/\/www.guerini.it\/index.php\/prodotto\/bonaldo-stringher\/"]}]},{"@type":"ImageObject","inLanguage":"it-IT","@id":"https:\/\/www.guerini.it\/index.php\/prodotto\/bonaldo-stringher\/#primaryimage","url":"https:\/\/www.guerini.it\/wp-content\/uploads\/2021\/04\/Front-Cover-BONALDO-STRINGHER-scaled-e1618473861975.jpg","contentUrl":"https:\/\/www.guerini.it\/wp-content\/uploads\/2021\/04\/Front-Cover-BONALDO-STRINGHER-scaled-e1618473861975.jpg","width":225,"height":350,"caption":"Copertina del libro Bonaldo Stringher"},{"@type":"BreadcrumbList","@id":"https:\/\/www.guerini.it\/index.php\/prodotto\/bonaldo-stringher\/#breadcrumb","itemListElement":[{"@type":"ListItem","position":1,"name":"Home","item":"https:\/\/www.guerini.it\/"},{"@type":"ListItem","position":2,"name":"Catalogo","item":"https:\/\/www.guerini.it\/index.php\/negozio\/"},{"@type":"ListItem","position":3,"name":"Bonaldo Stringher"}]},{"@type":"WebSite","@id":"https:\/\/www.guerini.it\/#website","url":"https:\/\/www.guerini.it\/","name":"Guerini e Associati","description":"30 anni di libri, idee e libert\u00e0","publisher":{"@id":"https:\/\/www.guerini.it\/#organization"},"potentialAction":[{"@type":"SearchAction","target":{"@type":"EntryPoint","urlTemplate":"https:\/\/www.guerini.it\/?s={search_term_string}"},"query-input":{"@type":"PropertyValueSpecification","valueRequired":true,"valueName":"search_term_string"}}],"inLanguage":"it-IT"},{"@type":"Organization","@id":"https:\/\/www.guerini.it\/#organization","name":"Guerini e Associati","url":"https:\/\/www.guerini.it\/","logo":{"@type":"ImageObject","inLanguage":"it-IT","@id":"https:\/\/www.guerini.it\/#\/schema\/logo\/image\/","url":"https:\/\/www.guerini.it\/wp-content\/uploads\/2021\/03\/Logo-Guerini-OK_-e1615831292285.png","contentUrl":"https:\/\/www.guerini.it\/wp-content\/uploads\/2021\/03\/Logo-Guerini-OK_-e1615831292285.png","width":2805,"height":1870,"caption":"Guerini e Associati"},"image":{"@id":"https:\/\/www.guerini.it\/#\/schema\/logo\/image\/"}}]}},"_links":{"self":[{"href":"https:\/\/www.guerini.it\/index.php\/wp-json\/wp\/v2\/product\/21858","targetHints":{"allow":["GET"]}}],"collection":[{"href":"https:\/\/www.guerini.it\/index.php\/wp-json\/wp\/v2\/product"}],"about":[{"href":"https:\/\/www.guerini.it\/index.php\/wp-json\/wp\/v2\/types\/product"}],"wp:featuredmedia":[{"embeddable":true,"href":"https:\/\/www.guerini.it\/index.php\/wp-json\/wp\/v2\/media\/21860"}],"wp:attachment":[{"href":"https:\/\/www.guerini.it\/index.php\/wp-json\/wp\/v2\/media?parent=21858"}],"wp:term":[{"taxonomy":"product_brand","embeddable":true,"href":"https:\/\/www.guerini.it\/index.php\/wp-json\/wp\/v2\/product_brand?post=21858"},{"taxonomy":"product_cat","embeddable":true,"href":"https:\/\/www.guerini.it\/index.php\/wp-json\/wp\/v2\/product_cat?post=21858"},{"taxonomy":"product_tag","embeddable":true,"href":"https:\/\/www.guerini.it\/index.php\/wp-json\/wp\/v2\/product_tag?post=21858"}],"curies":[{"name":"wp","href":"https:\/\/api.w.org\/{rel}","templated":true}]}}