{"id":21861,"date":"2021-04-19T15:35:12","date_gmt":"2021-04-19T13:35:12","guid":{"rendered":"https:\/\/www.guerini.it\/?post_type=product&#038;p=21861"},"modified":"2024-06-09T20:25:02","modified_gmt":"2024-06-09T18:25:02","slug":"limpresa-saggia","status":"publish","type":"product","link":"https:\/\/www.guerini.it\/index.php\/prodotto\/limpresa-saggia\/","title":{"rendered":"L&#8217;Impresa saggia"},"content":{"rendered":"<p style=\"text-align: justify;\">Poche sono le imprese capaci oggi di affrontare la sfida pi\u00f9 importante: il cambiamento ad alta velocit\u00e0. La maggior parte tende infatti a concentrarsi sul breve termine, senza assicurarsi che i loro interessi siano allineati con quelli della societ\u00e0. La chiave di volta per lo sviluppo di una innovazione continua \u00e8 riuscire a sviluppare una saggezza pratica, plasmata dai valori, dall&#8217;etica e dalla morale. Le \u00abimprese sagge\u00bb sono, dunque, quelle capaci di incidere sulle relazioni umane per infondere nuove conoscenze nelle pratiche organizzative, convertendole in azione e innovazione continua a livello individuale, aziendale e sociale. Gli autori \u2013 riconosciuti come i padri intellettuali del <em>knowledge managemen<\/em>t, in particolare con l&#8217;opera <em>The knowledge-creating company<\/em> \u2013 declinano questa nuova teoria attraverso le storie di gruppi dinamici, longevi e sostenibili: da Honda a Shimano, da Eisai a Toyota, da Apple a MIT Media Lab. Il minimo comun denominatore di queste realt\u00e0 \u00e8 la qualit\u00e0 dei loro leader, che hanno saputo attivare le intere strutture di cui erano a capo per creare nuovi prodotti e nuovi processi, dai quali si sono generati benefici per i collaboratori, i clienti, la comunit\u00e0 e la societ\u00e0. Emerge un modello di leadership umano-centrica, capace di innescare circoli virtuosi di creazione di conoscenza e di attivare l&#8217;innovazione quale leva del cambiamento: una leadership che si estende ai vari livelli organizzativi e in grado di generare interazioni efficaci e comunicazioni condivise.<\/p>\n<p>Il <strong>messaggio di ringraziamento<\/strong> di Ikujiro Nonaka, autore insieme a Hirotaka Takeuchi del saggio &#8220;L&#8217;impresa saggia. Come le imprese creano l&#8217;innovazione continua&#8221; (Guerini Next), che si \u00e8 aggiudicato il <strong>Premio Biella Opera Straniera 2022<\/strong>.<\/p>\n<p><iframe loading=\"lazy\" title=\"YouTube video player\" src=\"https:\/\/www.youtube.com\/embed\/TMFArP8taLI\" width=\"560\" height=\"315\" frameborder=\"0\" allowfullscreen=\"allowfullscreen\"><\/iframe><\/p>\n<hr \/>\n<p style=\"text-align: justify;\"><strong>Ikujiro Nonaka<\/strong> \u00e8 professore emerito a Tokyo, presso la Hitotsubashi Graduate School of International Corporate Strategy. Autore acclamato, insieme a Takeuchi, di <a href=\"https:\/\/www.guerini.it\/index.php\/prodotto\/the-knowledge-creating-company\/\"><em>The Knowledge-Creating Company<\/em><\/a> (1995), \u00e8 noto in tutto il mondo per la sua teoria della gestione delle aziende basata sull\u2019acquisizione, sviluppo e condivisione della conoscenza.<\/p>\n<p style=\"text-align: justify;\"><strong>Hirotaka Takeuchi<\/strong> \u00e8 professore di Management Practice presso la Harvard Business School, specializzato in marketing, strategia competitiva e gestione della conoscenza. Insieme a Nonaka ha scritto numerosi testi, diventati punto di riferimento per lo sviluppo del knowledge management.<\/p>\n<p style=\"text-align: justify;\"><strong>Fabio Corno<\/strong>, professore associato di Economia aziendale all\u2019Universit\u00e0 Bicocca, da anni \u00e8 impegnato a fianco di imprese e imprenditori in progetti di riorientamento strategico, corporate development internazionale e passaggio generazionale. Conosce e collabora con Ikujiro Nonaka dal 1986. Per le nostre edizioni ha pubblicato <a href=\"https:\/\/www.guerini.it\/index.php\/prodotto\/l-etica-nel-governo-dell-impresa\/\"><em>L\u2019etica nel governo dell\u2019impresa<\/em><\/a> (2003).<\/p>\n<p><strong>Permalink: <a href=\"http:\/\/digital.casalini.it\/9788868963842\">http:\/\/digital.casalini.it\/9788868963842<\/a><\/strong><\/p>\n","protected":false},"excerpt":{"rendered":"<p>&nbsp;<\/p>\n<p>&nbsp;<\/p>\n<p>&nbsp;<\/p>\n<p>&nbsp;<\/p>\n<p>&nbsp;<\/p>\n<p>&nbsp;<\/p>\n","protected":false},"featured_media":23419,"template":"","meta":{"_editorskit_title_hidden":false,"_editorskit_reading_time":0,"_editorskit_is_block_options_detached":false,"_editorskit_block_options_position":"{}","_monsterinsights_skip_tracking":false,"_monsterinsights_sitenote_active":false,"_monsterinsights_sitenote_note":"","_monsterinsights_sitenote_category":0},"product_brand":[],"product_cat":[6805,6963,6529],"product_tag":[6968,6964,6966,6967,6965,6969],"class_list":{"0":"post-21861","1":"product","2":"type-product","3":"status-publish","4":"has-post-thumbnail","6":"product_cat-guerini-next","7":"product_cat-the-next-key","8":"product_cat-economia-e-management","9":"product_tag-impresa","10":"product_tag-innovazione-continua","11":"product_tag-knowledge-management","12":"product_tag-leadership","13":"product_tag-saggezza","14":"product_tag-vuca","15":"pa_guerini_amazon_link-https-www-amazon-it-limpresa-saggia-imprese-linnovazione-continua-dp-8868963841","16":"pa_guerini_ibs_link-https-tidd-ly-3x6y2hv","17":"pa_guerini_libruniver_link-https-www-libreriauniversitaria-it-impresa-saggia-imprese-creano-innovazione-libro-9788868963842","18":"pa_guerini_link_amazon-https-www-amazon-it-dp-b094pk2pgq","19":"pa_guerini_link_apple_ibook-https-books-apple-com-it-book-limpresa-saggia-come-le-imprese-creano-linnovazione-id1567017163","20":"pa_guerini_link_bookrepublic-https-www-bookrepublic-it-ebook-9788868963866-limpresa-saggia-come-le-imprese-creano-linnovazione-continua-goware-guerini-next","21":"pa_guerini_link_giunti_punto-https-www-giuntialpunto-it-product-b094pk2pgq-libri-l-impresa-saggia-come-le-imprese-creano-l-innovazione-continua-ikujiro","22":"pa_guerini_link_google_play-https-play-google-com-store-books-details-ikujiro_nonaka_l_impresa_saggia_come_le_imprese_cridbosteaaaqbaj","23":"pa_guerini_link_ibs-https-tidd-ly-3tivoow","24":"pa_guerini_link_kobo-https-www-kobo-com-it-it-ebook-l-impresa-saggia-come-le-imprese-creano-l-innovazione-continua","25":"pa_guerini_link_lafeltrinelli-https-www-lafeltrinelli-it-impresa-saggia-come-imprese-creano-ebook-ikujiro-nonaka-hirotaka-takeuchi-e-9788868963866","26":"pa_guerini_link_mondadori-https-www-mondadoristore-it-limpresa-saggia-come-imprese-fabio-corno-a-cura-di-hirotaka-takeuchi-ikujiro-nonaka-eai978886896386","27":"pa_guerini_mondadori_link-https-www-mondadoristore-it-impresa-saggia-come-imprese-hirotaka-takeuchi-ikujiro-nonaka-eai978886896384","29":"first","30":"instock","31":"sale","32":"shipping-taxable","33":"purchasable","34":"product-type-simple"},"yoast_head":"<!-- This site is optimized with the Yoast SEO plugin v25.4 - https:\/\/yoast.com\/wordpress\/plugins\/seo\/ -->\n<title>L&#039;Impresa saggia - Guerini e Associati<\/title>\n<meta name=\"robots\" content=\"index, follow, max-snippet:-1, max-image-preview:large, max-video-preview:-1\" \/>\n<link rel=\"canonical\" href=\"https:\/\/www.guerini.it\/index.php\/prodotto\/limpresa-saggia\/\" \/>\n<meta property=\"og:locale\" content=\"it_IT\" \/>\n<meta property=\"og:type\" content=\"article\" \/>\n<meta property=\"og:title\" content=\"L&#039;Impresa saggia - Guerini e Associati\" \/>\n<meta property=\"og:description\" content=\"&nbsp;  &nbsp;  &nbsp;  &nbsp;  &nbsp;  &nbsp;\" \/>\n<meta property=\"og:url\" content=\"https:\/\/www.guerini.it\/index.php\/prodotto\/limpresa-saggia\/\" \/>\n<meta property=\"og:site_name\" content=\"Guerini e Associati\" \/>\n<meta property=\"article:modified_time\" content=\"2024-06-09T18:25:02+00:00\" \/>\n<meta property=\"og:image\" content=\"https:\/\/www.guerini.it\/wp-content\/uploads\/2021\/04\/Limpresa-saggia-Premio-Biella-scaled.webp\" \/>\n\t<meta property=\"og:image:width\" content=\"1675\" \/>\n\t<meta property=\"og:image:height\" content=\"2560\" \/>\n\t<meta property=\"og:image:type\" content=\"image\/webp\" \/>\n<meta name=\"twitter:card\" content=\"summary_large_image\" \/>\n<meta name=\"twitter:label1\" content=\"Tempo di lettura stimato\" \/>\n\t<meta name=\"twitter:data1\" content=\"3 minuti\" \/>\n<!-- \/ Yoast SEO plugin. -->","yoast_head_json":{"title":"L'Impresa saggia - Guerini e Associati","robots":{"index":"index","follow":"follow","max-snippet":"max-snippet:-1","max-image-preview":"max-image-preview:large","max-video-preview":"max-video-preview:-1"},"canonical":"https:\/\/www.guerini.it\/index.php\/prodotto\/limpresa-saggia\/","og_locale":"it_IT","og_type":"article","og_title":"L'Impresa saggia - Guerini e Associati","og_description":"&nbsp;  &nbsp;  &nbsp;  &nbsp;  &nbsp;  &nbsp;","og_url":"https:\/\/www.guerini.it\/index.php\/prodotto\/limpresa-saggia\/","og_site_name":"Guerini e Associati","article_modified_time":"2024-06-09T18:25:02+00:00","og_image":[{"width":1675,"height":2560,"url":"https:\/\/www.guerini.it\/wp-content\/uploads\/2021\/04\/Limpresa-saggia-Premio-Biella-scaled.webp","type":"image\/webp"}],"twitter_card":"summary_large_image","twitter_misc":{"Tempo di lettura stimato":"3 minuti"},"schema":{"@context":"https:\/\/schema.org","@graph":[{"@type":"WebPage","@id":"https:\/\/www.guerini.it\/index.php\/prodotto\/limpresa-saggia\/","url":"https:\/\/www.guerini.it\/index.php\/prodotto\/limpresa-saggia\/","name":"L'Impresa saggia - Guerini e Associati","isPartOf":{"@id":"https:\/\/www.guerini.it\/#website"},"primaryImageOfPage":{"@id":"https:\/\/www.guerini.it\/index.php\/prodotto\/limpresa-saggia\/#primaryimage"},"image":{"@id":"https:\/\/www.guerini.it\/index.php\/prodotto\/limpresa-saggia\/#primaryimage"},"thumbnailUrl":"https:\/\/www.guerini.it\/wp-content\/uploads\/2021\/04\/Limpresa-saggia-Premio-Biella-scaled.webp","datePublished":"2021-04-19T13:35:12+00:00","dateModified":"2024-06-09T18:25:02+00:00","breadcrumb":{"@id":"https:\/\/www.guerini.it\/index.php\/prodotto\/limpresa-saggia\/#breadcrumb"},"inLanguage":"it-IT","potentialAction":[{"@type":"ReadAction","target":["https:\/\/www.guerini.it\/index.php\/prodotto\/limpresa-saggia\/"]}]},{"@type":"ImageObject","inLanguage":"it-IT","@id":"https:\/\/www.guerini.it\/index.php\/prodotto\/limpresa-saggia\/#primaryimage","url":"https:\/\/www.guerini.it\/wp-content\/uploads\/2021\/04\/Limpresa-saggia-Premio-Biella-scaled.webp","contentUrl":"https:\/\/www.guerini.it\/wp-content\/uploads\/2021\/04\/Limpresa-saggia-Premio-Biella-scaled.webp","width":1675,"height":2560,"caption":"Copertina del volume L'impresa saggia, Guerini Next, 2021"},{"@type":"BreadcrumbList","@id":"https:\/\/www.guerini.it\/index.php\/prodotto\/limpresa-saggia\/#breadcrumb","itemListElement":[{"@type":"ListItem","position":1,"name":"Home","item":"https:\/\/www.guerini.it\/"},{"@type":"ListItem","position":2,"name":"Catalogo","item":"https:\/\/www.guerini.it\/index.php\/negozio\/"},{"@type":"ListItem","position":3,"name":"L&#8217;Impresa saggia"}]},{"@type":"WebSite","@id":"https:\/\/www.guerini.it\/#website","url":"https:\/\/www.guerini.it\/","name":"Guerini e Associati","description":"30 anni di libri, idee e libert\u00e0","publisher":{"@id":"https:\/\/www.guerini.it\/#organization"},"potentialAction":[{"@type":"SearchAction","target":{"@type":"EntryPoint","urlTemplate":"https:\/\/www.guerini.it\/?s={search_term_string}"},"query-input":{"@type":"PropertyValueSpecification","valueRequired":true,"valueName":"search_term_string"}}],"inLanguage":"it-IT"},{"@type":"Organization","@id":"https:\/\/www.guerini.it\/#organization","name":"Guerini e Associati","url":"https:\/\/www.guerini.it\/","logo":{"@type":"ImageObject","inLanguage":"it-IT","@id":"https:\/\/www.guerini.it\/#\/schema\/logo\/image\/","url":"https:\/\/www.guerini.it\/wp-content\/uploads\/2021\/03\/Logo-Guerini-OK_-e1615831292285.png","contentUrl":"https:\/\/www.guerini.it\/wp-content\/uploads\/2021\/03\/Logo-Guerini-OK_-e1615831292285.png","width":2805,"height":1870,"caption":"Guerini e Associati"},"image":{"@id":"https:\/\/www.guerini.it\/#\/schema\/logo\/image\/"}}]}},"_links":{"self":[{"href":"https:\/\/www.guerini.it\/index.php\/wp-json\/wp\/v2\/product\/21861","targetHints":{"allow":["GET"]}}],"collection":[{"href":"https:\/\/www.guerini.it\/index.php\/wp-json\/wp\/v2\/product"}],"about":[{"href":"https:\/\/www.guerini.it\/index.php\/wp-json\/wp\/v2\/types\/product"}],"wp:featuredmedia":[{"embeddable":true,"href":"https:\/\/www.guerini.it\/index.php\/wp-json\/wp\/v2\/media\/23419"}],"wp:attachment":[{"href":"https:\/\/www.guerini.it\/index.php\/wp-json\/wp\/v2\/media?parent=21861"}],"wp:term":[{"taxonomy":"product_brand","embeddable":true,"href":"https:\/\/www.guerini.it\/index.php\/wp-json\/wp\/v2\/product_brand?post=21861"},{"taxonomy":"product_cat","embeddable":true,"href":"https:\/\/www.guerini.it\/index.php\/wp-json\/wp\/v2\/product_cat?post=21861"},{"taxonomy":"product_tag","embeddable":true,"href":"https:\/\/www.guerini.it\/index.php\/wp-json\/wp\/v2\/product_tag?post=21861"}],"curies":[{"name":"wp","href":"https:\/\/api.w.org\/{rel}","templated":true}]}}