{"id":21955,"date":"2021-05-28T17:46:14","date_gmt":"2021-05-28T15:46:14","guid":{"rendered":"https:\/\/www.guerini.it\/?post_type=product&#038;p=21955"},"modified":"2026-04-28T23:45:17","modified_gmt":"2026-04-28T21:45:17","slug":"transformer","status":"publish","type":"product","link":"https:\/\/www.guerini.it\/index.php\/prodotto\/transformer\/","title":{"rendered":"Transformer"},"content":{"rendered":"<p style=\"text-align: justify;\">Il volume rappresenta l\u2019esito di una ricerca sociologica focalizzata a interpretare l\u2019impatto dell\u2019innovazione tecnologica nei processi organizzativi nell\u2019ambito delle imprese del Nord Est. I destinatari di questo libro sono persone curiose di scoprire le caratteristiche delle tecnologie 4.0, le sfide del futuro e le criticit\u00e0 insite nei processi di accelerazione tecnologica narrate da chi si confronta quotidianamente con la complessit\u00e0 organizzativa e sociale prodotta dalle \u00abmacchine intelligenti\u00bb. In special modo, l\u2019attenzione \u00e8 stata rivolta al cambiamento del profilo di competenze richieste ai lavoratori. Su questo aspetto si sono approfonditi i modelli organizzativi emersi durante il telelavoro. Infatti, a causa della pandemia, anche le aziende nordestine hanno dovuto modificare radicalmente i loro assetti organizzativi. Si rende quindi necessario cercare di capire quanto verr\u00e0 mantenuto di ci\u00f2 che \u00e8 stato appreso e cosa si intenda modificare per adattare competenze e mansioni a nuovi modi di fare impresa che coincidono con la costituzione di diversi modelli di sviluppo economico e sociale. Questo lavoro si presenta in continuit\u00e0 con i temi sviluppati in <em>Una grammatica della digitalizzazione. Interpretare la metamorfosi di societ\u00e0, economia e organizzazioni<\/em> (Guerini 2020) curato da Daniele Marini e Francesca Setiffi.<\/p>\n<p style=\"text-align: justify;\"><a href=\"http:\/\/creativecommons.org\/licenses\/by-nc-nd\/4.0\/\" rel=\"license\"><img decoding=\"async\" style=\"border-width: 0;\" src=\"https:\/\/i.creativecommons.org\/l\/by-nc-nd\/4.0\/88x31.png\" alt=\"Licenza Creative Commons\" \/><\/a><br \/>\nQuest&#8217;opera \u00e8 distribuita con Licenza <a href=\"http:\/\/creativecommons.org\/licenses\/by-nc-nd\/4.0\/\" rel=\"license\">Creative Commons Attribuzione &#8211; Non commerciale &#8211; Non opere derivate 4.0 Internazionale<\/a>.<\/p>\n<p><strong>Scarica in formato <a href=\"https:\/\/www.mediafire.com\/file\/ftlivn432vuep7n\/Vol.+Le+metamorfosi+digitali+delle+imprese+del+Nord+Est+-+Marini+Setiffi+def.pdf\/file\">Open access<\/a><\/strong><\/p>\n<p style=\"text-align: justify;\"><strong>Daniele Marini <\/strong>\u00e8 professore associato di Sociologia dei processi economici all\u2019Universit\u00e0 di Padova. Ha concentrato la sua attivit\u00e0 di analisi, in prevalenza, sui modelli di sviluppo sociale ed economico e sulle culture del lavoro (lavoratori e imprenditori). I libri pi\u00f9 recenti sono <em>Fuori classe. Dal movimento operaio ai lavoratori imprenditivi della Quarta rivoluzione industriale<\/em> (2018) e <em>Lessico del mondo nuovo. Una lettura dei mutamenti sociali ed economici <\/em>(2021).<\/p>\n<p style=\"text-align: justify;\"><strong>Francesca Setiffi <\/strong>\u00e8 ricercatrice di Sociologia dei processi culturali e comunicativi presso il Dipartimento di Filosofia, Sociologia, Pedagogia e Psicologia Applicata dell\u2019Universit\u00e0 di Padova. I suoi interessi di ricerca riguardano i consumi, le innovazioni digitali nei contesti organizzativi e le culture della formazione. Nel 2018 ha ottenuto il finanziamento del progetto di ricerca <em>L\u2019innovazione 4.0: Culture Organizzative e Pratiche Sociali nelle Imprese del Nord Est<\/em> (SID, Dipartimento SPGI).<\/p>\n","protected":false},"excerpt":{"rendered":"<p>&nbsp;<\/p>\n<p>&nbsp;<\/p>\n","protected":false},"featured_media":21956,"template":"","meta":{"_editorskit_title_hidden":false,"_editorskit_reading_time":0,"_editorskit_is_block_options_detached":false,"_editorskit_block_options_position":"{}","_monsterinsights_skip_tracking":false,"_monsterinsights_sitenote_active":false,"_monsterinsights_sitenote_note":"","_monsterinsights_sitenote_category":0},"product_brand":[],"product_cat":[6528],"product_tag":[],"class_list":{"0":"post-21955","1":"product","2":"type-product","3":"status-publish","4":"has-post-thumbnail","6":"product_cat-comunicazione","8":"first","9":"instock","10":"sale","11":"shipping-taxable","12":"purchasable","13":"product-type-simple"},"yoast_head":"<!-- This site is optimized with the Yoast SEO plugin v25.4 - https:\/\/yoast.com\/wordpress\/plugins\/seo\/ -->\n<title>Transformer - Guerini e Associati<\/title>\n<meta name=\"robots\" content=\"index, follow, max-snippet:-1, max-image-preview:large, max-video-preview:-1\" \/>\n<link rel=\"canonical\" href=\"https:\/\/www.guerini.it\/index.php\/prodotto\/transformer\/\" \/>\n<meta property=\"og:locale\" content=\"it_IT\" \/>\n<meta property=\"og:type\" content=\"article\" \/>\n<meta property=\"og:title\" content=\"Transformer - Guerini e Associati\" \/>\n<meta property=\"og:description\" content=\"&nbsp;  &nbsp;\" \/>\n<meta property=\"og:url\" content=\"https:\/\/www.guerini.it\/index.php\/prodotto\/transformer\/\" \/>\n<meta property=\"og:site_name\" content=\"Guerini e Associati\" \/>\n<meta property=\"article:modified_time\" content=\"2026-04-28T21:45:17+00:00\" \/>\n<meta property=\"og:image\" content=\"https:\/\/www.guerini.it\/wp-content\/uploads\/2021\/05\/Front-Cover-TRANSFORMER-OK-scaled-e1622216462490.jpg\" \/>\n\t<meta property=\"og:image:width\" content=\"225\" \/>\n\t<meta property=\"og:image:height\" content=\"350\" \/>\n\t<meta property=\"og:image:type\" content=\"image\/jpeg\" \/>\n<meta name=\"twitter:card\" content=\"summary_large_image\" \/>\n<meta name=\"twitter:label1\" content=\"Tempo di lettura stimato\" \/>\n\t<meta name=\"twitter:data1\" content=\"3 minuti\" \/>\n<!-- \/ Yoast SEO plugin. -->","yoast_head_json":{"title":"Transformer - Guerini e Associati","robots":{"index":"index","follow":"follow","max-snippet":"max-snippet:-1","max-image-preview":"max-image-preview:large","max-video-preview":"max-video-preview:-1"},"canonical":"https:\/\/www.guerini.it\/index.php\/prodotto\/transformer\/","og_locale":"it_IT","og_type":"article","og_title":"Transformer - Guerini e Associati","og_description":"&nbsp;  &nbsp;","og_url":"https:\/\/www.guerini.it\/index.php\/prodotto\/transformer\/","og_site_name":"Guerini e Associati","article_modified_time":"2026-04-28T21:45:17+00:00","og_image":[{"width":225,"height":350,"url":"https:\/\/www.guerini.it\/wp-content\/uploads\/2021\/05\/Front-Cover-TRANSFORMER-OK-scaled-e1622216462490.jpg","type":"image\/jpeg"}],"twitter_card":"summary_large_image","twitter_misc":{"Tempo di lettura stimato":"3 minuti"},"schema":{"@context":"https:\/\/schema.org","@graph":[{"@type":"WebPage","@id":"https:\/\/www.guerini.it\/index.php\/prodotto\/transformer\/","url":"https:\/\/www.guerini.it\/index.php\/prodotto\/transformer\/","name":"Transformer - Guerini e Associati","isPartOf":{"@id":"https:\/\/www.guerini.it\/#website"},"primaryImageOfPage":{"@id":"https:\/\/www.guerini.it\/index.php\/prodotto\/transformer\/#primaryimage"},"image":{"@id":"https:\/\/www.guerini.it\/index.php\/prodotto\/transformer\/#primaryimage"},"thumbnailUrl":"https:\/\/www.guerini.it\/wp-content\/uploads\/2021\/05\/Front-Cover-TRANSFORMER-OK-scaled-e1622216462490.jpg","datePublished":"2021-05-28T15:46:14+00:00","dateModified":"2026-04-28T21:45:17+00:00","breadcrumb":{"@id":"https:\/\/www.guerini.it\/index.php\/prodotto\/transformer\/#breadcrumb"},"inLanguage":"it-IT","potentialAction":[{"@type":"ReadAction","target":["https:\/\/www.guerini.it\/index.php\/prodotto\/transformer\/"]}]},{"@type":"ImageObject","inLanguage":"it-IT","@id":"https:\/\/www.guerini.it\/index.php\/prodotto\/transformer\/#primaryimage","url":"https:\/\/www.guerini.it\/wp-content\/uploads\/2021\/05\/Front-Cover-TRANSFORMER-OK-scaled-e1622216462490.jpg","contentUrl":"https:\/\/www.guerini.it\/wp-content\/uploads\/2021\/05\/Front-Cover-TRANSFORMER-OK-scaled-e1622216462490.jpg","width":225,"height":350,"caption":"Copertina del libro Transformer"},{"@type":"BreadcrumbList","@id":"https:\/\/www.guerini.it\/index.php\/prodotto\/transformer\/#breadcrumb","itemListElement":[{"@type":"ListItem","position":1,"name":"Home","item":"https:\/\/www.guerini.it\/"},{"@type":"ListItem","position":2,"name":"Catalogo","item":"https:\/\/www.guerini.it\/index.php\/negozio\/"},{"@type":"ListItem","position":3,"name":"Transformer"}]},{"@type":"WebSite","@id":"https:\/\/www.guerini.it\/#website","url":"https:\/\/www.guerini.it\/","name":"Guerini e Associati","description":"30 anni di libri, idee e libert\u00e0","publisher":{"@id":"https:\/\/www.guerini.it\/#organization"},"potentialAction":[{"@type":"SearchAction","target":{"@type":"EntryPoint","urlTemplate":"https:\/\/www.guerini.it\/?s={search_term_string}"},"query-input":{"@type":"PropertyValueSpecification","valueRequired":true,"valueName":"search_term_string"}}],"inLanguage":"it-IT"},{"@type":"Organization","@id":"https:\/\/www.guerini.it\/#organization","name":"Guerini e Associati","url":"https:\/\/www.guerini.it\/","logo":{"@type":"ImageObject","inLanguage":"it-IT","@id":"https:\/\/www.guerini.it\/#\/schema\/logo\/image\/","url":"https:\/\/www.guerini.it\/wp-content\/uploads\/2021\/03\/Logo-Guerini-OK_-e1615831292285.png","contentUrl":"https:\/\/www.guerini.it\/wp-content\/uploads\/2021\/03\/Logo-Guerini-OK_-e1615831292285.png","width":2805,"height":1870,"caption":"Guerini e Associati"},"image":{"@id":"https:\/\/www.guerini.it\/#\/schema\/logo\/image\/"}}]}},"_links":{"self":[{"href":"https:\/\/www.guerini.it\/index.php\/wp-json\/wp\/v2\/product\/21955","targetHints":{"allow":["GET"]}}],"collection":[{"href":"https:\/\/www.guerini.it\/index.php\/wp-json\/wp\/v2\/product"}],"about":[{"href":"https:\/\/www.guerini.it\/index.php\/wp-json\/wp\/v2\/types\/product"}],"wp:featuredmedia":[{"embeddable":true,"href":"https:\/\/www.guerini.it\/index.php\/wp-json\/wp\/v2\/media\/21956"}],"wp:attachment":[{"href":"https:\/\/www.guerini.it\/index.php\/wp-json\/wp\/v2\/media?parent=21955"}],"wp:term":[{"taxonomy":"product_brand","embeddable":true,"href":"https:\/\/www.guerini.it\/index.php\/wp-json\/wp\/v2\/product_brand?post=21955"},{"taxonomy":"product_cat","embeddable":true,"href":"https:\/\/www.guerini.it\/index.php\/wp-json\/wp\/v2\/product_cat?post=21955"},{"taxonomy":"product_tag","embeddable":true,"href":"https:\/\/www.guerini.it\/index.php\/wp-json\/wp\/v2\/product_tag?post=21955"}],"curies":[{"name":"wp","href":"https:\/\/api.w.org\/{rel}","templated":true}]}}