{"id":22054,"date":"2021-07-29T12:00:59","date_gmt":"2021-07-29T10:00:59","guid":{"rendered":"https:\/\/www.guerini.it\/?post_type=product&#038;p=22054"},"modified":"2024-06-09T20:25:12","modified_gmt":"2024-06-09T18:25:12","slug":"charleston","status":"publish","type":"product","link":"https:\/\/www.guerini.it\/index.php\/prodotto\/charleston\/","title":{"rendered":"Charleston"},"content":{"rendered":"<p style=\"text-align: center;\">\u00abLa vita, la mia almeno, sembrerebbe essere un insieme di variazioni, da inseguire, da smascherare, confuse in un cespuglio intrigante pieno di nodi nascosti, in una trama che a volte non so pi\u00f9 districare, di suggestive apparenze di memorie\u00bb.<\/p>\n<p style=\"text-align: justify;\">Su una spiaggia della Versilia, al ritmo sincopato di un charleston una bambina, quasi una ragazza, inizia a muovere i suoi primi timidi passi di danza. \u00c8 qui che comincia il racconto di Enzo Fiano, con un\u2019immagine di giovinezza liliale, non ancora ruggente, ma ricolma di speranza. E tutto <em>Charleston<\/em> coglie l\u2019invito di questo ballo, in un continuo inseguirsi di ricordi teneri e vibranti, capaci di illuminare persino i momenti pi\u00f9 bui del Novecento, del fascismo, della Shoah, che hanno lasciato sulla storia e le persone che l\u2019hanno vissuta un segno tragicamente indelebile. Cos\u00ec, come nella composizione di un\u2019opera musicale, l\u2019autore sceglie di rincorrere il tema \u2013 la storia della propria famiglia \u2013 attraverso undici variazioni, undici movimenti dell\u2019animo umano che si culla a occhi chiusi tra il mondo di ieri e il presente. Un dolce esercizio della memoria che \u00e8 non solo un modo diverso di riavvicinarsi al passato ma forse l\u2019unico per gettare uno sguardo sul futuro.<\/p>\n<p><iframe loading=\"lazy\" title=\"YouTube video player\" src=\"https:\/\/www.youtube.com\/embed\/pHXPQsP2pJ0\" width=\"560\" height=\"315\" frameborder=\"0\" allowfullscreen=\"allowfullscreen\"><\/iframe><br \/>\n<iframe loading=\"lazy\" title=\"YouTube video player\" src=\"https:\/\/www.youtube.com\/embed\/zQN972cAuJY\" width=\"560\" height=\"315\" frameborder=\"0\" allowfullscreen=\"allowfullscreen\"><\/iframe><br \/>\n<iframe loading=\"lazy\" title=\"YouTube video player\" src=\"https:\/\/www.youtube.com\/embed\/7IOF8RMxXgs\" width=\"560\" height=\"315\" frameborder=\"0\" allowfullscreen=\"allowfullscreen\"><\/iframe><br \/>\n<iframe loading=\"lazy\" title=\"YouTube video player\" src=\"https:\/\/www.youtube.com\/embed\/zLDsKTgc-9I\" width=\"560\" height=\"315\" frameborder=\"0\" allowfullscreen=\"allowfullscreen\"><\/iframe><\/p>\n<hr \/>\n<p style=\"text-align: justify;\"><strong>Enzo Fiano,<\/strong> nato a Firenze e cresciuto a Milano, \u00e8 Presidente del Conservatorio di Como. Laureato in Lettere Classiche a Gerusalemme, \u00e8 poi rientrato a Milano, sua citt\u00e0 d\u2019adozione, dove si \u00e8 dedicato prima ai libri poi alla musica, lavorando come dirigente e consulente per importanti etichette discografiche.<\/p>\n","protected":false},"excerpt":{"rendered":"<p>&nbsp;<\/p>\n<p>&nbsp;<\/p>\n<p>&nbsp;<\/p>\n","protected":false},"featured_media":22055,"template":"","meta":{"_editorskit_title_hidden":false,"_editorskit_reading_time":0,"_editorskit_is_block_options_detached":false,"_editorskit_block_options_position":"{}","_monsterinsights_skip_tracking":false,"_monsterinsights_sitenote_active":false,"_monsterinsights_sitenote_note":"","_monsterinsights_sitenote_category":0},"product_brand":[],"product_cat":[6560],"product_tag":[7486,7059,7487,7485,7331],"class_list":{"0":"post-22054","1":"product","2":"type-product","3":"status-publish","4":"has-post-thumbnail","6":"product_cat-bl","7":"product_tag-auschwitz","8":"product_tag-musica","9":"product_tag-novecento","10":"product_tag-olocausto","11":"product_tag-shoah","12":"pa_guerini_amazon_link-https-www-amazon-it-charleston-storia-grande-famiglia-travolta-dp-8862508271-reftmm_pap_swatch_0_encodingutf8qid1639563902sr8-1","13":"pa_guerini_feltrinelli_link-https-www-lafeltrinelli-it-charleston-storia-di-grande-famiglia-libro-enzo-fiano-e-9788862508278","14":"pa_guerini_ibs_link-https-www-ibs-it-charleston-storia-di-grande-famiglia-libro-enzo-fiano-e-9788862508278","15":"pa_guerini_libruniver_link-https-www-libreriauniversitaria-it-charleston-storia-grande-famiglia-travolta-libro-9788862508278","16":"pa_guerini_link_amazon-https-www-amazon-it-dp-b09nmxp3tb-reftmm_kin_swatch_0_encodingutf8qid1639563902sr8-1","17":"pa_guerini_link_apple_ibook-https-books-apple-com-it-book-charleston-storia-di-una-grande-famiglia-travolta-dalla-id1600362002","18":"pa_guerini_link_bookrepublic-https-www-bookrepublic-it-ebook-9788881954483-charleston-storia-di-una-grande-famiglia-travolta-dalla-shoah-goware-e-edizioni-angelo-guerini-e-associati","19":"pa_guerini_link_giunti_punto-https-www-giuntialpunto-it-product-b09nmxp3tb-libri-charleston-storia-di-una-grande-famiglia-travolta-dalla-shoah-enzo-fiano","20":"pa_guerini_link_google_play-https-play-google-com-store-books-details-enzo_fiano_charleston_storia_di_una_grande_famigliidpctueaaaqbaj","21":"pa_guerini_link_ibs-https-www-ibs-it-charleston-storia-di-grande-famiglia-ebook-enzo-fiano-e-9788881954483","22":"pa_guerini_link_kobo-https-www-kobo-com-it-it-ebook-charleston-storia-di-una-grande-famiglia-travolta-dalla-shoah","23":"pa_guerini_link_lafeltrinelli-https-www-lafeltrinelli-it-charleston-storia-di-grande-famiglia-ebook-enzo-fiano-e-9788881954483","24":"pa_guerini_link_mondadori-https-www-mondadoristore-it-charleston-storia-grande-enzo-fiano-eai978888195448","25":"pa_guerini_mondadori_link-https-www-mondadoristore-it-charleston-storia-grande-enzo-fiano-eai978886250827","27":"first","28":"instock","29":"sale","30":"shipping-taxable","31":"purchasable","32":"product-type-simple"},"yoast_head":"<!-- This site is optimized with the Yoast SEO plugin v25.4 - https:\/\/yoast.com\/wordpress\/plugins\/seo\/ -->\n<title>Charleston - Guerini e Associati<\/title>\n<meta name=\"robots\" content=\"index, follow, max-snippet:-1, max-image-preview:large, max-video-preview:-1\" \/>\n<link rel=\"canonical\" href=\"https:\/\/www.guerini.it\/index.php\/prodotto\/charleston\/\" \/>\n<meta property=\"og:locale\" content=\"it_IT\" \/>\n<meta property=\"og:type\" content=\"article\" \/>\n<meta property=\"og:title\" content=\"Charleston - Guerini e Associati\" \/>\n<meta property=\"og:description\" content=\"&nbsp;  &nbsp;  &nbsp;\" \/>\n<meta property=\"og:url\" content=\"https:\/\/www.guerini.it\/index.php\/prodotto\/charleston\/\" \/>\n<meta property=\"og:site_name\" content=\"Guerini e Associati\" \/>\n<meta property=\"article:modified_time\" content=\"2024-06-09T18:25:12+00:00\" \/>\n<meta property=\"og:image\" content=\"https:\/\/www.guerini.it\/wp-content\/uploads\/2021\/07\/9788862508278-scaled-e1627552816582.jpg\" \/>\n\t<meta property=\"og:image:width\" content=\"234\" \/>\n\t<meta property=\"og:image:height\" content=\"350\" \/>\n\t<meta property=\"og:image:type\" content=\"image\/jpeg\" \/>\n<meta name=\"twitter:card\" content=\"summary_large_image\" \/>\n<meta name=\"twitter:label1\" content=\"Tempo di lettura stimato\" \/>\n\t<meta name=\"twitter:data1\" content=\"2 minuti\" \/>\n<!-- \/ Yoast SEO plugin. -->","yoast_head_json":{"title":"Charleston - Guerini e Associati","robots":{"index":"index","follow":"follow","max-snippet":"max-snippet:-1","max-image-preview":"max-image-preview:large","max-video-preview":"max-video-preview:-1"},"canonical":"https:\/\/www.guerini.it\/index.php\/prodotto\/charleston\/","og_locale":"it_IT","og_type":"article","og_title":"Charleston - Guerini e Associati","og_description":"&nbsp;  &nbsp;  &nbsp;","og_url":"https:\/\/www.guerini.it\/index.php\/prodotto\/charleston\/","og_site_name":"Guerini e Associati","article_modified_time":"2024-06-09T18:25:12+00:00","og_image":[{"width":234,"height":350,"url":"https:\/\/www.guerini.it\/wp-content\/uploads\/2021\/07\/9788862508278-scaled-e1627552816582.jpg","type":"image\/jpeg"}],"twitter_card":"summary_large_image","twitter_misc":{"Tempo di lettura stimato":"2 minuti"},"schema":{"@context":"https:\/\/schema.org","@graph":[{"@type":"WebPage","@id":"https:\/\/www.guerini.it\/index.php\/prodotto\/charleston\/","url":"https:\/\/www.guerini.it\/index.php\/prodotto\/charleston\/","name":"Charleston - Guerini e Associati","isPartOf":{"@id":"https:\/\/www.guerini.it\/#website"},"primaryImageOfPage":{"@id":"https:\/\/www.guerini.it\/index.php\/prodotto\/charleston\/#primaryimage"},"image":{"@id":"https:\/\/www.guerini.it\/index.php\/prodotto\/charleston\/#primaryimage"},"thumbnailUrl":"https:\/\/www.guerini.it\/wp-content\/uploads\/2021\/07\/9788862508278-scaled-e1627552816582.jpg","datePublished":"2021-07-29T10:00:59+00:00","dateModified":"2024-06-09T18:25:12+00:00","breadcrumb":{"@id":"https:\/\/www.guerini.it\/index.php\/prodotto\/charleston\/#breadcrumb"},"inLanguage":"it-IT","potentialAction":[{"@type":"ReadAction","target":["https:\/\/www.guerini.it\/index.php\/prodotto\/charleston\/"]}]},{"@type":"ImageObject","inLanguage":"it-IT","@id":"https:\/\/www.guerini.it\/index.php\/prodotto\/charleston\/#primaryimage","url":"https:\/\/www.guerini.it\/wp-content\/uploads\/2021\/07\/9788862508278-scaled-e1627552816582.jpg","contentUrl":"https:\/\/www.guerini.it\/wp-content\/uploads\/2021\/07\/9788862508278-scaled-e1627552816582.jpg","width":234,"height":350,"caption":"Copertina del libro Charleston. Storia di una grande famiglia travolta dalla Shoah"},{"@type":"BreadcrumbList","@id":"https:\/\/www.guerini.it\/index.php\/prodotto\/charleston\/#breadcrumb","itemListElement":[{"@type":"ListItem","position":1,"name":"Home","item":"https:\/\/www.guerini.it\/"},{"@type":"ListItem","position":2,"name":"Catalogo","item":"https:\/\/www.guerini.it\/index.php\/negozio\/"},{"@type":"ListItem","position":3,"name":"Charleston"}]},{"@type":"WebSite","@id":"https:\/\/www.guerini.it\/#website","url":"https:\/\/www.guerini.it\/","name":"Guerini e Associati","description":"30 anni di libri, idee e libert\u00e0","publisher":{"@id":"https:\/\/www.guerini.it\/#organization"},"potentialAction":[{"@type":"SearchAction","target":{"@type":"EntryPoint","urlTemplate":"https:\/\/www.guerini.it\/?s={search_term_string}"},"query-input":{"@type":"PropertyValueSpecification","valueRequired":true,"valueName":"search_term_string"}}],"inLanguage":"it-IT"},{"@type":"Organization","@id":"https:\/\/www.guerini.it\/#organization","name":"Guerini e Associati","url":"https:\/\/www.guerini.it\/","logo":{"@type":"ImageObject","inLanguage":"it-IT","@id":"https:\/\/www.guerini.it\/#\/schema\/logo\/image\/","url":"https:\/\/www.guerini.it\/wp-content\/uploads\/2021\/03\/Logo-Guerini-OK_-e1615831292285.png","contentUrl":"https:\/\/www.guerini.it\/wp-content\/uploads\/2021\/03\/Logo-Guerini-OK_-e1615831292285.png","width":2805,"height":1870,"caption":"Guerini e Associati"},"image":{"@id":"https:\/\/www.guerini.it\/#\/schema\/logo\/image\/"}}]}},"_links":{"self":[{"href":"https:\/\/www.guerini.it\/index.php\/wp-json\/wp\/v2\/product\/22054","targetHints":{"allow":["GET"]}}],"collection":[{"href":"https:\/\/www.guerini.it\/index.php\/wp-json\/wp\/v2\/product"}],"about":[{"href":"https:\/\/www.guerini.it\/index.php\/wp-json\/wp\/v2\/types\/product"}],"wp:featuredmedia":[{"embeddable":true,"href":"https:\/\/www.guerini.it\/index.php\/wp-json\/wp\/v2\/media\/22055"}],"wp:attachment":[{"href":"https:\/\/www.guerini.it\/index.php\/wp-json\/wp\/v2\/media?parent=22054"}],"wp:term":[{"taxonomy":"product_brand","embeddable":true,"href":"https:\/\/www.guerini.it\/index.php\/wp-json\/wp\/v2\/product_brand?post=22054"},{"taxonomy":"product_cat","embeddable":true,"href":"https:\/\/www.guerini.it\/index.php\/wp-json\/wp\/v2\/product_cat?post=22054"},{"taxonomy":"product_tag","embeddable":true,"href":"https:\/\/www.guerini.it\/index.php\/wp-json\/wp\/v2\/product_tag?post=22054"}],"curies":[{"name":"wp","href":"https:\/\/api.w.org\/{rel}","templated":true}]}}