{"id":22066,"date":"2021-09-07T14:40:42","date_gmt":"2021-09-07T12:40:42","guid":{"rendered":"https:\/\/www.guerini.it\/?post_type=product&#038;p=22066"},"modified":"2024-06-09T20:25:12","modified_gmt":"2024-06-09T18:25:12","slug":"hype-machine","status":"publish","type":"product","link":"https:\/\/www.guerini.it\/index.php\/prodotto\/hype-machine\/","title":{"rendered":"Hype Machine"},"content":{"rendered":"<p style=\"text-align: justify;\">Perch\u00e9 le fake news si diffondono pi\u00f9 delle notizie vere? Possiamo proteggere le elezioni democratiche dai tentativi di manipolazione sul web? Qual \u00e8 l\u2019impatto reale del digital marketing? Sinan Aral ci guida con rigore scientifico e acume analitico in un viaggio attraverso questi e altri interrogativi, attingendo a un\u2019ampia evidenza empirica frutto di vent\u2019anni di ricerche. Per cogliere le potenzialit\u00e0 delle tecnologie digitali ed evitarne i rischi, ci addentriamo nel meccanismo che governa la \u00abHype Machine\u00bb, il sistema integrato dei social media che ci stimola a mantenerci sempre attivi online, mentre ci espone ai condizionamenti dei grandi brand o degli hacker russi, in un frenetico mercato della persuasione e dell\u2019eccitazione emotiva. In questo universo ipersocializzato, l\u2019autore mette per\u00f2 in luce come, agendo su quattro specifiche \u00ableve di comando\u00bb (modelli di business, codice informatico, norme sociali e leggi), sia ancora possibile orientare verso il bene comune la tecnologia che sta rivoluzionando il nostro mondo.<\/p>\n<hr \/>\n<p style=\"text-align: justify;\"><strong>SINAN ARAL<\/strong>, data scientist e imprenditore, \u00e8 David Austin Professor di Management al MIT, dove dirige anche l\u2019Initiative on the Digital Economy ed \u00e8 a capo del Social Analytics Lab. \u00c8 cofondatore di Manifest Capital, un fondo di investimento in startup digitali, e ha collaborato con numerose aziende di prestigio nel settore media, tra cui Facebook, Yahoo, Twitter, LinkedIn e il New York Times. Fa parte del comitato consultivo dell\u2019Alan Turing Institute e del British National Institute for Data Science.<\/p>\n<p style=\"text-align: justify;\"><strong>LUCA SERAFINI<\/strong>, dottore di ricerca in Filosofia, \u00e8 giornalista, caporedattore di <em>TPI<\/em> e docente di Sociologia della comunicazione e dei nuovi media presso l\u2019Universit\u00e0 LUMSA di Roma. \u00c8 autore di monografie e di numerosi saggi pubblicati su riviste italiane e internazionali.<\/p>\n","protected":false},"excerpt":{"rendered":"<p>Perch\u00e9 le fake news si diffondono pi\u00f9 delle notizie vere? Possiamo proteggere le elezioni democratiche dai tentativi di manipolazione sul web? Qual \u00e8 l\u2019impatto reale del digital marketing? Sinan Aral [&hellip;]<\/p>\n","protected":false},"featured_media":22067,"template":"","meta":{"_editorskit_title_hidden":false,"_editorskit_reading_time":0,"_editorskit_is_block_options_detached":false,"_editorskit_block_options_position":"{}","_monsterinsights_skip_tracking":false,"_monsterinsights_sitenote_active":false,"_monsterinsights_sitenote_note":"","_monsterinsights_sitenote_category":0},"product_brand":[],"product_cat":[6528,6538],"product_tag":[6814,7505,7504,6750],"class_list":{"0":"post-22066","1":"product","2":"type-product","3":"status-publish","4":"has-post-thumbnail","6":"product_cat-comunicazione","7":"product_cat-sociologia-e-comunicazione","8":"product_tag-comunicazione","9":"product_tag-economia-digitale","10":"product_tag-social-media","11":"product_tag-tecnologia","13":"first","14":"instock","15":"sale","16":"shipping-taxable","17":"purchasable","18":"product-type-simple"},"yoast_head":"<!-- This site is optimized with the Yoast SEO plugin v25.4 - https:\/\/yoast.com\/wordpress\/plugins\/seo\/ -->\n<title>S. Aral, L. Serafini (a cura di), Hype machine | Guerini Editore<\/title>\n<meta name=\"robots\" content=\"index, follow, max-snippet:-1, max-image-preview:large, max-video-preview:-1\" \/>\n<link rel=\"canonical\" href=\"https:\/\/www.guerini.it\/index.php\/prodotto\/hype-machine\/\" \/>\n<meta property=\"og:locale\" content=\"it_IT\" \/>\n<meta property=\"og:type\" content=\"article\" \/>\n<meta property=\"og:title\" content=\"S. Aral, L. Serafini (a cura di), Hype machine | Guerini Editore\" \/>\n<meta property=\"og:description\" content=\"Perch\u00e9 le fake news si diffondono pi\u00f9 delle notizie vere? Possiamo proteggere le elezioni democratiche dai tentativi di manipolazione sul web? Qual \u00e8 l\u2019impatto reale del digital marketing? Sinan Aral [&hellip;]\" \/>\n<meta property=\"og:url\" content=\"https:\/\/www.guerini.it\/index.php\/prodotto\/hype-machine\/\" \/>\n<meta property=\"og:site_name\" content=\"Guerini e Associati\" \/>\n<meta property=\"article:modified_time\" content=\"2024-06-09T18:25:12+00:00\" \/>\n<meta property=\"og:image\" content=\"https:\/\/www.guerini.it\/wp-content\/uploads\/2021\/09\/Front-Cover-HYPE-MACHINE-scaled-e1631018326592.jpg\" \/>\n\t<meta property=\"og:image:width\" content=\"248\" \/>\n\t<meta property=\"og:image:height\" content=\"350\" \/>\n\t<meta property=\"og:image:type\" content=\"image\/jpeg\" \/>\n<meta name=\"twitter:card\" content=\"summary_large_image\" \/>\n<meta name=\"twitter:label1\" content=\"Tempo di lettura stimato\" \/>\n\t<meta name=\"twitter:data1\" content=\"2 minuti\" \/>\n<!-- \/ Yoast SEO plugin. -->","yoast_head_json":{"title":"S. Aral, L. Serafini (a cura di), Hype machine | Guerini Editore","robots":{"index":"index","follow":"follow","max-snippet":"max-snippet:-1","max-image-preview":"max-image-preview:large","max-video-preview":"max-video-preview:-1"},"canonical":"https:\/\/www.guerini.it\/index.php\/prodotto\/hype-machine\/","og_locale":"it_IT","og_type":"article","og_title":"S. Aral, L. Serafini (a cura di), Hype machine | Guerini Editore","og_description":"Perch\u00e9 le fake news si diffondono pi\u00f9 delle notizie vere? Possiamo proteggere le elezioni democratiche dai tentativi di manipolazione sul web? Qual \u00e8 l\u2019impatto reale del digital marketing? Sinan Aral [&hellip;]","og_url":"https:\/\/www.guerini.it\/index.php\/prodotto\/hype-machine\/","og_site_name":"Guerini e Associati","article_modified_time":"2024-06-09T18:25:12+00:00","og_image":[{"width":248,"height":350,"url":"https:\/\/www.guerini.it\/wp-content\/uploads\/2021\/09\/Front-Cover-HYPE-MACHINE-scaled-e1631018326592.jpg","type":"image\/jpeg"}],"twitter_card":"summary_large_image","twitter_misc":{"Tempo di lettura stimato":"2 minuti"},"schema":{"@context":"https:\/\/schema.org","@graph":[{"@type":"WebPage","@id":"https:\/\/www.guerini.it\/index.php\/prodotto\/hype-machine\/","url":"https:\/\/www.guerini.it\/index.php\/prodotto\/hype-machine\/","name":"S. Aral, L. Serafini (a cura di), Hype machine | Guerini Editore","isPartOf":{"@id":"https:\/\/www.guerini.it\/#website"},"primaryImageOfPage":{"@id":"https:\/\/www.guerini.it\/index.php\/prodotto\/hype-machine\/#primaryimage"},"image":{"@id":"https:\/\/www.guerini.it\/index.php\/prodotto\/hype-machine\/#primaryimage"},"thumbnailUrl":"https:\/\/www.guerini.it\/wp-content\/uploads\/2021\/09\/Front-Cover-HYPE-MACHINE-scaled-e1631018326592.jpg","datePublished":"2021-09-07T12:40:42+00:00","dateModified":"2024-06-09T18:25:12+00:00","breadcrumb":{"@id":"https:\/\/www.guerini.it\/index.php\/prodotto\/hype-machine\/#breadcrumb"},"inLanguage":"it-IT","potentialAction":[{"@type":"ReadAction","target":["https:\/\/www.guerini.it\/index.php\/prodotto\/hype-machine\/"]}]},{"@type":"ImageObject","inLanguage":"it-IT","@id":"https:\/\/www.guerini.it\/index.php\/prodotto\/hype-machine\/#primaryimage","url":"https:\/\/www.guerini.it\/wp-content\/uploads\/2021\/09\/Front-Cover-HYPE-MACHINE-scaled-e1631018326592.jpg","contentUrl":"https:\/\/www.guerini.it\/wp-content\/uploads\/2021\/09\/Front-Cover-HYPE-MACHINE-scaled-e1631018326592.jpg","width":248,"height":350,"caption":"Copertina del libro Hype Machine"},{"@type":"BreadcrumbList","@id":"https:\/\/www.guerini.it\/index.php\/prodotto\/hype-machine\/#breadcrumb","itemListElement":[{"@type":"ListItem","position":1,"name":"Home","item":"https:\/\/www.guerini.it\/"},{"@type":"ListItem","position":2,"name":"Catalogo","item":"https:\/\/www.guerini.it\/index.php\/negozio\/"},{"@type":"ListItem","position":3,"name":"Hype Machine"}]},{"@type":"WebSite","@id":"https:\/\/www.guerini.it\/#website","url":"https:\/\/www.guerini.it\/","name":"Guerini e Associati","description":"30 anni di libri, idee e libert\u00e0","publisher":{"@id":"https:\/\/www.guerini.it\/#organization"},"potentialAction":[{"@type":"SearchAction","target":{"@type":"EntryPoint","urlTemplate":"https:\/\/www.guerini.it\/?s={search_term_string}"},"query-input":{"@type":"PropertyValueSpecification","valueRequired":true,"valueName":"search_term_string"}}],"inLanguage":"it-IT"},{"@type":"Organization","@id":"https:\/\/www.guerini.it\/#organization","name":"Guerini e Associati","url":"https:\/\/www.guerini.it\/","logo":{"@type":"ImageObject","inLanguage":"it-IT","@id":"https:\/\/www.guerini.it\/#\/schema\/logo\/image\/","url":"https:\/\/www.guerini.it\/wp-content\/uploads\/2021\/03\/Logo-Guerini-OK_-e1615831292285.png","contentUrl":"https:\/\/www.guerini.it\/wp-content\/uploads\/2021\/03\/Logo-Guerini-OK_-e1615831292285.png","width":2805,"height":1870,"caption":"Guerini e Associati"},"image":{"@id":"https:\/\/www.guerini.it\/#\/schema\/logo\/image\/"}}]}},"_links":{"self":[{"href":"https:\/\/www.guerini.it\/index.php\/wp-json\/wp\/v2\/product\/22066","targetHints":{"allow":["GET"]}}],"collection":[{"href":"https:\/\/www.guerini.it\/index.php\/wp-json\/wp\/v2\/product"}],"about":[{"href":"https:\/\/www.guerini.it\/index.php\/wp-json\/wp\/v2\/types\/product"}],"wp:featuredmedia":[{"embeddable":true,"href":"https:\/\/www.guerini.it\/index.php\/wp-json\/wp\/v2\/media\/22067"}],"wp:attachment":[{"href":"https:\/\/www.guerini.it\/index.php\/wp-json\/wp\/v2\/media?parent=22066"}],"wp:term":[{"taxonomy":"product_brand","embeddable":true,"href":"https:\/\/www.guerini.it\/index.php\/wp-json\/wp\/v2\/product_brand?post=22066"},{"taxonomy":"product_cat","embeddable":true,"href":"https:\/\/www.guerini.it\/index.php\/wp-json\/wp\/v2\/product_cat?post=22066"},{"taxonomy":"product_tag","embeddable":true,"href":"https:\/\/www.guerini.it\/index.php\/wp-json\/wp\/v2\/product_tag?post=22066"}],"curies":[{"name":"wp","href":"https:\/\/api.w.org\/{rel}","templated":true}]}}