{"id":22112,"date":"2021-09-13T22:09:26","date_gmt":"2021-09-13T20:09:26","guid":{"rendered":"https:\/\/www.guerini.it\/?post_type=product&#038;p=22112"},"modified":"2024-06-09T20:25:13","modified_gmt":"2024-06-09T18:25:13","slug":"il-marketing-per-una-societa-migliore","status":"publish","type":"product","link":"https:\/\/www.guerini.it\/index.php\/prodotto\/il-marketing-per-una-societa-migliore\/","title":{"rendered":"Il marketing per una societ\u00e0 migliore"},"content":{"rendered":"<p style=\"text-align: justify;\">\u00abNell\u2019economia e nella societ\u00e0 il marketing crea valore per le persone, le istituzioni e le imprese, costruendo e mantenendo relazioni con clienti, consumatori e altri stakeholder al fine di rispondere a bisogni e desideri individuali ed esigenze collettive\u00bb.<br \/>\nIntorno a questa dichiarazione contenuta nel \u00abManifesto del Marketing\u00bb si snoda il percorso del libro, che si sviluppa in diverse direzioni complementari: il contributo del marketing alla societ\u00e0 e al mondo accademico; le tendenze nella letteratura\u00a0accademica viste dalla prospettiva degli editor di prestigiose riviste internazionali; il punto di vista di manager e imprenditori sul ruolo del marketing per accrescere il vantaggio competitivo dell\u2019impresa (con un capitolo scritto da un imprenditore, che racconta come \u00abil bello e ben fatto\u00bb ha contribuito a fare della sua impresa una leader mondiale nel suo settore); il punto di vista dei consumatori sul significato del marketing e sul suo contributo al benessere della societ\u00e0 contemporanea.<br \/>\nA partire da queste considerazioni nasce <em>Il marketing per una societ\u00e0 migliore<\/em>, con un approfondimento dei temi enunciati durante la XVII conferenza della Societ\u00e0 Italiana di Marketing (SIM), svoltasi presso LIUC \u2013 Universit\u00e0 Cattaneo il 29 e il 30 ottobre 2020.<\/p>\n<p>Il volume fa parte della collana\u00a0<a href=\"https:\/\/www.guerini.it\/index.php\/categoria-prodotto\/default-category\/economia-e-management\/universita-cattaneo-libri\/\"><em>Universit\u00e0 Cattaneo Libri<\/em><\/a><\/p>\n<hr \/>\n<p style=\"text-align: justify;\"><strong>Angelo Di Gregorio<\/strong> \u00e8 professore ordinario di Economia e gestione delle imprese presso l\u2019Universit\u00e0 di Milano-Bicocca, dove insegna Communication marketing e Sales and trade marketing. \u00c8 coordinatore scientifico del Master in marketing management \u2013 M3, Direttore del CRIET \u2013 Centro di Ricerca Interuniversitario in Economia del Territorio. Dal 2021 \u00e8 presidente di SIM.<\/p>\n<p style=\"text-align: justify;\"><strong>Chiara Mauri<\/strong> \u00e8 professore ordinario presso LIUC \u2013 Universit\u00e0 Cattaneo, dove insegna marketing agli studenti internazionali. Nella stessa universit\u00e0 \u00e8 direttore della Scuola di Economia e management. Professore a contratto all\u2019Universit\u00e0 Bocconi, dove insegna Marketing delle piccole e medie imprese. \u00c8 segretario generale di SIM, membro del Consiglio di Amministrazione di Esprinet Spa (quotata in Borsa) e del Colorificio San Marco Spa.<\/p>\n<p style=\"text-align: justify;\"><strong>Riccardo Resciniti<\/strong> \u00e8 professore ordinario di Economia e gestione delle imprese presso l\u2019Universit\u00e0 del Sannio, dove insegna Marketing e Management e marketing internazionale. \u00c8 stato presidente di SIM (2018-2021) e oggi \u00e8 il presidente della Fondazione Sostenibilit\u00e0 e Valore.<\/p>\n<p><strong>Permalink:\u00a0<a href=\"http:\/\/digital.casalini.it\/9788868964139\">http:\/\/digital.casalini.it\/9788868964139<\/a><\/strong><\/p>\n","protected":false},"excerpt":{"rendered":"<p>\u00abNell\u2019economia e nella societ\u00e0 il marketing crea valore per le persone, le istituzioni e le imprese, costruendo e mantenendo relazioni con clienti, consumatori e altri stakeholder al fine di rispondere [&hellip;]<\/p>\n","protected":false},"featured_media":22113,"template":"","meta":{"_editorskit_title_hidden":false,"_editorskit_reading_time":0,"_editorskit_is_block_options_detached":false,"_editorskit_block_options_position":"{}","_monsterinsights_skip_tracking":false,"_monsterinsights_sitenote_active":false,"_monsterinsights_sitenote_note":"","_monsterinsights_sitenote_category":0},"product_brand":[],"product_cat":[6805,6700],"product_tag":[7516,7514,7515],"class_list":{"0":"post-22112","1":"product","2":"type-product","3":"status-publish","4":"has-post-thumbnail","6":"product_cat-guerini-next","7":"product_cat-universita-cattaneo-libri","8":"product_tag-consumatore","9":"product_tag-marketing","10":"product_tag-valore","11":"pa_guerini_amazon_link-https-www-amazon-it-marketing-una-societ-migliore-dp-8868964139","12":"pa_guerini_feltrinelli_link-https-www-lafeltrinelli-it-marketing-per-societa-migliore-libro-vari-e-9788868964139","13":"pa_guerini_ibs_link-https-www-ibs-it-marketing-per-societa-migliore-libro-vari-e-9788868964139","14":"pa_guerini_libruniver_link-https-www-libreriauniversitaria-it-marketing-societa-migliore-guerini-next-libro-9788868964139","15":"pa_guerini_mondadori_link-https-www-mondadoristore-it-marketing-per-societa-migliore-na-eai978886896413","17":"first","18":"instock","19":"sale","20":"shipping-taxable","21":"purchasable","22":"product-type-simple"},"yoast_head":"<!-- This site is optimized with the Yoast SEO plugin v25.4 - https:\/\/yoast.com\/wordpress\/plugins\/seo\/ -->\n<title>Il marketing per una societ\u00e0 migliore - Guerini e Associati<\/title>\n<meta name=\"robots\" content=\"index, follow, max-snippet:-1, max-image-preview:large, max-video-preview:-1\" \/>\n<link rel=\"canonical\" href=\"https:\/\/www.guerini.it\/index.php\/prodotto\/il-marketing-per-una-societa-migliore\/\" \/>\n<meta property=\"og:locale\" content=\"it_IT\" \/>\n<meta property=\"og:type\" content=\"article\" \/>\n<meta property=\"og:title\" content=\"Il marketing per una societ\u00e0 migliore - Guerini e Associati\" \/>\n<meta property=\"og:description\" content=\"\u00abNell\u2019economia e nella societ\u00e0 il marketing crea valore per le persone, le istituzioni e le imprese, costruendo e mantenendo relazioni con clienti, consumatori e altri stakeholder al fine di rispondere [&hellip;]\" \/>\n<meta property=\"og:url\" content=\"https:\/\/www.guerini.it\/index.php\/prodotto\/il-marketing-per-una-societa-migliore\/\" \/>\n<meta property=\"og:site_name\" content=\"Guerini e Associati\" \/>\n<meta property=\"article:modified_time\" content=\"2024-06-09T18:25:13+00:00\" \/>\n<meta property=\"og:image\" content=\"https:\/\/www.guerini.it\/wp-content\/uploads\/2021\/09\/Front-Cover-IL-MARKETING-PER-UNA-SOCIETA-MIGLIORE-LIUC_bordino-e1631563749505.png\" \/>\n\t<meta property=\"og:image:width\" content=\"229\" \/>\n\t<meta property=\"og:image:height\" content=\"350\" \/>\n\t<meta property=\"og:image:type\" content=\"image\/png\" \/>\n<meta name=\"twitter:card\" content=\"summary_large_image\" \/>\n<meta name=\"twitter:label1\" content=\"Tempo di lettura stimato\" \/>\n\t<meta name=\"twitter:data1\" content=\"3 minuti\" \/>\n<!-- \/ Yoast SEO plugin. -->","yoast_head_json":{"title":"Il marketing per una societ\u00e0 migliore - Guerini e Associati","robots":{"index":"index","follow":"follow","max-snippet":"max-snippet:-1","max-image-preview":"max-image-preview:large","max-video-preview":"max-video-preview:-1"},"canonical":"https:\/\/www.guerini.it\/index.php\/prodotto\/il-marketing-per-una-societa-migliore\/","og_locale":"it_IT","og_type":"article","og_title":"Il marketing per una societ\u00e0 migliore - Guerini e Associati","og_description":"\u00abNell\u2019economia e nella societ\u00e0 il marketing crea valore per le persone, le istituzioni e le imprese, costruendo e mantenendo relazioni con clienti, consumatori e altri stakeholder al fine di rispondere [&hellip;]","og_url":"https:\/\/www.guerini.it\/index.php\/prodotto\/il-marketing-per-una-societa-migliore\/","og_site_name":"Guerini e Associati","article_modified_time":"2024-06-09T18:25:13+00:00","og_image":[{"width":229,"height":350,"url":"https:\/\/www.guerini.it\/wp-content\/uploads\/2021\/09\/Front-Cover-IL-MARKETING-PER-UNA-SOCIETA-MIGLIORE-LIUC_bordino-e1631563749505.png","type":"image\/png"}],"twitter_card":"summary_large_image","twitter_misc":{"Tempo di lettura stimato":"3 minuti"},"schema":{"@context":"https:\/\/schema.org","@graph":[{"@type":"WebPage","@id":"https:\/\/www.guerini.it\/index.php\/prodotto\/il-marketing-per-una-societa-migliore\/","url":"https:\/\/www.guerini.it\/index.php\/prodotto\/il-marketing-per-una-societa-migliore\/","name":"Il marketing per una societ\u00e0 migliore - Guerini e Associati","isPartOf":{"@id":"https:\/\/www.guerini.it\/#website"},"primaryImageOfPage":{"@id":"https:\/\/www.guerini.it\/index.php\/prodotto\/il-marketing-per-una-societa-migliore\/#primaryimage"},"image":{"@id":"https:\/\/www.guerini.it\/index.php\/prodotto\/il-marketing-per-una-societa-migliore\/#primaryimage"},"thumbnailUrl":"https:\/\/www.guerini.it\/wp-content\/uploads\/2021\/09\/Front-Cover-IL-MARKETING-PER-UNA-SOCIETA-MIGLIORE-LIUC_bordino-e1631563749505.png","datePublished":"2021-09-13T20:09:26+00:00","dateModified":"2024-06-09T18:25:13+00:00","breadcrumb":{"@id":"https:\/\/www.guerini.it\/index.php\/prodotto\/il-marketing-per-una-societa-migliore\/#breadcrumb"},"inLanguage":"it-IT","potentialAction":[{"@type":"ReadAction","target":["https:\/\/www.guerini.it\/index.php\/prodotto\/il-marketing-per-una-societa-migliore\/"]}]},{"@type":"ImageObject","inLanguage":"it-IT","@id":"https:\/\/www.guerini.it\/index.php\/prodotto\/il-marketing-per-una-societa-migliore\/#primaryimage","url":"https:\/\/www.guerini.it\/wp-content\/uploads\/2021\/09\/Front-Cover-IL-MARKETING-PER-UNA-SOCIETA-MIGLIORE-LIUC_bordino-e1631563749505.png","contentUrl":"https:\/\/www.guerini.it\/wp-content\/uploads\/2021\/09\/Front-Cover-IL-MARKETING-PER-UNA-SOCIETA-MIGLIORE-LIUC_bordino-e1631563749505.png","width":229,"height":350,"caption":"Copertina del libro Il Marketing per una societ\u00e0 migliore"},{"@type":"BreadcrumbList","@id":"https:\/\/www.guerini.it\/index.php\/prodotto\/il-marketing-per-una-societa-migliore\/#breadcrumb","itemListElement":[{"@type":"ListItem","position":1,"name":"Home","item":"https:\/\/www.guerini.it\/"},{"@type":"ListItem","position":2,"name":"Catalogo","item":"https:\/\/www.guerini.it\/index.php\/negozio\/"},{"@type":"ListItem","position":3,"name":"Il marketing per una societ\u00e0 migliore"}]},{"@type":"WebSite","@id":"https:\/\/www.guerini.it\/#website","url":"https:\/\/www.guerini.it\/","name":"Guerini e Associati","description":"30 anni di libri, idee e libert\u00e0","publisher":{"@id":"https:\/\/www.guerini.it\/#organization"},"potentialAction":[{"@type":"SearchAction","target":{"@type":"EntryPoint","urlTemplate":"https:\/\/www.guerini.it\/?s={search_term_string}"},"query-input":{"@type":"PropertyValueSpecification","valueRequired":true,"valueName":"search_term_string"}}],"inLanguage":"it-IT"},{"@type":"Organization","@id":"https:\/\/www.guerini.it\/#organization","name":"Guerini e Associati","url":"https:\/\/www.guerini.it\/","logo":{"@type":"ImageObject","inLanguage":"it-IT","@id":"https:\/\/www.guerini.it\/#\/schema\/logo\/image\/","url":"https:\/\/www.guerini.it\/wp-content\/uploads\/2021\/03\/Logo-Guerini-OK_-e1615831292285.png","contentUrl":"https:\/\/www.guerini.it\/wp-content\/uploads\/2021\/03\/Logo-Guerini-OK_-e1615831292285.png","width":2805,"height":1870,"caption":"Guerini e Associati"},"image":{"@id":"https:\/\/www.guerini.it\/#\/schema\/logo\/image\/"}}]}},"_links":{"self":[{"href":"https:\/\/www.guerini.it\/index.php\/wp-json\/wp\/v2\/product\/22112","targetHints":{"allow":["GET"]}}],"collection":[{"href":"https:\/\/www.guerini.it\/index.php\/wp-json\/wp\/v2\/product"}],"about":[{"href":"https:\/\/www.guerini.it\/index.php\/wp-json\/wp\/v2\/types\/product"}],"wp:featuredmedia":[{"embeddable":true,"href":"https:\/\/www.guerini.it\/index.php\/wp-json\/wp\/v2\/media\/22113"}],"wp:attachment":[{"href":"https:\/\/www.guerini.it\/index.php\/wp-json\/wp\/v2\/media?parent=22112"}],"wp:term":[{"taxonomy":"product_brand","embeddable":true,"href":"https:\/\/www.guerini.it\/index.php\/wp-json\/wp\/v2\/product_brand?post=22112"},{"taxonomy":"product_cat","embeddable":true,"href":"https:\/\/www.guerini.it\/index.php\/wp-json\/wp\/v2\/product_cat?post=22112"},{"taxonomy":"product_tag","embeddable":true,"href":"https:\/\/www.guerini.it\/index.php\/wp-json\/wp\/v2\/product_tag?post=22112"}],"curies":[{"name":"wp","href":"https:\/\/api.w.org\/{rel}","templated":true}]}}