{"id":22268,"date":"2021-10-15T10:16:08","date_gmt":"2021-10-15T08:16:08","guid":{"rendered":"https:\/\/www.guerini.it\/?post_type=product&#038;p=22268"},"modified":"2025-11-18T15:31:44","modified_gmt":"2025-11-18T14:31:44","slug":"la-banca-del-terzo-millennio","status":"publish","type":"product","link":"https:\/\/www.guerini.it\/index.php\/prodotto\/la-banca-del-terzo-millennio\/","title":{"rendered":"La banca del terzo millennio"},"content":{"rendered":"<p style=\"text-align: justify;\">Negli ultimi vent\u2019anni l\u2019innovazione tecnologica ha compiuto passi da gigante in tutte le direzioni. Il mondo bancario, al pari di quello della grande distribuzione, ha conosciuto profondi mutamenti nella quotidianit\u00e0 delle filiali, con la trasformazione in commodity di alcuni servizi tipici. Anche il settore del wealth management si \u00e8 intriso di innovazione tecnologica: dal risk management all\u2019asset allocation, dal trading alle piattaforme di consulenza, dai social network finanziari ai robo, si \u00e8 assistito a un costante sviluppo del fintech e si attende ora l\u2019ingresso delle multinazionali big tech nel settore finanziario.<br \/>\nMa come sar\u00e0 in concreto la banca del terzo millennio? Se \u00e8 vero che l\u2019esperienza e la capacit\u00e0 di adattamento di altre industrie possono essere una guida per il retail, certamente la digitalizzazione e commoditizzazione di molti servizi suggeriscono che il wealth management possa essere la base per la banca del futuro. La relazione consulente-cliente e il valore aggiunto del servizio di consulenza richiedono un approccio olistico, impongono investimenti in tecnologia, ma anche scelte strategiche che porteranno a banche sempre pi\u00f9 aperte ai prodotti e servizi di terzi. Dovranno cambiare anche le metriche di segmentazione e profilazione dei clienti, che potranno scegliere come, quando e dove essere serviti. L\u2019evoluzione del proprio modello di business rappresenta la pi\u00f9 grande sfida che il sistema bancario sar\u00e0 chiamato ad affrontare se vorr\u00e0 mantenere il suo ruolo anche nel prossimo futuro.<\/p>\n<hr \/>\n<p style=\"text-align: justify;\"><strong>Antonello Di Mascio<\/strong>, laureato in Economia all\u2019Universit\u00e0 Bocconi, ha iniziato la sua carriera come analista finanziario, per poi passare alla gestione di fondi comuni e gestioni patrimoniali. Dopo aver lavorato in Ina-Generali, Banca Steinhauslin &amp; C., Monte dei Paschi di Siena e Intesa Sanpaolo, oggi \u00e8 Responsabile Customer Value Management Privati Banco Posta-Poste Italiane. Ha insegnato alle universit\u00e0 di Firenze e di Padova ed \u00e8 autore di oltre quindici pubblicazioni.<\/p>\n<p style=\"text-align: justify;\"><strong>Maurizio Primanni<\/strong> \u00e8 fondatore e presidente del Gruppo Excellence, specializzato nella consulenza manageriale, nella formazione e nell\u2019innovazione digitale. Sin dall\u2019avvio della sua attivit\u00e0 professionale in McKinsey &amp; Company, ha lavorato con le principali istituzioni finanziarie in Italia e in Europa, con una particolare attenzione al settore delle banche reti. Per le nostre edizioni ha pubblicato <a href=\"https:\/\/www.guerini.it\/index.php\/prodotto\/il-consulente-finanziario-digitale\/\"><em>Il consulente finanziario digitale<\/em><\/a> (2020).<\/p>\n<p><strong>Permalink<\/strong>: <a href=\"http:\/\/digital.casalini.it\/9788868964115\">http:\/\/digital.casalini.it\/9788868964115<\/a><\/p>\n","protected":false},"excerpt":{"rendered":"<p>Negli ultimi vent\u2019anni l\u2019innovazione tecnologica ha compiuto passi da gigante in tutte le direzioni. Il mondo bancario, al pari di quello della grande distribuzione, ha conosciuto profondi mutamenti nella quotidianit\u00e0 [&hellip;]<\/p>\n","protected":false},"featured_media":22270,"template":"","meta":{"_editorskit_title_hidden":false,"_editorskit_reading_time":0,"_editorskit_is_block_options_detached":false,"_editorskit_block_options_position":"{}","_monsterinsights_skip_tracking":false,"_monsterinsights_sitenote_active":false,"_monsterinsights_sitenote_note":"","_monsterinsights_sitenote_category":0},"product_brand":[],"product_cat":[6805,12530],"product_tag":[7563,6815,6760,6761,7562],"class_list":{"0":"post-22268","1":"product","2":"type-product","3":"status-publish","4":"has-post-thumbnail","6":"product_cat-guerini-next","7":"product_cat-strategia-e-gestione-delle-istituzioni-finanziarie","8":"product_tag-banca-del-futuro","9":"product_tag-economia","10":"product_tag-finanza","11":"product_tag-fintech","12":"product_tag-wealth-management","13":"pa_guerini_amazon_link-https-www-amazon-it-millennio-sistema-bancario-fintech-pandemia-dp-8868964112","14":"pa_guerini_feltrinelli_link-https-tidd-ly-3acziiw","15":"pa_guerini_ibs_link-https-tidd-ly-3dol8vt","16":"pa_guerini_libruniver_link-https-www-libreriauniversitaria-it-banca-terzo-millennio-futuro-sistema-libro-9788868964115","17":"pa_guerini_mondadori_link-https-www-mondadoristore-it-banca-terzo-millennio-futuro-antonello-di-mascio-maurizio-primanni-eai978886896411","19":"first","20":"instock","21":"sale","22":"shipping-taxable","23":"purchasable","24":"product-type-simple"},"yoast_head":"<!-- This site is optimized with the Yoast SEO plugin v25.4 - https:\/\/yoast.com\/wordpress\/plugins\/seo\/ -->\n<title>La banca del terzo millennio - Guerini e Associati<\/title>\n<meta name=\"robots\" content=\"index, follow, max-snippet:-1, max-image-preview:large, max-video-preview:-1\" \/>\n<link rel=\"canonical\" href=\"https:\/\/www.guerini.it\/index.php\/prodotto\/la-banca-del-terzo-millennio\/\" \/>\n<meta property=\"og:locale\" content=\"it_IT\" \/>\n<meta property=\"og:type\" content=\"article\" \/>\n<meta property=\"og:title\" content=\"La banca del terzo millennio - Guerini e Associati\" \/>\n<meta property=\"og:description\" content=\"Negli ultimi vent\u2019anni l\u2019innovazione tecnologica ha compiuto passi da gigante in tutte le direzioni. Il mondo bancario, al pari di quello della grande distribuzione, ha conosciuto profondi mutamenti nella quotidianit\u00e0 [&hellip;]\" \/>\n<meta property=\"og:url\" content=\"https:\/\/www.guerini.it\/index.php\/prodotto\/la-banca-del-terzo-millennio\/\" \/>\n<meta property=\"og:site_name\" content=\"Guerini e Associati\" \/>\n<meta property=\"article:modified_time\" content=\"2025-11-18T14:31:44+00:00\" \/>\n<meta property=\"og:image\" content=\"https:\/\/www.guerini.it\/wp-content\/uploads\/2021\/10\/Cop.-La-banca-del-terzo-millennio-scaled-e1634285751709.jpg\" \/>\n\t<meta property=\"og:image:width\" content=\"225\" \/>\n\t<meta property=\"og:image:height\" content=\"350\" \/>\n\t<meta property=\"og:image:type\" content=\"image\/jpeg\" \/>\n<meta name=\"twitter:card\" content=\"summary_large_image\" \/>\n<meta name=\"twitter:label1\" content=\"Tempo di lettura stimato\" \/>\n\t<meta name=\"twitter:data1\" content=\"3 minuti\" \/>\n<!-- \/ Yoast SEO plugin. -->","yoast_head_json":{"title":"La banca del terzo millennio - Guerini e Associati","robots":{"index":"index","follow":"follow","max-snippet":"max-snippet:-1","max-image-preview":"max-image-preview:large","max-video-preview":"max-video-preview:-1"},"canonical":"https:\/\/www.guerini.it\/index.php\/prodotto\/la-banca-del-terzo-millennio\/","og_locale":"it_IT","og_type":"article","og_title":"La banca del terzo millennio - Guerini e Associati","og_description":"Negli ultimi vent\u2019anni l\u2019innovazione tecnologica ha compiuto passi da gigante in tutte le direzioni. Il mondo bancario, al pari di quello della grande distribuzione, ha conosciuto profondi mutamenti nella quotidianit\u00e0 [&hellip;]","og_url":"https:\/\/www.guerini.it\/index.php\/prodotto\/la-banca-del-terzo-millennio\/","og_site_name":"Guerini e Associati","article_modified_time":"2025-11-18T14:31:44+00:00","og_image":[{"width":225,"height":350,"url":"https:\/\/www.guerini.it\/wp-content\/uploads\/2021\/10\/Cop.-La-banca-del-terzo-millennio-scaled-e1634285751709.jpg","type":"image\/jpeg"}],"twitter_card":"summary_large_image","twitter_misc":{"Tempo di lettura stimato":"3 minuti"},"schema":{"@context":"https:\/\/schema.org","@graph":[{"@type":"WebPage","@id":"https:\/\/www.guerini.it\/index.php\/prodotto\/la-banca-del-terzo-millennio\/","url":"https:\/\/www.guerini.it\/index.php\/prodotto\/la-banca-del-terzo-millennio\/","name":"La banca del terzo millennio - Guerini e Associati","isPartOf":{"@id":"https:\/\/www.guerini.it\/#website"},"primaryImageOfPage":{"@id":"https:\/\/www.guerini.it\/index.php\/prodotto\/la-banca-del-terzo-millennio\/#primaryimage"},"image":{"@id":"https:\/\/www.guerini.it\/index.php\/prodotto\/la-banca-del-terzo-millennio\/#primaryimage"},"thumbnailUrl":"https:\/\/www.guerini.it\/wp-content\/uploads\/2021\/10\/Cop.-La-banca-del-terzo-millennio-scaled-e1634285751709.jpg","datePublished":"2021-10-15T08:16:08+00:00","dateModified":"2025-11-18T14:31:44+00:00","breadcrumb":{"@id":"https:\/\/www.guerini.it\/index.php\/prodotto\/la-banca-del-terzo-millennio\/#breadcrumb"},"inLanguage":"it-IT","potentialAction":[{"@type":"ReadAction","target":["https:\/\/www.guerini.it\/index.php\/prodotto\/la-banca-del-terzo-millennio\/"]}]},{"@type":"ImageObject","inLanguage":"it-IT","@id":"https:\/\/www.guerini.it\/index.php\/prodotto\/la-banca-del-terzo-millennio\/#primaryimage","url":"https:\/\/www.guerini.it\/wp-content\/uploads\/2021\/10\/Cop.-La-banca-del-terzo-millennio-scaled-e1634285751709.jpg","contentUrl":"https:\/\/www.guerini.it\/wp-content\/uploads\/2021\/10\/Cop.-La-banca-del-terzo-millennio-scaled-e1634285751709.jpg","width":225,"height":350,"caption":"La banca del terzo millennio"},{"@type":"BreadcrumbList","@id":"https:\/\/www.guerini.it\/index.php\/prodotto\/la-banca-del-terzo-millennio\/#breadcrumb","itemListElement":[{"@type":"ListItem","position":1,"name":"Home","item":"https:\/\/www.guerini.it\/"},{"@type":"ListItem","position":2,"name":"Catalogo","item":"https:\/\/www.guerini.it\/index.php\/negozio\/"},{"@type":"ListItem","position":3,"name":"La banca del terzo millennio"}]},{"@type":"WebSite","@id":"https:\/\/www.guerini.it\/#website","url":"https:\/\/www.guerini.it\/","name":"Guerini e Associati","description":"30 anni di libri, idee e libert\u00e0","publisher":{"@id":"https:\/\/www.guerini.it\/#organization"},"potentialAction":[{"@type":"SearchAction","target":{"@type":"EntryPoint","urlTemplate":"https:\/\/www.guerini.it\/?s={search_term_string}"},"query-input":{"@type":"PropertyValueSpecification","valueRequired":true,"valueName":"search_term_string"}}],"inLanguage":"it-IT"},{"@type":"Organization","@id":"https:\/\/www.guerini.it\/#organization","name":"Guerini e Associati","url":"https:\/\/www.guerini.it\/","logo":{"@type":"ImageObject","inLanguage":"it-IT","@id":"https:\/\/www.guerini.it\/#\/schema\/logo\/image\/","url":"https:\/\/www.guerini.it\/wp-content\/uploads\/2021\/03\/Logo-Guerini-OK_-e1615831292285.png","contentUrl":"https:\/\/www.guerini.it\/wp-content\/uploads\/2021\/03\/Logo-Guerini-OK_-e1615831292285.png","width":2805,"height":1870,"caption":"Guerini e Associati"},"image":{"@id":"https:\/\/www.guerini.it\/#\/schema\/logo\/image\/"}}]}},"_links":{"self":[{"href":"https:\/\/www.guerini.it\/index.php\/wp-json\/wp\/v2\/product\/22268","targetHints":{"allow":["GET"]}}],"collection":[{"href":"https:\/\/www.guerini.it\/index.php\/wp-json\/wp\/v2\/product"}],"about":[{"href":"https:\/\/www.guerini.it\/index.php\/wp-json\/wp\/v2\/types\/product"}],"wp:featuredmedia":[{"embeddable":true,"href":"https:\/\/www.guerini.it\/index.php\/wp-json\/wp\/v2\/media\/22270"}],"wp:attachment":[{"href":"https:\/\/www.guerini.it\/index.php\/wp-json\/wp\/v2\/media?parent=22268"}],"wp:term":[{"taxonomy":"product_brand","embeddable":true,"href":"https:\/\/www.guerini.it\/index.php\/wp-json\/wp\/v2\/product_brand?post=22268"},{"taxonomy":"product_cat","embeddable":true,"href":"https:\/\/www.guerini.it\/index.php\/wp-json\/wp\/v2\/product_cat?post=22268"},{"taxonomy":"product_tag","embeddable":true,"href":"https:\/\/www.guerini.it\/index.php\/wp-json\/wp\/v2\/product_tag?post=22268"}],"curies":[{"name":"wp","href":"https:\/\/api.w.org\/{rel}","templated":true}]}}