{"id":22271,"date":"2021-10-15T18:06:50","date_gmt":"2021-10-15T16:06:50","guid":{"rendered":"https:\/\/www.guerini.it\/?post_type=product&#038;p=22271"},"modified":"2024-06-09T20:25:15","modified_gmt":"2024-06-09T18:25:15","slug":"la-servitizzazione","status":"publish","type":"product","link":"https:\/\/www.guerini.it\/index.php\/prodotto\/la-servitizzazione\/","title":{"rendered":"La servitizzazione"},"content":{"rendered":"<p style=\"text-align: justify;\">Resa possibile dal progresso delle tecnologie digitali, la trasformazione dell\u2019economia del prodotto in economia dei servizi \u00e8 una realt\u00e0 ormai in atto. La capacit\u00e0 quasi miracolosa del digitale di \u00abservitizzare\u00bb, cio\u00e8 di convertire il prodotto in servizio, ci offre una straordinaria opportunit\u00e0 di crescita sostenibile che vedr\u00e0 tutti vincitori: le imprese, la societ\u00e0 e l\u2019ambiente.<br \/>\nAnche perch\u00e9 la transizione al modo di produzione digitale non \u00e8, come accadeva in passato, riservata a poche imprese capaci di grandi investimenti; al contrario, \u00e8 alla portata di tutte le imprese e in special modo delle PMI, perch\u00e9 il mondo del futuro non apparterr\u00e0 ai pi\u00f9 grandi ma ai pi\u00f9 agili.<br \/>\nPer accelerare il processo \u00e8 necessario per\u00f2 un cambio di mentalit\u00e0: serve una nuova generazione di consumatori pi\u00f9 interessata all\u2019accesso ai beni che al loro possesso. E soprattutto serve una nuova generazione di imprenditori in grado di utilizzare i mezzi straordinari messi a disposizione dalle tecnologie digitali, con cui creare imprese nuove, efficienti e sostenibili.<\/p>\n<p><a href=\"https:\/\/businessweekly.it\/notizie\/libro-business-dellanno-2021\/\"><img loading=\"lazy\" decoding=\"async\" class=\"aligncenter wp-image-22448 size-full\" src=\"https:\/\/www.guerini.it\/wp-content\/uploads\/2021\/10\/libro-business-dellanno.png\" alt=\"\" width=\"6912\" height=\"1728\" srcset=\"https:\/\/www.guerini.it\/wp-content\/uploads\/2021\/10\/libro-business-dellanno.png 6912w, https:\/\/www.guerini.it\/wp-content\/uploads\/2021\/10\/libro-business-dellanno-300x75.png 300w, https:\/\/www.guerini.it\/wp-content\/uploads\/2021\/10\/libro-business-dellanno-1024x256.png 1024w, https:\/\/www.guerini.it\/wp-content\/uploads\/2021\/10\/libro-business-dellanno-768x192.png 768w, https:\/\/www.guerini.it\/wp-content\/uploads\/2021\/10\/libro-business-dellanno-1536x384.png 1536w, https:\/\/www.guerini.it\/wp-content\/uploads\/2021\/10\/libro-business-dellanno-2048x512.png 2048w, https:\/\/www.guerini.it\/wp-content\/uploads\/2021\/10\/libro-business-dellanno-600x150.png 600w, https:\/\/www.guerini.it\/wp-content\/uploads\/2021\/10\/libro-business-dellanno-64x16.png 64w\" sizes=\"auto, (max-width: 6912px) 100vw, 6912px\" \/><\/a><\/p>\n<hr \/>\n<p style=\"text-align: justify;\"><strong>Roberto Siagri<\/strong>, laureato in fisica, ha maturato una lunga esperienza nel settore dell\u2019ICT attraversando le tre grandi rivoluzioni tecnologiche: quella del PC, quella di Internet e quella del Cloud. Ha co-fondato Eurotech nel 1992 e ne \u00e8 stato l\u2019amministratore delegato fino al marzo del 2021, dedicandosi ai temi dell\u2019innovazione, dell\u2019internazionalizzazione e dello sviluppo di nuovi modelli di business abilitati dalle tecnologie digitali.<\/p>\n","protected":false},"excerpt":{"rendered":"<p>Resa possibile dal progresso delle tecnologie digitali, la trasformazione dell\u2019economia del prodotto in economia dei servizi \u00e8 una realt\u00e0 ormai in atto. La capacit\u00e0 quasi miracolosa del digitale di \u00abservitizzare\u00bb, [&hellip;]<\/p>\n","protected":false},"featured_media":23778,"template":"","meta":{"_editorskit_title_hidden":false,"_editorskit_reading_time":0,"_editorskit_is_block_options_detached":false,"_editorskit_block_options_position":"{}","_monsterinsights_skip_tracking":false,"_monsterinsights_sitenote_active":false,"_monsterinsights_sitenote_note":"","_monsterinsights_sitenote_category":0},"product_brand":[],"product_cat":[6699],"product_tag":[6756,7578,7579,6744,7575,7577,7576,6754,6755],"class_list":{"0":"post-22271","1":"product","2":"type-product","3":"status-publish","4":"has-post-thumbnail","6":"product_cat-guerini4-0","7":"product_tag-ambiente","8":"product_tag-crescita","9":"product_tag-imprese","10":"product_tag-industria-4-0","11":"product_tag-servitization","12":"product_tag-servizio","13":"product_tag-societa-4-0","14":"product_tag-sostenibilita","15":"product_tag-sviluppo-sostenibile","16":"pa_guerini_amazon_link-https-www-amazon-it-servitization-roberto-siagri-dp-8862507275","17":"pa_guerini_feltrinelli_link-https-tidd-ly-3bmjbfw","18":"pa_guerini_ibs_link-https-tidd-ly-3ap2kfq","19":"pa_guerini_libruniver_link-https-www-libreriauniversitaria-it-servitizzazione-prodotto-servizio-futuro-sostenibile-libro-9788862507271","20":"pa_guerini_link_amazon-https-www-amazon-it-dp-b09mrdb2df-reftmm_kin_swatch_0_encodingutf8qid1638271944sr8-4","21":"pa_guerini_link_apple_ibook-https-books-apple-com-it-book-la-servitizzazione-dal-prodotto-al-servizio-per-un-id1597761039","22":"pa_guerini_link_bookrepublic-https-www-bookrepublic-it-ebook-9788881952939-la-servitizzazione-dal-prodotto-al-servizio-per-un-futuro-sostenibile-senza-limiti-alla-crescita-goware-e-edizioni-angelo-guerini-e-associati","23":"pa_guerini_link_google_play-https-play-google-com-store-books-details-roberto_siagri_la_servitizzazione_dal_prodotto_alidz5rreaaaqbaj","24":"pa_guerini_link_ibs-https-www-ibs-it-servitizzazione-dal-prodotto-al-servizio-ebook-roberto-siagri-e-9788881952939","25":"pa_guerini_link_kobo-https-www-kobo-com-it-it-ebook-la-servitizzazione-dal-prodotto-al-servizio-per-un-futuro-sostenibile-senza-limiti-alla-crescita","26":"pa_guerini_link_lafeltrinelli-https-www-lafeltrinelli-it-servitizzazione-dal-prodotto-al-servizio-ebook-roberto-siagri-e-9788881952939","27":"pa_guerini_link_mondadori-https-www-mondadoristore-it-servitizzazione-dal-prodotto-roberto-siagri-eai978888195293","28":"pa_guerini_mondadori_link-https-www-mondadoristore-it-servitizzazione-dal-prodotto-roberto-siagri-eai978886250727","30":"first","31":"instock","32":"sale","33":"shipping-taxable","34":"purchasable","35":"product-type-simple"},"yoast_head":"<!-- This site is optimized with the Yoast SEO plugin v25.4 - https:\/\/yoast.com\/wordpress\/plugins\/seo\/ -->\n<title>La servitizzazione - Guerini e Associati<\/title>\n<meta name=\"robots\" content=\"index, follow, max-snippet:-1, max-image-preview:large, max-video-preview:-1\" \/>\n<link rel=\"canonical\" href=\"https:\/\/www.guerini.it\/index.php\/prodotto\/la-servitizzazione\/\" \/>\n<meta property=\"og:locale\" content=\"it_IT\" \/>\n<meta property=\"og:type\" content=\"article\" \/>\n<meta property=\"og:title\" content=\"La servitizzazione - Guerini e Associati\" \/>\n<meta property=\"og:description\" content=\"Resa possibile dal progresso delle tecnologie digitali, la trasformazione dell\u2019economia del prodotto in economia dei servizi \u00e8 una realt\u00e0 ormai in atto. La capacit\u00e0 quasi miracolosa del digitale di \u00abservitizzare\u00bb, [&hellip;]\" \/>\n<meta property=\"og:url\" content=\"https:\/\/www.guerini.it\/index.php\/prodotto\/la-servitizzazione\/\" \/>\n<meta property=\"og:site_name\" content=\"Guerini e Associati\" \/>\n<meta property=\"article:modified_time\" content=\"2024-06-09T18:25:15+00:00\" \/>\n<meta property=\"og:image\" content=\"https:\/\/www.guerini.it\/wp-content\/uploads\/2021\/10\/La-servitizzazione.webp\" \/>\n\t<meta property=\"og:image:width\" content=\"667\" \/>\n\t<meta property=\"og:image:height\" content=\"1000\" \/>\n\t<meta property=\"og:image:type\" content=\"image\/webp\" \/>\n<meta name=\"twitter:card\" content=\"summary_large_image\" \/>\n<meta name=\"twitter:label1\" content=\"Tempo di lettura stimato\" \/>\n\t<meta name=\"twitter:data1\" content=\"2 minuti\" \/>\n<!-- \/ Yoast SEO plugin. -->","yoast_head_json":{"title":"La servitizzazione - Guerini e Associati","robots":{"index":"index","follow":"follow","max-snippet":"max-snippet:-1","max-image-preview":"max-image-preview:large","max-video-preview":"max-video-preview:-1"},"canonical":"https:\/\/www.guerini.it\/index.php\/prodotto\/la-servitizzazione\/","og_locale":"it_IT","og_type":"article","og_title":"La servitizzazione - Guerini e Associati","og_description":"Resa possibile dal progresso delle tecnologie digitali, la trasformazione dell\u2019economia del prodotto in economia dei servizi \u00e8 una realt\u00e0 ormai in atto. La capacit\u00e0 quasi miracolosa del digitale di \u00abservitizzare\u00bb, [&hellip;]","og_url":"https:\/\/www.guerini.it\/index.php\/prodotto\/la-servitizzazione\/","og_site_name":"Guerini e Associati","article_modified_time":"2024-06-09T18:25:15+00:00","og_image":[{"width":667,"height":1000,"url":"https:\/\/www.guerini.it\/wp-content\/uploads\/2021\/10\/La-servitizzazione.webp","type":"image\/webp"}],"twitter_card":"summary_large_image","twitter_misc":{"Tempo di lettura stimato":"2 minuti"},"schema":{"@context":"https:\/\/schema.org","@graph":[{"@type":"WebPage","@id":"https:\/\/www.guerini.it\/index.php\/prodotto\/la-servitizzazione\/","url":"https:\/\/www.guerini.it\/index.php\/prodotto\/la-servitizzazione\/","name":"La servitizzazione - Guerini e Associati","isPartOf":{"@id":"https:\/\/www.guerini.it\/#website"},"primaryImageOfPage":{"@id":"https:\/\/www.guerini.it\/index.php\/prodotto\/la-servitizzazione\/#primaryimage"},"image":{"@id":"https:\/\/www.guerini.it\/index.php\/prodotto\/la-servitizzazione\/#primaryimage"},"thumbnailUrl":"https:\/\/www.guerini.it\/wp-content\/uploads\/2021\/10\/La-servitizzazione.webp","datePublished":"2021-10-15T16:06:50+00:00","dateModified":"2024-06-09T18:25:15+00:00","breadcrumb":{"@id":"https:\/\/www.guerini.it\/index.php\/prodotto\/la-servitizzazione\/#breadcrumb"},"inLanguage":"it-IT","potentialAction":[{"@type":"ReadAction","target":["https:\/\/www.guerini.it\/index.php\/prodotto\/la-servitizzazione\/"]}]},{"@type":"ImageObject","inLanguage":"it-IT","@id":"https:\/\/www.guerini.it\/index.php\/prodotto\/la-servitizzazione\/#primaryimage","url":"https:\/\/www.guerini.it\/wp-content\/uploads\/2021\/10\/La-servitizzazione.webp","contentUrl":"https:\/\/www.guerini.it\/wp-content\/uploads\/2021\/10\/La-servitizzazione.webp","width":667,"height":1000,"caption":"Copertina del volume La servitizzazione, Guerini e Associati, 2021"},{"@type":"BreadcrumbList","@id":"https:\/\/www.guerini.it\/index.php\/prodotto\/la-servitizzazione\/#breadcrumb","itemListElement":[{"@type":"ListItem","position":1,"name":"Home","item":"https:\/\/www.guerini.it\/"},{"@type":"ListItem","position":2,"name":"Catalogo","item":"https:\/\/www.guerini.it\/index.php\/negozio\/"},{"@type":"ListItem","position":3,"name":"La servitizzazione"}]},{"@type":"WebSite","@id":"https:\/\/www.guerini.it\/#website","url":"https:\/\/www.guerini.it\/","name":"Guerini e Associati","description":"30 anni di libri, idee e libert\u00e0","publisher":{"@id":"https:\/\/www.guerini.it\/#organization"},"potentialAction":[{"@type":"SearchAction","target":{"@type":"EntryPoint","urlTemplate":"https:\/\/www.guerini.it\/?s={search_term_string}"},"query-input":{"@type":"PropertyValueSpecification","valueRequired":true,"valueName":"search_term_string"}}],"inLanguage":"it-IT"},{"@type":"Organization","@id":"https:\/\/www.guerini.it\/#organization","name":"Guerini e Associati","url":"https:\/\/www.guerini.it\/","logo":{"@type":"ImageObject","inLanguage":"it-IT","@id":"https:\/\/www.guerini.it\/#\/schema\/logo\/image\/","url":"https:\/\/www.guerini.it\/wp-content\/uploads\/2021\/03\/Logo-Guerini-OK_-e1615831292285.png","contentUrl":"https:\/\/www.guerini.it\/wp-content\/uploads\/2021\/03\/Logo-Guerini-OK_-e1615831292285.png","width":2805,"height":1870,"caption":"Guerini e Associati"},"image":{"@id":"https:\/\/www.guerini.it\/#\/schema\/logo\/image\/"}}]}},"_links":{"self":[{"href":"https:\/\/www.guerini.it\/index.php\/wp-json\/wp\/v2\/product\/22271","targetHints":{"allow":["GET"]}}],"collection":[{"href":"https:\/\/www.guerini.it\/index.php\/wp-json\/wp\/v2\/product"}],"about":[{"href":"https:\/\/www.guerini.it\/index.php\/wp-json\/wp\/v2\/types\/product"}],"wp:featuredmedia":[{"embeddable":true,"href":"https:\/\/www.guerini.it\/index.php\/wp-json\/wp\/v2\/media\/23778"}],"wp:attachment":[{"href":"https:\/\/www.guerini.it\/index.php\/wp-json\/wp\/v2\/media?parent=22271"}],"wp:term":[{"taxonomy":"product_brand","embeddable":true,"href":"https:\/\/www.guerini.it\/index.php\/wp-json\/wp\/v2\/product_brand?post=22271"},{"taxonomy":"product_cat","embeddable":true,"href":"https:\/\/www.guerini.it\/index.php\/wp-json\/wp\/v2\/product_cat?post=22271"},{"taxonomy":"product_tag","embeddable":true,"href":"https:\/\/www.guerini.it\/index.php\/wp-json\/wp\/v2\/product_tag?post=22271"}],"curies":[{"name":"wp","href":"https:\/\/api.w.org\/{rel}","templated":true}]}}