{"id":22293,"date":"2021-11-04T12:51:06","date_gmt":"2021-11-04T11:51:06","guid":{"rendered":"https:\/\/www.guerini.it\/?post_type=product&#038;p=22293"},"modified":"2024-07-01T14:28:48","modified_gmt":"2024-07-01T12:28:48","slug":"linfluenza-digitale","status":"publish","type":"product","link":"https:\/\/www.guerini.it\/index.php\/prodotto\/linfluenza-digitale\/","title":{"rendered":"L\u2019influenza digitale"},"content":{"rendered":"<p style=\"text-align: justify;\">L\u2019influenza \u00e8 da sempre un fenomeno complesso, strettamente connesso a fattori sociali, culturali, psicologici, comunicativi, economici e politici. Con l\u2019avvento delle piattaforme digitali, comprendere i funzionamenti dell\u2019influenza \u00e8 divenuto ancora pi\u00f9 complicato, perch\u00e9 le piattaforme si sono sovrapposte a una gi\u00e0 fitta stratificazione mediologica e sociale, portando con s\u00e9 nuovi processi, modelli e figure. Attraverso una panoplia di ricerche, studi e teorizzazioni, <em>L\u2019influenza digitale<\/em> vuole provare a fornire una prospettiva articolata sul tema, che tenga insieme differenti punti di osservazione e diverse sensibilit\u00e0 analitiche, per restituire al lettore un quadro variegato del fenomeno. Il libro propone un abbecedario dell\u2019influenza, privilegiando la figura dell\u2019influencer nei contesti digitali, e studiandone la morfologia e la comunicazione in riferimento agli ambiti del turismo, della moda, del lusso, dello sport e del cibo.<\/p>\n<p>Il volume fa parte della collana <a href=\"https:\/\/www.guerini.it\/index.php\/categoria-prodotto\/sociologia-e-comunicazione\/culturologica\/\"><em>Culturologica<\/em><\/a>.<\/p>\n<hr \/>\n<p style=\"text-align: justify;\"><strong>Maria Angela Polesana<\/strong> \u00e8 professore associato in <a href=\"https:\/\/www.iulm.it\/it\/iulm\/ateneo\/docenti-e-collaboratori\/polesana-maria-angela\">sociologia dei processi culturali e comunicativi<\/a> presso la Libera Universit\u00e0 di Lingue e Comunicazione IULM di Milano. Le sue principali aree di ricerca riguardano il consumo, la comunicazione d\u2019impresa, la pubblicit\u00e0 e i media. Tra le sue pubblicazioni: <em>Pubblicit\u00e0 e valori. Nuovi consumi e nuovi messaggi per una societ\u00e0 che cambia<\/em> (2016), <em>Criminality show. La costruzione mediatica del colpevole<\/em> (2010).<\/p>\n<p style=\"text-align: justify;\"><strong>Tito Vagni<\/strong> svolge attivit\u00e0 di ricerca presso il CEAQ, Universit\u00e9 Paris Descartes La Sorbonne. Collabora con la Commissione del Senato per il contrasto dei fenomeni di intolleranza, razzismo, antisemitismo e istigazione all\u2019odio e alla violenza. Membro del RedISS, International Network of Sociology of Sensibilities. Ha pubblicato numerosi saggi su riviste italiane e internazionali, e il volume <em>Abitare la TV. Teorie, immaginari, reality show<\/em> (2017).<\/p>\n","protected":false},"excerpt":{"rendered":"<p>L\u2019influenza \u00e8 da sempre un fenomeno complesso, strettamente connesso a fattori sociali, culturali, psicologici, comunicativi, economici e politici. Con l\u2019avvento delle piattaforme digitali, comprendere i funzionamenti dell\u2019influenza \u00e8 divenuto ancora [&hellip;]<\/p>\n","protected":false},"featured_media":23816,"template":"","meta":{"_editorskit_title_hidden":false,"_editorskit_reading_time":0,"_editorskit_is_block_options_detached":false,"_editorskit_block_options_position":"{}","_monsterinsights_skip_tracking":false,"_monsterinsights_sitenote_active":false,"_monsterinsights_sitenote_note":"","_monsterinsights_sitenote_category":0},"product_brand":[],"product_cat":[7603,6538],"product_tag":[6814,6748,7602,7600,7601],"class_list":{"0":"post-22293","1":"product","2":"type-product","3":"status-publish","4":"has-post-thumbnail","6":"product_cat-culturologica","7":"product_cat-sociologia-e-comunicazione","8":"product_tag-comunicazione","9":"product_tag-digitalizzazione","10":"product_tag-influencer","11":"product_tag-nuovi-media","12":"product_tag-social-network","13":"pa_guerini_amazon_link-https-www-amazon-it-linfluenza-digitale-studi-teorie-ricerche-dp-8881074524","14":"pa_guerini_feltrinelli_link-https-www-lafeltrinelli-it-influenza-digitale-studi-teorie-ricerche-libro-vari-e-9788881074525","15":"pa_guerini_ibs_link-https-www-ibs-it-influenza-digitale-studi-teorie-ricerche-libro-vari-e-9788881074525","16":"pa_guerini_libruniver_link-https-www-libreriauniversitaria-it-influenza-digitale-studi-teorie-ricerche-libro-9788881074525","17":"pa_guerini_mondadori_link-https-www-mondadoristore-it-influenza-digitale-studi-na-eai978888107452","19":"first","20":"instock","21":"sale","22":"shipping-taxable","23":"purchasable","24":"product-type-simple"},"yoast_head":"<!-- This site is optimized with the Yoast SEO plugin v25.4 - https:\/\/yoast.com\/wordpress\/plugins\/seo\/ -->\n<title>L\u2019influenza digitale | Guerini Editore<\/title>\n<meta name=\"description\" content=\"Il libro a cura di M. A. Polesana e T. Vagni propone un abbecedario dell\u2019influenza, privilegiando la figura dell\u2019influencer nei contesti digitali.\" \/>\n<meta name=\"robots\" content=\"index, follow, max-snippet:-1, max-image-preview:large, max-video-preview:-1\" \/>\n<link rel=\"canonical\" href=\"https:\/\/www.guerini.it\/index.php\/prodotto\/linfluenza-digitale\/\" \/>\n<meta property=\"og:locale\" content=\"it_IT\" \/>\n<meta property=\"og:type\" content=\"article\" \/>\n<meta property=\"og:title\" content=\"L\u2019influenza digitale | Guerini Editore\" \/>\n<meta property=\"og:description\" content=\"Il libro a cura di M. A. Polesana e T. Vagni propone un abbecedario dell\u2019influenza, privilegiando la figura dell\u2019influencer nei contesti digitali.\" \/>\n<meta property=\"og:url\" content=\"https:\/\/www.guerini.it\/index.php\/prodotto\/linfluenza-digitale\/\" \/>\n<meta property=\"og:site_name\" content=\"Guerini e Associati\" \/>\n<meta property=\"article:modified_time\" content=\"2024-07-01T12:28:48+00:00\" \/>\n<meta property=\"og:image\" content=\"https:\/\/www.guerini.it\/wp-content\/uploads\/2021\/11\/Linfluenza-digitale.webp\" \/>\n\t<meta property=\"og:image:width\" content=\"667\" \/>\n\t<meta property=\"og:image:height\" content=\"1000\" \/>\n\t<meta property=\"og:image:type\" content=\"image\/webp\" \/>\n<meta name=\"twitter:card\" content=\"summary_large_image\" \/>\n<meta name=\"twitter:label1\" content=\"Tempo di lettura stimato\" \/>\n\t<meta name=\"twitter:data1\" content=\"2 minuti\" \/>\n<!-- \/ Yoast SEO plugin. -->","yoast_head_json":{"title":"L\u2019influenza digitale | Guerini Editore","description":"Il libro a cura di M. A. Polesana e T. Vagni propone un abbecedario dell\u2019influenza, privilegiando la figura dell\u2019influencer nei contesti digitali.","robots":{"index":"index","follow":"follow","max-snippet":"max-snippet:-1","max-image-preview":"max-image-preview:large","max-video-preview":"max-video-preview:-1"},"canonical":"https:\/\/www.guerini.it\/index.php\/prodotto\/linfluenza-digitale\/","og_locale":"it_IT","og_type":"article","og_title":"L\u2019influenza digitale | Guerini Editore","og_description":"Il libro a cura di M. A. Polesana e T. Vagni propone un abbecedario dell\u2019influenza, privilegiando la figura dell\u2019influencer nei contesti digitali.","og_url":"https:\/\/www.guerini.it\/index.php\/prodotto\/linfluenza-digitale\/","og_site_name":"Guerini e Associati","article_modified_time":"2024-07-01T12:28:48+00:00","og_image":[{"width":667,"height":1000,"url":"https:\/\/www.guerini.it\/wp-content\/uploads\/2021\/11\/Linfluenza-digitale.webp","type":"image\/webp"}],"twitter_card":"summary_large_image","twitter_misc":{"Tempo di lettura stimato":"2 minuti"},"schema":{"@context":"https:\/\/schema.org","@graph":[{"@type":"WebPage","@id":"https:\/\/www.guerini.it\/index.php\/prodotto\/linfluenza-digitale\/","url":"https:\/\/www.guerini.it\/index.php\/prodotto\/linfluenza-digitale\/","name":"L\u2019influenza digitale | Guerini Editore","isPartOf":{"@id":"https:\/\/www.guerini.it\/#website"},"primaryImageOfPage":{"@id":"https:\/\/www.guerini.it\/index.php\/prodotto\/linfluenza-digitale\/#primaryimage"},"image":{"@id":"https:\/\/www.guerini.it\/index.php\/prodotto\/linfluenza-digitale\/#primaryimage"},"thumbnailUrl":"https:\/\/www.guerini.it\/wp-content\/uploads\/2021\/11\/Linfluenza-digitale.webp","datePublished":"2021-11-04T11:51:06+00:00","dateModified":"2024-07-01T12:28:48+00:00","description":"Il libro a cura di M. A. Polesana e T. Vagni propone un abbecedario dell\u2019influenza, privilegiando la figura dell\u2019influencer nei contesti digitali.","breadcrumb":{"@id":"https:\/\/www.guerini.it\/index.php\/prodotto\/linfluenza-digitale\/#breadcrumb"},"inLanguage":"it-IT","potentialAction":[{"@type":"ReadAction","target":["https:\/\/www.guerini.it\/index.php\/prodotto\/linfluenza-digitale\/"]}]},{"@type":"ImageObject","inLanguage":"it-IT","@id":"https:\/\/www.guerini.it\/index.php\/prodotto\/linfluenza-digitale\/#primaryimage","url":"https:\/\/www.guerini.it\/wp-content\/uploads\/2021\/11\/Linfluenza-digitale.webp","contentUrl":"https:\/\/www.guerini.it\/wp-content\/uploads\/2021\/11\/Linfluenza-digitale.webp","width":667,"height":1000,"caption":"Copertina del volume L\u2019influenza digitale, Guerini Scientifica, 2021"},{"@type":"BreadcrumbList","@id":"https:\/\/www.guerini.it\/index.php\/prodotto\/linfluenza-digitale\/#breadcrumb","itemListElement":[{"@type":"ListItem","position":1,"name":"Home","item":"https:\/\/www.guerini.it\/"},{"@type":"ListItem","position":2,"name":"Catalogo","item":"https:\/\/www.guerini.it\/index.php\/negozio\/"},{"@type":"ListItem","position":3,"name":"L\u2019influenza digitale"}]},{"@type":"WebSite","@id":"https:\/\/www.guerini.it\/#website","url":"https:\/\/www.guerini.it\/","name":"Guerini e Associati","description":"30 anni di libri, idee e libert\u00e0","publisher":{"@id":"https:\/\/www.guerini.it\/#organization"},"potentialAction":[{"@type":"SearchAction","target":{"@type":"EntryPoint","urlTemplate":"https:\/\/www.guerini.it\/?s={search_term_string}"},"query-input":{"@type":"PropertyValueSpecification","valueRequired":true,"valueName":"search_term_string"}}],"inLanguage":"it-IT"},{"@type":"Organization","@id":"https:\/\/www.guerini.it\/#organization","name":"Guerini e Associati","url":"https:\/\/www.guerini.it\/","logo":{"@type":"ImageObject","inLanguage":"it-IT","@id":"https:\/\/www.guerini.it\/#\/schema\/logo\/image\/","url":"https:\/\/www.guerini.it\/wp-content\/uploads\/2021\/03\/Logo-Guerini-OK_-e1615831292285.png","contentUrl":"https:\/\/www.guerini.it\/wp-content\/uploads\/2021\/03\/Logo-Guerini-OK_-e1615831292285.png","width":2805,"height":1870,"caption":"Guerini e Associati"},"image":{"@id":"https:\/\/www.guerini.it\/#\/schema\/logo\/image\/"}}]}},"_links":{"self":[{"href":"https:\/\/www.guerini.it\/index.php\/wp-json\/wp\/v2\/product\/22293","targetHints":{"allow":["GET"]}}],"collection":[{"href":"https:\/\/www.guerini.it\/index.php\/wp-json\/wp\/v2\/product"}],"about":[{"href":"https:\/\/www.guerini.it\/index.php\/wp-json\/wp\/v2\/types\/product"}],"wp:featuredmedia":[{"embeddable":true,"href":"https:\/\/www.guerini.it\/index.php\/wp-json\/wp\/v2\/media\/23816"}],"wp:attachment":[{"href":"https:\/\/www.guerini.it\/index.php\/wp-json\/wp\/v2\/media?parent=22293"}],"wp:term":[{"taxonomy":"product_brand","embeddable":true,"href":"https:\/\/www.guerini.it\/index.php\/wp-json\/wp\/v2\/product_brand?post=22293"},{"taxonomy":"product_cat","embeddable":true,"href":"https:\/\/www.guerini.it\/index.php\/wp-json\/wp\/v2\/product_cat?post=22293"},{"taxonomy":"product_tag","embeddable":true,"href":"https:\/\/www.guerini.it\/index.php\/wp-json\/wp\/v2\/product_tag?post=22293"}],"curies":[{"name":"wp","href":"https:\/\/api.w.org\/{rel}","templated":true}]}}