{"id":22298,"date":"2021-11-04T13:09:39","date_gmt":"2021-11-04T12:09:39","guid":{"rendered":"https:\/\/www.guerini.it\/?post_type=product&#038;p=22298"},"modified":"2024-06-09T20:25:15","modified_gmt":"2024-06-09T18:25:15","slug":"la-gioia-per-leternita-aleksej-losev-guerini","status":"publish","type":"product","link":"https:\/\/www.guerini.it\/index.php\/prodotto\/la-gioia-per-leternita-aleksej-losev-guerini\/","title":{"rendered":"La gioia per l&#8217;eternit\u00e0"},"content":{"rendered":"<p style=\"text-align: center;\"><em>\u00abPer quanto sia insopportabile quello che vedo, mi basta sentire in me la nostra vita sempre presente. Perch\u00e9 \u00e8 tutto o niente! Jaso\u010dka, poco importa il dolore, l\u2019essenziale \u00e8 che risplenda nei secoli la nostra <\/em>Gioia per l\u2019eternit\u00e0<em>\u00bb.<\/em><\/p>\n<p style=\"text-align: justify;\">Le lettere di Aleksej e Valentina descrivono il percorso discendente nell\u2019inferno della realt\u00e0 del gulag, in un universo ritmato dai trasferimenti e dagli incessanti tentativi di ottenere una revisione della pena. Nelle profondit\u00e0 di questo inferno risuonano, come due melodie, due voci che ne formano una, unite dal ricordo di quel \u00abmare di amore e tenerezza\u00bb mantenuto vivo da una comunicazione che, nonostante la distanza, sembra non essersi mai interrotta. Due voci che, attraverso la scrittura, ultimo conforto e salvezza dalla miseria umana e spirituale del campo, ci restituiscono il \u00abdialogo spirituale\u00bb tra Aleksej, filosofo, e Valentina, scienziata.<br \/>\nNel carteggio si delinea cos\u00ec la situazione esistenziale dell\u2019intellettuale, privato, oltre che della libert\u00e0, della sua fondamentale attivit\u00e0 creativa, e allo stesso tempo si staglia vivida una preziosa testimonianza della vita quotidiana nei gulag sovietici. Uno scorcio su un capitolo drammatico della storia attraverso i pensieri e le riflessioni dell\u2019\u00abultimo filosofo russo dell\u2019et\u00e0 d\u2019argento\u00bb.<\/p>\n<p>Il volume fa parte della collana <a href=\"https:\/\/www.guerini.it\/index.php\/categoria-prodotto\/default-category\/lingue-e-letteratura\/narrare-la-memoria\/\"><em>Narrare la memoria<\/em><\/a><\/p>\n<hr \/>\n<p style=\"text-align: justify;\"><strong>Aleksej F\u00ebdorovi\u010d Losev<\/strong> (1893-1988) \u00e8 una delle principali figure del pensiero filosofico e religioso russo del XX secolo, la cui vicenda intellettuale e umana \u00e8 fortemente segnata dal clima di repressione del regime sovietico. Studioso dagli interessi eclettici \u2013 che includono filosofia, filologia, teologia, estetica, matematica e musica \u2013, il pensiero di Losev risente dell\u2019influsso della filosofia occidentale, nonch\u00e9 della tradizione cristiana ortodossa.<br \/>\nTra 1927 e 1930 pubblica una serie di opere filosofiche, ma ben presto la sua attivit\u00e0 sar\u00e0 bruscamente interrotta dall\u2019arresto (1930) e dalla condanna a dieci anni, da scontare in un gulag della regione di Leningrado. Alcuni mesi dopo anche la moglie, l\u2019astronoma <strong>Valentina Michajlovna Loseva<\/strong> (1898-1954), verr\u00e0 deportata in Siberia. Liberato per sopraggiunta invalidit\u00e0, Losev potr\u00e0 fare ritorno a Mosca solo nel 1933, tuttavia gli verr\u00e0 proibito di occuparsi di filosofia; si dedicher\u00e0 quindi principalmente all\u2019estetica e al mondo classico, ma per vedere pubblicate le prime opere di quegli anni si dovr\u00e0 attendere la morte di Stalin. A partire dalla riabilitazione nel 1994, le sue opere verranno riscoperte in Russia e all\u2019estero.<\/p>\n","protected":false},"excerpt":{"rendered":"<p>\u00abPer quanto sia insopportabile quello che vedo, mi basta sentire in me la nostra vita sempre presente. Perch\u00e9 \u00e8 tutto o niente! Jaso\u010dka, poco importa il dolore, l\u2019essenziale \u00e8 che [&hellip;]<\/p>\n","protected":false},"featured_media":23459,"template":"","meta":{"_editorskit_title_hidden":false,"_editorskit_reading_time":0,"_editorskit_is_block_options_detached":false,"_editorskit_block_options_position":"{}","_monsterinsights_skip_tracking":false,"_monsterinsights_sitenote_active":false,"_monsterinsights_sitenote_note":"","_monsterinsights_sitenote_category":0},"product_brand":[],"product_cat":[6608],"product_tag":[7611,7526,7614,7615,7613,7612],"class_list":{"0":"post-22298","1":"product","2":"type-product","3":"status-publish","4":"has-post-thumbnail","6":"product_cat-narrare-la-memoria","7":"product_tag-carteggio","8":"product_tag-filosofia","9":"product_tag-gulag","10":"product_tag-letteratura-russa","11":"product_tag-russia","12":"product_tag-teologia","13":"pa_guerini_amazon_link-https-www-amazon-it-gioia-leternit-lettere-gulag-1931-1933-dp-8862508247","14":"pa_guerini_feltrinelli_link-https-www-lafeltrinelli-it-gioia-per-eternita-lettere-dal-libro-aleksej-losev-valentina-loseva-e-9788862508247","15":"pa_guerini_ibs_link-https-www-ibs-it-gioia-per-eternita-lettere-dal-libro-aleksej-losev-valentina-loseva-e-9788862508247","16":"pa_guerini_libruniver_link-https-www-libreriauniversitaria-it-gioia-eternita-lettere-gulag-1931-libro-9788862508247","17":"pa_guerini_link_amazon-https-www-amazon-it-gioia-leternit-lettere-gulag-1931-1933-ebook-dp-b09mrdqgsr","18":"pa_guerini_link_apple_ibook-https-books-apple-com-it-book-la-gioia-per-leternit-lettere-dal-gulag-1931-1933-id1597772985","19":"pa_guerini_link_bookrepublic-https-www-bookrepublic-it-ebook-9788881954476-la-gioia-per-leternita-lettere-dal-gulag-1931-1933-goware-e-edizioni-angelo-guerini-e-associati","20":"pa_guerini_link_giunti_punto-https-www-giuntialpunto-it-product-b09mrdqgsr-libri-la-gioia-l-eternit-lettere-dal-gulag-1931-1933-aleksej-losev","21":"pa_guerini_link_google_play-https-play-google-com-store-books-details-aleksej_losev_la_gioia_per_l_eternit_lettere_dalidl5vreaaaqbaj","22":"pa_guerini_link_ibs-https-www-ibs-it-gioia-per-eternita-lettere-dal-ebook-aleksej-losev-valentina-loseva-e-9788881954476","23":"pa_guerini_link_kobo-https-www-kobo-com-it-it-ebook-la-gioia-per-l-eternita-lettere-dal-gulag-1931-1933","24":"pa_guerini_link_lafeltrinelli-https-www-lafeltrinelli-it-gioia-per-eternita-lettere-dal-ebook-aleksej-losev-valentina-loseva-e-9788881954476","25":"pa_guerini_link_mondadori-https-www-mondadoristore-it-gioia-leternita-lettere-dal-aleksej-losev-valentina-loseva-eai978888195447","26":"pa_guerini_mondadori_link-https-www-mondadoristore-it-gioia-eternita-lettere-dal-aleksej-losev-valentina-loseva-eai978886250824","28":"first","29":"instock","30":"sale","31":"shipping-taxable","32":"purchasable","33":"product-type-simple"},"yoast_head":"<!-- This site is optimized with the Yoast SEO plugin v25.4 - https:\/\/yoast.com\/wordpress\/plugins\/seo\/ -->\n<title>Aleksej Losev, La gioia per l&#039;eternit\u00e0 | Guerini Editore<\/title>\n<meta name=\"robots\" content=\"index, follow, max-snippet:-1, max-image-preview:large, max-video-preview:-1\" \/>\n<link rel=\"canonical\" href=\"https:\/\/www.guerini.it\/index.php\/prodotto\/la-gioia-per-leternita-aleksej-losev-guerini\/\" \/>\n<meta property=\"og:locale\" content=\"it_IT\" \/>\n<meta property=\"og:type\" content=\"article\" \/>\n<meta property=\"og:title\" content=\"Aleksej Losev, La gioia per l&#039;eternit\u00e0 | Guerini Editore\" \/>\n<meta property=\"og:description\" content=\"\u00abPer quanto sia insopportabile quello che vedo, mi basta sentire in me la nostra vita sempre presente. Perch\u00e9 \u00e8 tutto o niente! Jaso\u010dka, poco importa il dolore, l\u2019essenziale \u00e8 che [&hellip;]\" \/>\n<meta property=\"og:url\" content=\"https:\/\/www.guerini.it\/index.php\/prodotto\/la-gioia-per-leternita-aleksej-losev-guerini\/\" \/>\n<meta property=\"og:site_name\" content=\"Guerini e Associati\" \/>\n<meta property=\"article:modified_time\" content=\"2024-06-09T18:25:15+00:00\" \/>\n<meta property=\"og:image\" content=\"https:\/\/www.guerini.it\/wp-content\/uploads\/2021\/11\/La-gioia-per-leternita.webp\" \/>\n\t<meta property=\"og:image:width\" content=\"643\" \/>\n\t<meta property=\"og:image:height\" content=\"1000\" \/>\n\t<meta property=\"og:image:type\" content=\"image\/webp\" \/>\n<meta name=\"twitter:card\" content=\"summary_large_image\" \/>\n<meta name=\"twitter:label1\" content=\"Tempo di lettura stimato\" \/>\n\t<meta name=\"twitter:data1\" content=\"3 minuti\" \/>\n<!-- \/ Yoast SEO plugin. -->","yoast_head_json":{"title":"Aleksej Losev, La gioia per l'eternit\u00e0 | Guerini Editore","robots":{"index":"index","follow":"follow","max-snippet":"max-snippet:-1","max-image-preview":"max-image-preview:large","max-video-preview":"max-video-preview:-1"},"canonical":"https:\/\/www.guerini.it\/index.php\/prodotto\/la-gioia-per-leternita-aleksej-losev-guerini\/","og_locale":"it_IT","og_type":"article","og_title":"Aleksej Losev, La gioia per l'eternit\u00e0 | Guerini Editore","og_description":"\u00abPer quanto sia insopportabile quello che vedo, mi basta sentire in me la nostra vita sempre presente. Perch\u00e9 \u00e8 tutto o niente! Jaso\u010dka, poco importa il dolore, l\u2019essenziale \u00e8 che [&hellip;]","og_url":"https:\/\/www.guerini.it\/index.php\/prodotto\/la-gioia-per-leternita-aleksej-losev-guerini\/","og_site_name":"Guerini e Associati","article_modified_time":"2024-06-09T18:25:15+00:00","og_image":[{"width":643,"height":1000,"url":"https:\/\/www.guerini.it\/wp-content\/uploads\/2021\/11\/La-gioia-per-leternita.webp","type":"image\/webp"}],"twitter_card":"summary_large_image","twitter_misc":{"Tempo di lettura stimato":"3 minuti"},"schema":{"@context":"https:\/\/schema.org","@graph":[{"@type":"WebPage","@id":"https:\/\/www.guerini.it\/index.php\/prodotto\/la-gioia-per-leternita-aleksej-losev-guerini\/","url":"https:\/\/www.guerini.it\/index.php\/prodotto\/la-gioia-per-leternita-aleksej-losev-guerini\/","name":"Aleksej Losev, La gioia per l'eternit\u00e0 | Guerini Editore","isPartOf":{"@id":"https:\/\/www.guerini.it\/#website"},"primaryImageOfPage":{"@id":"https:\/\/www.guerini.it\/index.php\/prodotto\/la-gioia-per-leternita-aleksej-losev-guerini\/#primaryimage"},"image":{"@id":"https:\/\/www.guerini.it\/index.php\/prodotto\/la-gioia-per-leternita-aleksej-losev-guerini\/#primaryimage"},"thumbnailUrl":"https:\/\/www.guerini.it\/wp-content\/uploads\/2021\/11\/La-gioia-per-leternita.webp","datePublished":"2021-11-04T12:09:39+00:00","dateModified":"2024-06-09T18:25:15+00:00","breadcrumb":{"@id":"https:\/\/www.guerini.it\/index.php\/prodotto\/la-gioia-per-leternita-aleksej-losev-guerini\/#breadcrumb"},"inLanguage":"it-IT","potentialAction":[{"@type":"ReadAction","target":["https:\/\/www.guerini.it\/index.php\/prodotto\/la-gioia-per-leternita-aleksej-losev-guerini\/"]}]},{"@type":"ImageObject","inLanguage":"it-IT","@id":"https:\/\/www.guerini.it\/index.php\/prodotto\/la-gioia-per-leternita-aleksej-losev-guerini\/#primaryimage","url":"https:\/\/www.guerini.it\/wp-content\/uploads\/2021\/11\/La-gioia-per-leternita.webp","contentUrl":"https:\/\/www.guerini.it\/wp-content\/uploads\/2021\/11\/La-gioia-per-leternita.webp","width":643,"height":1000,"caption":"Copertina del volume La gioia per l\u2019eternit\u00e0, Guerini e Associati, 2021"},{"@type":"BreadcrumbList","@id":"https:\/\/www.guerini.it\/index.php\/prodotto\/la-gioia-per-leternita-aleksej-losev-guerini\/#breadcrumb","itemListElement":[{"@type":"ListItem","position":1,"name":"Home","item":"https:\/\/www.guerini.it\/"},{"@type":"ListItem","position":2,"name":"Catalogo","item":"https:\/\/www.guerini.it\/index.php\/negozio\/"},{"@type":"ListItem","position":3,"name":"La gioia per l&#8217;eternit\u00e0"}]},{"@type":"WebSite","@id":"https:\/\/www.guerini.it\/#website","url":"https:\/\/www.guerini.it\/","name":"Guerini e Associati","description":"30 anni di libri, idee e libert\u00e0","publisher":{"@id":"https:\/\/www.guerini.it\/#organization"},"potentialAction":[{"@type":"SearchAction","target":{"@type":"EntryPoint","urlTemplate":"https:\/\/www.guerini.it\/?s={search_term_string}"},"query-input":{"@type":"PropertyValueSpecification","valueRequired":true,"valueName":"search_term_string"}}],"inLanguage":"it-IT"},{"@type":"Organization","@id":"https:\/\/www.guerini.it\/#organization","name":"Guerini e Associati","url":"https:\/\/www.guerini.it\/","logo":{"@type":"ImageObject","inLanguage":"it-IT","@id":"https:\/\/www.guerini.it\/#\/schema\/logo\/image\/","url":"https:\/\/www.guerini.it\/wp-content\/uploads\/2021\/03\/Logo-Guerini-OK_-e1615831292285.png","contentUrl":"https:\/\/www.guerini.it\/wp-content\/uploads\/2021\/03\/Logo-Guerini-OK_-e1615831292285.png","width":2805,"height":1870,"caption":"Guerini e Associati"},"image":{"@id":"https:\/\/www.guerini.it\/#\/schema\/logo\/image\/"}}]}},"_links":{"self":[{"href":"https:\/\/www.guerini.it\/index.php\/wp-json\/wp\/v2\/product\/22298","targetHints":{"allow":["GET"]}}],"collection":[{"href":"https:\/\/www.guerini.it\/index.php\/wp-json\/wp\/v2\/product"}],"about":[{"href":"https:\/\/www.guerini.it\/index.php\/wp-json\/wp\/v2\/types\/product"}],"wp:featuredmedia":[{"embeddable":true,"href":"https:\/\/www.guerini.it\/index.php\/wp-json\/wp\/v2\/media\/23459"}],"wp:attachment":[{"href":"https:\/\/www.guerini.it\/index.php\/wp-json\/wp\/v2\/media?parent=22298"}],"wp:term":[{"taxonomy":"product_brand","embeddable":true,"href":"https:\/\/www.guerini.it\/index.php\/wp-json\/wp\/v2\/product_brand?post=22298"},{"taxonomy":"product_cat","embeddable":true,"href":"https:\/\/www.guerini.it\/index.php\/wp-json\/wp\/v2\/product_cat?post=22298"},{"taxonomy":"product_tag","embeddable":true,"href":"https:\/\/www.guerini.it\/index.php\/wp-json\/wp\/v2\/product_tag?post=22298"}],"curies":[{"name":"wp","href":"https:\/\/api.w.org\/{rel}","templated":true}]}}