{"id":22304,"date":"2021-11-12T11:29:56","date_gmt":"2021-11-12T10:29:56","guid":{"rendered":"https:\/\/www.guerini.it\/?post_type=product&#038;p=22304"},"modified":"2024-06-09T20:25:16","modified_gmt":"2024-06-09T18:25:16","slug":"obeya","status":"publish","type":"product","link":"https:\/\/www.guerini.it\/index.php\/prodotto\/obeya\/","title":{"rendered":"Obeya"},"content":{"rendered":"<p style=\"text-align: justify;\">Immaginate una grande stanza, luminosa, spaziosa, alle cui pareti sono appesi fogli e pannelli contenenti grafici e schemi ma anche post-it, annotazioni e domande. Immaginate ora questa stanza come il cuore di un\u2019azienda che faccia della trasparenza e dell\u2019allineamento efficace tra ogni componente dell\u2019organizzazione il punto fondamentale della propria strategia. Inverosimile? Invece \u00e8 accaduto e accade, dapprima in Giappone negli anni Novanta del secolo scorso, ora, ai nostri giorni, all\u2019interno di aziende di tutte le dimensioni (da piccole start-up a colossi come Apple e Nike) e di tutto il mondo, dall\u2019America all\u2019Olanda, dall\u2019Inghilterra all\u2019Italia.<br \/>\n\u00c8 il metodo Obeya (in giapponese: grande stanza), inventato in Toyota durante lo sviluppo della Prius, prima auto ibrida e grande caso di successo di project management Lean. Da allora un numero sempre maggiore di aziende e di team hanno compreso i vantaggi di sfruttare l\u2019Obeya, non solo nella produzione industriale ma anche nei servizi, in settori diversi come la finanza e l\u2019IT, la politica e le telecomunicazioni.<br \/>\nApplicare l\u2019Obeya non solo a un progetto ma alla guida delle organizzazioni \u00e8 lo step successivo. Questo libro \u2013 il primo interamente dedicato al metodo Obeya, ai suoi punti di forza e alla sua applicazione (anche online) \u2013 lo spiega con efficacia e chiarezza, interpretando in modo nuovo l\u2019allineamento tra management e team operativi, fino a trasformare in profondit\u00e0 lo stile stesso di leadership. Seguendo le importanti lezioni del pensiero Lean, ma anche i suggerimenti pi\u00f9 concreti dei recenti filoni Agile. Obeya offre uno strumento potente ai leader delle aziende italiane. Come scrive Mariacristina Galgano, curatrice dell\u2019edizione, dietro l\u2019apparente semplicit\u00e0 di una grande stanza in cui sono appesi grafici e altri strumenti di visual management, in grado di tradurre la strategia in concrete ed efficaci attivit\u00e0 quotidiane, vi \u00e8 un modo totalmente diverso e innovativo di esercitare la leadership e guidare team di successo.<\/p>\n<hr \/>\n<p style=\"text-align: justify;\"><strong>Tim Wiegel<\/strong>, coach specializzato nel metodo Obeya, si occupa di favorire cambiamenti organizzativi lavorando sull\u2019allineamento tra team e organizzazioni. Con alle spalle un decennio di esperienza nel coaching e nella consulenza, ha collaborato con istituti bancari, servizi pubblici, sanit\u00e0, enti governativi, industria e telecomunicazioni. Dopo aver conosciuto il metodo Obeya durante il \u00abLean IT summit\u00bb che si \u00e8 svolto a Parigi nel 2014, si \u00e8 dedicato alla sua divulgazione attraverso le attivit\u00e0 della Obeya Association, il blog ObeyaCoaching.com (di cui \u00e8 fondatore) e la comunit\u00e0 raccolta attorno alla rete Obeya Knowledge Network.<\/p>\n","protected":false},"excerpt":{"rendered":"<p>Immaginate una grande stanza, luminosa, spaziosa, alle cui pareti sono appesi fogli e pannelli contenenti grafici e schemi ma anche post-it, annotazioni e domande. Immaginate ora questa stanza come il [&hellip;]<\/p>\n","protected":false},"featured_media":22305,"template":"","meta":{"_editorskit_title_hidden":false,"_editorskit_reading_time":0,"_editorskit_is_block_options_detached":false,"_editorskit_block_options_position":"{}","_monsterinsights_skip_tracking":false,"_monsterinsights_sitenote_active":false,"_monsterinsights_sitenote_note":"","_monsterinsights_sitenote_category":0},"product_brand":[],"product_cat":[6805,6547],"product_tag":[7316,6803,7623],"class_list":{"0":"post-22304","1":"product","2":"type-product","3":"status-publish","4":"has-post-thumbnail","6":"product_cat-guerini-next","7":"product_cat-sga","8":"product_tag-lean","9":"product_tag-management","10":"product_tag-metodo-obeya","11":"pa_guerini_amazon_link-https-www-amazon-it-modello-leadership-guidare-aziende-successo-dp-8868964082","12":"pa_guerini_feltrinelli_link-https-www-lafeltrinelli-it-obeya-nuovo-modello-di-leadership-libro-tim-wiegel-e-9788868964085","13":"pa_guerini_ibs_link-https-www-ibs-it-obeya-nuovo-modello-di-leadership-libro-tim-wiegel-e-9788868964085","14":"pa_guerini_libruniver_link-https-www-libreriauniversitaria-it-obeya-nuovo-modello-leadership-guidare-libro-9788868964085","15":"pa_guerini_link_amazon-https-www-amazon-it-modello-leadership-guidare-aziende-successo-ebook-dp-b09mzxs4gx","16":"pa_guerini_link_apple_ibook-https-books-apple-com-it-book-obeya-un-nuovo-modello-di-leadership-per-guidare-id1598612959","17":"pa_guerini_link_bookrepublic-https-www-bookrepublic-it-ebook-9788868964184-obeya-un-nuovo-modello-di-leadership-per-guidare-team-e-aziende-verso-il-successo-goware-guerini-next","18":"pa_guerini_link_giunti_punto-https-www-giuntialpunto-it-product-b09mzxs4gx-libri-obeya-un-nuovo-modello-di-leadership-guidare-team-e-aziende-verso-il","19":"pa_guerini_link_google_play-https-play-google-com-store-books-details-tim_wiegel_obeya_un_nuovo_modello_di_leadership_peidntfseaaaqbaj","20":"pa_guerini_link_ibs-https-www-ibs-it-obeya-nuovo-modello-di-leadership-ebook-tim-wiegel-e-9788868964184","21":"pa_guerini_link_kobo-https-www-kobo-com-it-it-ebook-obeya-un-nuovo-modello-di-leadership-per-guidare-team-e-aziende-verso-il-successo","22":"pa_guerini_link_lafeltrinelli-https-www-lafeltrinelli-it-obeya-nuovo-modello-di-leadership-ebook-tim-wiegel-e-9788868964184","23":"pa_guerini_link_mondadori-https-www-mondadoristore-it-obeya-nuovo-modello-tim-wiegel-eai978886896418","24":"pa_guerini_mondadori_link-https-www-mondadoristore-it-obeya-nuovo-modello-tim-wiegel-eai978886896408","26":"first","27":"instock","28":"sale","29":"shipping-taxable","30":"purchasable","31":"product-type-simple"},"yoast_head":"<!-- This site is optimized with the Yoast SEO plugin v25.4 - https:\/\/yoast.com\/wordpress\/plugins\/seo\/ -->\n<title>Obeya - Guerini e Associati<\/title>\n<meta name=\"robots\" content=\"index, follow, max-snippet:-1, max-image-preview:large, max-video-preview:-1\" \/>\n<link rel=\"canonical\" href=\"https:\/\/www.guerini.it\/index.php\/prodotto\/obeya\/\" \/>\n<meta property=\"og:locale\" content=\"it_IT\" \/>\n<meta property=\"og:type\" content=\"article\" \/>\n<meta property=\"og:title\" content=\"Obeya - Guerini e Associati\" \/>\n<meta property=\"og:description\" content=\"Immaginate una grande stanza, luminosa, spaziosa, alle cui pareti sono appesi fogli e pannelli contenenti grafici e schemi ma anche post-it, annotazioni e domande. Immaginate ora questa stanza come il [&hellip;]\" \/>\n<meta property=\"og:url\" content=\"https:\/\/www.guerini.it\/index.php\/prodotto\/obeya\/\" \/>\n<meta property=\"og:site_name\" content=\"Guerini e Associati\" \/>\n<meta property=\"article:modified_time\" content=\"2024-06-09T18:25:16+00:00\" \/>\n<meta property=\"og:image\" content=\"https:\/\/www.guerini.it\/wp-content\/uploads\/2021\/11\/OBEYA_cover_EXE-scaled-e1636712905642.jpg\" \/>\n\t<meta property=\"og:image:width\" content=\"226\" \/>\n\t<meta property=\"og:image:height\" content=\"350\" \/>\n\t<meta property=\"og:image:type\" content=\"image\/jpeg\" \/>\n<meta name=\"twitter:card\" content=\"summary_large_image\" \/>\n<meta name=\"twitter:label1\" content=\"Tempo di lettura stimato\" \/>\n\t<meta name=\"twitter:data1\" content=\"3 minuti\" \/>\n<!-- \/ Yoast SEO plugin. -->","yoast_head_json":{"title":"Obeya - Guerini e Associati","robots":{"index":"index","follow":"follow","max-snippet":"max-snippet:-1","max-image-preview":"max-image-preview:large","max-video-preview":"max-video-preview:-1"},"canonical":"https:\/\/www.guerini.it\/index.php\/prodotto\/obeya\/","og_locale":"it_IT","og_type":"article","og_title":"Obeya - Guerini e Associati","og_description":"Immaginate una grande stanza, luminosa, spaziosa, alle cui pareti sono appesi fogli e pannelli contenenti grafici e schemi ma anche post-it, annotazioni e domande. Immaginate ora questa stanza come il [&hellip;]","og_url":"https:\/\/www.guerini.it\/index.php\/prodotto\/obeya\/","og_site_name":"Guerini e Associati","article_modified_time":"2024-06-09T18:25:16+00:00","og_image":[{"width":226,"height":350,"url":"https:\/\/www.guerini.it\/wp-content\/uploads\/2021\/11\/OBEYA_cover_EXE-scaled-e1636712905642.jpg","type":"image\/jpeg"}],"twitter_card":"summary_large_image","twitter_misc":{"Tempo di lettura stimato":"3 minuti"},"schema":{"@context":"https:\/\/schema.org","@graph":[{"@type":"WebPage","@id":"https:\/\/www.guerini.it\/index.php\/prodotto\/obeya\/","url":"https:\/\/www.guerini.it\/index.php\/prodotto\/obeya\/","name":"Obeya - Guerini e Associati","isPartOf":{"@id":"https:\/\/www.guerini.it\/#website"},"primaryImageOfPage":{"@id":"https:\/\/www.guerini.it\/index.php\/prodotto\/obeya\/#primaryimage"},"image":{"@id":"https:\/\/www.guerini.it\/index.php\/prodotto\/obeya\/#primaryimage"},"thumbnailUrl":"https:\/\/www.guerini.it\/wp-content\/uploads\/2021\/11\/OBEYA_cover_EXE-scaled-e1636712905642.jpg","datePublished":"2021-11-12T10:29:56+00:00","dateModified":"2024-06-09T18:25:16+00:00","breadcrumb":{"@id":"https:\/\/www.guerini.it\/index.php\/prodotto\/obeya\/#breadcrumb"},"inLanguage":"it-IT","potentialAction":[{"@type":"ReadAction","target":["https:\/\/www.guerini.it\/index.php\/prodotto\/obeya\/"]}]},{"@type":"ImageObject","inLanguage":"it-IT","@id":"https:\/\/www.guerini.it\/index.php\/prodotto\/obeya\/#primaryimage","url":"https:\/\/www.guerini.it\/wp-content\/uploads\/2021\/11\/OBEYA_cover_EXE-scaled-e1636712905642.jpg","contentUrl":"https:\/\/www.guerini.it\/wp-content\/uploads\/2021\/11\/OBEYA_cover_EXE-scaled-e1636712905642.jpg","width":226,"height":350,"caption":"Copertina Obeya"},{"@type":"BreadcrumbList","@id":"https:\/\/www.guerini.it\/index.php\/prodotto\/obeya\/#breadcrumb","itemListElement":[{"@type":"ListItem","position":1,"name":"Home","item":"https:\/\/www.guerini.it\/"},{"@type":"ListItem","position":2,"name":"Catalogo","item":"https:\/\/www.guerini.it\/index.php\/negozio\/"},{"@type":"ListItem","position":3,"name":"Obeya"}]},{"@type":"WebSite","@id":"https:\/\/www.guerini.it\/#website","url":"https:\/\/www.guerini.it\/","name":"Guerini e Associati","description":"30 anni di libri, idee e libert\u00e0","publisher":{"@id":"https:\/\/www.guerini.it\/#organization"},"potentialAction":[{"@type":"SearchAction","target":{"@type":"EntryPoint","urlTemplate":"https:\/\/www.guerini.it\/?s={search_term_string}"},"query-input":{"@type":"PropertyValueSpecification","valueRequired":true,"valueName":"search_term_string"}}],"inLanguage":"it-IT"},{"@type":"Organization","@id":"https:\/\/www.guerini.it\/#organization","name":"Guerini e Associati","url":"https:\/\/www.guerini.it\/","logo":{"@type":"ImageObject","inLanguage":"it-IT","@id":"https:\/\/www.guerini.it\/#\/schema\/logo\/image\/","url":"https:\/\/www.guerini.it\/wp-content\/uploads\/2021\/03\/Logo-Guerini-OK_-e1615831292285.png","contentUrl":"https:\/\/www.guerini.it\/wp-content\/uploads\/2021\/03\/Logo-Guerini-OK_-e1615831292285.png","width":2805,"height":1870,"caption":"Guerini e Associati"},"image":{"@id":"https:\/\/www.guerini.it\/#\/schema\/logo\/image\/"}}]}},"_links":{"self":[{"href":"https:\/\/www.guerini.it\/index.php\/wp-json\/wp\/v2\/product\/22304","targetHints":{"allow":["GET"]}}],"collection":[{"href":"https:\/\/www.guerini.it\/index.php\/wp-json\/wp\/v2\/product"}],"about":[{"href":"https:\/\/www.guerini.it\/index.php\/wp-json\/wp\/v2\/types\/product"}],"wp:featuredmedia":[{"embeddable":true,"href":"https:\/\/www.guerini.it\/index.php\/wp-json\/wp\/v2\/media\/22305"}],"wp:attachment":[{"href":"https:\/\/www.guerini.it\/index.php\/wp-json\/wp\/v2\/media?parent=22304"}],"wp:term":[{"taxonomy":"product_brand","embeddable":true,"href":"https:\/\/www.guerini.it\/index.php\/wp-json\/wp\/v2\/product_brand?post=22304"},{"taxonomy":"product_cat","embeddable":true,"href":"https:\/\/www.guerini.it\/index.php\/wp-json\/wp\/v2\/product_cat?post=22304"},{"taxonomy":"product_tag","embeddable":true,"href":"https:\/\/www.guerini.it\/index.php\/wp-json\/wp\/v2\/product_tag?post=22304"}],"curies":[{"name":"wp","href":"https:\/\/api.w.org\/{rel}","templated":true}]}}