{"id":22320,"date":"2021-11-24T10:44:08","date_gmt":"2021-11-24T09:44:08","guid":{"rendered":"https:\/\/www.guerini.it\/?post_type=product&#038;p=22320"},"modified":"2024-06-09T20:25:17","modified_gmt":"2024-06-09T18:25:17","slug":"conoscere-la-giusta-distanza-anja-puntari-guerini","status":"publish","type":"product","link":"https:\/\/www.guerini.it\/index.php\/prodotto\/conoscere-la-giusta-distanza-anja-puntari-guerini\/","title":{"rendered":"Conoscere la giusta distanza"},"content":{"rendered":"<p style=\"text-align: justify;\">In un\u2019epoca come la nostra, dove i confini tra le varie dimensioni della vita tendono a sfumare, non c\u2019\u00e8 nulla che sia pi\u00f9 importante del conoscere la giusta distanza: da cose, persone, situazioni. Saperla adottare \u00e8 una competenza lavorativa e manageriale tutta da apprendere e allenare: significa imparare a entrare in contatto con gli altri, ma anche con se stessi e con il senso del proprio lavoro, senza lasciarsi travolgere dalla complessit\u00e0 derivante da un mondo sempre pi\u00f9 interconnesso (e iperconnesso).<br \/>\nIn questo saggio Anja Puntari, artista e business coach, analizzando il concetto della giusta distanza, porta il lettore a riflettere sul significato che il lavoro ha per le persone oggi nella \u00absociet\u00e0 della conoscenza\u00bb. Avvalendosi dello stimolo dell\u2019arte contemporanea, dell\u2019esperienza acquisita sul campo come business coach e anche di qualche racconto autobiografico, Anja Puntari mostra la realt\u00e0 e le sfide che i professionisti, in particolare i cosiddetti <em>knowledge worker<\/em>, sono chiamati ad affrontare: l\u2019<em>overlapping<\/em> tra la vita privata e quella professionale, lo stress mentale e fisico, i nuovi modelli ideali, le emozioni difficili come la vergogna al lavoro e la solitudine manageriale. Il libro racconta di fatto l\u2019epoca in cui viviamo e aiuta il lettore a riflettere su di s\u00e9 e sul suo approccio al lavoro all\u2019interno dello scenario contemporaneo.<\/p>\n<hr \/>\n<p style=\"text-align: justify;\"><strong>Anja Puntari<\/strong>, finlandese di origine, vive a Milano dove \u00e8 partner della societ\u00e0 Performant by SCOA. Artista visiva e business coach, opera tra il mondo dell\u2019arte, l\u2019accademia e il business. Esperta di intelligenza emotiva, leadership inclusiva, creativit\u00e0 e comunicazione interpersonale, aiuta le organizzazioni e le persone a evolversi usando l\u2019arte contemporanea come stimolo. Visiting Professor presso HEC in Francia e Supsi in Svizzera, \u00e8 stata consulente per la Commissione Europea nel programma Horizon 2020. Ha partecipato a conferenze e tenuto lezioni, mostre e progetti in molti contesti internazionali e in diversi paesi.<\/p>\n","protected":false},"excerpt":{"rendered":"<p>In un\u2019epoca come la nostra, dove i confini tra le varie dimensioni della vita tendono a sfumare, non c\u2019\u00e8 nulla che sia pi\u00f9 importante del conoscere la giusta distanza: da [&hellip;]<\/p>\n","protected":false},"featured_media":22321,"template":"","meta":{"_editorskit_title_hidden":false,"_editorskit_reading_time":0,"_editorskit_is_block_options_detached":false,"_editorskit_block_options_position":"{}","_monsterinsights_skip_tracking":false,"_monsterinsights_sitenote_active":false,"_monsterinsights_sitenote_note":"","_monsterinsights_sitenote_category":0},"product_brand":[],"product_cat":[6805],"product_tag":[7662,7661,7663,6967,6803],"class_list":{"0":"post-22320","1":"product","2":"type-product","3":"status-publish","4":"has-post-thumbnail","6":"product_cat-guerini-next","7":"product_tag-arte","8":"product_tag-business-coach","9":"product_tag-knowledge-worker","10":"product_tag-leadership","11":"product_tag-management","12":"pa_guerini_amazon_link-https-www-amazon-it-conoscere-giusta-distanza-management-complesso-dp-8868964104","13":"pa_guerini_feltrinelli_link-https-tidd-ly-32iqay7","14":"pa_guerini_ibs_link-https-tidd-ly-3dpxmvc","15":"pa_guerini_libruniver_link-https-www-libreriauniversitaria-it-conoscere-giusta-distanza-sfide-management-libro-9788868964108","16":"pa_guerini_link_amazon-https-www-amazon-it-dp-b09nlh619q-reftmm_kin_swatch_0_encodingutf8qid1639564101sr8-5","17":"pa_guerini_link_apple_ibook-https-books-apple-com-it-book-conoscere-la-giusta-distanza-sfide-di-management-in-id1600086637","18":"pa_guerini_link_bookrepublic-https-www-bookrepublic-it-ebook-9788868964214-conoscere-la-giusta-distanza-sfide-di-management-in-un-mondo-complesso-goware-guerini-next","19":"pa_guerini_link_giunti_punto-https-www-giuntialpunto-it-product-b09nlh619q-libri-conoscere-la-giusta-distanza-sfide-di-management-un-mondo-complesso-anja","20":"pa_guerini_link_google_play-https-play-google-com-store-books-details-anja_puntari_conoscere_la_giusta_distanza_sfide_diidnozueaaaqbaj","21":"pa_guerini_link_ibs-https-www-ibs-it-conoscere-giusta-distanza-sfide-di-ebook-anja-puntari-e-9788868964214","22":"pa_guerini_link_kobo-https-www-kobo-com-it-it-ebook-conoscere-la-giusta-distanza-sfide-di-management-in-un-mondo-complesso","23":"pa_guerini_link_lafeltrinelli-https-www-lafeltrinelli-it-conoscere-giusta-distanza-sfide-di-ebook-anja-puntari-e-9788868964214","24":"pa_guerini_link_mondadori-https-www-mondadoristore-it-conoscere-giusta-distanza-anja-puntari-eai978886896421","25":"pa_guerini_mondadori_link-https-www-mondadoristore-it-conoscere-giusta-distanza-anja-puntari-eai978886896410","27":"first","28":"instock","29":"sale","30":"shipping-taxable","31":"purchasable","32":"product-type-simple"},"yoast_head":"<!-- This site is optimized with the Yoast SEO plugin v25.4 - https:\/\/yoast.com\/wordpress\/plugins\/seo\/ -->\n<title>Anja Puntari, Conoscere la giusta distanza | Guerini Editore<\/title>\n<meta name=\"robots\" content=\"index, follow, max-snippet:-1, max-image-preview:large, max-video-preview:-1\" \/>\n<link rel=\"canonical\" href=\"https:\/\/www.guerini.it\/index.php\/prodotto\/conoscere-la-giusta-distanza-anja-puntari-guerini\/\" \/>\n<meta property=\"og:locale\" content=\"it_IT\" \/>\n<meta property=\"og:type\" content=\"article\" \/>\n<meta property=\"og:title\" content=\"Anja Puntari, Conoscere la giusta distanza | Guerini Editore\" \/>\n<meta property=\"og:description\" content=\"In un\u2019epoca come la nostra, dove i confini tra le varie dimensioni della vita tendono a sfumare, non c\u2019\u00e8 nulla che sia pi\u00f9 importante del conoscere la giusta distanza: da [&hellip;]\" \/>\n<meta property=\"og:url\" content=\"https:\/\/www.guerini.it\/index.php\/prodotto\/conoscere-la-giusta-distanza-anja-puntari-guerini\/\" \/>\n<meta property=\"og:site_name\" content=\"Guerini e Associati\" \/>\n<meta property=\"article:modified_time\" content=\"2024-06-09T18:25:17+00:00\" \/>\n<meta property=\"og:image\" content=\"https:\/\/www.guerini.it\/wp-content\/uploads\/2021\/11\/Front-Cover-CONOSCERE-LA-GIUSTA-DISTANZA-e1637746996873.jpg\" \/>\n\t<meta property=\"og:image:width\" content=\"233\" \/>\n\t<meta property=\"og:image:height\" content=\"350\" \/>\n\t<meta property=\"og:image:type\" content=\"image\/jpeg\" \/>\n<meta name=\"twitter:card\" content=\"summary_large_image\" \/>\n<meta name=\"twitter:label1\" content=\"Tempo di lettura stimato\" \/>\n\t<meta name=\"twitter:data1\" content=\"2 minuti\" \/>\n<!-- \/ Yoast SEO plugin. -->","yoast_head_json":{"title":"Anja Puntari, Conoscere la giusta distanza | Guerini Editore","robots":{"index":"index","follow":"follow","max-snippet":"max-snippet:-1","max-image-preview":"max-image-preview:large","max-video-preview":"max-video-preview:-1"},"canonical":"https:\/\/www.guerini.it\/index.php\/prodotto\/conoscere-la-giusta-distanza-anja-puntari-guerini\/","og_locale":"it_IT","og_type":"article","og_title":"Anja Puntari, Conoscere la giusta distanza | Guerini Editore","og_description":"In un\u2019epoca come la nostra, dove i confini tra le varie dimensioni della vita tendono a sfumare, non c\u2019\u00e8 nulla che sia pi\u00f9 importante del conoscere la giusta distanza: da [&hellip;]","og_url":"https:\/\/www.guerini.it\/index.php\/prodotto\/conoscere-la-giusta-distanza-anja-puntari-guerini\/","og_site_name":"Guerini e Associati","article_modified_time":"2024-06-09T18:25:17+00:00","og_image":[{"width":233,"height":350,"url":"https:\/\/www.guerini.it\/wp-content\/uploads\/2021\/11\/Front-Cover-CONOSCERE-LA-GIUSTA-DISTANZA-e1637746996873.jpg","type":"image\/jpeg"}],"twitter_card":"summary_large_image","twitter_misc":{"Tempo di lettura stimato":"2 minuti"},"schema":{"@context":"https:\/\/schema.org","@graph":[{"@type":"WebPage","@id":"https:\/\/www.guerini.it\/index.php\/prodotto\/conoscere-la-giusta-distanza-anja-puntari-guerini\/","url":"https:\/\/www.guerini.it\/index.php\/prodotto\/conoscere-la-giusta-distanza-anja-puntari-guerini\/","name":"Anja Puntari, Conoscere la giusta distanza | Guerini Editore","isPartOf":{"@id":"https:\/\/www.guerini.it\/#website"},"primaryImageOfPage":{"@id":"https:\/\/www.guerini.it\/index.php\/prodotto\/conoscere-la-giusta-distanza-anja-puntari-guerini\/#primaryimage"},"image":{"@id":"https:\/\/www.guerini.it\/index.php\/prodotto\/conoscere-la-giusta-distanza-anja-puntari-guerini\/#primaryimage"},"thumbnailUrl":"https:\/\/www.guerini.it\/wp-content\/uploads\/2021\/11\/Front-Cover-CONOSCERE-LA-GIUSTA-DISTANZA-e1637746996873.jpg","datePublished":"2021-11-24T09:44:08+00:00","dateModified":"2024-06-09T18:25:17+00:00","breadcrumb":{"@id":"https:\/\/www.guerini.it\/index.php\/prodotto\/conoscere-la-giusta-distanza-anja-puntari-guerini\/#breadcrumb"},"inLanguage":"it-IT","potentialAction":[{"@type":"ReadAction","target":["https:\/\/www.guerini.it\/index.php\/prodotto\/conoscere-la-giusta-distanza-anja-puntari-guerini\/"]}]},{"@type":"ImageObject","inLanguage":"it-IT","@id":"https:\/\/www.guerini.it\/index.php\/prodotto\/conoscere-la-giusta-distanza-anja-puntari-guerini\/#primaryimage","url":"https:\/\/www.guerini.it\/wp-content\/uploads\/2021\/11\/Front-Cover-CONOSCERE-LA-GIUSTA-DISTANZA-e1637746996873.jpg","contentUrl":"https:\/\/www.guerini.it\/wp-content\/uploads\/2021\/11\/Front-Cover-CONOSCERE-LA-GIUSTA-DISTANZA-e1637746996873.jpg","width":233,"height":350,"caption":"Copertina del volume Conoscere la giusta distanza"},{"@type":"BreadcrumbList","@id":"https:\/\/www.guerini.it\/index.php\/prodotto\/conoscere-la-giusta-distanza-anja-puntari-guerini\/#breadcrumb","itemListElement":[{"@type":"ListItem","position":1,"name":"Home","item":"https:\/\/www.guerini.it\/"},{"@type":"ListItem","position":2,"name":"Catalogo","item":"https:\/\/www.guerini.it\/index.php\/negozio\/"},{"@type":"ListItem","position":3,"name":"Conoscere la giusta distanza"}]},{"@type":"WebSite","@id":"https:\/\/www.guerini.it\/#website","url":"https:\/\/www.guerini.it\/","name":"Guerini e Associati","description":"30 anni di libri, idee e libert\u00e0","publisher":{"@id":"https:\/\/www.guerini.it\/#organization"},"potentialAction":[{"@type":"SearchAction","target":{"@type":"EntryPoint","urlTemplate":"https:\/\/www.guerini.it\/?s={search_term_string}"},"query-input":{"@type":"PropertyValueSpecification","valueRequired":true,"valueName":"search_term_string"}}],"inLanguage":"it-IT"},{"@type":"Organization","@id":"https:\/\/www.guerini.it\/#organization","name":"Guerini e Associati","url":"https:\/\/www.guerini.it\/","logo":{"@type":"ImageObject","inLanguage":"it-IT","@id":"https:\/\/www.guerini.it\/#\/schema\/logo\/image\/","url":"https:\/\/www.guerini.it\/wp-content\/uploads\/2021\/03\/Logo-Guerini-OK_-e1615831292285.png","contentUrl":"https:\/\/www.guerini.it\/wp-content\/uploads\/2021\/03\/Logo-Guerini-OK_-e1615831292285.png","width":2805,"height":1870,"caption":"Guerini e Associati"},"image":{"@id":"https:\/\/www.guerini.it\/#\/schema\/logo\/image\/"}}]}},"_links":{"self":[{"href":"https:\/\/www.guerini.it\/index.php\/wp-json\/wp\/v2\/product\/22320","targetHints":{"allow":["GET"]}}],"collection":[{"href":"https:\/\/www.guerini.it\/index.php\/wp-json\/wp\/v2\/product"}],"about":[{"href":"https:\/\/www.guerini.it\/index.php\/wp-json\/wp\/v2\/types\/product"}],"wp:featuredmedia":[{"embeddable":true,"href":"https:\/\/www.guerini.it\/index.php\/wp-json\/wp\/v2\/media\/22321"}],"wp:attachment":[{"href":"https:\/\/www.guerini.it\/index.php\/wp-json\/wp\/v2\/media?parent=22320"}],"wp:term":[{"taxonomy":"product_brand","embeddable":true,"href":"https:\/\/www.guerini.it\/index.php\/wp-json\/wp\/v2\/product_brand?post=22320"},{"taxonomy":"product_cat","embeddable":true,"href":"https:\/\/www.guerini.it\/index.php\/wp-json\/wp\/v2\/product_cat?post=22320"},{"taxonomy":"product_tag","embeddable":true,"href":"https:\/\/www.guerini.it\/index.php\/wp-json\/wp\/v2\/product_tag?post=22320"}],"curies":[{"name":"wp","href":"https:\/\/api.w.org\/{rel}","templated":true}]}}