{"id":22457,"date":"2022-01-28T10:44:18","date_gmt":"2022-01-28T09:44:18","guid":{"rendered":"https:\/\/www.guerini.it\/?post_type=product&#038;p=22457"},"modified":"2024-06-09T20:25:24","modified_gmt":"2024-06-09T18:25:24","slug":"reinventare-le-organizzazioni-2","status":"publish","type":"product","link":"https:\/\/www.guerini.it\/index.php\/prodotto\/reinventare-le-organizzazioni-2\/","title":{"rendered":"Reinventare le organizzazioni"},"content":{"rendered":"<p style=\"text-align: center;\"><strong>UN SUCCESSO INTERNAZIONALE TRADOTTO IN PI\u00d9 DI VENTI LINGUE<\/strong><\/p>\n<p style=\"text-align: justify;\">Il modo in cui gestiamo le aziende sembra ogni giorno pi\u00f9 anacronistico. Dentro di noi sappiamo che si pu\u00f2 fare molto di pi\u00f9 e di meglio. Tutti desideriamo luoghi di lavoro che abbiano un\u2019anima, rapporti pi\u00f9 autentici, un senso di comunit\u00e0 pi\u00f9 radicato e uno scopo significativo da perseguire.<br \/>\nIn questo libro rivoluzionario, Laloux ci guida alla scoperta dei paradigmi organizzativi che hanno plasmato la storia\u00a0 dell\u2019umanit\u00e0 mostrandoci come, ogni volta che siamo passati a un nuovo stadio di consapevolezza, siamo riusciti a compiere svolte fondamentali nei processi di cooperazione. Una nuova svolta \u00e8 dietro l\u2019angolo. Ci aiuter\u00e0 a inventare un modo radicalmente pi\u00f9 umano di gestire le organizzazioni? Alcuni pionieri hanno gi\u00e0 codificato il DNA delle \u00aborganizzazioni Teal\u00bb e ci illustrano il nuovo paradigma con esempi tratti da aziende profit e non profit, scuole, ospedali. Leader, amministratori delegati, imprenditori, coach e consulenti troveranno in questo libro un prezioso manuale ricco di consigli, esempi e storie da cui trarre ispirazione. Best-seller internazionale basato su una vasta ricerca di modelli organizzativi emergenti, <em>Reinventare le organizzazioni<\/em> \u00e8 stato definito \u00abrivoluzionario\u00bb, \u00abbrillante \u00bb, \u00abstraordinario\u00bb, \u00abun libro destinato a cambiare il mondo\u00bb, \u00abun balzo in avanti nel pensiero manageriale\u00bb dai maggiori esperti mondiali di sviluppo umano.<\/p>\n<p style=\"text-align: center;\"><strong>Con i casi Mondora, Zordan, Credem<\/strong><\/p>\n<hr \/>\n<p style=\"text-align: justify;\"><strong>FREDERIC LALOUX<\/strong> \u00e8 consulente di leader di grandi aziende alla ricerca di modalit\u00e0 di organizzazione radicalmente innovative. Gi\u00e0 Associate Partner di McKinsey, ha conseguito un MBA all\u2019INSEAD e una certificazione in coaching presso il Newfield Network di Boulder, Colorado. Vive a Ithaca (NY) con la moglie H\u00e9l\u00e8ne e i loro due figli.<\/p>\n","protected":false},"excerpt":{"rendered":"<p>UN SUCCESSO INTERNAZIONALE TRADOTTO IN PI\u00d9 DI VENTI LINGUE Il modo in cui gestiamo le aziende sembra ogni giorno pi\u00f9 anacronistico. Dentro di noi sappiamo che si pu\u00f2 fare molto [&hellip;]<\/p>\n","protected":false},"featured_media":22458,"template":"","meta":{"_editorskit_title_hidden":false,"_editorskit_reading_time":0,"_editorskit_is_block_options_detached":false,"_editorskit_block_options_position":"{}","_monsterinsights_skip_tracking":false,"_monsterinsights_sitenote_active":false,"_monsterinsights_sitenote_note":"","_monsterinsights_sitenote_category":0},"product_brand":[],"product_cat":[6729,6805,6963],"product_tag":[7832,7835,7834,6817,7833,7836],"class_list":{"0":"post-22457","1":"product","2":"type-product","3":"status-publish","4":"has-post-thumbnail","6":"product_cat-best_seller","7":"product_cat-guerini-next","8":"product_cat-the-next-key","9":"product_tag-change-management","10":"product_tag-credem","11":"product_tag-mondora","12":"product_tag-organizzazioni","13":"product_tag-teal","14":"product_tag-zordan","15":"pa_guerini_amazon_link-https-www-amazon-it-reinventare-organizzazioni-organizzazioni-ispirate-consapevolezza-dp-8868961156","16":"pa_guerini_feltrinelli_link-https-tidd-ly-3podpui","17":"pa_guerini_ibs_link-https-tidd-ly-35vt9d8","18":"pa_guerini_libruniver_link-https-www-libreriauniversitaria-it-reinventare-organizzazioni-creare-organizzazioni-ispirate-libro-9788868964290","19":"pa_guerini_link_amazon-https-www-amazon-it-reinventare-organizzazioni-edizione-aggiornata-consapevolezza-ebook-dp-b09t9b47jh","20":"pa_guerini_link_apple_ibook-https-books-apple-com-it-book-reinventare-le-organizzazioni-nuova-edizione-aggiornata-id1611385382","21":"pa_guerini_link_bookrepublic-https-bit-ly-3teazvl","22":"pa_guerini_link_giunti_punto-https-www-giuntialpunto-it-product-b09t9b47jh-libri-reinventare-le-organizzazioni-nuova-edizione-aggiornata-come-creare","23":"pa_guerini_link_google_play-https-play-google-com-store-books-details-frederic_laloux_reinventare_le_organizzazioni_nuovidwmbgeaaaqbaj","24":"pa_guerini_link_ibs-https-tidd-ly-3srfmby","25":"pa_guerini_link_kobo-https-www-kobo-com-it-en-ebook-reinventare-le-organizzazioni-nuova-edizione-aggiornata-come-creare-organizzazioni-ispirate-al-prossimo-stadio-della-consapevolezza-umana","26":"pa_guerini_link_lafeltrinelli-https-tidd-ly-3tcsfzf","27":"pa_guerini_link_mondadori-https-www-mondadoristore-it-reinventare-organizzazioni-frederic-laloux-eai978886896430","28":"pa_guerini_mondadori_link-https-www-mondadoristore-it-reinventare-organizzazioni-frederic-laloux-eai978886896429-sessiontokentt2iakd8btk0yrpzpwhdwtmjiz9yytq6","30":"first","31":"instock","32":"sale","33":"shipping-taxable","34":"purchasable","35":"product-type-simple"},"yoast_head":"<!-- This site is optimized with the Yoast SEO plugin v25.4 - https:\/\/yoast.com\/wordpress\/plugins\/seo\/ -->\n<title>Reinventare le organizzazioni - Guerini e Associati<\/title>\n<meta name=\"robots\" content=\"index, follow, max-snippet:-1, max-image-preview:large, max-video-preview:-1\" \/>\n<link rel=\"canonical\" href=\"https:\/\/www.guerini.it\/index.php\/prodotto\/reinventare-le-organizzazioni-2\/\" \/>\n<meta property=\"og:locale\" content=\"it_IT\" \/>\n<meta property=\"og:type\" content=\"article\" \/>\n<meta property=\"og:title\" content=\"Reinventare le organizzazioni - Guerini e Associati\" \/>\n<meta property=\"og:description\" content=\"UN SUCCESSO INTERNAZIONALE TRADOTTO IN PI\u00d9 DI VENTI LINGUE Il modo in cui gestiamo le aziende sembra ogni giorno pi\u00f9 anacronistico. Dentro di noi sappiamo che si pu\u00f2 fare molto [&hellip;]\" \/>\n<meta property=\"og:url\" content=\"https:\/\/www.guerini.it\/index.php\/prodotto\/reinventare-le-organizzazioni-2\/\" \/>\n<meta property=\"og:site_name\" content=\"Guerini e Associati\" \/>\n<meta property=\"article:modified_time\" content=\"2024-06-09T18:25:24+00:00\" \/>\n<meta property=\"og:image\" content=\"https:\/\/www.guerini.it\/wp-content\/uploads\/2022\/01\/Cop.-Reinventarsi-Laloux-3b-a-scaled-e1643362985181.jpg\" \/>\n\t<meta property=\"og:image:width\" content=\"225\" \/>\n\t<meta property=\"og:image:height\" content=\"350\" \/>\n\t<meta property=\"og:image:type\" content=\"image\/jpeg\" \/>\n<meta name=\"twitter:card\" content=\"summary_large_image\" \/>\n<meta name=\"twitter:label1\" content=\"Tempo di lettura stimato\" \/>\n\t<meta name=\"twitter:data1\" content=\"2 minuti\" \/>\n<!-- \/ Yoast SEO plugin. -->","yoast_head_json":{"title":"Reinventare le organizzazioni - Guerini e Associati","robots":{"index":"index","follow":"follow","max-snippet":"max-snippet:-1","max-image-preview":"max-image-preview:large","max-video-preview":"max-video-preview:-1"},"canonical":"https:\/\/www.guerini.it\/index.php\/prodotto\/reinventare-le-organizzazioni-2\/","og_locale":"it_IT","og_type":"article","og_title":"Reinventare le organizzazioni - Guerini e Associati","og_description":"UN SUCCESSO INTERNAZIONALE TRADOTTO IN PI\u00d9 DI VENTI LINGUE Il modo in cui gestiamo le aziende sembra ogni giorno pi\u00f9 anacronistico. Dentro di noi sappiamo che si pu\u00f2 fare molto [&hellip;]","og_url":"https:\/\/www.guerini.it\/index.php\/prodotto\/reinventare-le-organizzazioni-2\/","og_site_name":"Guerini e Associati","article_modified_time":"2024-06-09T18:25:24+00:00","og_image":[{"width":225,"height":350,"url":"https:\/\/www.guerini.it\/wp-content\/uploads\/2022\/01\/Cop.-Reinventarsi-Laloux-3b-a-scaled-e1643362985181.jpg","type":"image\/jpeg"}],"twitter_card":"summary_large_image","twitter_misc":{"Tempo di lettura stimato":"2 minuti"},"schema":{"@context":"https:\/\/schema.org","@graph":[{"@type":"WebPage","@id":"https:\/\/www.guerini.it\/index.php\/prodotto\/reinventare-le-organizzazioni-2\/","url":"https:\/\/www.guerini.it\/index.php\/prodotto\/reinventare-le-organizzazioni-2\/","name":"Reinventare le organizzazioni - Guerini e Associati","isPartOf":{"@id":"https:\/\/www.guerini.it\/#website"},"primaryImageOfPage":{"@id":"https:\/\/www.guerini.it\/index.php\/prodotto\/reinventare-le-organizzazioni-2\/#primaryimage"},"image":{"@id":"https:\/\/www.guerini.it\/index.php\/prodotto\/reinventare-le-organizzazioni-2\/#primaryimage"},"thumbnailUrl":"https:\/\/www.guerini.it\/wp-content\/uploads\/2022\/01\/Cop.-Reinventarsi-Laloux-3b-a-scaled-e1643362985181.jpg","datePublished":"2022-01-28T09:44:18+00:00","dateModified":"2024-06-09T18:25:24+00:00","breadcrumb":{"@id":"https:\/\/www.guerini.it\/index.php\/prodotto\/reinventare-le-organizzazioni-2\/#breadcrumb"},"inLanguage":"it-IT","potentialAction":[{"@type":"ReadAction","target":["https:\/\/www.guerini.it\/index.php\/prodotto\/reinventare-le-organizzazioni-2\/"]}]},{"@type":"ImageObject","inLanguage":"it-IT","@id":"https:\/\/www.guerini.it\/index.php\/prodotto\/reinventare-le-organizzazioni-2\/#primaryimage","url":"https:\/\/www.guerini.it\/wp-content\/uploads\/2022\/01\/Cop.-Reinventarsi-Laloux-3b-a-scaled-e1643362985181.jpg","contentUrl":"https:\/\/www.guerini.it\/wp-content\/uploads\/2022\/01\/Cop.-Reinventarsi-Laloux-3b-a-scaled-e1643362985181.jpg","width":225,"height":350,"caption":"Copertina del libro Reinventare le organizzazioni nuova edizione"},{"@type":"BreadcrumbList","@id":"https:\/\/www.guerini.it\/index.php\/prodotto\/reinventare-le-organizzazioni-2\/#breadcrumb","itemListElement":[{"@type":"ListItem","position":1,"name":"Home","item":"https:\/\/www.guerini.it\/"},{"@type":"ListItem","position":2,"name":"Catalogo","item":"https:\/\/www.guerini.it\/index.php\/negozio\/"},{"@type":"ListItem","position":3,"name":"Reinventare le organizzazioni"}]},{"@type":"WebSite","@id":"https:\/\/www.guerini.it\/#website","url":"https:\/\/www.guerini.it\/","name":"Guerini e Associati","description":"30 anni di libri, idee e libert\u00e0","publisher":{"@id":"https:\/\/www.guerini.it\/#organization"},"potentialAction":[{"@type":"SearchAction","target":{"@type":"EntryPoint","urlTemplate":"https:\/\/www.guerini.it\/?s={search_term_string}"},"query-input":{"@type":"PropertyValueSpecification","valueRequired":true,"valueName":"search_term_string"}}],"inLanguage":"it-IT"},{"@type":"Organization","@id":"https:\/\/www.guerini.it\/#organization","name":"Guerini e Associati","url":"https:\/\/www.guerini.it\/","logo":{"@type":"ImageObject","inLanguage":"it-IT","@id":"https:\/\/www.guerini.it\/#\/schema\/logo\/image\/","url":"https:\/\/www.guerini.it\/wp-content\/uploads\/2021\/03\/Logo-Guerini-OK_-e1615831292285.png","contentUrl":"https:\/\/www.guerini.it\/wp-content\/uploads\/2021\/03\/Logo-Guerini-OK_-e1615831292285.png","width":2805,"height":1870,"caption":"Guerini e Associati"},"image":{"@id":"https:\/\/www.guerini.it\/#\/schema\/logo\/image\/"}}]}},"_links":{"self":[{"href":"https:\/\/www.guerini.it\/index.php\/wp-json\/wp\/v2\/product\/22457","targetHints":{"allow":["GET"]}}],"collection":[{"href":"https:\/\/www.guerini.it\/index.php\/wp-json\/wp\/v2\/product"}],"about":[{"href":"https:\/\/www.guerini.it\/index.php\/wp-json\/wp\/v2\/types\/product"}],"wp:featuredmedia":[{"embeddable":true,"href":"https:\/\/www.guerini.it\/index.php\/wp-json\/wp\/v2\/media\/22458"}],"wp:attachment":[{"href":"https:\/\/www.guerini.it\/index.php\/wp-json\/wp\/v2\/media?parent=22457"}],"wp:term":[{"taxonomy":"product_brand","embeddable":true,"href":"https:\/\/www.guerini.it\/index.php\/wp-json\/wp\/v2\/product_brand?post=22457"},{"taxonomy":"product_cat","embeddable":true,"href":"https:\/\/www.guerini.it\/index.php\/wp-json\/wp\/v2\/product_cat?post=22457"},{"taxonomy":"product_tag","embeddable":true,"href":"https:\/\/www.guerini.it\/index.php\/wp-json\/wp\/v2\/product_tag?post=22457"}],"curies":[{"name":"wp","href":"https:\/\/api.w.org\/{rel}","templated":true}]}}