{"id":22474,"date":"2022-02-16T13:40:54","date_gmt":"2022-02-16T12:40:54","guid":{"rendered":"https:\/\/www.guerini.it\/?post_type=product&#038;p=22474"},"modified":"2024-06-09T20:25:25","modified_gmt":"2024-06-09T18:25:25","slug":"una-sorprendente-genealogia","status":"publish","type":"product","link":"https:\/\/www.guerini.it\/index.php\/prodotto\/una-sorprendente-genealogia\/","title":{"rendered":"Una sorprendente genealogia"},"content":{"rendered":"<p style=\"text-align: justify;\">Il management \u00e8 tuttora ritenuto un ambito nettamente maschile. Sorprende, allora, scoprire che l\u2019idea stessa del management e del manager come figura sociale sono frutto di un pensiero femminile. C&#8217;\u00e8 un protagonismo femminile che da met\u00e0 800, attraversando il 900, giunge fino ad oggi. Con una sbalorditiva ricorrenza di princ\u00ecpi, il pensiero delle studiose dei due secoli passati si salda con le pratiche delle manager di oggi.<br \/>\nPerch\u00e9 le donne? Perch\u00e9 mentre per gli uomini il potere sembra non bastare mai, le donne, ieri come oggi, portano nel management nuove visioni, accomunate da una diversa concezione del potere?<br \/>\nQuesta genealogia, la potenza che sprigiona, sentire che ne facciamo parte, conferma nelle proprie convinzioni le donne che nel mondo del lavoro vanno oltre le regole dominanti. \u00c8 una relazione tra donne nel tempo.<br \/>\nLe figure femminili presentate nel libro cercano la trasformazione del modo di governare le aziende. Che non pu\u00f2 esistere senza le donne e la loro visione, ma che non pu\u00f2 venire solo da loro. Dobbiamo farlo insieme, donne e uomini.<br \/>\nQuesto libro parla dunque alle donne manager, a quelle che ambiscono a ruoli di responsabilit\u00e0, e a tutte quelle che vogliono la loro libert\u00e0 nel lavoro. E vuole parlare alle sindacaliste, che come donne hanno interessi comuni con le manager: soggetti diversi ma che insieme possono cambiare il mondo del lavoro tuttora a dominanza maschile e spesso misogino.<br \/>\nParla anche agli uomini \u2013 ci sono, e non pochi \u2013 che non si ritrovano in un modello manageriale fondato sul potere come dominio.<\/p>\n<hr \/>\n<p style=\"text-align: justify;\"><strong>Luisa Pogliana<\/strong>, per molti anni Direttrice Ricerche e Studi di Mercato nel Gruppo Mondadori, ha lavorato poi come consulente sui mercati internazionali, in quattro continenti. \u00c8 docente presso la Scuola di Alta Formazione Donne di Governo. Ha co-fondato l\u2019associazione Donnesenzaguscio, dedicata al management femminile e promotrice di iniziative e incontri volti a diffondere pensieri e pratiche innovative di donne manager. Per le edizioni Guerini ha pubblicato <em><a href=\"https:\/\/www.guerini.it\/index.php\/prodotto\/esplorare-i-confini\/\">Esplorare i confini<\/a>, <\/em><em><a href=\"https:\/\/www.guerini.it\/index.php\/prodotto\/pogliana-donne-management-differenza-978-88-6250-392-1\/\">Le donne il management la differenza <\/a><\/em>e <em><a href=\"https:\/\/www.guerini.it\/index.php\/prodotto\/donne-senza-guscio\/\">Donne senza guscio<\/a>.<\/em><\/p>\n<p style=\"text-align: left;\"><a href=\"http:\/\/www.donnesenzaguscio.it\">\u00a0www.donnesenzaguscio.it<\/a><\/p>\n","protected":false},"excerpt":{"rendered":"<p>Il management \u00e8 tuttora ritenuto un ambito nettamente maschile. Sorprende, allora, scoprire che l\u2019idea stessa del management e del manager come figura sociale sono frutto di un pensiero femminile. C&#8217;\u00e8 [&hellip;]<\/p>\n","protected":false},"featured_media":22475,"template":"","meta":{"_editorskit_title_hidden":false,"_editorskit_reading_time":0,"_editorskit_is_block_options_detached":false,"_editorskit_block_options_position":"{}","_monsterinsights_skip_tracking":false,"_monsterinsights_sitenote_active":false,"_monsterinsights_sitenote_note":"","_monsterinsights_sitenote_category":0},"product_brand":[],"product_cat":[6805,6529],"product_tag":[],"class_list":{"0":"post-22474","1":"product","2":"type-product","3":"status-publish","4":"has-post-thumbnail","6":"product_cat-guerini-next","7":"product_cat-economia-e-management","8":"pa_guerini_amazon_link-https-www-amazon-it-sorprendente-genealogia-lautorit-femminile-management-dp-8868964430","9":"pa_guerini_feltrinelli_link-https-www-lafeltrinelli-it-sorprendente-genealogia-autorita-femminile-nel-libro-luisa-pogliana-e-9788868964436","10":"pa_guerini_ibs_link-https-www-ibs-it-sorprendente-genealogia-autorita-femminile-nel-libro-luisa-pogliana-e-9788868964436","11":"pa_guerini_libruniver_link-https-www-libreriauniversitaria-it-sorprendente-genealogia-autorita-femminile-management-libro-9788868964436","12":"pa_guerini_link_amazon-https-www-amazon-it-sorprendente-genealogia-lautorit-management-dallottocento-ebook-dp-b0b2cqk347","13":"pa_guerini_link_apple_ibook-https-books-apple-com-it-book-una-sorprendente-genealogia-lautorit-femminile-nel-id6442878692","14":"pa_guerini_link_bookrepublic-https-www-bookrepublic-it-ebook-9788868964542-una-sorprendente-genealogia-lautorita-femminile-nel-management-dallottocento-a-oggi-goware-guerini-next","15":"pa_guerini_link_giunti_punto-https-www-giuntialpunto-it-product-b0b2cqk347-libri-una-sorprendente-genealogia-l-autorit-femminile-nel-management-dall","16":"pa_guerini_link_google_play-https-play-google-com-store-books-details-luisa_pogliana_una_sorprendente_genealogia_l_autoriduvpxeaaaqbaj","17":"pa_guerini_link_ibs-https-tidd-ly-3lugj8b","18":"pa_guerini_link_kobo-https-www-kobo-com-it-it-ebook-una-sorprendente-genealogia-l-autorita-femminile-nel-management-dall-ottocento-a-oggi","19":"pa_guerini_link_lafeltrinelli-https-tidd-ly-3ngyelb","20":"pa_guerini_mondadori_link-https-www-mondadoristore-it-sorprendente-genealogia-luisa-pogliana-eai978886896443","22":"first","23":"instock","24":"sale","25":"shipping-taxable","26":"purchasable","27":"product-type-simple"},"yoast_head":"<!-- This site is optimized with the Yoast SEO plugin v25.4 - https:\/\/yoast.com\/wordpress\/plugins\/seo\/ -->\n<title>Una sorprendente genealogia - Guerini e Associati<\/title>\n<meta name=\"robots\" content=\"index, follow, max-snippet:-1, max-image-preview:large, max-video-preview:-1\" \/>\n<link rel=\"canonical\" href=\"https:\/\/www.guerini.it\/index.php\/prodotto\/una-sorprendente-genealogia\/\" \/>\n<meta property=\"og:locale\" content=\"it_IT\" \/>\n<meta property=\"og:type\" content=\"article\" \/>\n<meta property=\"og:title\" content=\"Una sorprendente genealogia - Guerini e Associati\" \/>\n<meta property=\"og:description\" content=\"Il management \u00e8 tuttora ritenuto un ambito nettamente maschile. Sorprende, allora, scoprire che l\u2019idea stessa del management e del manager come figura sociale sono frutto di un pensiero femminile. C&#8217;\u00e8 [&hellip;]\" \/>\n<meta property=\"og:url\" content=\"https:\/\/www.guerini.it\/index.php\/prodotto\/una-sorprendente-genealogia\/\" \/>\n<meta property=\"og:site_name\" content=\"Guerini e Associati\" \/>\n<meta property=\"article:modified_time\" content=\"2024-06-09T18:25:25+00:00\" \/>\n<meta property=\"og:image\" content=\"https:\/\/www.guerini.it\/wp-content\/uploads\/2022\/02\/9788868964436-e1645014876741.jpg\" \/>\n\t<meta property=\"og:image:width\" content=\"233\" \/>\n\t<meta property=\"og:image:height\" content=\"350\" \/>\n\t<meta property=\"og:image:type\" content=\"image\/jpeg\" \/>\n<meta name=\"twitter:card\" content=\"summary_large_image\" \/>\n<meta name=\"twitter:label1\" content=\"Tempo di lettura stimato\" \/>\n\t<meta name=\"twitter:data1\" content=\"2 minuti\" \/>\n<!-- \/ Yoast SEO plugin. -->","yoast_head_json":{"title":"Una sorprendente genealogia - Guerini e Associati","robots":{"index":"index","follow":"follow","max-snippet":"max-snippet:-1","max-image-preview":"max-image-preview:large","max-video-preview":"max-video-preview:-1"},"canonical":"https:\/\/www.guerini.it\/index.php\/prodotto\/una-sorprendente-genealogia\/","og_locale":"it_IT","og_type":"article","og_title":"Una sorprendente genealogia - Guerini e Associati","og_description":"Il management \u00e8 tuttora ritenuto un ambito nettamente maschile. Sorprende, allora, scoprire che l\u2019idea stessa del management e del manager come figura sociale sono frutto di un pensiero femminile. C&#8217;\u00e8 [&hellip;]","og_url":"https:\/\/www.guerini.it\/index.php\/prodotto\/una-sorprendente-genealogia\/","og_site_name":"Guerini e Associati","article_modified_time":"2024-06-09T18:25:25+00:00","og_image":[{"width":233,"height":350,"url":"https:\/\/www.guerini.it\/wp-content\/uploads\/2022\/02\/9788868964436-e1645014876741.jpg","type":"image\/jpeg"}],"twitter_card":"summary_large_image","twitter_misc":{"Tempo di lettura stimato":"2 minuti"},"schema":{"@context":"https:\/\/schema.org","@graph":[{"@type":"WebPage","@id":"https:\/\/www.guerini.it\/index.php\/prodotto\/una-sorprendente-genealogia\/","url":"https:\/\/www.guerini.it\/index.php\/prodotto\/una-sorprendente-genealogia\/","name":"Una sorprendente genealogia - Guerini e Associati","isPartOf":{"@id":"https:\/\/www.guerini.it\/#website"},"primaryImageOfPage":{"@id":"https:\/\/www.guerini.it\/index.php\/prodotto\/una-sorprendente-genealogia\/#primaryimage"},"image":{"@id":"https:\/\/www.guerini.it\/index.php\/prodotto\/una-sorprendente-genealogia\/#primaryimage"},"thumbnailUrl":"https:\/\/www.guerini.it\/wp-content\/uploads\/2022\/02\/9788868964436-e1645014876741.jpg","datePublished":"2022-02-16T12:40:54+00:00","dateModified":"2024-06-09T18:25:25+00:00","breadcrumb":{"@id":"https:\/\/www.guerini.it\/index.php\/prodotto\/una-sorprendente-genealogia\/#breadcrumb"},"inLanguage":"it-IT","potentialAction":[{"@type":"ReadAction","target":["https:\/\/www.guerini.it\/index.php\/prodotto\/una-sorprendente-genealogia\/"]}]},{"@type":"ImageObject","inLanguage":"it-IT","@id":"https:\/\/www.guerini.it\/index.php\/prodotto\/una-sorprendente-genealogia\/#primaryimage","url":"https:\/\/www.guerini.it\/wp-content\/uploads\/2022\/02\/9788868964436-e1645014876741.jpg","contentUrl":"https:\/\/www.guerini.it\/wp-content\/uploads\/2022\/02\/9788868964436-e1645014876741.jpg","width":233,"height":350,"caption":"Copertina del libro una sorprendente genealogia"},{"@type":"BreadcrumbList","@id":"https:\/\/www.guerini.it\/index.php\/prodotto\/una-sorprendente-genealogia\/#breadcrumb","itemListElement":[{"@type":"ListItem","position":1,"name":"Home","item":"https:\/\/www.guerini.it\/"},{"@type":"ListItem","position":2,"name":"Catalogo","item":"https:\/\/www.guerini.it\/index.php\/negozio\/"},{"@type":"ListItem","position":3,"name":"Una sorprendente genealogia"}]},{"@type":"WebSite","@id":"https:\/\/www.guerini.it\/#website","url":"https:\/\/www.guerini.it\/","name":"Guerini e Associati","description":"30 anni di libri, idee e libert\u00e0","publisher":{"@id":"https:\/\/www.guerini.it\/#organization"},"potentialAction":[{"@type":"SearchAction","target":{"@type":"EntryPoint","urlTemplate":"https:\/\/www.guerini.it\/?s={search_term_string}"},"query-input":{"@type":"PropertyValueSpecification","valueRequired":true,"valueName":"search_term_string"}}],"inLanguage":"it-IT"},{"@type":"Organization","@id":"https:\/\/www.guerini.it\/#organization","name":"Guerini e Associati","url":"https:\/\/www.guerini.it\/","logo":{"@type":"ImageObject","inLanguage":"it-IT","@id":"https:\/\/www.guerini.it\/#\/schema\/logo\/image\/","url":"https:\/\/www.guerini.it\/wp-content\/uploads\/2021\/03\/Logo-Guerini-OK_-e1615831292285.png","contentUrl":"https:\/\/www.guerini.it\/wp-content\/uploads\/2021\/03\/Logo-Guerini-OK_-e1615831292285.png","width":2805,"height":1870,"caption":"Guerini e Associati"},"image":{"@id":"https:\/\/www.guerini.it\/#\/schema\/logo\/image\/"}}]}},"_links":{"self":[{"href":"https:\/\/www.guerini.it\/index.php\/wp-json\/wp\/v2\/product\/22474","targetHints":{"allow":["GET"]}}],"collection":[{"href":"https:\/\/www.guerini.it\/index.php\/wp-json\/wp\/v2\/product"}],"about":[{"href":"https:\/\/www.guerini.it\/index.php\/wp-json\/wp\/v2\/types\/product"}],"wp:featuredmedia":[{"embeddable":true,"href":"https:\/\/www.guerini.it\/index.php\/wp-json\/wp\/v2\/media\/22475"}],"wp:attachment":[{"href":"https:\/\/www.guerini.it\/index.php\/wp-json\/wp\/v2\/media?parent=22474"}],"wp:term":[{"taxonomy":"product_brand","embeddable":true,"href":"https:\/\/www.guerini.it\/index.php\/wp-json\/wp\/v2\/product_brand?post=22474"},{"taxonomy":"product_cat","embeddable":true,"href":"https:\/\/www.guerini.it\/index.php\/wp-json\/wp\/v2\/product_cat?post=22474"},{"taxonomy":"product_tag","embeddable":true,"href":"https:\/\/www.guerini.it\/index.php\/wp-json\/wp\/v2\/product_tag?post=22474"}],"curies":[{"name":"wp","href":"https:\/\/api.w.org\/{rel}","templated":true}]}}