{"id":22478,"date":"2022-02-18T11:02:53","date_gmt":"2022-02-18T10:02:53","guid":{"rendered":"https:\/\/www.guerini.it\/?post_type=product&#038;p=22478"},"modified":"2024-06-09T20:25:25","modified_gmt":"2024-06-09T18:25:25","slug":"credibile-e-imparziale","status":"publish","type":"product","link":"https:\/\/www.guerini.it\/index.php\/prodotto\/credibile-e-imparziale\/","title":{"rendered":"Credibile e imparziale"},"content":{"rendered":"<p style=\"text-align: justify;\">In base all\u2019articolo 97 della Costituzione, il dirigente pubblico deve svolgere la sua funzione in modo neutrale e indipendente rispetto ai diversi interessi in gioco. In caso contrario, si ha un conflitto di interessi che danneggia e mette in pericolo l\u2019imparzialit\u00e0 della pubblica amministrazione. La complessit\u00e0 del dato normativo e giurisprudenziale, a pi\u00f9 livelli e in continuo divenire, concorre a delineare un quadro gi\u00e0 di per s\u00e9 molto articolato, rendendo oggi ancora pi\u00f9 attuale l\u2019obiettivo di eradicare quella sempre pi\u00f9 diffusa percezione che \u00abqualsiasi fatto della vita possa dar luogo a conflitto di interessi\u00bb e che, al solo verificarsi di una situazione di conflitto, \u00abautomaticamente si instauri un procedimento penale, in assenza di qualsiasi forma di dialogo con la struttura regionale\u00bb.<br \/>\nQuesto volume \u00e8 strutturato nella veste di vademecum operativo, nell\u2019intento di offrire uno strumento di indirizzo per l\u2019attivit\u00e0 amministrativa e di accompagnamento della dirigenza pubblica, in un\u2019ottica di conoscenza e di garanzia del rispetto delle regole: dalla tempestiva e corretta comunicazione della dichiarazione di assenza di un conflitto di interessi all\u2019attivazione degli strumenti previsti per far fronte a tali situazioni, fino alle sanzioni.<br \/>\nPoliS-Lombardia, in collaborazione con il gruppo di lavoro in seno alla Giunta e con l\u2019Istituto di ricerche sulla pubblica amministrazione (IRPA), ha predisposto questo libro al fine di supportare l\u2019attivit\u00e0 della dirigenza della Giunta di Regione Lombardia, in materia di prevenzione del conflitto di interessi e, pi\u00f9 in generale, della corruzione.<\/p>\n<hr \/>\n<p style=\"text-align: justify;\">PoliS-Lombardia \u00e8 ente pubblico strumentale di Regione Lombardia, nasce il 1\u00b0 gennaio 2018 dalla fusione di precedenti enti e agenzie, con la mission di supportare progettazione, realizzazione e valutazione delle politiche regionali. Ha ottenuto la certificazione di qualit\u00e0 per le attivit\u00e0 che svolge.<br \/>\nIRPA, Istituto di ricerche sulla pubblica amministrazione, \u00e8 stato fondato nel 2004 da Sabino Cassese e dai suoi allievi. L\u2019istituto ha sede a Roma e svolge, senza fini di lucro, attivit\u00e0 di ricerca e formazione in materia di amministrazioni pubbliche. IRPA promuove la ricerca e la formazione nel settore pubblico con una prospettiva di studio attenta ai profili comparati, internazionali e multidisciplinari, non solo giuridici, ma anche riferiti alle altre scienze sociali.<\/p>\n<hr \/>\n<p style=\"text-align: justify;\"><strong>Annalisa Negrelli<\/strong> \u00e8 laureata in Giurisprudenza e ha un Ph.D. in Diritto amministrativo presso l\u2019Universit\u00e0 degli Studi di Milano. Ha numerose pubblicazioni su riviste nazionali e internazionali, tra cui una monografia dal titolo <em>Accesso al mercato e autorizzazioni amministrative nazionali<\/em> (2016). Le sue principali attivit\u00e0 di ricerca riguardano il diritto amministrativo, le ricadute del diritto europeo sul sistema nazionale in tema di libert\u00e0 di iniziativa economica, strumenti di semplificazione e liberalizzazione dei mercati, aggregazione e accentramento della contrattazione pubblica, controlli e prevenzione, in particolare sul conflitto di interessi. \u00c8 stata assegnista di ricerca in Diritto amministrativo e docente a contratto in Giustizia amministrativa USA all\u2019Universit\u00e0 Statale di Milano, <em>visiting scholar<\/em> alla Warwick University, <em>visiting researcher<\/em> alla NYU, componente del Comitato di redazione della <em>Rivista Italiana di Diritto Pubblico Comunitario<\/em>.<br \/>\n<strong>Andrea Renzi<\/strong> \u00e8 dottorando di ricerca in Diritto amministrativo presso il Dipartimento di Giurisprudenza dell\u2019Universit\u00e0 degli Studi Roma Tre e socio dell\u2019Istituto di ricerche sulla pubblica amministrazione (IRPA). \u00c8 docente in materia di prevenzione della corruzione in ambito sanitario per il master di II livello in Corruzione e Sistema istituzionale presso l\u2019Universit\u00e0 La Sapienza di Roma. \u00c8 inoltre membro dell\u2019editorial staff della rivista <em>Roma Tre Law Review<\/em>.<br \/>\n\u00c8 autore di diverse pubblicazioni su riviste nazionali e internazionali, e le sue principali attivit\u00e0 di ricerca riguardano la trasparenza amministrativa, il conflitto di interessi e gli strumenti amministrativi di prevenzione della corruzione, nonch\u00e9 il diritto delle nuove tecnologie, con specifico riferimento al settore della cybersecurity.<\/p>\n","protected":false},"excerpt":{"rendered":"<p>In base all\u2019articolo 97 della Costituzione, il dirigente pubblico deve svolgere la sua funzione in modo neutrale e indipendente rispetto ai diversi interessi in gioco. In caso contrario, si ha [&hellip;]<\/p>\n","protected":false},"featured_media":22479,"template":"","meta":{"_editorskit_title_hidden":false,"_editorskit_reading_time":0,"_editorskit_is_block_options_detached":false,"_editorskit_block_options_position":"{}","_monsterinsights_skip_tracking":false,"_monsterinsights_sitenote_active":false,"_monsterinsights_sitenote_note":"","_monsterinsights_sitenote_category":0},"product_brand":[],"product_cat":[6938],"product_tag":[],"class_list":{"0":"post-22478","1":"product","2":"type-product","3":"status-publish","4":"has-post-thumbnail","6":"product_cat-serie-polis-lombardia","7":"pa_guerini_amazon_link-https-www-amazon-it-credibile-imparziale-dirigenza-conflitto-interessi-dp-8862508433","8":"pa_guerini_feltrinelli_link-https-tidd-ly-3p8qjyr","9":"pa_guerini_ibs_link-https-www-ibs-it-credibile-imparziale-dirigenza-pubblica-alla-libro-vari-e-9788862508438","10":"pa_guerini_libruniver_link-https-www-libreriauniversitaria-it-credibile-imparziale-dirigenza-pubblica-prova-libro-9788862508438","11":"pa_guerini_mondadori_link-https-www-mondadoristore-it-credibile-imparziale-na-eai978886250843","13":"first","14":"instock","15":"sale","16":"shipping-taxable","17":"purchasable","18":"product-type-simple"},"yoast_head":"<!-- This site is optimized with the Yoast SEO plugin v25.4 - https:\/\/yoast.com\/wordpress\/plugins\/seo\/ -->\n<title>Credibile e imparziale - Guerini e Associati<\/title>\n<meta name=\"robots\" content=\"index, follow, max-snippet:-1, max-image-preview:large, max-video-preview:-1\" \/>\n<link rel=\"canonical\" href=\"https:\/\/www.guerini.it\/index.php\/prodotto\/credibile-e-imparziale\/\" \/>\n<meta property=\"og:locale\" content=\"it_IT\" \/>\n<meta property=\"og:type\" content=\"article\" \/>\n<meta property=\"og:title\" content=\"Credibile e imparziale - Guerini e Associati\" \/>\n<meta property=\"og:description\" content=\"In base all\u2019articolo 97 della Costituzione, il dirigente pubblico deve svolgere la sua funzione in modo neutrale e indipendente rispetto ai diversi interessi in gioco. In caso contrario, si ha [&hellip;]\" \/>\n<meta property=\"og:url\" content=\"https:\/\/www.guerini.it\/index.php\/prodotto\/credibile-e-imparziale\/\" \/>\n<meta property=\"og:site_name\" content=\"Guerini e Associati\" \/>\n<meta property=\"article:modified_time\" content=\"2024-06-09T18:25:25+00:00\" \/>\n<meta property=\"og:image\" content=\"https:\/\/www.guerini.it\/wp-content\/uploads\/2022\/02\/Front-Cover-CREDIBILE-E-IMPARZIALE-PoliS_bordo-e1645178492711.png\" \/>\n\t<meta property=\"og:image:width\" content=\"248\" \/>\n\t<meta property=\"og:image:height\" content=\"350\" \/>\n\t<meta property=\"og:image:type\" content=\"image\/png\" \/>\n<meta name=\"twitter:card\" content=\"summary_large_image\" \/>\n<meta name=\"twitter:label1\" content=\"Tempo di lettura stimato\" \/>\n\t<meta name=\"twitter:data1\" content=\"4 minuti\" \/>\n<!-- \/ Yoast SEO plugin. -->","yoast_head_json":{"title":"Credibile e imparziale - Guerini e Associati","robots":{"index":"index","follow":"follow","max-snippet":"max-snippet:-1","max-image-preview":"max-image-preview:large","max-video-preview":"max-video-preview:-1"},"canonical":"https:\/\/www.guerini.it\/index.php\/prodotto\/credibile-e-imparziale\/","og_locale":"it_IT","og_type":"article","og_title":"Credibile e imparziale - Guerini e Associati","og_description":"In base all\u2019articolo 97 della Costituzione, il dirigente pubblico deve svolgere la sua funzione in modo neutrale e indipendente rispetto ai diversi interessi in gioco. In caso contrario, si ha [&hellip;]","og_url":"https:\/\/www.guerini.it\/index.php\/prodotto\/credibile-e-imparziale\/","og_site_name":"Guerini e Associati","article_modified_time":"2024-06-09T18:25:25+00:00","og_image":[{"width":248,"height":350,"url":"https:\/\/www.guerini.it\/wp-content\/uploads\/2022\/02\/Front-Cover-CREDIBILE-E-IMPARZIALE-PoliS_bordo-e1645178492711.png","type":"image\/png"}],"twitter_card":"summary_large_image","twitter_misc":{"Tempo di lettura stimato":"4 minuti"},"schema":{"@context":"https:\/\/schema.org","@graph":[{"@type":"WebPage","@id":"https:\/\/www.guerini.it\/index.php\/prodotto\/credibile-e-imparziale\/","url":"https:\/\/www.guerini.it\/index.php\/prodotto\/credibile-e-imparziale\/","name":"Credibile e imparziale - Guerini e Associati","isPartOf":{"@id":"https:\/\/www.guerini.it\/#website"},"primaryImageOfPage":{"@id":"https:\/\/www.guerini.it\/index.php\/prodotto\/credibile-e-imparziale\/#primaryimage"},"image":{"@id":"https:\/\/www.guerini.it\/index.php\/prodotto\/credibile-e-imparziale\/#primaryimage"},"thumbnailUrl":"https:\/\/www.guerini.it\/wp-content\/uploads\/2022\/02\/Front-Cover-CREDIBILE-E-IMPARZIALE-PoliS_bordo-e1645178492711.png","datePublished":"2022-02-18T10:02:53+00:00","dateModified":"2024-06-09T18:25:25+00:00","breadcrumb":{"@id":"https:\/\/www.guerini.it\/index.php\/prodotto\/credibile-e-imparziale\/#breadcrumb"},"inLanguage":"it-IT","potentialAction":[{"@type":"ReadAction","target":["https:\/\/www.guerini.it\/index.php\/prodotto\/credibile-e-imparziale\/"]}]},{"@type":"ImageObject","inLanguage":"it-IT","@id":"https:\/\/www.guerini.it\/index.php\/prodotto\/credibile-e-imparziale\/#primaryimage","url":"https:\/\/www.guerini.it\/wp-content\/uploads\/2022\/02\/Front-Cover-CREDIBILE-E-IMPARZIALE-PoliS_bordo-e1645178492711.png","contentUrl":"https:\/\/www.guerini.it\/wp-content\/uploads\/2022\/02\/Front-Cover-CREDIBILE-E-IMPARZIALE-PoliS_bordo-e1645178492711.png","width":248,"height":350,"caption":"Copertina del libro Credibile e imparziale"},{"@type":"BreadcrumbList","@id":"https:\/\/www.guerini.it\/index.php\/prodotto\/credibile-e-imparziale\/#breadcrumb","itemListElement":[{"@type":"ListItem","position":1,"name":"Home","item":"https:\/\/www.guerini.it\/"},{"@type":"ListItem","position":2,"name":"Catalogo","item":"https:\/\/www.guerini.it\/index.php\/negozio\/"},{"@type":"ListItem","position":3,"name":"Credibile e imparziale"}]},{"@type":"WebSite","@id":"https:\/\/www.guerini.it\/#website","url":"https:\/\/www.guerini.it\/","name":"Guerini e Associati","description":"30 anni di libri, idee e libert\u00e0","publisher":{"@id":"https:\/\/www.guerini.it\/#organization"},"potentialAction":[{"@type":"SearchAction","target":{"@type":"EntryPoint","urlTemplate":"https:\/\/www.guerini.it\/?s={search_term_string}"},"query-input":{"@type":"PropertyValueSpecification","valueRequired":true,"valueName":"search_term_string"}}],"inLanguage":"it-IT"},{"@type":"Organization","@id":"https:\/\/www.guerini.it\/#organization","name":"Guerini e Associati","url":"https:\/\/www.guerini.it\/","logo":{"@type":"ImageObject","inLanguage":"it-IT","@id":"https:\/\/www.guerini.it\/#\/schema\/logo\/image\/","url":"https:\/\/www.guerini.it\/wp-content\/uploads\/2021\/03\/Logo-Guerini-OK_-e1615831292285.png","contentUrl":"https:\/\/www.guerini.it\/wp-content\/uploads\/2021\/03\/Logo-Guerini-OK_-e1615831292285.png","width":2805,"height":1870,"caption":"Guerini e Associati"},"image":{"@id":"https:\/\/www.guerini.it\/#\/schema\/logo\/image\/"}}]}},"_links":{"self":[{"href":"https:\/\/www.guerini.it\/index.php\/wp-json\/wp\/v2\/product\/22478","targetHints":{"allow":["GET"]}}],"collection":[{"href":"https:\/\/www.guerini.it\/index.php\/wp-json\/wp\/v2\/product"}],"about":[{"href":"https:\/\/www.guerini.it\/index.php\/wp-json\/wp\/v2\/types\/product"}],"wp:featuredmedia":[{"embeddable":true,"href":"https:\/\/www.guerini.it\/index.php\/wp-json\/wp\/v2\/media\/22479"}],"wp:attachment":[{"href":"https:\/\/www.guerini.it\/index.php\/wp-json\/wp\/v2\/media?parent=22478"}],"wp:term":[{"taxonomy":"product_brand","embeddable":true,"href":"https:\/\/www.guerini.it\/index.php\/wp-json\/wp\/v2\/product_brand?post=22478"},{"taxonomy":"product_cat","embeddable":true,"href":"https:\/\/www.guerini.it\/index.php\/wp-json\/wp\/v2\/product_cat?post=22478"},{"taxonomy":"product_tag","embeddable":true,"href":"https:\/\/www.guerini.it\/index.php\/wp-json\/wp\/v2\/product_tag?post=22478"}],"curies":[{"name":"wp","href":"https:\/\/api.w.org\/{rel}","templated":true}]}}