{"id":22511,"date":"2022-03-08T11:24:28","date_gmt":"2022-03-08T10:24:28","guid":{"rendered":"https:\/\/www.guerini.it\/?post_type=product&#038;p=22511"},"modified":"2024-06-09T20:25:26","modified_gmt":"2024-06-09T18:25:26","slug":"piccola-impresa-indicativo-futuro","status":"publish","type":"product","link":"https:\/\/www.guerini.it\/index.php\/prodotto\/piccola-impresa-indicativo-futuro\/","title":{"rendered":"Piccola impresa, indicativo futuro"},"content":{"rendered":"<p style=\"text-align: center;\"><em>\u00abC\u2019\u00e8 futuro per la piccola impresa in Italia? O sar\u00e0 invece proprio la piccola impresa a dare all\u2019Italia un futuro?\u00bb<\/em><\/p>\n<p style=\"text-align: justify;\">Non sempre per crescere bisogna farsi grandi. Le pmi costituiscono oltre il novanta per cento del tessuto imprenditoriale attivo in Italia. Non sono piccole perch\u00e9 mancano di ormoni della crescita, ma perch\u00e9 \u00e8 questa la dimensione che, fino a oggi, ha permesso loro di rispondere meglio ai bisogni del mercato.<br \/>\nCome diceva lo storico Carlo Cipolla, le cose belle che piacciono al mondo gli italiani le han sempre prodotte \u00aball\u2019ombra dei campanili\u00bb. Ed \u00e8 proprio grazie a questo rapporto di prossimit\u00e0 con il territorio che le piccole imprese possono realizzare il modello di sostenibilit\u00e0 economica e sociale che le ha rese cos\u00ec flessibili ed \u00e8 spesso stato premiato dal successo del <em>made in Italy<\/em> all\u2019estero.<br \/>\n\u00c8 dunque un modello di sostenibilit\u00e0 ma anche di sviluppo per il Paese, che si delinea chiaramente nelle storie raccolte in questo libro. Non storie di grandi aziende, ma storie di imprenditorialit\u00e0 diffusa: realt\u00e0 non concentrate ma pervasive, parti attive delle diverse comunit\u00e0 in cui operano; imprese sagge capaci di creare innovazione facendo tesoro della tradizione e del saper fare artigiano. Storie sull\u2019intelligenza del polpastrello che \u00e8 alla base di ogni produzione d\u2019eccellenza e che \u00e8 tempo di riconoscere.<\/p>\n<hr \/>\n<p style=\"text-align: justify;\"><strong>CESARE FUMAGALLI<\/strong>, sociologo appassionato di relazioni tra impresa e societ\u00e0, si occupa da sempre di piccola impresa sia in Italia, dove \u00e8 stato Segretario Generale di Confartigianato dal 2005 al 2020, sia in Europa, come membro del board della SME United per oltre un decennio. Ha fatto parte di CDA e advisory board di banche e di organi del sistema delle Camere di Commercio, sempre occupandosi di piccola impresa.<br \/>\n<strong>MICHELA FUMAGALLI<\/strong>, esperta di comunicazione specializzata nelle dinamiche di impresa, lavora come consulente per aziende innovative. Giornalista e business writer, \u00e8 coautrice di articoli e pubblicazioni che raccontano storie di imprese italiane di successo.<\/p>\n","protected":false},"excerpt":{"rendered":"<p>\u00abC\u2019\u00e8 futuro per la piccola impresa in Italia? O sar\u00e0 invece proprio la piccola impresa a dare all\u2019Italia un futuro?\u00bb Non sempre per crescere bisogna farsi grandi. Le pmi costituiscono [&hellip;]<\/p>\n","protected":false},"featured_media":22515,"template":"","meta":{"_editorskit_title_hidden":false,"_editorskit_reading_time":0,"_editorskit_is_block_options_detached":false,"_editorskit_block_options_position":"{}","_monsterinsights_skip_tracking":false,"_monsterinsights_sitenote_active":false,"_monsterinsights_sitenote_note":"","_monsterinsights_sitenote_category":0},"product_brand":[],"product_cat":[6585],"product_tag":[],"class_list":{"0":"post-22511","1":"product","2":"type-product","3":"status-publish","4":"has-post-thumbnail","6":"product_cat-sma","7":"pa_guerini_amazon_link-https-www-amazon-it-piccola-impresa-indicativo-lintelligenza-polpastrello-dp-8862508484","8":"pa_guerini_feltrinelli_link-https-tidd-ly-3cmrqyc","9":"pa_guerini_ibs_link-https-tidd-ly-3splbju","10":"pa_guerini_libruniver_link-https-www-libreriauniversitaria-it-piccola-impresa-indicativo-futuro-intelligenza-libro-9788862508483","11":"pa_guerini_link_amazon-https-www-amazon-it-piccola-impresa-indicativo-lintelligenza-polpastrello-ebook-dp-b09wjtzsvp","12":"pa_guerini_link_apple_ibook-https-books-apple-com-it-book-piccola-impresa-indicativo-futuro-lintelligenza-del-id1616187947","13":"pa_guerini_link_bookrepublic-https-www-bookrepublic-it-ebook-9788881954551-piccola-impresa-indicativo-futuro-lintelligenza-del-polpastrello-goware-e-edizioni-angelo-guerini-e-associati","14":"pa_guerini_link_giunti_punto-https-www-giuntialpunto-it-product-b09wjtzsvp-libri-piccola-impresa-indicativo-futuro-l-intelligenza-del-polpastrello-cesare","15":"pa_guerini_link_google_play-https-play-google-com-store-books-details-cesare_fumagalli_piccola_impresa_indicativo_futuroidahtmeaaaqbaj","16":"pa_guerini_link_ibs-https-www-ibs-it-piccola-impresa-indicativo-futuro-intelligenza-ebook-cesare-fumagalli-michela-fumagalli-e-9788881954551","17":"pa_guerini_link_kobo-https-www-kobo-com-it-en-ebook-piccola-impresa-indicativo-futuro-l-intelligenza-del-polpastrello","18":"pa_guerini_link_lafeltrinelli-https-www-lafeltrinelli-it-piccola-impresa-indicativo-futuro-intelligenza-ebook-cesare-fumagalli-michela-fumagalli-e-9788881954551","19":"pa_guerini_link_mondadori-https-www-mondadoristore-it-piccola-impresa-indicativo-cesare-fumagalli-eai978888195455","20":"pa_guerini_mondadori_link-https-www-mondadoristore-it-piccola-impresa-indicativo-cesare-fumagalli-michela-fumagalli-eai978886250848","22":"first","23":"instock","24":"sale","25":"shipping-taxable","26":"purchasable","27":"product-type-simple"},"yoast_head":"<!-- This site is optimized with the Yoast SEO plugin v25.4 - https:\/\/yoast.com\/wordpress\/plugins\/seo\/ -->\n<title>Piccola impresa, indicativo futuro - Guerini e Associati<\/title>\n<meta name=\"robots\" content=\"index, follow, max-snippet:-1, max-image-preview:large, max-video-preview:-1\" \/>\n<link rel=\"canonical\" href=\"https:\/\/www.guerini.it\/index.php\/prodotto\/piccola-impresa-indicativo-futuro\/\" \/>\n<meta property=\"og:locale\" content=\"it_IT\" \/>\n<meta property=\"og:type\" content=\"article\" \/>\n<meta property=\"og:title\" content=\"Piccola impresa, indicativo futuro - Guerini e Associati\" \/>\n<meta property=\"og:description\" content=\"\u00abC\u2019\u00e8 futuro per la piccola impresa in Italia? O sar\u00e0 invece proprio la piccola impresa a dare all\u2019Italia un futuro?\u00bb Non sempre per crescere bisogna farsi grandi. Le pmi costituiscono [&hellip;]\" \/>\n<meta property=\"og:url\" content=\"https:\/\/www.guerini.it\/index.php\/prodotto\/piccola-impresa-indicativo-futuro\/\" \/>\n<meta property=\"og:site_name\" content=\"Guerini e Associati\" \/>\n<meta property=\"article:modified_time\" content=\"2024-06-09T18:25:26+00:00\" \/>\n<meta property=\"og:image\" content=\"https:\/\/www.guerini.it\/wp-content\/uploads\/2022\/03\/Front-Cover-PICCOLA-IMPRESA-Fumagalli-e1646735056359.jpg\" \/>\n\t<meta property=\"og:image:width\" content=\"233\" \/>\n\t<meta property=\"og:image:height\" content=\"350\" \/>\n\t<meta property=\"og:image:type\" content=\"image\/jpeg\" \/>\n<meta name=\"twitter:card\" content=\"summary_large_image\" \/>\n<meta name=\"twitter:label1\" content=\"Tempo di lettura stimato\" \/>\n\t<meta name=\"twitter:data1\" content=\"2 minuti\" \/>\n<!-- \/ Yoast SEO plugin. -->","yoast_head_json":{"title":"Piccola impresa, indicativo futuro - Guerini e Associati","robots":{"index":"index","follow":"follow","max-snippet":"max-snippet:-1","max-image-preview":"max-image-preview:large","max-video-preview":"max-video-preview:-1"},"canonical":"https:\/\/www.guerini.it\/index.php\/prodotto\/piccola-impresa-indicativo-futuro\/","og_locale":"it_IT","og_type":"article","og_title":"Piccola impresa, indicativo futuro - Guerini e Associati","og_description":"\u00abC\u2019\u00e8 futuro per la piccola impresa in Italia? O sar\u00e0 invece proprio la piccola impresa a dare all\u2019Italia un futuro?\u00bb Non sempre per crescere bisogna farsi grandi. Le pmi costituiscono [&hellip;]","og_url":"https:\/\/www.guerini.it\/index.php\/prodotto\/piccola-impresa-indicativo-futuro\/","og_site_name":"Guerini e Associati","article_modified_time":"2024-06-09T18:25:26+00:00","og_image":[{"width":233,"height":350,"url":"https:\/\/www.guerini.it\/wp-content\/uploads\/2022\/03\/Front-Cover-PICCOLA-IMPRESA-Fumagalli-e1646735056359.jpg","type":"image\/jpeg"}],"twitter_card":"summary_large_image","twitter_misc":{"Tempo di lettura stimato":"2 minuti"},"schema":{"@context":"https:\/\/schema.org","@graph":[{"@type":"WebPage","@id":"https:\/\/www.guerini.it\/index.php\/prodotto\/piccola-impresa-indicativo-futuro\/","url":"https:\/\/www.guerini.it\/index.php\/prodotto\/piccola-impresa-indicativo-futuro\/","name":"Piccola impresa, indicativo futuro - Guerini e Associati","isPartOf":{"@id":"https:\/\/www.guerini.it\/#website"},"primaryImageOfPage":{"@id":"https:\/\/www.guerini.it\/index.php\/prodotto\/piccola-impresa-indicativo-futuro\/#primaryimage"},"image":{"@id":"https:\/\/www.guerini.it\/index.php\/prodotto\/piccola-impresa-indicativo-futuro\/#primaryimage"},"thumbnailUrl":"https:\/\/www.guerini.it\/wp-content\/uploads\/2022\/03\/Front-Cover-PICCOLA-IMPRESA-Fumagalli-e1646735056359.jpg","datePublished":"2022-03-08T10:24:28+00:00","dateModified":"2024-06-09T18:25:26+00:00","breadcrumb":{"@id":"https:\/\/www.guerini.it\/index.php\/prodotto\/piccola-impresa-indicativo-futuro\/#breadcrumb"},"inLanguage":"it-IT","potentialAction":[{"@type":"ReadAction","target":["https:\/\/www.guerini.it\/index.php\/prodotto\/piccola-impresa-indicativo-futuro\/"]}]},{"@type":"ImageObject","inLanguage":"it-IT","@id":"https:\/\/www.guerini.it\/index.php\/prodotto\/piccola-impresa-indicativo-futuro\/#primaryimage","url":"https:\/\/www.guerini.it\/wp-content\/uploads\/2022\/03\/Front-Cover-PICCOLA-IMPRESA-Fumagalli-e1646735056359.jpg","contentUrl":"https:\/\/www.guerini.it\/wp-content\/uploads\/2022\/03\/Front-Cover-PICCOLA-IMPRESA-Fumagalli-e1646735056359.jpg","width":233,"height":350,"caption":"Front Cover PICCOLA IMPRESA - Fumagalli"},{"@type":"BreadcrumbList","@id":"https:\/\/www.guerini.it\/index.php\/prodotto\/piccola-impresa-indicativo-futuro\/#breadcrumb","itemListElement":[{"@type":"ListItem","position":1,"name":"Home","item":"https:\/\/www.guerini.it\/"},{"@type":"ListItem","position":2,"name":"Catalogo","item":"https:\/\/www.guerini.it\/index.php\/negozio\/"},{"@type":"ListItem","position":3,"name":"Piccola impresa, indicativo futuro"}]},{"@type":"WebSite","@id":"https:\/\/www.guerini.it\/#website","url":"https:\/\/www.guerini.it\/","name":"Guerini e Associati","description":"30 anni di libri, idee e libert\u00e0","publisher":{"@id":"https:\/\/www.guerini.it\/#organization"},"potentialAction":[{"@type":"SearchAction","target":{"@type":"EntryPoint","urlTemplate":"https:\/\/www.guerini.it\/?s={search_term_string}"},"query-input":{"@type":"PropertyValueSpecification","valueRequired":true,"valueName":"search_term_string"}}],"inLanguage":"it-IT"},{"@type":"Organization","@id":"https:\/\/www.guerini.it\/#organization","name":"Guerini e Associati","url":"https:\/\/www.guerini.it\/","logo":{"@type":"ImageObject","inLanguage":"it-IT","@id":"https:\/\/www.guerini.it\/#\/schema\/logo\/image\/","url":"https:\/\/www.guerini.it\/wp-content\/uploads\/2021\/03\/Logo-Guerini-OK_-e1615831292285.png","contentUrl":"https:\/\/www.guerini.it\/wp-content\/uploads\/2021\/03\/Logo-Guerini-OK_-e1615831292285.png","width":2805,"height":1870,"caption":"Guerini e Associati"},"image":{"@id":"https:\/\/www.guerini.it\/#\/schema\/logo\/image\/"}}]}},"_links":{"self":[{"href":"https:\/\/www.guerini.it\/index.php\/wp-json\/wp\/v2\/product\/22511","targetHints":{"allow":["GET"]}}],"collection":[{"href":"https:\/\/www.guerini.it\/index.php\/wp-json\/wp\/v2\/product"}],"about":[{"href":"https:\/\/www.guerini.it\/index.php\/wp-json\/wp\/v2\/types\/product"}],"wp:featuredmedia":[{"embeddable":true,"href":"https:\/\/www.guerini.it\/index.php\/wp-json\/wp\/v2\/media\/22515"}],"wp:attachment":[{"href":"https:\/\/www.guerini.it\/index.php\/wp-json\/wp\/v2\/media?parent=22511"}],"wp:term":[{"taxonomy":"product_brand","embeddable":true,"href":"https:\/\/www.guerini.it\/index.php\/wp-json\/wp\/v2\/product_brand?post=22511"},{"taxonomy":"product_cat","embeddable":true,"href":"https:\/\/www.guerini.it\/index.php\/wp-json\/wp\/v2\/product_cat?post=22511"},{"taxonomy":"product_tag","embeddable":true,"href":"https:\/\/www.guerini.it\/index.php\/wp-json\/wp\/v2\/product_tag?post=22511"}],"curies":[{"name":"wp","href":"https:\/\/api.w.org\/{rel}","templated":true}]}}