{"id":22589,"date":"2022-04-13T12:35:29","date_gmt":"2022-04-13T10:35:29","guid":{"rendered":"https:\/\/www.guerini.it\/?post_type=product&#038;p=22589"},"modified":"2024-06-09T20:25:33","modified_gmt":"2024-06-09T18:25:33","slug":"incontri-con-anime-di-luce","status":"publish","type":"product","link":"https:\/\/www.guerini.it\/index.php\/prodotto\/incontri-con-anime-di-luce\/","title":{"rendered":"Incontri con anime di luce"},"content":{"rendered":"<p style=\"text-align: justify;\">Un libro di testimonianze che arrivano dirette al cuore, animate da una solida certezza di fede. Occhi, volti di ragazzi chiusi in un corpo che non risponde ma che, grazie al coraggio e alla passione di un medico, riescono finalmente a esprimersi e comunicare. Anime di Luce che hanno insegnato innanzitutto l\u2019umilt\u00e0, \u00abperch\u00e9 quello che noi cogliamo e ci illudiamo di comprendere oggettivamente \u00e8 sempre una minima parte della meravigliosa complessa realt\u00e0\u00bb.<br \/>\nLa cura non pu\u00f2 che iniziare dall\u2019ascolto. E dove c\u2019\u00e8 ascolto c\u2019\u00e8 sempre una storia che viene raccontata. E il libro di Laura Bertel\u00e8, medico di lunghissima esperienza, ne raccoglie di straordinarie: storie di giovani e giovanissimi che rivelano una luce divina che li abita, un\u2019inimmaginabile capacit\u00e0 di riconoscere l\u2019amore e la bellezza, anche vivendo in condizioni di profonda sofferenza e debilitazione fisica. \u00c8 cos\u00ec che in questi pazienti l\u2019autrice ha incontrato i suoi Maestri di Luce. Un libro che, rovesciando il nostro punto di vista su disabilit\u00e0 e malattia, non si limita a illustrare un metodo di cura studiato in tutto il mondo, ma ci consegna il racconto appassionato di un cammino di consapevolezza<br \/>\ninteriore.<\/p>\n<hr \/>\n<p style=\"text-align: justify;\"><strong>Laura Bertel\u00e8<\/strong> \u00e8 medico ortopedico fisiatra, specialista in terapia fisica e riabilitazione motoria, iscritta all\u2019Albo degli Psicologi. Vanta una lunghissima esperienza clinica, maturata dapprima lavorando al fianco di Fran\u00e7oise M\u00e9zi\u00e8res e poi integrando il suo rivoluzionario metodo di rieducazione posturale con la lettura emozionale del corpo. Tiene corsi di formazione per medici, psicologi, terapisti della riabilitazione e psicomotricisti. Svolge il suo lavoro terapeutico presso il Centro di rieducazione Gino Rigamonti della Fondazione Apostolo a Merate (LC). Tra le sue pubblicazioni ricordiamo <em>Il tuo corpo ti parla<\/em> (1995), <em>Il linguaggio emozionale del corpo<\/em> (2005), <em>Ascolta e guarisci il tuo corpo<\/em> (2011) e <em>Dipende dalla schiena<\/em> (2017).<\/p>\n","protected":false},"excerpt":{"rendered":"<p>Un libro di testimonianze che arrivano dirette al cuore, animate da una solida certezza di fede. Occhi, volti di ragazzi chiusi in un corpo che non risponde ma che, grazie [&hellip;]<\/p>\n","protected":false},"featured_media":22590,"template":"","meta":{"_editorskit_title_hidden":false,"_editorskit_reading_time":0,"_editorskit_is_block_options_detached":false,"_editorskit_block_options_position":"{}","_monsterinsights_skip_tracking":false,"_monsterinsights_sitenote_active":false,"_monsterinsights_sitenote_note":"","_monsterinsights_sitenote_category":0},"product_brand":[],"product_cat":[6806],"product_tag":[8109,7536,8108],"class_list":{"0":"post-22589","1":"product","2":"type-product","3":"status-publish","4":"has-post-thumbnail","6":"product_cat-senza-categoria","7":"product_tag-giovani","8":"product_tag-medicina","9":"product_tag-testimonianze","10":"pa_guerini_amazon_link-https-www-amazon-it-incontri-anime-maestri-cambiato-medico-dp-8862508425","11":"pa_guerini_feltrinelli_link-https-www-lafeltrinelli-it-incontri-con-anime-di-luce-libro-laura-bertele-e-9788862508421","12":"pa_guerini_ibs_link-https-www-ibs-it-incontri-con-anime-di-luce-libro-laura-bertele-e-9788862508421","13":"pa_guerini_libruniver_link-https-www-libreriauniversitaria-it-incontri-anime-luce-maestri-hanno-libro-9788862508421","14":"pa_guerini_link_amazon-https-www-amazon-it-incontri-anime-maestri-cambiato-medico-ebook-dp-b0b2d1ll4v","15":"pa_guerini_link_bookrepublic-https-www-bookrepublic-it-ebook-9788881954605-incontri-con-anime-di-luce-maestri-che-hanno-cambiato-la-mia-vita-di-medico-goware-e-edizioni-angelo-guerini-e-associati","16":"pa_guerini_link_giunti_punto-https-www-giuntialpunto-it-product-b0b2d1ll4v-libri-incontri-con-anime-di-luce-maestri-che-hanno-cambiato-la-mia-vita-di-medico","17":"pa_guerini_link_google_play-https-play-google-com-store-books-details-laura_bertel_incontri_con_anime_di_luce_maestri_cid40dxeaaaqbaj","18":"pa_guerini_link_ibs-https-tidd-ly-38y3tn8","19":"pa_guerini_link_kobo-https-www-kobo-com-it-it-ebook-incontri-con-anime-di-luce-maestri-che-hanno-cambiato-la-mia-vita-di-medico","20":"pa_guerini_link_lafeltrinelli-https-tidd-ly-3a7jdzu","21":"pa_guerini_link_mondadori-https-www-mondadoristore-it-incontri-anime-luce-maestri-laura-bertele-eai978888195460","22":"pa_guerini_mondadori_link-https-www-mondadoristore-it-incontri-anime-luce-maestri-laura-bertele-eai978886250842","24":"first","25":"instock","26":"sale","27":"shipping-taxable","28":"purchasable","29":"product-type-simple"},"yoast_head":"<!-- This site is optimized with the Yoast SEO plugin v25.4 - https:\/\/yoast.com\/wordpress\/plugins\/seo\/ -->\n<title>Incontri con anime di luce - Guerini e Associati<\/title>\n<meta name=\"robots\" content=\"index, follow, max-snippet:-1, max-image-preview:large, max-video-preview:-1\" \/>\n<link rel=\"canonical\" href=\"https:\/\/www.guerini.it\/index.php\/prodotto\/incontri-con-anime-di-luce\/\" \/>\n<meta property=\"og:locale\" content=\"it_IT\" \/>\n<meta property=\"og:type\" content=\"article\" \/>\n<meta property=\"og:title\" content=\"Incontri con anime di luce - Guerini e Associati\" \/>\n<meta property=\"og:description\" content=\"Un libro di testimonianze che arrivano dirette al cuore, animate da una solida certezza di fede. Occhi, volti di ragazzi chiusi in un corpo che non risponde ma che, grazie [&hellip;]\" \/>\n<meta property=\"og:url\" content=\"https:\/\/www.guerini.it\/index.php\/prodotto\/incontri-con-anime-di-luce\/\" \/>\n<meta property=\"og:site_name\" content=\"Guerini e Associati\" \/>\n<meta property=\"article:modified_time\" content=\"2024-06-09T18:25:33+00:00\" \/>\n<meta property=\"og:image\" content=\"https:\/\/www.guerini.it\/wp-content\/uploads\/2022\/04\/9788862508421-e1649846087775.jpg\" \/>\n\t<meta property=\"og:image:width\" content=\"233\" \/>\n\t<meta property=\"og:image:height\" content=\"350\" \/>\n\t<meta property=\"og:image:type\" content=\"image\/jpeg\" \/>\n<meta name=\"twitter:card\" content=\"summary_large_image\" \/>\n<meta name=\"twitter:label1\" content=\"Tempo di lettura stimato\" \/>\n\t<meta name=\"twitter:data1\" content=\"2 minuti\" \/>\n<!-- \/ Yoast SEO plugin. -->","yoast_head_json":{"title":"Incontri con anime di luce - Guerini e Associati","robots":{"index":"index","follow":"follow","max-snippet":"max-snippet:-1","max-image-preview":"max-image-preview:large","max-video-preview":"max-video-preview:-1"},"canonical":"https:\/\/www.guerini.it\/index.php\/prodotto\/incontri-con-anime-di-luce\/","og_locale":"it_IT","og_type":"article","og_title":"Incontri con anime di luce - Guerini e Associati","og_description":"Un libro di testimonianze che arrivano dirette al cuore, animate da una solida certezza di fede. Occhi, volti di ragazzi chiusi in un corpo che non risponde ma che, grazie [&hellip;]","og_url":"https:\/\/www.guerini.it\/index.php\/prodotto\/incontri-con-anime-di-luce\/","og_site_name":"Guerini e Associati","article_modified_time":"2024-06-09T18:25:33+00:00","og_image":[{"width":233,"height":350,"url":"https:\/\/www.guerini.it\/wp-content\/uploads\/2022\/04\/9788862508421-e1649846087775.jpg","type":"image\/jpeg"}],"twitter_card":"summary_large_image","twitter_misc":{"Tempo di lettura stimato":"2 minuti"},"schema":{"@context":"https:\/\/schema.org","@graph":[{"@type":"WebPage","@id":"https:\/\/www.guerini.it\/index.php\/prodotto\/incontri-con-anime-di-luce\/","url":"https:\/\/www.guerini.it\/index.php\/prodotto\/incontri-con-anime-di-luce\/","name":"Incontri con anime di luce - Guerini e Associati","isPartOf":{"@id":"https:\/\/www.guerini.it\/#website"},"primaryImageOfPage":{"@id":"https:\/\/www.guerini.it\/index.php\/prodotto\/incontri-con-anime-di-luce\/#primaryimage"},"image":{"@id":"https:\/\/www.guerini.it\/index.php\/prodotto\/incontri-con-anime-di-luce\/#primaryimage"},"thumbnailUrl":"https:\/\/www.guerini.it\/wp-content\/uploads\/2022\/04\/9788862508421-e1649846087775.jpg","datePublished":"2022-04-13T10:35:29+00:00","dateModified":"2024-06-09T18:25:33+00:00","breadcrumb":{"@id":"https:\/\/www.guerini.it\/index.php\/prodotto\/incontri-con-anime-di-luce\/#breadcrumb"},"inLanguage":"it-IT","potentialAction":[{"@type":"ReadAction","target":["https:\/\/www.guerini.it\/index.php\/prodotto\/incontri-con-anime-di-luce\/"]}]},{"@type":"ImageObject","inLanguage":"it-IT","@id":"https:\/\/www.guerini.it\/index.php\/prodotto\/incontri-con-anime-di-luce\/#primaryimage","url":"https:\/\/www.guerini.it\/wp-content\/uploads\/2022\/04\/9788862508421-e1649846087775.jpg","contentUrl":"https:\/\/www.guerini.it\/wp-content\/uploads\/2022\/04\/9788862508421-e1649846087775.jpg","width":233,"height":350,"caption":"Copertina del volume Incontri con anime di luce"},{"@type":"BreadcrumbList","@id":"https:\/\/www.guerini.it\/index.php\/prodotto\/incontri-con-anime-di-luce\/#breadcrumb","itemListElement":[{"@type":"ListItem","position":1,"name":"Home","item":"https:\/\/www.guerini.it\/"},{"@type":"ListItem","position":2,"name":"Catalogo","item":"https:\/\/www.guerini.it\/index.php\/negozio\/"},{"@type":"ListItem","position":3,"name":"Incontri con anime di luce"}]},{"@type":"WebSite","@id":"https:\/\/www.guerini.it\/#website","url":"https:\/\/www.guerini.it\/","name":"Guerini e Associati","description":"30 anni di libri, idee e libert\u00e0","publisher":{"@id":"https:\/\/www.guerini.it\/#organization"},"potentialAction":[{"@type":"SearchAction","target":{"@type":"EntryPoint","urlTemplate":"https:\/\/www.guerini.it\/?s={search_term_string}"},"query-input":{"@type":"PropertyValueSpecification","valueRequired":true,"valueName":"search_term_string"}}],"inLanguage":"it-IT"},{"@type":"Organization","@id":"https:\/\/www.guerini.it\/#organization","name":"Guerini e Associati","url":"https:\/\/www.guerini.it\/","logo":{"@type":"ImageObject","inLanguage":"it-IT","@id":"https:\/\/www.guerini.it\/#\/schema\/logo\/image\/","url":"https:\/\/www.guerini.it\/wp-content\/uploads\/2021\/03\/Logo-Guerini-OK_-e1615831292285.png","contentUrl":"https:\/\/www.guerini.it\/wp-content\/uploads\/2021\/03\/Logo-Guerini-OK_-e1615831292285.png","width":2805,"height":1870,"caption":"Guerini e Associati"},"image":{"@id":"https:\/\/www.guerini.it\/#\/schema\/logo\/image\/"}}]}},"_links":{"self":[{"href":"https:\/\/www.guerini.it\/index.php\/wp-json\/wp\/v2\/product\/22589","targetHints":{"allow":["GET"]}}],"collection":[{"href":"https:\/\/www.guerini.it\/index.php\/wp-json\/wp\/v2\/product"}],"about":[{"href":"https:\/\/www.guerini.it\/index.php\/wp-json\/wp\/v2\/types\/product"}],"wp:featuredmedia":[{"embeddable":true,"href":"https:\/\/www.guerini.it\/index.php\/wp-json\/wp\/v2\/media\/22590"}],"wp:attachment":[{"href":"https:\/\/www.guerini.it\/index.php\/wp-json\/wp\/v2\/media?parent=22589"}],"wp:term":[{"taxonomy":"product_brand","embeddable":true,"href":"https:\/\/www.guerini.it\/index.php\/wp-json\/wp\/v2\/product_brand?post=22589"},{"taxonomy":"product_cat","embeddable":true,"href":"https:\/\/www.guerini.it\/index.php\/wp-json\/wp\/v2\/product_cat?post=22589"},{"taxonomy":"product_tag","embeddable":true,"href":"https:\/\/www.guerini.it\/index.php\/wp-json\/wp\/v2\/product_tag?post=22589"}],"curies":[{"name":"wp","href":"https:\/\/api.w.org\/{rel}","templated":true}]}}