{"id":22612,"date":"2022-04-28T10:37:59","date_gmt":"2022-04-28T08:37:59","guid":{"rendered":"https:\/\/www.guerini.it\/?post_type=product&#038;p=22612"},"modified":"2024-06-09T20:25:34","modified_gmt":"2024-06-09T18:25:34","slug":"il-consenso-a-tutti-i-costi-alberto-brambilla-guerini","status":"publish","type":"product","link":"https:\/\/www.guerini.it\/index.php\/prodotto\/il-consenso-a-tutti-i-costi-alberto-brambilla-guerini\/","title":{"rendered":"Il consenso a tutti i costi"},"content":{"rendered":"<p style=\"text-align: center;\"><em>\u00abParlare di poveri, di redistribuire soldi che non ci sono, di tassare di pi\u00f9 gli odiati ricchi, porta consensi e plausi, fa fare la figura dei buoni e mantiene alta la simpatia; parlare di doveri fa perdere consenso. Cos\u00ec facendo per\u00f2 si \u2018dopa\u2019 il Paese con metadone di Stato, l\u2019Italia diverr\u00e0 terreno di conquista e i giovani perderanno libert\u00e0 e democrazia\u00bb.<\/em><\/p>\n<p style=\"text-align: justify;\">Pi\u00f9 lo Stato spende in assistenza e pi\u00f9 aumentano i poveri, meno tasse e contributi si pagano e pi\u00f9 benefici si ottengono dallo Stato. Sono questi, accanto ai molti primati negativi italiani, alcuni dei paradossi del nostro Paese: primi per disoccupazione ed evasione fiscale, primi per lavoratori in nero e NEET, secondi solo alla Grecia, in Europa, per debito pubblico, ultimi per produttivit\u00e0 e sviluppo. Sono alcune delle scomode verit\u00e0 che il nostro \u00absistema\u00bb, che continua a promettere tutto a tutti, cerca di nascondere per ottenere il consenso e il potere a tutti i costi senza mai chiedersi chi paga.<br \/>\nEppure, secondo Alberto Brambilla, \u00e8 una falsificazione storica dire che le giovani generazioni staranno peggio di quelle che le hanno precedute. Come lo \u00e8 dire che oggi siamo pi\u00f9 poveri e diseguali di cinquant\u2019anni fa. Bisogna sfatare i troppi luoghi comuni frutto di una cultura assistenzialista fondata solo sui diritti. Politici, media e Chiesa non parlano mai di doveri, senza i quali per\u00f2 i diritti non si possono esigere e ci\u00f2, insieme ai troppi intrecci di interesse tra politica, associazioni datoriali e sindacati, blocca lo sviluppo del nostro Paese.<br \/>\nUno dei massimi esperti in tema di previdenza sociale conduce un\u2019analisi fuori dagli schemi abituali, ma sempre documentata e puntuale, sullo stato dell\u2019economia italiana e ci invita cos\u00ec a riflettere per la riprogettazione di una societ\u00e0 pi\u00f9 equa.<\/p>\n<hr \/>\n<p style=\"text-align: justify;\"><strong>ALBERTO BRAMBILLA<\/strong> presiede il Centro Studi e Ricerche Itinerari Previdenziali. Gi\u00e0 presidente del Nucleo di Valutazione della Spesa Previdenziale presso il Ministero del Lavoro e della Previdenza Sociale, \u00e8 stato dal 2001 al 2006 sottosegretario di Stato al Ministero del Welfare con delega alla Previdenza Sociale, partecipando al coordinamento della riforma delle pensioni. Ha inoltre ricoperto l\u2019incarico di consigliere economico alla Presidenza del Consiglio dei ministri dal 2018 al 2020. Autore di <em>Le scomode verit\u00e0<\/em> (2020), con Guerini e Associati ha di recente pubblicato <a href=\"https:\/\/www.guerini.it\/index.php\/prodotto\/capire-i-fondi-pensione-2\/\"><em>Capire i fondi pensione<\/em><\/a> (2021).<\/p>\n","protected":false},"excerpt":{"rendered":"<p>\u00abParlare di poveri, di redistribuire soldi che non ci sono, di tassare di pi\u00f9 gli odiati ricchi, porta consensi e plausi, fa fare la figura dei buoni e mantiene alta [&hellip;]<\/p>\n","protected":false},"featured_media":22614,"template":"","meta":{"_editorskit_title_hidden":false,"_editorskit_reading_time":0,"_editorskit_is_block_options_detached":false,"_editorskit_block_options_position":"{}","_monsterinsights_skip_tracking":false,"_monsterinsights_sitenote_active":false,"_monsterinsights_sitenote_note":"","_monsterinsights_sitenote_category":0},"product_brand":[],"product_cat":[6585],"product_tag":[8129,6815,7643],"class_list":{"0":"post-22612","1":"product","2":"type-product","3":"status-publish","4":"has-post-thumbnail","6":"product_cat-sma","7":"product_tag-consenso","8":"product_tag-economia","9":"product_tag-politica","10":"pa_guerini_amazon_link-https-www-amazon-it-consenso-tutti-i-costi-dp-8862508514","11":"pa_guerini_feltrinelli_link-https-www-lafeltrinelli-it-consenso-a-tutti-costi-quando-libro-alberto-brambilla-e-9788862508513","12":"pa_guerini_ibs_link-https-www-ibs-it-consenso-a-tutti-costi-quando-libro-alberto-brambilla-e-9788862508513","13":"pa_guerini_libruniver_link-https-www-libreriauniversitaria-it-consenso-tutti-costi-quando-politica-libro-9788862508513","14":"pa_guerini_link_amazon-https-www-amazon-it-consenso-politica-promette-cittadino-chiedere-ebook-dp-b0b72nm9cs","15":"pa_guerini_link_apple_ibook-https-books-apple-com-it-book-il-consenso-a-tutti-i-costi-quando-la-id6443190115","16":"pa_guerini_link_bookrepublic-https-www-bookrepublic-it-ebook-9788881954643-il-consenso-a-tutti-i-costi-quando-la-politica-promette-il-cittadino-deve-sempre-chiedere-chi-paga-goware-e-edizioni-angelo-guerini-e-associati","17":"pa_guerini_link_giunti_punto-https-www-giuntialpunto-it-product-b0b72nm9cs-libri-il-consenso-tutti-i-costi-quando-la-politica-promette-il-cittadino-deve","18":"pa_guerini_link_google_play-https-play-google-com-store-books-details-alberto_brambilla_il_consenso_a_tutti_i_costi_quanidxyb8eaaaqbaj","19":"pa_guerini_link_ibs-https-www-ibs-it-consenso-a-tutti-costi-quando-ebook-alberto-brambilla-e-9788881954643","20":"pa_guerini_link_kobo-https-www-kobo-com-it-en-ebook-il-consenso-a-tutti-i-costi-quando-la-politica-promette-il-cittadino-deve-sempre-chiedere-chi-paga","21":"pa_guerini_link_lafeltrinelli-https-www-lafeltrinelli-it-consenso-a-tutti-costi-quando-ebook-alberto-brambilla-e-9788881954643","22":"pa_guerini_link_mondadori-https-www-mondadoristore-it-consenso-tutti-costi-quando-alberto-brambilla-eai978888195464","23":"pa_guerini_mondadori_link-https-www-mondadoristore-it-consenso-tutti-costi-quando-alberto-brambilla-eai978886250851","25":"first","26":"instock","27":"sale","28":"shipping-taxable","29":"purchasable","30":"product-type-simple"},"yoast_head":"<!-- This site is optimized with the Yoast SEO plugin v25.4 - https:\/\/yoast.com\/wordpress\/plugins\/seo\/ -->\n<title>Alberto Brambilla, Il consenso a tutti costi | Guerini Editore<\/title>\n<meta name=\"robots\" content=\"index, follow, max-snippet:-1, max-image-preview:large, max-video-preview:-1\" \/>\n<link rel=\"canonical\" href=\"https:\/\/www.guerini.it\/index.php\/prodotto\/il-consenso-a-tutti-i-costi-alberto-brambilla-guerini\/\" \/>\n<meta property=\"og:locale\" content=\"it_IT\" \/>\n<meta property=\"og:type\" content=\"article\" \/>\n<meta property=\"og:title\" content=\"Alberto Brambilla, Il consenso a tutti costi | Guerini Editore\" \/>\n<meta property=\"og:description\" content=\"\u00abParlare di poveri, di redistribuire soldi che non ci sono, di tassare di pi\u00f9 gli odiati ricchi, porta consensi e plausi, fa fare la figura dei buoni e mantiene alta [&hellip;]\" \/>\n<meta property=\"og:url\" content=\"https:\/\/www.guerini.it\/index.php\/prodotto\/il-consenso-a-tutti-i-costi-alberto-brambilla-guerini\/\" \/>\n<meta property=\"og:site_name\" content=\"Guerini e Associati\" \/>\n<meta property=\"article:modified_time\" content=\"2024-06-09T18:25:34+00:00\" \/>\n<meta property=\"og:image\" content=\"https:\/\/www.guerini.it\/wp-content\/uploads\/2022\/04\/9788862508513-e1651058340282.jpg\" \/>\n\t<meta property=\"og:image:width\" content=\"233\" \/>\n\t<meta property=\"og:image:height\" content=\"350\" \/>\n\t<meta property=\"og:image:type\" content=\"image\/jpeg\" \/>\n<meta name=\"twitter:card\" content=\"summary_large_image\" \/>\n<meta name=\"twitter:label1\" content=\"Tempo di lettura stimato\" \/>\n\t<meta name=\"twitter:data1\" content=\"3 minuti\" \/>\n<!-- \/ Yoast SEO plugin. -->","yoast_head_json":{"title":"Alberto Brambilla, Il consenso a tutti costi | Guerini Editore","robots":{"index":"index","follow":"follow","max-snippet":"max-snippet:-1","max-image-preview":"max-image-preview:large","max-video-preview":"max-video-preview:-1"},"canonical":"https:\/\/www.guerini.it\/index.php\/prodotto\/il-consenso-a-tutti-i-costi-alberto-brambilla-guerini\/","og_locale":"it_IT","og_type":"article","og_title":"Alberto Brambilla, Il consenso a tutti costi | Guerini Editore","og_description":"\u00abParlare di poveri, di redistribuire soldi che non ci sono, di tassare di pi\u00f9 gli odiati ricchi, porta consensi e plausi, fa fare la figura dei buoni e mantiene alta [&hellip;]","og_url":"https:\/\/www.guerini.it\/index.php\/prodotto\/il-consenso-a-tutti-i-costi-alberto-brambilla-guerini\/","og_site_name":"Guerini e Associati","article_modified_time":"2024-06-09T18:25:34+00:00","og_image":[{"width":233,"height":350,"url":"https:\/\/www.guerini.it\/wp-content\/uploads\/2022\/04\/9788862508513-e1651058340282.jpg","type":"image\/jpeg"}],"twitter_card":"summary_large_image","twitter_misc":{"Tempo di lettura stimato":"3 minuti"},"schema":{"@context":"https:\/\/schema.org","@graph":[{"@type":"WebPage","@id":"https:\/\/www.guerini.it\/index.php\/prodotto\/il-consenso-a-tutti-i-costi-alberto-brambilla-guerini\/","url":"https:\/\/www.guerini.it\/index.php\/prodotto\/il-consenso-a-tutti-i-costi-alberto-brambilla-guerini\/","name":"Alberto Brambilla, Il consenso a tutti costi | Guerini Editore","isPartOf":{"@id":"https:\/\/www.guerini.it\/#website"},"primaryImageOfPage":{"@id":"https:\/\/www.guerini.it\/index.php\/prodotto\/il-consenso-a-tutti-i-costi-alberto-brambilla-guerini\/#primaryimage"},"image":{"@id":"https:\/\/www.guerini.it\/index.php\/prodotto\/il-consenso-a-tutti-i-costi-alberto-brambilla-guerini\/#primaryimage"},"thumbnailUrl":"https:\/\/www.guerini.it\/wp-content\/uploads\/2022\/04\/9788862508513-e1651058340282.jpg","datePublished":"2022-04-28T08:37:59+00:00","dateModified":"2024-06-09T18:25:34+00:00","breadcrumb":{"@id":"https:\/\/www.guerini.it\/index.php\/prodotto\/il-consenso-a-tutti-i-costi-alberto-brambilla-guerini\/#breadcrumb"},"inLanguage":"it-IT","potentialAction":[{"@type":"ReadAction","target":["https:\/\/www.guerini.it\/index.php\/prodotto\/il-consenso-a-tutti-i-costi-alberto-brambilla-guerini\/"]}]},{"@type":"ImageObject","inLanguage":"it-IT","@id":"https:\/\/www.guerini.it\/index.php\/prodotto\/il-consenso-a-tutti-i-costi-alberto-brambilla-guerini\/#primaryimage","url":"https:\/\/www.guerini.it\/wp-content\/uploads\/2022\/04\/9788862508513-e1651058340282.jpg","contentUrl":"https:\/\/www.guerini.it\/wp-content\/uploads\/2022\/04\/9788862508513-e1651058340282.jpg","width":233,"height":350,"caption":"Copertina del volume Il consenso a tutti i costi"},{"@type":"BreadcrumbList","@id":"https:\/\/www.guerini.it\/index.php\/prodotto\/il-consenso-a-tutti-i-costi-alberto-brambilla-guerini\/#breadcrumb","itemListElement":[{"@type":"ListItem","position":1,"name":"Home","item":"https:\/\/www.guerini.it\/"},{"@type":"ListItem","position":2,"name":"Catalogo","item":"https:\/\/www.guerini.it\/index.php\/negozio\/"},{"@type":"ListItem","position":3,"name":"Il consenso a tutti i costi"}]},{"@type":"WebSite","@id":"https:\/\/www.guerini.it\/#website","url":"https:\/\/www.guerini.it\/","name":"Guerini e Associati","description":"30 anni di libri, idee e libert\u00e0","publisher":{"@id":"https:\/\/www.guerini.it\/#organization"},"potentialAction":[{"@type":"SearchAction","target":{"@type":"EntryPoint","urlTemplate":"https:\/\/www.guerini.it\/?s={search_term_string}"},"query-input":{"@type":"PropertyValueSpecification","valueRequired":true,"valueName":"search_term_string"}}],"inLanguage":"it-IT"},{"@type":"Organization","@id":"https:\/\/www.guerini.it\/#organization","name":"Guerini e Associati","url":"https:\/\/www.guerini.it\/","logo":{"@type":"ImageObject","inLanguage":"it-IT","@id":"https:\/\/www.guerini.it\/#\/schema\/logo\/image\/","url":"https:\/\/www.guerini.it\/wp-content\/uploads\/2021\/03\/Logo-Guerini-OK_-e1615831292285.png","contentUrl":"https:\/\/www.guerini.it\/wp-content\/uploads\/2021\/03\/Logo-Guerini-OK_-e1615831292285.png","width":2805,"height":1870,"caption":"Guerini e Associati"},"image":{"@id":"https:\/\/www.guerini.it\/#\/schema\/logo\/image\/"}}]}},"_links":{"self":[{"href":"https:\/\/www.guerini.it\/index.php\/wp-json\/wp\/v2\/product\/22612","targetHints":{"allow":["GET"]}}],"collection":[{"href":"https:\/\/www.guerini.it\/index.php\/wp-json\/wp\/v2\/product"}],"about":[{"href":"https:\/\/www.guerini.it\/index.php\/wp-json\/wp\/v2\/types\/product"}],"wp:featuredmedia":[{"embeddable":true,"href":"https:\/\/www.guerini.it\/index.php\/wp-json\/wp\/v2\/media\/22614"}],"wp:attachment":[{"href":"https:\/\/www.guerini.it\/index.php\/wp-json\/wp\/v2\/media?parent=22612"}],"wp:term":[{"taxonomy":"product_brand","embeddable":true,"href":"https:\/\/www.guerini.it\/index.php\/wp-json\/wp\/v2\/product_brand?post=22612"},{"taxonomy":"product_cat","embeddable":true,"href":"https:\/\/www.guerini.it\/index.php\/wp-json\/wp\/v2\/product_cat?post=22612"},{"taxonomy":"product_tag","embeddable":true,"href":"https:\/\/www.guerini.it\/index.php\/wp-json\/wp\/v2\/product_tag?post=22612"}],"curies":[{"name":"wp","href":"https:\/\/api.w.org\/{rel}","templated":true}]}}