{"id":22802,"date":"2022-05-30T14:02:44","date_gmt":"2022-05-30T12:02:44","guid":{"rendered":"https:\/\/www.guerini.it\/?post_type=product&#038;p=22802"},"modified":"2024-06-09T20:25:36","modified_gmt":"2024-06-09T18:25:36","slug":"limpresa-enciclopedia","status":"publish","type":"product","link":"https:\/\/www.guerini.it\/index.php\/prodotto\/limpresa-enciclopedia\/","title":{"rendered":"L\u2019impresa enciclopedia"},"content":{"rendered":"<p style=\"text-align: justify;\">L\u2019imprevedibile e turbolenta complessit\u00e0 del Terzo Millennio ha capovolto la tradizionale dinamica strategica dell\u2019impresa, per la quale \u00abstructure follows strategy\u00bb. Non \u00e8 pi\u00f9 possibile impostare, prima, una strategia imprenditoriale definita e su quella costruire, poi, una struttura imprenditoriale in grado di portarla avanti. Si tratta di un cambiamento epocale, che rende necessario realizzare strutture organizzative \u00abjust in time\u00bb e quindi attuare conseguenti strategie operative che tengano sempre conto delle esigenze emergenti di sostenibilit\u00e0 e resilienza.<br \/>\nPer questo \u00e8 indispensabile puntare sulla ricerca, da rendere priorit\u00e0 per le organizzazioni complesse (istituzioni, imprese citt\u00e0) valorizzando soprattutto i giovani, vettori di cambiamento. I principali protagonisti di Terzo Millennio dovranno necessariamente riscoprire valori fondamentali \u2013 fra i quali un nuovo modo di acquisire cultura \u2013 oggi assopiti se non annullati.<br \/>\nAttraverso l\u2019analisi di vari scenari economici, Gianfranco Dioguardi corona con questo libro il lavoro di una vita tratteggiando dialetticamente l\u2019ipotesi di una nuova \u00abimpresa enciclopedia\u00bb che possa caratterizzare anche una \u00abcitt\u00e0 impresa\u00bb adeguata alle esigenze del Terzo Millennio.<\/p>\n<hr \/>\n<p style=\"text-align: justify;\"><strong>Gianfranco Dioguardi<\/strong>, ingegnere e professore di Economia e organizzazione aziendale presso il Politecnico di Bari, \u00e8 considerato il fondatore dell\u2019ingegneria gestionale in Italia. Svolge attivit\u00e0 imprenditoriale e consulenziale nei settori dell\u2019edilizia, dell\u2019engineering, dell\u2019innovazione tecnologica, della comunicazione e della formazione professionale. \u00c8 inoltre presente in diversi consigli di amministrazione, riviste, organizzazioni culturali, istituzioni pubbliche e private. Nel 1989 gli \u00e8 stata conferita la nomina, da parte del Presidente della Repubblica Italiana, di Cavaliere al merito del Lavoro; nel 2004 \u00e8 stato nominato Cavaliere della Legion d\u2019Onore con decreto del Presidente della Repubblica di Francia. Le sue numerose pubblicazioni spaziano dall\u2019organizzazione aziendale all\u2019urbanistica, dalla storia della scienza al sapere umanistico. In essa occupano un posto di rilievo i volumi dedicati all\u2019Illuminismo e le riflessioni sul recupero delle periferie urbane. Ha ideato il modello della \u00abcity school\u00bb per il governo delle citt\u00e0.<\/p>\n","protected":false},"excerpt":{"rendered":"<p>L\u2019imprevedibile e turbolenta complessit\u00e0 del Terzo Millennio ha capovolto la tradizionale dinamica strategica dell\u2019impresa, per la quale \u00abstructure follows strategy\u00bb. Non \u00e8 pi\u00f9 possibile impostare, prima, una strategia imprenditoriale definita [&hellip;]<\/p>\n","protected":false},"featured_media":22803,"template":"","meta":{"_editorskit_title_hidden":false,"_editorskit_reading_time":0,"_editorskit_is_block_options_detached":false,"_editorskit_block_options_position":"{}","_monsterinsights_skip_tracking":false,"_monsterinsights_sitenote_active":false,"_monsterinsights_sitenote_note":"","_monsterinsights_sitenote_category":0},"product_brand":[],"product_cat":[6805,6963,6529],"product_tag":[6815,8243,8244],"class_list":{"0":"post-22802","1":"product","2":"type-product","3":"status-publish","4":"has-post-thumbnail","6":"product_cat-guerini-next","7":"product_cat-the-next-key","8":"product_cat-economia-e-management","9":"product_tag-economia","10":"product_tag-imprenditoria","11":"product_tag-strategia","12":"pa_guerini_amazon_link-https-www-amazon-it-limpresa-enciclopedia-gianfranco-dioguardi-dp-8868964481","13":"pa_guerini_feltrinelli_link-https-www-lafeltrinelli-it-impresa-enciclopedia-organizzazione-come-strategia-libro-gianfranco-dioguardi-e-9788868964481","14":"pa_guerini_ibs_link-https-www-ibs-it-impresa-enciclopedia-organizzazione-come-strategia-libro-gianfranco-dioguardi-e-9788868964481","15":"pa_guerini_libruniver_link-https-www-libreriauniversitaria-it-impresa-enciclopedia-organizzazione-strategia-terzo-libro-9788868964481","16":"pa_guerini_link_amazon-https-www-amazon-it-dp-b0bfgf9jx7","17":"pa_guerini_link_apple_ibook-https-books-apple-com-it-book-limpresa-enciclopedia-id6443421460","18":"pa_guerini_link_bookrepublic-https-www-bookrepublic-it-ebook-9788868964498-limpresa-enciclopedia-goware-guerini-next","19":"pa_guerini_link_giunti_punto-https-www-giuntialpunto-it-product-b0bfgf9jx7-libri-limpresa-enciclopedia-organizzazione-come-strategia-il-terzo-millennio","20":"pa_guerini_link_google_play-https-play-google-com-store-books-details-gianfranco_dioguardi_l_impresa_enciclopedia_organiidww-jeaaaqbaj","21":"pa_guerini_link_ibs-https-www-ibs-it-impresa-enciclopedia-ebook-gianfranco-dioguardi-e-9788868964498","22":"pa_guerini_link_kobo-https-www-kobo-com-it-en-ebook-l-impresa-enciclopedia","23":"pa_guerini_link_lafeltrinelli-https-www-lafeltrinelli-it-impresa-enciclopedia-ebook-gianfranco-dioguardi-e-9788868964498","24":"pa_guerini_link_mondadori-https-www-mondadoristore-it-l-impresa-enciclopedia-gianfranco-dioguardi-eai978886896449","25":"pa_guerini_mondadori_link-https-www-mondadoristore-it-impresa-enciclopedia-gianfranco-dioguardi-eai978886896448","27":"first","28":"instock","29":"sale","30":"shipping-taxable","31":"purchasable","32":"product-type-simple"},"yoast_head":"<!-- This site is optimized with the Yoast SEO plugin v25.4 - https:\/\/yoast.com\/wordpress\/plugins\/seo\/ -->\n<title>L\u2019impresa enciclopedia - Guerini e Associati<\/title>\n<meta name=\"robots\" content=\"index, follow, max-snippet:-1, max-image-preview:large, max-video-preview:-1\" \/>\n<link rel=\"canonical\" href=\"https:\/\/www.guerini.it\/index.php\/prodotto\/limpresa-enciclopedia\/\" \/>\n<meta property=\"og:locale\" content=\"it_IT\" \/>\n<meta property=\"og:type\" content=\"article\" \/>\n<meta property=\"og:title\" content=\"L\u2019impresa enciclopedia - Guerini e Associati\" \/>\n<meta property=\"og:description\" content=\"L\u2019imprevedibile e turbolenta complessit\u00e0 del Terzo Millennio ha capovolto la tradizionale dinamica strategica dell\u2019impresa, per la quale \u00abstructure follows strategy\u00bb. Non \u00e8 pi\u00f9 possibile impostare, prima, una strategia imprenditoriale definita [&hellip;]\" \/>\n<meta property=\"og:url\" content=\"https:\/\/www.guerini.it\/index.php\/prodotto\/limpresa-enciclopedia\/\" \/>\n<meta property=\"og:site_name\" content=\"Guerini e Associati\" \/>\n<meta property=\"article:modified_time\" content=\"2024-06-09T18:25:36+00:00\" \/>\n<meta property=\"og:image\" content=\"https:\/\/www.guerini.it\/wp-content\/uploads\/2022\/05\/9788868964481-e1652955438576.jpg\" \/>\n\t<meta property=\"og:image:width\" content=\"225\" \/>\n\t<meta property=\"og:image:height\" content=\"350\" \/>\n\t<meta property=\"og:image:type\" content=\"image\/jpeg\" \/>\n<meta name=\"twitter:card\" content=\"summary_large_image\" \/>\n<meta name=\"twitter:label1\" content=\"Tempo di lettura stimato\" \/>\n\t<meta name=\"twitter:data1\" content=\"2 minuti\" \/>\n<!-- \/ Yoast SEO plugin. -->","yoast_head_json":{"title":"L\u2019impresa enciclopedia - Guerini e Associati","robots":{"index":"index","follow":"follow","max-snippet":"max-snippet:-1","max-image-preview":"max-image-preview:large","max-video-preview":"max-video-preview:-1"},"canonical":"https:\/\/www.guerini.it\/index.php\/prodotto\/limpresa-enciclopedia\/","og_locale":"it_IT","og_type":"article","og_title":"L\u2019impresa enciclopedia - Guerini e Associati","og_description":"L\u2019imprevedibile e turbolenta complessit\u00e0 del Terzo Millennio ha capovolto la tradizionale dinamica strategica dell\u2019impresa, per la quale \u00abstructure follows strategy\u00bb. Non \u00e8 pi\u00f9 possibile impostare, prima, una strategia imprenditoriale definita [&hellip;]","og_url":"https:\/\/www.guerini.it\/index.php\/prodotto\/limpresa-enciclopedia\/","og_site_name":"Guerini e Associati","article_modified_time":"2024-06-09T18:25:36+00:00","og_image":[{"width":225,"height":350,"url":"https:\/\/www.guerini.it\/wp-content\/uploads\/2022\/05\/9788868964481-e1652955438576.jpg","type":"image\/jpeg"}],"twitter_card":"summary_large_image","twitter_misc":{"Tempo di lettura stimato":"2 minuti"},"schema":{"@context":"https:\/\/schema.org","@graph":[{"@type":"WebPage","@id":"https:\/\/www.guerini.it\/index.php\/prodotto\/limpresa-enciclopedia\/","url":"https:\/\/www.guerini.it\/index.php\/prodotto\/limpresa-enciclopedia\/","name":"L\u2019impresa enciclopedia - Guerini e Associati","isPartOf":{"@id":"https:\/\/www.guerini.it\/#website"},"primaryImageOfPage":{"@id":"https:\/\/www.guerini.it\/index.php\/prodotto\/limpresa-enciclopedia\/#primaryimage"},"image":{"@id":"https:\/\/www.guerini.it\/index.php\/prodotto\/limpresa-enciclopedia\/#primaryimage"},"thumbnailUrl":"https:\/\/www.guerini.it\/wp-content\/uploads\/2022\/05\/9788868964481-e1652955438576.jpg","datePublished":"2022-05-30T12:02:44+00:00","dateModified":"2024-06-09T18:25:36+00:00","breadcrumb":{"@id":"https:\/\/www.guerini.it\/index.php\/prodotto\/limpresa-enciclopedia\/#breadcrumb"},"inLanguage":"it-IT","potentialAction":[{"@type":"ReadAction","target":["https:\/\/www.guerini.it\/index.php\/prodotto\/limpresa-enciclopedia\/"]}]},{"@type":"ImageObject","inLanguage":"it-IT","@id":"https:\/\/www.guerini.it\/index.php\/prodotto\/limpresa-enciclopedia\/#primaryimage","url":"https:\/\/www.guerini.it\/wp-content\/uploads\/2022\/05\/9788868964481-e1652955438576.jpg","contentUrl":"https:\/\/www.guerini.it\/wp-content\/uploads\/2022\/05\/9788868964481-e1652955438576.jpg","width":225,"height":350,"caption":"Copertina del volume L'impresa enciclopedica"},{"@type":"BreadcrumbList","@id":"https:\/\/www.guerini.it\/index.php\/prodotto\/limpresa-enciclopedia\/#breadcrumb","itemListElement":[{"@type":"ListItem","position":1,"name":"Home","item":"https:\/\/www.guerini.it\/"},{"@type":"ListItem","position":2,"name":"Catalogo","item":"https:\/\/www.guerini.it\/index.php\/negozio\/"},{"@type":"ListItem","position":3,"name":"L\u2019impresa enciclopedia"}]},{"@type":"WebSite","@id":"https:\/\/www.guerini.it\/#website","url":"https:\/\/www.guerini.it\/","name":"Guerini e Associati","description":"30 anni di libri, idee e libert\u00e0","publisher":{"@id":"https:\/\/www.guerini.it\/#organization"},"potentialAction":[{"@type":"SearchAction","target":{"@type":"EntryPoint","urlTemplate":"https:\/\/www.guerini.it\/?s={search_term_string}"},"query-input":{"@type":"PropertyValueSpecification","valueRequired":true,"valueName":"search_term_string"}}],"inLanguage":"it-IT"},{"@type":"Organization","@id":"https:\/\/www.guerini.it\/#organization","name":"Guerini e Associati","url":"https:\/\/www.guerini.it\/","logo":{"@type":"ImageObject","inLanguage":"it-IT","@id":"https:\/\/www.guerini.it\/#\/schema\/logo\/image\/","url":"https:\/\/www.guerini.it\/wp-content\/uploads\/2021\/03\/Logo-Guerini-OK_-e1615831292285.png","contentUrl":"https:\/\/www.guerini.it\/wp-content\/uploads\/2021\/03\/Logo-Guerini-OK_-e1615831292285.png","width":2805,"height":1870,"caption":"Guerini e Associati"},"image":{"@id":"https:\/\/www.guerini.it\/#\/schema\/logo\/image\/"}}]}},"_links":{"self":[{"href":"https:\/\/www.guerini.it\/index.php\/wp-json\/wp\/v2\/product\/22802","targetHints":{"allow":["GET"]}}],"collection":[{"href":"https:\/\/www.guerini.it\/index.php\/wp-json\/wp\/v2\/product"}],"about":[{"href":"https:\/\/www.guerini.it\/index.php\/wp-json\/wp\/v2\/types\/product"}],"wp:featuredmedia":[{"embeddable":true,"href":"https:\/\/www.guerini.it\/index.php\/wp-json\/wp\/v2\/media\/22803"}],"wp:attachment":[{"href":"https:\/\/www.guerini.it\/index.php\/wp-json\/wp\/v2\/media?parent=22802"}],"wp:term":[{"taxonomy":"product_brand","embeddable":true,"href":"https:\/\/www.guerini.it\/index.php\/wp-json\/wp\/v2\/product_brand?post=22802"},{"taxonomy":"product_cat","embeddable":true,"href":"https:\/\/www.guerini.it\/index.php\/wp-json\/wp\/v2\/product_cat?post=22802"},{"taxonomy":"product_tag","embeddable":true,"href":"https:\/\/www.guerini.it\/index.php\/wp-json\/wp\/v2\/product_tag?post=22802"}],"curies":[{"name":"wp","href":"https:\/\/api.w.org\/{rel}","templated":true}]}}