{"id":22845,"date":"2022-07-28T14:00:41","date_gmt":"2022-07-28T12:00:41","guid":{"rendered":"https:\/\/www.guerini.it\/?post_type=product&#038;p=22845"},"modified":"2024-06-09T20:25:38","modified_gmt":"2024-06-09T18:25:38","slug":"davide-e-golia","status":"publish","type":"product","link":"https:\/\/www.guerini.it\/index.php\/prodotto\/davide-e-golia\/","title":{"rendered":"Davide e Golia"},"content":{"rendered":"<p style=\"text-align: justify;\">La trasformazione digitale pu\u00f2 attecchire nelle aziende di piccole dimensioni? In base a quali metodi o attraverso quali strumenti? Se, alla luce degli studi pi\u00f9 recenti, \u00e8 un fatto la sostanziale e diffusa difficolt\u00e0 delle micro e piccole imprese nel perseguire efficacemente gli impegnativi cambiamenti necessari per un ecosistema digitale, tale trasformazione non \u00e8 impossibile e, laddove correttamente implementata, pu\u00f2 portare alla creazione di molto valore.<br \/>\nIl primo passo \u00e8 lo sviluppo di un digital business model. Obiettivo del presente saggio \u00e8 quello di proporre percorsi di trasformazione digitale concreti, applicabili a gruppi di piccole e micro imprese, valorizzando quella che oggi \u00e8 la materia prima digitale per eccellenza: i dati.<br \/>\nEnrico De Corso pone in questo libro le \u00abbasi pionieristiche\u00bb per la progettazione di strumenti cooperativi e mutualistici innovativi, ma allo stesso tempo radicati nell\u2019ultracentenaria tradizione della cooperazione, illustrando in che modo \u00e8 possibile far evolvere business model tradizionali in business model digitali e di piattaforma. Cos\u00ec micro e piccole imprese, rimanendo tali, potranno competere contro i Golia dell\u2019odierna economia digitale.<\/p>\n<hr \/>\n<p style=\"text-align: justify;\"><strong>Enrico De Corso<\/strong> (Cortona, 1984) \u00e8 dal 2013 Direttore di Confcooperative Lombardia, la principale associazione che si occupa di rappresentanza, tutela, assistenza e promozione delle imprese cooperative e sociali. Ha conseguito l\u2019Executive MBA alla POLIMI Graduate School of Management del Politecnico di Milano, il Master of Science in Management Economics and Consumer Studies alla Wageningen University &amp; Research (Olanda) e la Laurea Specialistica in Economia del Sistema Agroalimentare all\u2019Alta Scuola in Management ed Economia Agroalimentare (SMEA) dell\u2019Universit\u00e0 Cattolica del Sacro Cuore di Cremona.<\/p>\n","protected":false},"excerpt":{"rendered":"<p>La trasformazione digitale pu\u00f2 attecchire nelle aziende di piccole dimensioni? In base a quali metodi o attraverso quali strumenti? Se, alla luce degli studi pi\u00f9 recenti, \u00e8 un fatto la [&hellip;]<\/p>\n","protected":false},"featured_media":22846,"template":"","meta":{"_editorskit_title_hidden":false,"_editorskit_reading_time":0,"_editorskit_is_block_options_detached":false,"_editorskit_block_options_position":"{}","_monsterinsights_skip_tracking":false,"_monsterinsights_sitenote_active":false,"_monsterinsights_sitenote_note":"","_monsterinsights_sitenote_category":0},"product_brand":[],"product_cat":[6805,6529],"product_tag":[8387,7579,6745],"class_list":{"0":"post-22845","1":"product","2":"type-product","3":"status-publish","4":"has-post-thumbnail","6":"product_cat-guerini-next","7":"product_cat-economia-e-management","8":"product_tag-digital-business","9":"product_tag-imprese","10":"product_tag-innovazione","11":"pa_guerini_amazon_link-https-www-amazon-it-davide-contro-golia-enrico-corso-dp-8868964422","12":"pa_guerini_feltrinelli_link-https-www-lafeltrinelli-it-davide-contro-golia-evoluzione-delle-libro-enrico-de-corso-e-9788868964429","13":"pa_guerini_ibs_link-https-www-ibs-it-davide-contro-golia-evoluzione-delle-libro-enrico-de-corso-e-9788868964429","14":"pa_guerini_libruniver_link-https-www-libreriauniversitaria-it-davide-golia-evoluzione-micro-piccole-libro-9788868964429","15":"pa_guerini_link_amazon-https-www-amazon-it-dp-b0bfvtf3n9","16":"pa_guerini_link_apple_ibook-https-books-apple-com-it-book-davide-e-golia-id6443453838","17":"pa_guerini_link_bookrepublic-https-www-bookrepublic-it-ebook-9788868964429-davide-e-golia-goware-guerini-next","18":"pa_guerini_link_giunti_punto-https-www-giuntialpunto-it-product-b0bfvtf3n9-libri-davide-e-golia-levoluzione-delle-micro-e-piccole-imprese-grazie-agli","19":"pa_guerini_link_google_play-https-play-google-com-store-books-details-enrico_de_corso_davide_e_golia_l_evoluzione_delleidotokeaaaqbaj","20":"pa_guerini_link_kobo-https-www-kobo-com-it-en-ebook-davide-e-golia-1","21":"pa_guerini_mondadori_link-https-www-mondadoristore-it-davide-contro-golia-enrico-de-corso-eai978886896442","23":"first","24":"instock","25":"sale","26":"shipping-taxable","27":"purchasable","28":"product-type-simple"},"yoast_head":"<!-- This site is optimized with the Yoast SEO plugin v25.4 - https:\/\/yoast.com\/wordpress\/plugins\/seo\/ -->\n<title>Davide e Golia - Guerini e Associati<\/title>\n<meta name=\"robots\" content=\"index, follow, max-snippet:-1, max-image-preview:large, max-video-preview:-1\" \/>\n<link rel=\"canonical\" href=\"https:\/\/www.guerini.it\/index.php\/prodotto\/davide-e-golia\/\" \/>\n<meta property=\"og:locale\" content=\"it_IT\" \/>\n<meta property=\"og:type\" content=\"article\" \/>\n<meta property=\"og:title\" content=\"Davide e Golia - Guerini e Associati\" \/>\n<meta property=\"og:description\" content=\"La trasformazione digitale pu\u00f2 attecchire nelle aziende di piccole dimensioni? In base a quali metodi o attraverso quali strumenti? Se, alla luce degli studi pi\u00f9 recenti, \u00e8 un fatto la [&hellip;]\" \/>\n<meta property=\"og:url\" content=\"https:\/\/www.guerini.it\/index.php\/prodotto\/davide-e-golia\/\" \/>\n<meta property=\"og:site_name\" content=\"Guerini e Associati\" \/>\n<meta property=\"article:modified_time\" content=\"2024-06-09T18:25:38+00:00\" \/>\n<meta property=\"og:image\" content=\"https:\/\/www.guerini.it\/wp-content\/uploads\/2022\/07\/9788868964429-e1659009265917.jpg\" \/>\n\t<meta property=\"og:image:width\" content=\"233\" \/>\n\t<meta property=\"og:image:height\" content=\"350\" \/>\n\t<meta property=\"og:image:type\" content=\"image\/jpeg\" \/>\n<meta name=\"twitter:card\" content=\"summary_large_image\" \/>\n<meta name=\"twitter:label1\" content=\"Tempo di lettura stimato\" \/>\n\t<meta name=\"twitter:data1\" content=\"2 minuti\" \/>\n<!-- \/ Yoast SEO plugin. -->","yoast_head_json":{"title":"Davide e Golia - Guerini e Associati","robots":{"index":"index","follow":"follow","max-snippet":"max-snippet:-1","max-image-preview":"max-image-preview:large","max-video-preview":"max-video-preview:-1"},"canonical":"https:\/\/www.guerini.it\/index.php\/prodotto\/davide-e-golia\/","og_locale":"it_IT","og_type":"article","og_title":"Davide e Golia - Guerini e Associati","og_description":"La trasformazione digitale pu\u00f2 attecchire nelle aziende di piccole dimensioni? In base a quali metodi o attraverso quali strumenti? Se, alla luce degli studi pi\u00f9 recenti, \u00e8 un fatto la [&hellip;]","og_url":"https:\/\/www.guerini.it\/index.php\/prodotto\/davide-e-golia\/","og_site_name":"Guerini e Associati","article_modified_time":"2024-06-09T18:25:38+00:00","og_image":[{"width":233,"height":350,"url":"https:\/\/www.guerini.it\/wp-content\/uploads\/2022\/07\/9788868964429-e1659009265917.jpg","type":"image\/jpeg"}],"twitter_card":"summary_large_image","twitter_misc":{"Tempo di lettura stimato":"2 minuti"},"schema":{"@context":"https:\/\/schema.org","@graph":[{"@type":"WebPage","@id":"https:\/\/www.guerini.it\/index.php\/prodotto\/davide-e-golia\/","url":"https:\/\/www.guerini.it\/index.php\/prodotto\/davide-e-golia\/","name":"Davide e Golia - Guerini e Associati","isPartOf":{"@id":"https:\/\/www.guerini.it\/#website"},"primaryImageOfPage":{"@id":"https:\/\/www.guerini.it\/index.php\/prodotto\/davide-e-golia\/#primaryimage"},"image":{"@id":"https:\/\/www.guerini.it\/index.php\/prodotto\/davide-e-golia\/#primaryimage"},"thumbnailUrl":"https:\/\/www.guerini.it\/wp-content\/uploads\/2022\/07\/9788868964429-e1659009265917.jpg","datePublished":"2022-07-28T12:00:41+00:00","dateModified":"2024-06-09T18:25:38+00:00","breadcrumb":{"@id":"https:\/\/www.guerini.it\/index.php\/prodotto\/davide-e-golia\/#breadcrumb"},"inLanguage":"it-IT","potentialAction":[{"@type":"ReadAction","target":["https:\/\/www.guerini.it\/index.php\/prodotto\/davide-e-golia\/"]}]},{"@type":"ImageObject","inLanguage":"it-IT","@id":"https:\/\/www.guerini.it\/index.php\/prodotto\/davide-e-golia\/#primaryimage","url":"https:\/\/www.guerini.it\/wp-content\/uploads\/2022\/07\/9788868964429-e1659009265917.jpg","contentUrl":"https:\/\/www.guerini.it\/wp-content\/uploads\/2022\/07\/9788868964429-e1659009265917.jpg","width":233,"height":350,"caption":"Copertina del volume Davide e Golia"},{"@type":"BreadcrumbList","@id":"https:\/\/www.guerini.it\/index.php\/prodotto\/davide-e-golia\/#breadcrumb","itemListElement":[{"@type":"ListItem","position":1,"name":"Home","item":"https:\/\/www.guerini.it\/"},{"@type":"ListItem","position":2,"name":"Catalogo","item":"https:\/\/www.guerini.it\/index.php\/negozio\/"},{"@type":"ListItem","position":3,"name":"Davide e Golia"}]},{"@type":"WebSite","@id":"https:\/\/www.guerini.it\/#website","url":"https:\/\/www.guerini.it\/","name":"Guerini e Associati","description":"30 anni di libri, idee e libert\u00e0","publisher":{"@id":"https:\/\/www.guerini.it\/#organization"},"potentialAction":[{"@type":"SearchAction","target":{"@type":"EntryPoint","urlTemplate":"https:\/\/www.guerini.it\/?s={search_term_string}"},"query-input":{"@type":"PropertyValueSpecification","valueRequired":true,"valueName":"search_term_string"}}],"inLanguage":"it-IT"},{"@type":"Organization","@id":"https:\/\/www.guerini.it\/#organization","name":"Guerini e Associati","url":"https:\/\/www.guerini.it\/","logo":{"@type":"ImageObject","inLanguage":"it-IT","@id":"https:\/\/www.guerini.it\/#\/schema\/logo\/image\/","url":"https:\/\/www.guerini.it\/wp-content\/uploads\/2021\/03\/Logo-Guerini-OK_-e1615831292285.png","contentUrl":"https:\/\/www.guerini.it\/wp-content\/uploads\/2021\/03\/Logo-Guerini-OK_-e1615831292285.png","width":2805,"height":1870,"caption":"Guerini e Associati"},"image":{"@id":"https:\/\/www.guerini.it\/#\/schema\/logo\/image\/"}}]}},"_links":{"self":[{"href":"https:\/\/www.guerini.it\/index.php\/wp-json\/wp\/v2\/product\/22845","targetHints":{"allow":["GET"]}}],"collection":[{"href":"https:\/\/www.guerini.it\/index.php\/wp-json\/wp\/v2\/product"}],"about":[{"href":"https:\/\/www.guerini.it\/index.php\/wp-json\/wp\/v2\/types\/product"}],"wp:featuredmedia":[{"embeddable":true,"href":"https:\/\/www.guerini.it\/index.php\/wp-json\/wp\/v2\/media\/22846"}],"wp:attachment":[{"href":"https:\/\/www.guerini.it\/index.php\/wp-json\/wp\/v2\/media?parent=22845"}],"wp:term":[{"taxonomy":"product_brand","embeddable":true,"href":"https:\/\/www.guerini.it\/index.php\/wp-json\/wp\/v2\/product_brand?post=22845"},{"taxonomy":"product_cat","embeddable":true,"href":"https:\/\/www.guerini.it\/index.php\/wp-json\/wp\/v2\/product_cat?post=22845"},{"taxonomy":"product_tag","embeddable":true,"href":"https:\/\/www.guerini.it\/index.php\/wp-json\/wp\/v2\/product_tag?post=22845"}],"curies":[{"name":"wp","href":"https:\/\/api.w.org\/{rel}","templated":true}]}}