{"id":22848,"date":"2022-07-28T14:10:03","date_gmt":"2022-07-28T12:10:03","guid":{"rendered":"https:\/\/www.guerini.it\/?post_type=product&#038;p=22848"},"modified":"2024-06-09T20:25:38","modified_gmt":"2024-06-09T18:25:38","slug":"il-libro-dellarte-di-mercatura","status":"publish","type":"product","link":"https:\/\/www.guerini.it\/index.php\/prodotto\/il-libro-dellarte-di-mercatura\/","title":{"rendered":"Il libro dell&#8217;arte di mercatura"},"content":{"rendered":"<p style=\"text-align: justify;\">Considerato da alcuni il fondatore delle discipline economico-aziendali, il mercante e umanista rinascimentale Benedetto Cotrugli \u00e8 autore di un libro tanto importante quanto ingiustamente caduto per secoli nell\u2019oblio e solo recentemente riscoperto. Un vero gioiello nascosto nella nostra storia culturale, economica e sociale, da valorizzare e fare conoscere al mondo. Questo trattato, scritto nel 1458 e pubblicato un secolo dopo, viene proposto ora per la prima volta in una ricca edizione integrale contenente sia il testo originale in volgare sia la versione in italiano contemporaneo.<br \/>\nDiviso in quattro sezioni, che spaziano tra un ampio repertorio di regole mercantili, contabili e suggerimenti pratici ancora attuali per lo svolgimento dell\u2019attivit\u00e0 commerciale, fino ad arrivare alle virt\u00f9 morali, culturali, professionali, etiche, politiche e allo stile di vita del \u00abmercante perfetto\u00bb, il libro di Cotrugli \u00e8 una testimonianza vivace delle dinamiche che ruotavano attorno al commercio nel Mediterraneo agli inizi del Rinascimento.<br \/>\n<em>Il libro dell&#8217;arte di mercatura<\/em> rappresenta un fondamentale contributo alla comprensione delle origini del management e delle pratiche commerciali moderne, anticipando di oltre cinquecento anni molti dei principi del cosiddetto umanesimo imprenditoriale e della responsabilit\u00e0 sociale, di cui oggi si parla molto. Dimostrando in modo inequivocabile come \u00e8 proprio in Italia e nel Mediterraneo che affondano, profonde, le pi\u00f9 antiche radici dell\u2019attivit\u00e0 commerciale e dello spirito imprenditoriale.<\/p>\n<hr \/>\n<p style=\"text-align: justify;\"><strong>Benedetto Cotrugli<\/strong>, nato a Ragusa di Dalmazia (l\u2019attuale Dubrovnik) all\u2019inizio del XV secolo e vissuto in Italia tra Bologna, Firenze, Venezia e Napoli, fu mercante, imprenditore, filosofo e umanista. Avviato inizialmente agli studi giuridici nell\u2019Universit\u00e0 di Bologna, dovette interromperli per dedicarsi con successo al mondo degli affari. \u00c8 da questo connubio unico di cultura generale e concreta esperienza commerciale che nasce lo splendido <em>Libro dell\u2019arte di mercatura<\/em>.<\/p>\n","protected":false},"excerpt":{"rendered":"<p>Considerato da alcuni il fondatore delle discipline economico-aziendali, il mercante e umanista rinascimentale Benedetto Cotrugli \u00e8 autore di un libro tanto importante quanto ingiustamente caduto per secoli nell\u2019oblio e solo [&hellip;]<\/p>\n","protected":false},"featured_media":22849,"template":"","meta":{"_editorskit_title_hidden":false,"_editorskit_reading_time":0,"_editorskit_is_block_options_detached":false,"_editorskit_block_options_position":"{}","_monsterinsights_skip_tracking":false,"_monsterinsights_sitenote_active":false,"_monsterinsights_sitenote_note":"","_monsterinsights_sitenote_category":0},"product_brand":[],"product_cat":[6805,6529],"product_tag":[8391,6815,6803],"class_list":{"0":"post-22848","1":"product","2":"type-product","3":"status-publish","4":"has-post-thumbnail","6":"product_cat-guerini-next","7":"product_cat-economia-e-management","8":"product_tag-commercio","9":"product_tag-economia","10":"product_tag-management","11":"pa_guerini_amazon_link-https-www-amazon-it-libro-dellarte-mercatura-benedetto-cotrugli-dp-8868964457","12":"pa_guerini_feltrinelli_link-https-www-lafeltrinelli-it-libro-dell-arte-di-mercatura-libro-benedetto-cotrugli-e-9788868964450","13":"pa_guerini_ibs_link-https-www-ibs-it-libro-dell-arte-di-mercatura-libro-benedetto-cotrugli-e-9788868964450","14":"pa_guerini_libruniver_link-https-www-libreriauniversitaria-it-libro-arte-mercatura-ediz-critica-libro-9788868964450","15":"pa_guerini_mondadori_link-https-www-mondadoristore-it-libro-dell-arte-mercatura-benedetto-cotrugli-eai978886896445","17":"first","18":"instock","19":"sale","20":"shipping-taxable","21":"purchasable","22":"product-type-simple"},"yoast_head":"<!-- This site is optimized with the Yoast SEO plugin v25.4 - https:\/\/yoast.com\/wordpress\/plugins\/seo\/ -->\n<title>Il libro dell&#039;arte di mercatura | Guerini Editore<\/title>\n<meta name=\"description\" content=\"Il libro dell&#039;arte di mercatura rappresenta un fondamentale contributo alla comprensione delle origini del management e delle pratiche commerciali moderne.\" \/>\n<meta name=\"robots\" content=\"index, follow, max-snippet:-1, max-image-preview:large, max-video-preview:-1\" \/>\n<link rel=\"canonical\" href=\"https:\/\/www.guerini.it\/index.php\/prodotto\/il-libro-dellarte-di-mercatura\/\" \/>\n<meta property=\"og:locale\" content=\"it_IT\" \/>\n<meta property=\"og:type\" content=\"article\" \/>\n<meta property=\"og:title\" content=\"Il libro dell&#039;arte di mercatura | Guerini Editore\" \/>\n<meta property=\"og:description\" content=\"Il libro dell&#039;arte di mercatura rappresenta un fondamentale contributo alla comprensione delle origini del management e delle pratiche commerciali moderne.\" \/>\n<meta property=\"og:url\" content=\"https:\/\/www.guerini.it\/index.php\/prodotto\/il-libro-dellarte-di-mercatura\/\" \/>\n<meta property=\"og:site_name\" content=\"Guerini e Associati\" \/>\n<meta property=\"article:modified_time\" content=\"2024-06-09T18:25:38+00:00\" \/>\n<meta property=\"og:image\" content=\"https:\/\/www.guerini.it\/wp-content\/uploads\/2022\/07\/9788868964450-e1659010155881.jpg\" \/>\n\t<meta property=\"og:image:width\" content=\"248\" \/>\n\t<meta property=\"og:image:height\" content=\"350\" \/>\n\t<meta property=\"og:image:type\" content=\"image\/jpeg\" \/>\n<meta name=\"twitter:card\" content=\"summary_large_image\" \/>\n<meta name=\"twitter:label1\" content=\"Tempo di lettura stimato\" \/>\n\t<meta name=\"twitter:data1\" content=\"2 minuti\" \/>\n<!-- \/ Yoast SEO plugin. -->","yoast_head_json":{"title":"Il libro dell'arte di mercatura | Guerini Editore","description":"Il libro dell'arte di mercatura rappresenta un fondamentale contributo alla comprensione delle origini del management e delle pratiche commerciali moderne.","robots":{"index":"index","follow":"follow","max-snippet":"max-snippet:-1","max-image-preview":"max-image-preview:large","max-video-preview":"max-video-preview:-1"},"canonical":"https:\/\/www.guerini.it\/index.php\/prodotto\/il-libro-dellarte-di-mercatura\/","og_locale":"it_IT","og_type":"article","og_title":"Il libro dell'arte di mercatura | Guerini Editore","og_description":"Il libro dell'arte di mercatura rappresenta un fondamentale contributo alla comprensione delle origini del management e delle pratiche commerciali moderne.","og_url":"https:\/\/www.guerini.it\/index.php\/prodotto\/il-libro-dellarte-di-mercatura\/","og_site_name":"Guerini e Associati","article_modified_time":"2024-06-09T18:25:38+00:00","og_image":[{"width":248,"height":350,"url":"https:\/\/www.guerini.it\/wp-content\/uploads\/2022\/07\/9788868964450-e1659010155881.jpg","type":"image\/jpeg"}],"twitter_card":"summary_large_image","twitter_misc":{"Tempo di lettura stimato":"2 minuti"},"schema":{"@context":"https:\/\/schema.org","@graph":[{"@type":"WebPage","@id":"https:\/\/www.guerini.it\/index.php\/prodotto\/il-libro-dellarte-di-mercatura\/","url":"https:\/\/www.guerini.it\/index.php\/prodotto\/il-libro-dellarte-di-mercatura\/","name":"Il libro dell'arte di mercatura | Guerini Editore","isPartOf":{"@id":"https:\/\/www.guerini.it\/#website"},"primaryImageOfPage":{"@id":"https:\/\/www.guerini.it\/index.php\/prodotto\/il-libro-dellarte-di-mercatura\/#primaryimage"},"image":{"@id":"https:\/\/www.guerini.it\/index.php\/prodotto\/il-libro-dellarte-di-mercatura\/#primaryimage"},"thumbnailUrl":"https:\/\/www.guerini.it\/wp-content\/uploads\/2022\/07\/9788868964450-e1659010155881.jpg","datePublished":"2022-07-28T12:10:03+00:00","dateModified":"2024-06-09T18:25:38+00:00","description":"Il libro dell'arte di mercatura rappresenta un fondamentale contributo alla comprensione delle origini del management e delle pratiche commerciali moderne.","breadcrumb":{"@id":"https:\/\/www.guerini.it\/index.php\/prodotto\/il-libro-dellarte-di-mercatura\/#breadcrumb"},"inLanguage":"it-IT","potentialAction":[{"@type":"ReadAction","target":["https:\/\/www.guerini.it\/index.php\/prodotto\/il-libro-dellarte-di-mercatura\/"]}]},{"@type":"ImageObject","inLanguage":"it-IT","@id":"https:\/\/www.guerini.it\/index.php\/prodotto\/il-libro-dellarte-di-mercatura\/#primaryimage","url":"https:\/\/www.guerini.it\/wp-content\/uploads\/2022\/07\/9788868964450-e1659010155881.jpg","contentUrl":"https:\/\/www.guerini.it\/wp-content\/uploads\/2022\/07\/9788868964450-e1659010155881.jpg","width":248,"height":350,"caption":"Copertina del volume Il libro dell'arte di mercatura"},{"@type":"BreadcrumbList","@id":"https:\/\/www.guerini.it\/index.php\/prodotto\/il-libro-dellarte-di-mercatura\/#breadcrumb","itemListElement":[{"@type":"ListItem","position":1,"name":"Home","item":"https:\/\/www.guerini.it\/"},{"@type":"ListItem","position":2,"name":"Catalogo","item":"https:\/\/www.guerini.it\/index.php\/negozio\/"},{"@type":"ListItem","position":3,"name":"Il libro dell&#8217;arte di mercatura"}]},{"@type":"WebSite","@id":"https:\/\/www.guerini.it\/#website","url":"https:\/\/www.guerini.it\/","name":"Guerini e Associati","description":"30 anni di libri, idee e libert\u00e0","publisher":{"@id":"https:\/\/www.guerini.it\/#organization"},"potentialAction":[{"@type":"SearchAction","target":{"@type":"EntryPoint","urlTemplate":"https:\/\/www.guerini.it\/?s={search_term_string}"},"query-input":{"@type":"PropertyValueSpecification","valueRequired":true,"valueName":"search_term_string"}}],"inLanguage":"it-IT"},{"@type":"Organization","@id":"https:\/\/www.guerini.it\/#organization","name":"Guerini e Associati","url":"https:\/\/www.guerini.it\/","logo":{"@type":"ImageObject","inLanguage":"it-IT","@id":"https:\/\/www.guerini.it\/#\/schema\/logo\/image\/","url":"https:\/\/www.guerini.it\/wp-content\/uploads\/2021\/03\/Logo-Guerini-OK_-e1615831292285.png","contentUrl":"https:\/\/www.guerini.it\/wp-content\/uploads\/2021\/03\/Logo-Guerini-OK_-e1615831292285.png","width":2805,"height":1870,"caption":"Guerini e Associati"},"image":{"@id":"https:\/\/www.guerini.it\/#\/schema\/logo\/image\/"}}]}},"_links":{"self":[{"href":"https:\/\/www.guerini.it\/index.php\/wp-json\/wp\/v2\/product\/22848","targetHints":{"allow":["GET"]}}],"collection":[{"href":"https:\/\/www.guerini.it\/index.php\/wp-json\/wp\/v2\/product"}],"about":[{"href":"https:\/\/www.guerini.it\/index.php\/wp-json\/wp\/v2\/types\/product"}],"wp:featuredmedia":[{"embeddable":true,"href":"https:\/\/www.guerini.it\/index.php\/wp-json\/wp\/v2\/media\/22849"}],"wp:attachment":[{"href":"https:\/\/www.guerini.it\/index.php\/wp-json\/wp\/v2\/media?parent=22848"}],"wp:term":[{"taxonomy":"product_brand","embeddable":true,"href":"https:\/\/www.guerini.it\/index.php\/wp-json\/wp\/v2\/product_brand?post=22848"},{"taxonomy":"product_cat","embeddable":true,"href":"https:\/\/www.guerini.it\/index.php\/wp-json\/wp\/v2\/product_cat?post=22848"},{"taxonomy":"product_tag","embeddable":true,"href":"https:\/\/www.guerini.it\/index.php\/wp-json\/wp\/v2\/product_tag?post=22848"}],"curies":[{"name":"wp","href":"https:\/\/api.w.org\/{rel}","templated":true}]}}