{"id":23188,"date":"2022-10-06T14:55:29","date_gmt":"2022-10-06T12:55:29","guid":{"rendered":"https:\/\/www.guerini.it\/?post_type=product&#038;p=23188"},"modified":"2024-06-09T20:25:46","modified_gmt":"2024-06-09T18:25:46","slug":"h-simon-f-fiorese-profitto-guerini-editore","status":"publish","type":"product","link":"https:\/\/www.guerini.it\/index.php\/prodotto\/h-simon-f-fiorese-profitto-guerini-editore\/","title":{"rendered":"Profitto"},"content":{"rendered":"<p style=\"text-align: justify;\">Il profitto. Un concetto apparentemente immediato, imprescindibile per l\u2019economia reale, eppure spesso frainteso o depotenziato. Secondo ricerche recenti svolte in una serie di aziende italiane, la maggioranza degli imprenditori e top manager intervistati non sapeva indicare, nemmeno approssimativamente, il profitto medio della propria azienda, sovrastimando in larga misura il dato.<br \/>\nQuesto libro, scritto dall\u2019economista ed esperto di fama internazionale Hermann Simon, con la collaborazione di Francesco Fiorese, vuole colmare tale lacuna. Partendo dalle basi e dalle definizioni economico finanziarie del profitto, l\u2019opera si occupa di sfatare alcuni falsi miti profondamente deleteri per la corretta conduzione e gestione di un\u2019impresa, come l\u2019idea che il profitto sia l\u2019antitesi del cosiddetto <em>purpose<\/em> e degli obiettivi di sostenibilit\u00e0, quando la sola sostenibilit\u00e0 davvero possibile \u00e8 quella che si fonda su aziende sane ed economicamente stabili. Gli autori arrivano poi ad agganciarsi ai temi pi\u00f9 attuali, come la recentemente approvata, e molto dibattuta, \u00abMinimum Tax\u00bb.<\/p>\n<hr \/>\n<p style=\"text-align: justify;\"><strong>Hermann Simon<\/strong> \u00e8 fondatore e Honorary Chairman di Simon-Kucher &amp; Partners. Annoverato fra i cinquanta maggiori management thinkers contemporanei, ha insegnato come accademico nelle pi\u00f9 prestigiose universit\u00e0 e scuole di business del mondo, tra cui Insead, MIT, Harvard, Stanford e London Business School. Ha pubblicato pi\u00f9 di quaranta libri tradotti in oltre trenta lingue, coniando nuovi tagli analitici per il management, come i \u00abCampioni Nascosti\u00bb, e sempre tenendo il profitto e le opportunit\u00e0 per le aziende al centro della narrazione.<\/p>\n<p style=\"text-align: justify;\"><strong>Francesco Fiorese<\/strong> \u00e8 Partner dell\u2019ufficio di Milano della Simon-Kucher &amp; Partners. Esperto di strategia, assiste multinazionali e PMI in iniziative di eccellenza commerciale, <em>value creation<\/em> e crescita sostenibile. Laureato in Ingegneria presso l\u2019Universit\u00e0 di Padova, \u00e8 autore di numerosi articoli e studi dedicati alla strategia e al marketing e partecipa in qualit\u00e0 di esperto a convegni in Italia e all\u2019estero.<\/p>\n","protected":false},"excerpt":{"rendered":"<p>Il profitto. Un concetto apparentemente immediato, imprescindibile per l\u2019economia reale, eppure spesso frainteso o depotenziato. Secondo ricerche recenti svolte in una serie di aziende italiane, la maggioranza degli imprenditori e [&hellip;]<\/p>\n","protected":false},"featured_media":23189,"template":"","meta":{"_editorskit_title_hidden":false,"_editorskit_reading_time":0,"_editorskit_is_block_options_detached":false,"_editorskit_block_options_position":"{}","_monsterinsights_skip_tracking":false,"_monsterinsights_sitenote_active":false,"_monsterinsights_sitenote_note":"","_monsterinsights_sitenote_category":0},"product_brand":[],"product_cat":[6805,6529],"product_tag":[6815,7579,6754],"class_list":{"0":"post-23188","1":"product","2":"type-product","3":"status-publish","4":"has-post-thumbnail","6":"product_cat-guerini-next","7":"product_cat-economia-e-management","8":"product_tag-economia","9":"product_tag-imprese","10":"product_tag-sostenibilita","11":"pa_guerini_amazon_link-https-www-amazon-it-profitto-hermann-simon-dp-886896435x","12":"pa_guerini_feltrinelli_link-https-www-lafeltrinelli-it-profitto-come-massimizzarlo-per-impresa-libro-hermann-simon-francesco-fiorese-e-9788868964351","13":"pa_guerini_ibs_link-https-www-ibs-it-profitto-come-massimizzarlo-per-impresa-libro-hermann-simon-francesco-fiorese-e-9788868964351","14":"pa_guerini_libruniver_link-https-www-libreriauniversitaria-it-profitto-massimizzarlo-impresa-societa-davvero-libro-9788868964351","15":"pa_guerini_link_amazon-https-www-amazon-it-profitto-massimizzarlo-unimpresa-societ-sostenibili-ebook-dp-b0bljdxyb6","16":"pa_guerini_link_apple_ibook-https-books-apple-com-it-book-profitto-come-massimizzarlo-per-unimpresa-e-una-societ-id6444213729","17":"pa_guerini_link_bookrepublic-https-www-bookrepublic-it-ebook-9788868964368-profitto-goware-guerini-next","18":"pa_guerini_link_giunti_punto-https-www-giuntialpunto-it-product-b0bljdxyb6-libri-profitto-come-massimizzarlo-unimpresa-e-una-societ-davvero-sostenibili","19":"pa_guerini_link_google_play-https-play-google-com-store-books-details-hermann_simon_profitto_come_massimizzarlo_per_un_iidypczeaaaqbaj","20":"pa_guerini_link_ibs-https-www-ibs-it-profitto-ebook-francesco-fiorese-hermann-simon-e-9788868964368","21":"pa_guerini_link_kobo-https-www-kobo-com-it-it-ebook-profitto","22":"pa_guerini_link_lafeltrinelli-https-www-lafeltrinelli-it-profitto-ebook-francesco-fiorese-hermann-simon-e-9788868964368","23":"pa_guerini_link_mondadori-https-www-mondadoristore-it-profitto-francesco-fiorese-simon-hermann-eai978886896436","24":"pa_guerini_mondadori_link-https-www-mondadoristore-it-profitto-come-massimizzarlo-francesco-fiorese-hermann-simon-eai978886896435","26":"first","27":"instock","28":"sale","29":"shipping-taxable","30":"purchasable","31":"product-type-simple"},"yoast_head":"<!-- This site is optimized with the Yoast SEO plugin v25.4 - https:\/\/yoast.com\/wordpress\/plugins\/seo\/ -->\n<title>Profitto - Guerini e Associati<\/title>\n<meta name=\"description\" content=\"Partendo da definizioni economico finanziarie, il volume Profitto si occupa di sfatare alcuni falsi miti deleteri per la corretta gestione di un\u2019impresa.\" \/>\n<meta name=\"robots\" content=\"index, follow, max-snippet:-1, max-image-preview:large, max-video-preview:-1\" \/>\n<link rel=\"canonical\" href=\"https:\/\/www.guerini.it\/index.php\/prodotto\/h-simon-f-fiorese-profitto-guerini-editore\/\" \/>\n<meta property=\"og:locale\" content=\"it_IT\" \/>\n<meta property=\"og:type\" content=\"article\" \/>\n<meta property=\"og:title\" content=\"Profitto - Guerini e Associati\" \/>\n<meta property=\"og:description\" content=\"Partendo da definizioni economico finanziarie, il volume Profitto si occupa di sfatare alcuni falsi miti deleteri per la corretta gestione di un\u2019impresa.\" \/>\n<meta property=\"og:url\" content=\"https:\/\/www.guerini.it\/index.php\/prodotto\/h-simon-f-fiorese-profitto-guerini-editore\/\" \/>\n<meta property=\"og:site_name\" content=\"Guerini e Associati\" \/>\n<meta property=\"article:modified_time\" content=\"2024-06-09T18:25:46+00:00\" \/>\n<meta property=\"og:image\" content=\"https:\/\/www.guerini.it\/wp-content\/uploads\/2022\/10\/9788868964351-e1665060920202.jpg\" \/>\n\t<meta property=\"og:image:width\" content=\"225\" \/>\n\t<meta property=\"og:image:height\" content=\"350\" \/>\n\t<meta property=\"og:image:type\" content=\"image\/jpeg\" \/>\n<meta name=\"twitter:card\" content=\"summary_large_image\" \/>\n<meta name=\"twitter:label1\" content=\"Tempo di lettura stimato\" \/>\n\t<meta name=\"twitter:data1\" content=\"2 minuti\" \/>\n<!-- \/ Yoast SEO plugin. -->","yoast_head_json":{"title":"Profitto - Guerini e Associati","description":"Partendo da definizioni economico finanziarie, il volume Profitto si occupa di sfatare alcuni falsi miti deleteri per la corretta gestione di un\u2019impresa.","robots":{"index":"index","follow":"follow","max-snippet":"max-snippet:-1","max-image-preview":"max-image-preview:large","max-video-preview":"max-video-preview:-1"},"canonical":"https:\/\/www.guerini.it\/index.php\/prodotto\/h-simon-f-fiorese-profitto-guerini-editore\/","og_locale":"it_IT","og_type":"article","og_title":"Profitto - Guerini e Associati","og_description":"Partendo da definizioni economico finanziarie, il volume Profitto si occupa di sfatare alcuni falsi miti deleteri per la corretta gestione di un\u2019impresa.","og_url":"https:\/\/www.guerini.it\/index.php\/prodotto\/h-simon-f-fiorese-profitto-guerini-editore\/","og_site_name":"Guerini e Associati","article_modified_time":"2024-06-09T18:25:46+00:00","og_image":[{"width":225,"height":350,"url":"https:\/\/www.guerini.it\/wp-content\/uploads\/2022\/10\/9788868964351-e1665060920202.jpg","type":"image\/jpeg"}],"twitter_card":"summary_large_image","twitter_misc":{"Tempo di lettura stimato":"2 minuti"},"schema":{"@context":"https:\/\/schema.org","@graph":[{"@type":"WebPage","@id":"https:\/\/www.guerini.it\/index.php\/prodotto\/h-simon-f-fiorese-profitto-guerini-editore\/","url":"https:\/\/www.guerini.it\/index.php\/prodotto\/h-simon-f-fiorese-profitto-guerini-editore\/","name":"Profitto - Guerini e Associati","isPartOf":{"@id":"https:\/\/www.guerini.it\/#website"},"primaryImageOfPage":{"@id":"https:\/\/www.guerini.it\/index.php\/prodotto\/h-simon-f-fiorese-profitto-guerini-editore\/#primaryimage"},"image":{"@id":"https:\/\/www.guerini.it\/index.php\/prodotto\/h-simon-f-fiorese-profitto-guerini-editore\/#primaryimage"},"thumbnailUrl":"https:\/\/www.guerini.it\/wp-content\/uploads\/2022\/10\/9788868964351-e1665060920202.jpg","datePublished":"2022-10-06T12:55:29+00:00","dateModified":"2024-06-09T18:25:46+00:00","description":"Partendo da definizioni economico finanziarie, il volume Profitto si occupa di sfatare alcuni falsi miti deleteri per la corretta gestione di un\u2019impresa.","breadcrumb":{"@id":"https:\/\/www.guerini.it\/index.php\/prodotto\/h-simon-f-fiorese-profitto-guerini-editore\/#breadcrumb"},"inLanguage":"it-IT","potentialAction":[{"@type":"ReadAction","target":["https:\/\/www.guerini.it\/index.php\/prodotto\/h-simon-f-fiorese-profitto-guerini-editore\/"]}]},{"@type":"ImageObject","inLanguage":"it-IT","@id":"https:\/\/www.guerini.it\/index.php\/prodotto\/h-simon-f-fiorese-profitto-guerini-editore\/#primaryimage","url":"https:\/\/www.guerini.it\/wp-content\/uploads\/2022\/10\/9788868964351-e1665060920202.jpg","contentUrl":"https:\/\/www.guerini.it\/wp-content\/uploads\/2022\/10\/9788868964351-e1665060920202.jpg","width":225,"height":350,"caption":"Copertina del volume Profitto"},{"@type":"BreadcrumbList","@id":"https:\/\/www.guerini.it\/index.php\/prodotto\/h-simon-f-fiorese-profitto-guerini-editore\/#breadcrumb","itemListElement":[{"@type":"ListItem","position":1,"name":"Home","item":"https:\/\/www.guerini.it\/"},{"@type":"ListItem","position":2,"name":"Catalogo","item":"https:\/\/www.guerini.it\/index.php\/negozio\/"},{"@type":"ListItem","position":3,"name":"Profitto"}]},{"@type":"WebSite","@id":"https:\/\/www.guerini.it\/#website","url":"https:\/\/www.guerini.it\/","name":"Guerini e Associati","description":"30 anni di libri, idee e libert\u00e0","publisher":{"@id":"https:\/\/www.guerini.it\/#organization"},"potentialAction":[{"@type":"SearchAction","target":{"@type":"EntryPoint","urlTemplate":"https:\/\/www.guerini.it\/?s={search_term_string}"},"query-input":{"@type":"PropertyValueSpecification","valueRequired":true,"valueName":"search_term_string"}}],"inLanguage":"it-IT"},{"@type":"Organization","@id":"https:\/\/www.guerini.it\/#organization","name":"Guerini e Associati","url":"https:\/\/www.guerini.it\/","logo":{"@type":"ImageObject","inLanguage":"it-IT","@id":"https:\/\/www.guerini.it\/#\/schema\/logo\/image\/","url":"https:\/\/www.guerini.it\/wp-content\/uploads\/2021\/03\/Logo-Guerini-OK_-e1615831292285.png","contentUrl":"https:\/\/www.guerini.it\/wp-content\/uploads\/2021\/03\/Logo-Guerini-OK_-e1615831292285.png","width":2805,"height":1870,"caption":"Guerini e Associati"},"image":{"@id":"https:\/\/www.guerini.it\/#\/schema\/logo\/image\/"}}]}},"_links":{"self":[{"href":"https:\/\/www.guerini.it\/index.php\/wp-json\/wp\/v2\/product\/23188","targetHints":{"allow":["GET"]}}],"collection":[{"href":"https:\/\/www.guerini.it\/index.php\/wp-json\/wp\/v2\/product"}],"about":[{"href":"https:\/\/www.guerini.it\/index.php\/wp-json\/wp\/v2\/types\/product"}],"wp:featuredmedia":[{"embeddable":true,"href":"https:\/\/www.guerini.it\/index.php\/wp-json\/wp\/v2\/media\/23189"}],"wp:attachment":[{"href":"https:\/\/www.guerini.it\/index.php\/wp-json\/wp\/v2\/media?parent=23188"}],"wp:term":[{"taxonomy":"product_brand","embeddable":true,"href":"https:\/\/www.guerini.it\/index.php\/wp-json\/wp\/v2\/product_brand?post=23188"},{"taxonomy":"product_cat","embeddable":true,"href":"https:\/\/www.guerini.it\/index.php\/wp-json\/wp\/v2\/product_cat?post=23188"},{"taxonomy":"product_tag","embeddable":true,"href":"https:\/\/www.guerini.it\/index.php\/wp-json\/wp\/v2\/product_tag?post=23188"}],"curies":[{"name":"wp","href":"https:\/\/api.w.org\/{rel}","templated":true}]}}