{"id":23542,"date":"2014-05-08T13:18:28","date_gmt":"2014-05-08T11:18:28","guid":{"rendered":"https:\/\/www.guerini.it\/?post_type=product&#038;p=23542"},"modified":"2024-06-09T20:25:48","modified_gmt":"2024-06-09T18:25:48","slug":"salute-e-sicurezza","status":"publish","type":"product","link":"https:\/\/www.guerini.it\/index.php\/prodotto\/salute-e-sicurezza\/","title":{"rendered":"Salute e sicurezza"},"content":{"rendered":"<p style=\"text-align: justify;\">\u00abNel momento in cui si sia chiamati ad aggiornarsi o istruirsi in merito al tema della sicurezza sul lavoro la reazione pi\u00f9 diffusa e istintiva, \u00e8 di svogliata rassegnazione. In realt\u00e0, le aziende sono tenute al rispetto e all\u2019applicazione delle leggi in materia. La tutela della salute e della sicurezza sul lavoro rappresenta un\u2019assoluta priorit\u00e0 per il nostro Paese. Con l\u2019approvazione definitiva, nel luglio 2009, del decreto correttivo al Testo unico n. 81\/2008, l\u2019Italia ha completato il disegno di riforma iniziato nel 2007, che le consente di essere equiparata agli standard normativi internazionali ed europei\u00bb.<br \/>\nNon \u00e8 comunque semplice addentrarsi nei cavilli burocratici della normativa, n\u00e9 interpretare correttamente le disposizioni del legislatore.<br \/>\nQuesto studio aiuta a chiarire i ruoli dei soggetti coinvolti, dal datore di lavoro, al medico competente, sino al dipendente; illustra le caratteristiche e le applicazioni dei dispositivi di protezione individuale e collettiva e descrive, nel dettaglio, i rischi che anche un semplice ambiente di lavoro pu\u00f2 comportare.<\/p>\n<hr \/>\n<p style=\"text-align: justify;\"><strong>IVAN CASTELLO<\/strong> \u00e8 amministratore di Sicurama, societ\u00e0 specializzata in consulenza alle imprese in materia di salute e sicurezza sul lavoro.<\/p>\n<p style=\"text-align: justify;\"><strong>ROBERTO LOMBARDI<\/strong> \u00e8 partner di Kenton &amp; Miles Audit &amp; Consulting e consulente presso CNA Consulenza srl.<\/p>\n","protected":false},"excerpt":{"rendered":"<p>\u00abNel momento in cui si sia chiamati ad aggiornarsi o istruirsi in merito al tema della sicurezza sul lavoro la reazione pi\u00f9 diffusa e istintiva, \u00e8 di svogliata rassegnazione. In [&hellip;]<\/p>\n","protected":false},"featured_media":23543,"template":"","meta":{"_editorskit_title_hidden":false,"_editorskit_reading_time":0,"_editorskit_is_block_options_detached":false,"_editorskit_block_options_position":"{}","_monsterinsights_skip_tracking":false,"_monsterinsights_sitenote_active":false,"_monsterinsights_sitenote_note":"","_monsterinsights_sitenote_category":0},"product_brand":[],"product_cat":[6805,6529],"product_tag":[],"class_list":{"0":"post-23542","1":"product","2":"type-product","3":"status-publish","4":"has-post-thumbnail","6":"product_cat-guerini-next","7":"product_cat-economia-e-management","8":"pa_guerini_amazon_link-https-www-amazon-it-salute-sicurezza-appunti-recente-normativa-dp-8862505329","9":"pa_guerini_feltrinelli_link-https-www-lafeltrinelli-it-salute-sicurezza-appunti-sulla-recente-libro-ivan-castello-roberto-lombardi-e-9788862505321","10":"pa_guerini_ibs_link-https-www-ibs-it-salute-sicurezza-appunti-sulla-recente-libro-ivan-castello-roberto-lombardi-e-9788862505321","11":"pa_guerini_libruniver_link-https-www-libreriauniversitaria-it-salute-sicurezza-appunti-recente-normativa-libro-9788862505321","12":"pa_guerini_mondadori_link-https-www-mondadoristore-it-salute-sicurezza-appunti-ivan-castello-roberto-lombardi-eai978886250532","14":"first","15":"instock","16":"sale","17":"shipping-taxable","18":"purchasable","19":"product-type-simple"},"yoast_head":"<!-- This site is optimized with the Yoast SEO plugin v25.4 - https:\/\/yoast.com\/wordpress\/plugins\/seo\/ -->\n<title>Salute e sicurezza - Guerini e Associati<\/title>\n<meta name=\"robots\" content=\"index, follow, max-snippet:-1, max-image-preview:large, max-video-preview:-1\" \/>\n<link rel=\"canonical\" href=\"https:\/\/www.guerini.it\/index.php\/prodotto\/salute-e-sicurezza\/\" \/>\n<meta property=\"og:locale\" content=\"it_IT\" \/>\n<meta property=\"og:type\" content=\"article\" \/>\n<meta property=\"og:title\" content=\"Salute e sicurezza - Guerini e Associati\" \/>\n<meta property=\"og:description\" content=\"\u00abNel momento in cui si sia chiamati ad aggiornarsi o istruirsi in merito al tema della sicurezza sul lavoro la reazione pi\u00f9 diffusa e istintiva, \u00e8 di svogliata rassegnazione. In [&hellip;]\" \/>\n<meta property=\"og:url\" content=\"https:\/\/www.guerini.it\/index.php\/prodotto\/salute-e-sicurezza\/\" \/>\n<meta property=\"og:site_name\" content=\"Guerini e Associati\" \/>\n<meta property=\"article:modified_time\" content=\"2024-06-09T18:25:48+00:00\" \/>\n<meta property=\"og:image\" content=\"https:\/\/www.guerini.it\/wp-content\/uploads\/2022\/12\/Salute-e-sicurezza.webp\" \/>\n\t<meta property=\"og:image:width\" content=\"812\" \/>\n\t<meta property=\"og:image:height\" content=\"1244\" \/>\n\t<meta property=\"og:image:type\" content=\"image\/webp\" \/>\n<meta name=\"twitter:card\" content=\"summary_large_image\" \/>\n<meta name=\"twitter:label1\" content=\"Tempo di lettura stimato\" \/>\n\t<meta name=\"twitter:data1\" content=\"2 minuti\" \/>\n<!-- \/ Yoast SEO plugin. -->","yoast_head_json":{"title":"Salute e sicurezza - Guerini e Associati","robots":{"index":"index","follow":"follow","max-snippet":"max-snippet:-1","max-image-preview":"max-image-preview:large","max-video-preview":"max-video-preview:-1"},"canonical":"https:\/\/www.guerini.it\/index.php\/prodotto\/salute-e-sicurezza\/","og_locale":"it_IT","og_type":"article","og_title":"Salute e sicurezza - Guerini e Associati","og_description":"\u00abNel momento in cui si sia chiamati ad aggiornarsi o istruirsi in merito al tema della sicurezza sul lavoro la reazione pi\u00f9 diffusa e istintiva, \u00e8 di svogliata rassegnazione. In [&hellip;]","og_url":"https:\/\/www.guerini.it\/index.php\/prodotto\/salute-e-sicurezza\/","og_site_name":"Guerini e Associati","article_modified_time":"2024-06-09T18:25:48+00:00","og_image":[{"width":812,"height":1244,"url":"https:\/\/www.guerini.it\/wp-content\/uploads\/2022\/12\/Salute-e-sicurezza.webp","type":"image\/webp"}],"twitter_card":"summary_large_image","twitter_misc":{"Tempo di lettura stimato":"2 minuti"},"schema":{"@context":"https:\/\/schema.org","@graph":[{"@type":"WebPage","@id":"https:\/\/www.guerini.it\/index.php\/prodotto\/salute-e-sicurezza\/","url":"https:\/\/www.guerini.it\/index.php\/prodotto\/salute-e-sicurezza\/","name":"Salute e sicurezza - Guerini e Associati","isPartOf":{"@id":"https:\/\/www.guerini.it\/#website"},"primaryImageOfPage":{"@id":"https:\/\/www.guerini.it\/index.php\/prodotto\/salute-e-sicurezza\/#primaryimage"},"image":{"@id":"https:\/\/www.guerini.it\/index.php\/prodotto\/salute-e-sicurezza\/#primaryimage"},"thumbnailUrl":"https:\/\/www.guerini.it\/wp-content\/uploads\/2022\/12\/Salute-e-sicurezza.webp","datePublished":"2014-05-08T11:18:28+00:00","dateModified":"2024-06-09T18:25:48+00:00","breadcrumb":{"@id":"https:\/\/www.guerini.it\/index.php\/prodotto\/salute-e-sicurezza\/#breadcrumb"},"inLanguage":"it-IT","potentialAction":[{"@type":"ReadAction","target":["https:\/\/www.guerini.it\/index.php\/prodotto\/salute-e-sicurezza\/"]}]},{"@type":"ImageObject","inLanguage":"it-IT","@id":"https:\/\/www.guerini.it\/index.php\/prodotto\/salute-e-sicurezza\/#primaryimage","url":"https:\/\/www.guerini.it\/wp-content\/uploads\/2022\/12\/Salute-e-sicurezza.webp","contentUrl":"https:\/\/www.guerini.it\/wp-content\/uploads\/2022\/12\/Salute-e-sicurezza.webp","width":812,"height":1244,"caption":"Copertina del volume Salute e sicurezza, Guerini Next, 2014"},{"@type":"BreadcrumbList","@id":"https:\/\/www.guerini.it\/index.php\/prodotto\/salute-e-sicurezza\/#breadcrumb","itemListElement":[{"@type":"ListItem","position":1,"name":"Home","item":"https:\/\/www.guerini.it\/"},{"@type":"ListItem","position":2,"name":"Catalogo","item":"https:\/\/www.guerini.it\/index.php\/negozio\/"},{"@type":"ListItem","position":3,"name":"Salute e sicurezza"}]},{"@type":"WebSite","@id":"https:\/\/www.guerini.it\/#website","url":"https:\/\/www.guerini.it\/","name":"Guerini e Associati","description":"30 anni di libri, idee e libert\u00e0","publisher":{"@id":"https:\/\/www.guerini.it\/#organization"},"potentialAction":[{"@type":"SearchAction","target":{"@type":"EntryPoint","urlTemplate":"https:\/\/www.guerini.it\/?s={search_term_string}"},"query-input":{"@type":"PropertyValueSpecification","valueRequired":true,"valueName":"search_term_string"}}],"inLanguage":"it-IT"},{"@type":"Organization","@id":"https:\/\/www.guerini.it\/#organization","name":"Guerini e Associati","url":"https:\/\/www.guerini.it\/","logo":{"@type":"ImageObject","inLanguage":"it-IT","@id":"https:\/\/www.guerini.it\/#\/schema\/logo\/image\/","url":"https:\/\/www.guerini.it\/wp-content\/uploads\/2021\/03\/Logo-Guerini-OK_-e1615831292285.png","contentUrl":"https:\/\/www.guerini.it\/wp-content\/uploads\/2021\/03\/Logo-Guerini-OK_-e1615831292285.png","width":2805,"height":1870,"caption":"Guerini e Associati"},"image":{"@id":"https:\/\/www.guerini.it\/#\/schema\/logo\/image\/"}}]}},"_links":{"self":[{"href":"https:\/\/www.guerini.it\/index.php\/wp-json\/wp\/v2\/product\/23542","targetHints":{"allow":["GET"]}}],"collection":[{"href":"https:\/\/www.guerini.it\/index.php\/wp-json\/wp\/v2\/product"}],"about":[{"href":"https:\/\/www.guerini.it\/index.php\/wp-json\/wp\/v2\/types\/product"}],"wp:featuredmedia":[{"embeddable":true,"href":"https:\/\/www.guerini.it\/index.php\/wp-json\/wp\/v2\/media\/23543"}],"wp:attachment":[{"href":"https:\/\/www.guerini.it\/index.php\/wp-json\/wp\/v2\/media?parent=23542"}],"wp:term":[{"taxonomy":"product_brand","embeddable":true,"href":"https:\/\/www.guerini.it\/index.php\/wp-json\/wp\/v2\/product_brand?post=23542"},{"taxonomy":"product_cat","embeddable":true,"href":"https:\/\/www.guerini.it\/index.php\/wp-json\/wp\/v2\/product_cat?post=23542"},{"taxonomy":"product_tag","embeddable":true,"href":"https:\/\/www.guerini.it\/index.php\/wp-json\/wp\/v2\/product_tag?post=23542"}],"curies":[{"name":"wp","href":"https:\/\/api.w.org\/{rel}","templated":true}]}}