{"id":23544,"date":"2022-12-23T15:58:31","date_gmt":"2022-12-23T14:58:31","guid":{"rendered":"https:\/\/www.guerini.it\/?post_type=product&#038;p=23544"},"modified":"2024-06-09T20:25:49","modified_gmt":"2024-06-09T18:25:49","slug":"supply-chain-management-e-intelligenza-artificiale","status":"publish","type":"product","link":"https:\/\/www.guerini.it\/index.php\/prodotto\/supply-chain-management-e-intelligenza-artificiale\/","title":{"rendered":"Supply chain management e intelligenza artificiale"},"content":{"rendered":"<p style=\"text-align: justify;\">L\u2019intelligenza artificiale applicata alla gestione delle Operations e della Supply Chain rappresenta una straordinaria opportunit\u00e0 per la competitivit\u00e0 delle aziende. Pu\u00f2 infatti impattare in misura rilevante sui costi, sulla produttivit\u00e0 degli operatori e degli impianti, sulla qualit\u00e0 dei processi e dei prodotti, sulla riduzione delle scorte, sui livelli di servizio. Tali risultati non sono per\u00f2 scontati. I progetti di adozione dell\u2019IA in ambito industriale sono caratterizzati da livelli di complessit\u00e0 molto elevati, ed \u00e8 indispensabile essere preparati per poter affrontare e governare la transizione da una gestione tradizionale a quella guidata dagli algoritmi. Gli autori, attraverso casi concreti, descrivono le applicazioni pi\u00f9 interessanti, i principali benefici conseguibili e come superare le barriere tecniche e organizzative.<\/p>\n<p>Il volume fa parte della collana <a href=\"https:\/\/www.guerini.it\/index.php\/categoria-prodotto\/default-category\/economia-e-management\/universita-cattaneo-libri\/\"><em>Universit\u00e0 Cattaneo Libri<\/em><\/a><\/p>\n<hr \/>\n<p style=\"text-align: justify;\"><strong>Raffaele Secchi<\/strong> \u00e8 professore ordinario di Economia e Gestione delle Imprese presso la <a href=\"https:\/\/www.liuc.it\/\">LIUC<\/a> \u2013 Universit\u00e0 Cattaneo di Castellanza. Dal 2017 presso il medesimo Ateneo ricopre il ruolo di Dean della LIUC Business School. \u00c8 Visiting Professor alla IESEG Business School dove insegna Lean Management all\u2019interno del programma International mba.<\/p>\n","protected":false},"excerpt":{"rendered":"<p>L\u2019intelligenza artificiale applicata alla gestione delle Operations e della Supply Chain rappresenta una straordinaria opportunit\u00e0 per la competitivit\u00e0 delle aziende. Pu\u00f2 infatti impattare in misura rilevante sui costi, sulla produttivit\u00e0 [&hellip;]<\/p>\n","protected":false},"featured_media":23545,"template":"","meta":{"_editorskit_title_hidden":false,"_editorskit_reading_time":0,"_editorskit_is_block_options_detached":false,"_editorskit_block_options_position":"{}","_monsterinsights_skip_tracking":false,"_monsterinsights_sitenote_active":false,"_monsterinsights_sitenote_note":"","_monsterinsights_sitenote_category":0},"product_brand":[],"product_cat":[6805,6529,6700],"product_tag":[7501,9992,9991],"class_list":{"0":"post-23544","1":"product","2":"type-product","3":"status-publish","4":"has-post-thumbnail","6":"product_cat-guerini-next","7":"product_cat-economia-e-management","8":"product_cat-universita-cattaneo-libri","9":"product_tag-intelligenza-artificiale","10":"product_tag-operations","11":"product_tag-supply-chain","12":"pa_guerini_amazon_link-https-www-amazon-it-management-intelligenza-artificiale-migliorare-competitivit-dp-8868964619","13":"pa_guerini_feltrinelli_link-https-www-lafeltrinelli-it-supply-chain-management-intelligenza-artificiale-libro-vari-e-9788868964610","14":"pa_guerini_ibs_link-https-www-ibs-it-supply-chain-management-intelligenza-artificiale-libro-vari-e-9788868964610","15":"pa_guerini_libruniver_link-https-www-libreriauniversitaria-it-supply-chain-management-intelligenza-artificiale-libro-9788868964610","16":"pa_guerini_mondadori_link-https-www-mondadoristore-it-supply-chain-management-na-eai978886896461","18":"first","19":"instock","20":"sale","21":"shipping-taxable","22":"purchasable","23":"product-type-simple"},"yoast_head":"<!-- This site is optimized with the Yoast SEO plugin v25.4 - https:\/\/yoast.com\/wordpress\/plugins\/seo\/ -->\n<title>R. Secchi (a cura di), Supply chain management | Guerini Editore<\/title>\n<meta name=\"description\" content=\"Come migliorare i processi e la competitivit\u00e0 aziendale con il Supply chain management e l&#039;intelligenza artificiale, un libro a cura di R. Secchi.\" \/>\n<meta name=\"robots\" content=\"index, follow, max-snippet:-1, max-image-preview:large, max-video-preview:-1\" \/>\n<link rel=\"canonical\" href=\"https:\/\/www.guerini.it\/index.php\/prodotto\/supply-chain-management-e-intelligenza-artificiale\/\" \/>\n<meta property=\"og:locale\" content=\"it_IT\" \/>\n<meta property=\"og:type\" content=\"article\" \/>\n<meta property=\"og:title\" content=\"R. Secchi (a cura di), Supply chain management | Guerini Editore\" \/>\n<meta property=\"og:description\" content=\"Come migliorare i processi e la competitivit\u00e0 aziendale con il Supply chain management e l&#039;intelligenza artificiale, un libro a cura di R. Secchi.\" \/>\n<meta property=\"og:url\" content=\"https:\/\/www.guerini.it\/index.php\/prodotto\/supply-chain-management-e-intelligenza-artificiale\/\" \/>\n<meta property=\"og:site_name\" content=\"Guerini e Associati\" \/>\n<meta property=\"article:modified_time\" content=\"2024-06-09T18:25:49+00:00\" \/>\n<meta property=\"og:image\" content=\"https:\/\/www.guerini.it\/wp-content\/uploads\/2022\/12\/Supply-chain-management.webp\" \/>\n\t<meta property=\"og:image:width\" content=\"652\" \/>\n\t<meta property=\"og:image:height\" content=\"1000\" \/>\n\t<meta property=\"og:image:type\" content=\"image\/webp\" \/>\n<meta name=\"twitter:card\" content=\"summary_large_image\" \/>\n<meta name=\"twitter:label1\" content=\"Tempo di lettura stimato\" \/>\n\t<meta name=\"twitter:data1\" content=\"2 minuti\" \/>\n<!-- \/ Yoast SEO plugin. -->","yoast_head_json":{"title":"R. Secchi (a cura di), Supply chain management | Guerini Editore","description":"Come migliorare i processi e la competitivit\u00e0 aziendale con il Supply chain management e l'intelligenza artificiale, un libro a cura di R. Secchi.","robots":{"index":"index","follow":"follow","max-snippet":"max-snippet:-1","max-image-preview":"max-image-preview:large","max-video-preview":"max-video-preview:-1"},"canonical":"https:\/\/www.guerini.it\/index.php\/prodotto\/supply-chain-management-e-intelligenza-artificiale\/","og_locale":"it_IT","og_type":"article","og_title":"R. Secchi (a cura di), Supply chain management | Guerini Editore","og_description":"Come migliorare i processi e la competitivit\u00e0 aziendale con il Supply chain management e l'intelligenza artificiale, un libro a cura di R. Secchi.","og_url":"https:\/\/www.guerini.it\/index.php\/prodotto\/supply-chain-management-e-intelligenza-artificiale\/","og_site_name":"Guerini e Associati","article_modified_time":"2024-06-09T18:25:49+00:00","og_image":[{"width":652,"height":1000,"url":"https:\/\/www.guerini.it\/wp-content\/uploads\/2022\/12\/Supply-chain-management.webp","type":"image\/webp"}],"twitter_card":"summary_large_image","twitter_misc":{"Tempo di lettura stimato":"2 minuti"},"schema":{"@context":"https:\/\/schema.org","@graph":[{"@type":"WebPage","@id":"https:\/\/www.guerini.it\/index.php\/prodotto\/supply-chain-management-e-intelligenza-artificiale\/","url":"https:\/\/www.guerini.it\/index.php\/prodotto\/supply-chain-management-e-intelligenza-artificiale\/","name":"R. Secchi (a cura di), Supply chain management | Guerini Editore","isPartOf":{"@id":"https:\/\/www.guerini.it\/#website"},"primaryImageOfPage":{"@id":"https:\/\/www.guerini.it\/index.php\/prodotto\/supply-chain-management-e-intelligenza-artificiale\/#primaryimage"},"image":{"@id":"https:\/\/www.guerini.it\/index.php\/prodotto\/supply-chain-management-e-intelligenza-artificiale\/#primaryimage"},"thumbnailUrl":"https:\/\/www.guerini.it\/wp-content\/uploads\/2022\/12\/Supply-chain-management.webp","datePublished":"2022-12-23T14:58:31+00:00","dateModified":"2024-06-09T18:25:49+00:00","description":"Come migliorare i processi e la competitivit\u00e0 aziendale con il Supply chain management e l'intelligenza artificiale, un libro a cura di R. Secchi.","breadcrumb":{"@id":"https:\/\/www.guerini.it\/index.php\/prodotto\/supply-chain-management-e-intelligenza-artificiale\/#breadcrumb"},"inLanguage":"it-IT","potentialAction":[{"@type":"ReadAction","target":["https:\/\/www.guerini.it\/index.php\/prodotto\/supply-chain-management-e-intelligenza-artificiale\/"]}]},{"@type":"ImageObject","inLanguage":"it-IT","@id":"https:\/\/www.guerini.it\/index.php\/prodotto\/supply-chain-management-e-intelligenza-artificiale\/#primaryimage","url":"https:\/\/www.guerini.it\/wp-content\/uploads\/2022\/12\/Supply-chain-management.webp","contentUrl":"https:\/\/www.guerini.it\/wp-content\/uploads\/2022\/12\/Supply-chain-management.webp","width":652,"height":1000,"caption":"Copertina del volume Supply chain management e intelligenza artificiale, Guerini Next, 2023"},{"@type":"BreadcrumbList","@id":"https:\/\/www.guerini.it\/index.php\/prodotto\/supply-chain-management-e-intelligenza-artificiale\/#breadcrumb","itemListElement":[{"@type":"ListItem","position":1,"name":"Home","item":"https:\/\/www.guerini.it\/"},{"@type":"ListItem","position":2,"name":"Catalogo","item":"https:\/\/www.guerini.it\/index.php\/negozio\/"},{"@type":"ListItem","position":3,"name":"Supply chain management e intelligenza artificiale"}]},{"@type":"WebSite","@id":"https:\/\/www.guerini.it\/#website","url":"https:\/\/www.guerini.it\/","name":"Guerini e Associati","description":"30 anni di libri, idee e libert\u00e0","publisher":{"@id":"https:\/\/www.guerini.it\/#organization"},"potentialAction":[{"@type":"SearchAction","target":{"@type":"EntryPoint","urlTemplate":"https:\/\/www.guerini.it\/?s={search_term_string}"},"query-input":{"@type":"PropertyValueSpecification","valueRequired":true,"valueName":"search_term_string"}}],"inLanguage":"it-IT"},{"@type":"Organization","@id":"https:\/\/www.guerini.it\/#organization","name":"Guerini e Associati","url":"https:\/\/www.guerini.it\/","logo":{"@type":"ImageObject","inLanguage":"it-IT","@id":"https:\/\/www.guerini.it\/#\/schema\/logo\/image\/","url":"https:\/\/www.guerini.it\/wp-content\/uploads\/2021\/03\/Logo-Guerini-OK_-e1615831292285.png","contentUrl":"https:\/\/www.guerini.it\/wp-content\/uploads\/2021\/03\/Logo-Guerini-OK_-e1615831292285.png","width":2805,"height":1870,"caption":"Guerini e Associati"},"image":{"@id":"https:\/\/www.guerini.it\/#\/schema\/logo\/image\/"}}]}},"_links":{"self":[{"href":"https:\/\/www.guerini.it\/index.php\/wp-json\/wp\/v2\/product\/23544","targetHints":{"allow":["GET"]}}],"collection":[{"href":"https:\/\/www.guerini.it\/index.php\/wp-json\/wp\/v2\/product"}],"about":[{"href":"https:\/\/www.guerini.it\/index.php\/wp-json\/wp\/v2\/types\/product"}],"wp:featuredmedia":[{"embeddable":true,"href":"https:\/\/www.guerini.it\/index.php\/wp-json\/wp\/v2\/media\/23545"}],"wp:attachment":[{"href":"https:\/\/www.guerini.it\/index.php\/wp-json\/wp\/v2\/media?parent=23544"}],"wp:term":[{"taxonomy":"product_brand","embeddable":true,"href":"https:\/\/www.guerini.it\/index.php\/wp-json\/wp\/v2\/product_brand?post=23544"},{"taxonomy":"product_cat","embeddable":true,"href":"https:\/\/www.guerini.it\/index.php\/wp-json\/wp\/v2\/product_cat?post=23544"},{"taxonomy":"product_tag","embeddable":true,"href":"https:\/\/www.guerini.it\/index.php\/wp-json\/wp\/v2\/product_tag?post=23544"}],"curies":[{"name":"wp","href":"https:\/\/api.w.org\/{rel}","templated":true}]}}