{"id":23877,"date":"2023-04-20T18:00:01","date_gmt":"2023-04-20T16:00:01","guid":{"rendered":"https:\/\/www.guerini.it\/?post_type=product&#038;p=23877"},"modified":"2024-06-09T20:25:56","modified_gmt":"2024-06-09T18:25:56","slug":"il-venditore-coach","status":"publish","type":"product","link":"https:\/\/www.guerini.it\/index.php\/prodotto\/il-venditore-coach\/","title":{"rendered":"Il venditore coach"},"content":{"rendered":"<p style=\"text-align: justify;\">Di libri per vendere di pi\u00f9 ce ne sono tanti, forse troppi. Allo stesso modo, ci sono tanti sedicenti guru che raccontano come raggiungere pi\u00f9 clienti, come essere pi\u00f9 visibili, come essere pi\u00f9 convincenti. Ma tutte queste strategie, che si concentrano sulla superficie, portano poco lontano. Per essere venditori migliori, bisogna partire dalle basi, da un nuovo approccio: il venditore, proprio come un coach, deve condividere gli obiettivi del suo cliente, aiutarlo a metterli a fuoco\u2026 e aiutarlo a ottenerli. Forte di una lunga esperienza nel mondo del coaching e in quello commerciale, Antonio Sanna racconta come l\u2019unico futuro possibile per i venditori di domani \u00e8 quello di mettersi al servizio dei propri clienti per creare insieme valore, trasformandoli in veri e propri alleati per la crescita del proprio business.<\/p>\n<hr \/>\n<p style=\"text-align: justify;\"><strong>Antonio Sanna<\/strong>, laureato in Lettere classiche presso l\u2019Universit\u00e0 Statale di Milano, ha lavorato per dieci anni nel comparto assicurativo, dove ha maturato una solida esperienza commerciale. Dopo anni di lavoro sul campo come venditore, ha deciso di investire a tempo pieno nella sua passione per la crescita personale e la leadership, intraprendendo la carriera di coach e formatore professionista. Oggi collabora con clienti di caratura nazionale e internazionale, come WindTre, Iccrea, Foot Locker e Generali. Nella <em>Premessa<\/em> a questo libro scrive: \u00abDopo ben dieci anni di vendita attiva, ho deciso di \u2018appendere la valigetta al chiodo\u2019 e da otto anni mi dedico alla formazione e al coaching con il mio marchio <a href=\"https:\/\/www.mindon.it\/\">MindOn<\/a>. In realt\u00e0, se ci penso bene, non ho mai smesso di vendere, solo che oggi propongo me stesso e i miei servizi.\u00bb<\/p>\n","protected":false},"excerpt":{"rendered":"<p>Di libri per vendere di pi\u00f9 ce ne sono tanti, forse troppi. Allo stesso modo, ci sono tanti sedicenti guru che raccontano come raggiungere pi\u00f9 clienti, come essere pi\u00f9 visibili, [&hellip;]<\/p>\n","protected":false},"featured_media":23880,"template":"","meta":{"_editorskit_title_hidden":false,"_editorskit_reading_time":0,"_editorskit_is_block_options_detached":false,"_editorskit_block_options_position":"{}","_monsterinsights_skip_tracking":false,"_monsterinsights_sitenote_active":false,"_monsterinsights_sitenote_note":"","_monsterinsights_sitenote_category":0},"product_brand":[],"product_cat":[6805],"product_tag":[7317,7474,10712,10713,7020],"class_list":{"0":"post-23877","1":"product","2":"type-product","3":"status-publish","4":"has-post-thumbnail","6":"product_cat-guerini-next","7":"product_tag-business","8":"product_tag-coaching","9":"product_tag-consulenza-finanziaria","10":"product_tag-crescita-personale","11":"product_tag-formazione","12":"pa_guerini_amazon_link-https-www-amazon-it-venditore-coach-trasforma-clienti-alleati-dp-8868964856","13":"pa_guerini_feltrinelli_link-https-www-lafeltrinelli-it-venditore-coach-trasforma-tuoi-clienti-libro-antonio-sanna-e-9788868964856","14":"pa_guerini_ibs_link-https-www-ibs-it-venditore-coach-trasforma-tuoi-clienti-libro-antonio-sanna-e-9788868964856","15":"pa_guerini_libruniver_link-https-www-libreriauniversitaria-it-venditore-coach-trasforma-tuoi-clienti-libro-9788868964856","16":"pa_guerini_mondadori_link-https-www-mondadoristore-it-venditore-coach-trasforma-antonio-sanna-eai978886896485","18":"first","19":"instock","20":"sale","21":"shipping-taxable","22":"purchasable","23":"product-type-simple"},"yoast_head":"<!-- This site is optimized with the Yoast SEO plugin v25.4 - https:\/\/yoast.com\/wordpress\/plugins\/seo\/ -->\n<title>Il venditore coach | Guerini Editore<\/title>\n<meta name=\"description\" content=\"Dopo anni da venditore, il formatore e coach Antonio Sanna spiega qual \u00e8 la chiave per avere successo nelle vendite e distinguersi dalla concorrenza.\" \/>\n<meta name=\"robots\" content=\"index, follow, max-snippet:-1, max-image-preview:large, max-video-preview:-1\" \/>\n<link rel=\"canonical\" href=\"https:\/\/www.guerini.it\/index.php\/prodotto\/il-venditore-coach\/\" \/>\n<meta property=\"og:locale\" content=\"it_IT\" \/>\n<meta property=\"og:type\" content=\"article\" \/>\n<meta property=\"og:title\" content=\"Il venditore coach | Guerini Editore\" \/>\n<meta property=\"og:description\" content=\"Dopo anni da venditore, il formatore e coach Antonio Sanna spiega qual \u00e8 la chiave per avere successo nelle vendite e distinguersi dalla concorrenza.\" \/>\n<meta property=\"og:url\" content=\"https:\/\/www.guerini.it\/index.php\/prodotto\/il-venditore-coach\/\" \/>\n<meta property=\"og:site_name\" content=\"Guerini e Associati\" \/>\n<meta property=\"article:modified_time\" content=\"2024-06-09T18:25:56+00:00\" \/>\n<meta property=\"og:image\" content=\"https:\/\/www.guerini.it\/wp-content\/uploads\/2023\/04\/Front-Cover-IL-VENDITORE-COACH.webp\" \/>\n\t<meta property=\"og:image:width\" content=\"1654\" \/>\n\t<meta property=\"og:image:height\" content=\"2480\" \/>\n\t<meta property=\"og:image:type\" content=\"image\/webp\" \/>\n<meta name=\"twitter:card\" content=\"summary_large_image\" \/>\n<meta name=\"twitter:label1\" content=\"Tempo di lettura stimato\" \/>\n\t<meta name=\"twitter:data1\" content=\"2 minuti\" \/>\n<!-- \/ Yoast SEO plugin. -->","yoast_head_json":{"title":"Il venditore coach | Guerini Editore","description":"Dopo anni da venditore, il formatore e coach Antonio Sanna spiega qual \u00e8 la chiave per avere successo nelle vendite e distinguersi dalla concorrenza.","robots":{"index":"index","follow":"follow","max-snippet":"max-snippet:-1","max-image-preview":"max-image-preview:large","max-video-preview":"max-video-preview:-1"},"canonical":"https:\/\/www.guerini.it\/index.php\/prodotto\/il-venditore-coach\/","og_locale":"it_IT","og_type":"article","og_title":"Il venditore coach | Guerini Editore","og_description":"Dopo anni da venditore, il formatore e coach Antonio Sanna spiega qual \u00e8 la chiave per avere successo nelle vendite e distinguersi dalla concorrenza.","og_url":"https:\/\/www.guerini.it\/index.php\/prodotto\/il-venditore-coach\/","og_site_name":"Guerini e Associati","article_modified_time":"2024-06-09T18:25:56+00:00","og_image":[{"width":1654,"height":2480,"url":"https:\/\/www.guerini.it\/wp-content\/uploads\/2023\/04\/Front-Cover-IL-VENDITORE-COACH.webp","type":"image\/webp"}],"twitter_card":"summary_large_image","twitter_misc":{"Tempo di lettura stimato":"2 minuti"},"schema":{"@context":"https:\/\/schema.org","@graph":[{"@type":"WebPage","@id":"https:\/\/www.guerini.it\/index.php\/prodotto\/il-venditore-coach\/","url":"https:\/\/www.guerini.it\/index.php\/prodotto\/il-venditore-coach\/","name":"Il venditore coach | Guerini Editore","isPartOf":{"@id":"https:\/\/www.guerini.it\/#website"},"primaryImageOfPage":{"@id":"https:\/\/www.guerini.it\/index.php\/prodotto\/il-venditore-coach\/#primaryimage"},"image":{"@id":"https:\/\/www.guerini.it\/index.php\/prodotto\/il-venditore-coach\/#primaryimage"},"thumbnailUrl":"https:\/\/www.guerini.it\/wp-content\/uploads\/2023\/04\/Front-Cover-IL-VENDITORE-COACH.webp","datePublished":"2023-04-20T16:00:01+00:00","dateModified":"2024-06-09T18:25:56+00:00","description":"Dopo anni da venditore, il formatore e coach Antonio Sanna spiega qual \u00e8 la chiave per avere successo nelle vendite e distinguersi dalla concorrenza.","breadcrumb":{"@id":"https:\/\/www.guerini.it\/index.php\/prodotto\/il-venditore-coach\/#breadcrumb"},"inLanguage":"it-IT","potentialAction":[{"@type":"ReadAction","target":["https:\/\/www.guerini.it\/index.php\/prodotto\/il-venditore-coach\/"]}]},{"@type":"ImageObject","inLanguage":"it-IT","@id":"https:\/\/www.guerini.it\/index.php\/prodotto\/il-venditore-coach\/#primaryimage","url":"https:\/\/www.guerini.it\/wp-content\/uploads\/2023\/04\/Front-Cover-IL-VENDITORE-COACH.webp","contentUrl":"https:\/\/www.guerini.it\/wp-content\/uploads\/2023\/04\/Front-Cover-IL-VENDITORE-COACH.webp","width":1654,"height":2480,"caption":"A. Sanna, Il venditore coach, Guerini Next, 2023"},{"@type":"BreadcrumbList","@id":"https:\/\/www.guerini.it\/index.php\/prodotto\/il-venditore-coach\/#breadcrumb","itemListElement":[{"@type":"ListItem","position":1,"name":"Home","item":"https:\/\/www.guerini.it\/"},{"@type":"ListItem","position":2,"name":"Catalogo","item":"https:\/\/www.guerini.it\/index.php\/negozio\/"},{"@type":"ListItem","position":3,"name":"Il venditore coach"}]},{"@type":"WebSite","@id":"https:\/\/www.guerini.it\/#website","url":"https:\/\/www.guerini.it\/","name":"Guerini e Associati","description":"30 anni di libri, idee e libert\u00e0","publisher":{"@id":"https:\/\/www.guerini.it\/#organization"},"potentialAction":[{"@type":"SearchAction","target":{"@type":"EntryPoint","urlTemplate":"https:\/\/www.guerini.it\/?s={search_term_string}"},"query-input":{"@type":"PropertyValueSpecification","valueRequired":true,"valueName":"search_term_string"}}],"inLanguage":"it-IT"},{"@type":"Organization","@id":"https:\/\/www.guerini.it\/#organization","name":"Guerini e Associati","url":"https:\/\/www.guerini.it\/","logo":{"@type":"ImageObject","inLanguage":"it-IT","@id":"https:\/\/www.guerini.it\/#\/schema\/logo\/image\/","url":"https:\/\/www.guerini.it\/wp-content\/uploads\/2021\/03\/Logo-Guerini-OK_-e1615831292285.png","contentUrl":"https:\/\/www.guerini.it\/wp-content\/uploads\/2021\/03\/Logo-Guerini-OK_-e1615831292285.png","width":2805,"height":1870,"caption":"Guerini e Associati"},"image":{"@id":"https:\/\/www.guerini.it\/#\/schema\/logo\/image\/"}}]}},"_links":{"self":[{"href":"https:\/\/www.guerini.it\/index.php\/wp-json\/wp\/v2\/product\/23877","targetHints":{"allow":["GET"]}}],"collection":[{"href":"https:\/\/www.guerini.it\/index.php\/wp-json\/wp\/v2\/product"}],"about":[{"href":"https:\/\/www.guerini.it\/index.php\/wp-json\/wp\/v2\/types\/product"}],"wp:featuredmedia":[{"embeddable":true,"href":"https:\/\/www.guerini.it\/index.php\/wp-json\/wp\/v2\/media\/23880"}],"wp:attachment":[{"href":"https:\/\/www.guerini.it\/index.php\/wp-json\/wp\/v2\/media?parent=23877"}],"wp:term":[{"taxonomy":"product_brand","embeddable":true,"href":"https:\/\/www.guerini.it\/index.php\/wp-json\/wp\/v2\/product_brand?post=23877"},{"taxonomy":"product_cat","embeddable":true,"href":"https:\/\/www.guerini.it\/index.php\/wp-json\/wp\/v2\/product_cat?post=23877"},{"taxonomy":"product_tag","embeddable":true,"href":"https:\/\/www.guerini.it\/index.php\/wp-json\/wp\/v2\/product_tag?post=23877"}],"curies":[{"name":"wp","href":"https:\/\/api.w.org\/{rel}","templated":true}]}}