{"id":23895,"date":"2023-04-28T17:58:17","date_gmt":"2023-04-28T15:58:17","guid":{"rendered":"https:\/\/www.guerini.it\/?post_type=product&#038;p=23895"},"modified":"2024-06-09T20:25:57","modified_gmt":"2024-06-09T18:25:57","slug":"problem-solving-e-decision-making","status":"publish","type":"product","link":"https:\/\/www.guerini.it\/index.php\/prodotto\/problem-solving-e-decision-making\/","title":{"rendered":"Problem solving e decision making"},"content":{"rendered":"<p style=\"text-align: justify;\">Ogni giorno risolviamo problemi e prendiamo decisioni. L\u2019individuazione, la definizione e la risoluzione dei problemi sono alla base dei processi decisionali. Nulla \u00e8 un problema, finch\u00e9 qualcuno non lo considera tale, poich\u00e9 i problemi non esistono se non in rapporto a un soggetto che li deve affrontare e decidere di risolvere. Ma decidere comporta l\u2019esclusione di alternative e l\u2019intenzione di agire in un determinato modo. Ne consegue che la definizione di un problema, la valutazione delle diverse soluzioni alternative e infine la decisione di quale azione intraprendere sono variabili soggettive e dipendono dai tratti di personalit\u00e0, dagli atteggiamenti, dalle percezioni e dalle attitudini individuali. Quali sono quindi le soft skill funzionali a questi processi? Come sono influenzate dalle dinamiche di gruppo e dalla cultura organizzativa e nazionale?<br \/>\nPer rispondere a questi e altri quesiti il libro offre un\u2019analisi sistematica, scientifica e aggiornata degli studi sul problem solving e decision making, per quanto attiene sia ai principali schemi teorici di riferimento sia ai pi\u00f9 rilevanti risultati della ricerca empirica. Particolare attenzione viene prestata alla dimensione applicativa e alle implicazioni manageriali.<\/p>\n<hr \/>\n<p style=\"text-align: justify;\"><strong>Massimo Pilati<\/strong> \u00e8 professore ordinario di Organizzazione aziendale al <a href=\"http:\/\/personale.unimore.it\/rubrica\/dettaglio\/mpilati\">Dipartimento di Economia \u00abMarco Biagi\u00bb<\/a>, Universit\u00e0 di Modena e Reggio Emilia. \u00c8 autore di <a href=\"http:\/\/personale.unimore.it\/rubrica\/pubblicazioni\/mpilati\">diverse pubblicazioni<\/a> in tema di project management, comportamento organizzativo e people management. \u00c8 stato visiting professor presso University of Florida, University of Limerick, Universidad de Sevilla, Universidad de Barcelona, University of California Santa Barbara, I\u00c9SEG \u2013 School of Management, XJTLU \u2013International Business School Suzhou (IBSS).<\/p>\n","protected":false},"excerpt":{"rendered":"<p>Ogni giorno risolviamo problemi e prendiamo decisioni. L\u2019individuazione, la definizione e la risoluzione dei problemi sono alla base dei processi decisionali. Nulla \u00e8 un problema, finch\u00e9 qualcuno non lo considera [&hellip;]<\/p>\n","protected":false},"featured_media":23896,"template":"","meta":{"_editorskit_title_hidden":false,"_editorskit_reading_time":0,"_editorskit_is_block_options_detached":false,"_editorskit_block_options_position":"{}","_monsterinsights_skip_tracking":false,"_monsterinsights_sitenote_active":false,"_monsterinsights_sitenote_note":"","_monsterinsights_sitenote_category":0},"product_brand":[],"product_cat":[6805,6529],"product_tag":[6814,10749,10721],"class_list":{"0":"post-23895","1":"product","2":"type-product","3":"status-publish","4":"has-post-thumbnail","6":"product_cat-guerini-next","7":"product_cat-economia-e-management","8":"product_tag-comunicazione","9":"product_tag-organizzazione-aziendale","10":"product_tag-rivoluzione-digitale","11":"pa_guerini_amazon_link-https-www-amazon-it-problem-solving-decision-making-individui-dp-8868964929","12":"pa_guerini_feltrinelli_link-https-www-lafeltrinelli-it-problem-solving-decision-making-individui-libro-massimo-pilati-e-9788868964924","13":"pa_guerini_ibs_link-https-www-ibs-it-problem-solving-decision-making-individui-libro-massimo-pilati-e-9788868964924","14":"pa_guerini_libruniver_link-https-www-libreriauniversitaria-it-problem-solving-decision-making-individui-libro-9788868964924","15":"pa_guerini_mondadori_link-https-www-mondadoristore-it-problem-solving-decision-massimo-pilati-eai978886896492","17":"first","18":"instock","19":"sale","20":"shipping-taxable","21":"purchasable","22":"product-type-simple"},"yoast_head":"<!-- This site is optimized with the Yoast SEO plugin v25.4 - https:\/\/yoast.com\/wordpress\/plugins\/seo\/ -->\n<title>Problem solving e decision making | Guerini Editore<\/title>\n<meta name=\"robots\" content=\"index, follow, max-snippet:-1, max-image-preview:large, max-video-preview:-1\" \/>\n<link rel=\"canonical\" href=\"https:\/\/www.guerini.it\/index.php\/prodotto\/problem-solving-e-decision-making\/\" \/>\n<meta property=\"og:locale\" content=\"it_IT\" \/>\n<meta property=\"og:type\" content=\"article\" \/>\n<meta property=\"og:title\" content=\"Problem solving e decision making | Guerini Editore\" \/>\n<meta property=\"og:description\" content=\"Ogni giorno risolviamo problemi e prendiamo decisioni. L\u2019individuazione, la definizione e la risoluzione dei problemi sono alla base dei processi decisionali. Nulla \u00e8 un problema, finch\u00e9 qualcuno non lo considera [&hellip;]\" \/>\n<meta property=\"og:url\" content=\"https:\/\/www.guerini.it\/index.php\/prodotto\/problem-solving-e-decision-making\/\" \/>\n<meta property=\"og:site_name\" content=\"Guerini e Associati\" \/>\n<meta property=\"article:modified_time\" content=\"2024-06-09T18:25:57+00:00\" \/>\n<meta property=\"og:image\" content=\"https:\/\/www.guerini.it\/wp-content\/uploads\/2023\/04\/Front-cover-Problem-solving-e-decision-making-9788868964924.webp\" \/>\n\t<meta property=\"og:image:width\" content=\"667\" \/>\n\t<meta property=\"og:image:height\" content=\"1000\" \/>\n\t<meta property=\"og:image:type\" content=\"image\/webp\" \/>\n<meta name=\"twitter:card\" content=\"summary_large_image\" \/>\n<meta name=\"twitter:label1\" content=\"Tempo di lettura stimato\" \/>\n\t<meta name=\"twitter:data1\" content=\"2 minuti\" \/>\n<!-- \/ Yoast SEO plugin. -->","yoast_head_json":{"title":"Problem solving e decision making | Guerini Editore","robots":{"index":"index","follow":"follow","max-snippet":"max-snippet:-1","max-image-preview":"max-image-preview:large","max-video-preview":"max-video-preview:-1"},"canonical":"https:\/\/www.guerini.it\/index.php\/prodotto\/problem-solving-e-decision-making\/","og_locale":"it_IT","og_type":"article","og_title":"Problem solving e decision making | Guerini Editore","og_description":"Ogni giorno risolviamo problemi e prendiamo decisioni. L\u2019individuazione, la definizione e la risoluzione dei problemi sono alla base dei processi decisionali. Nulla \u00e8 un problema, finch\u00e9 qualcuno non lo considera [&hellip;]","og_url":"https:\/\/www.guerini.it\/index.php\/prodotto\/problem-solving-e-decision-making\/","og_site_name":"Guerini e Associati","article_modified_time":"2024-06-09T18:25:57+00:00","og_image":[{"width":667,"height":1000,"url":"https:\/\/www.guerini.it\/wp-content\/uploads\/2023\/04\/Front-cover-Problem-solving-e-decision-making-9788868964924.webp","type":"image\/webp"}],"twitter_card":"summary_large_image","twitter_misc":{"Tempo di lettura stimato":"2 minuti"},"schema":{"@context":"https:\/\/schema.org","@graph":[{"@type":"WebPage","@id":"https:\/\/www.guerini.it\/index.php\/prodotto\/problem-solving-e-decision-making\/","url":"https:\/\/www.guerini.it\/index.php\/prodotto\/problem-solving-e-decision-making\/","name":"Problem solving e decision making | Guerini Editore","isPartOf":{"@id":"https:\/\/www.guerini.it\/#website"},"primaryImageOfPage":{"@id":"https:\/\/www.guerini.it\/index.php\/prodotto\/problem-solving-e-decision-making\/#primaryimage"},"image":{"@id":"https:\/\/www.guerini.it\/index.php\/prodotto\/problem-solving-e-decision-making\/#primaryimage"},"thumbnailUrl":"https:\/\/www.guerini.it\/wp-content\/uploads\/2023\/04\/Front-cover-Problem-solving-e-decision-making-9788868964924.webp","datePublished":"2023-04-28T15:58:17+00:00","dateModified":"2024-06-09T18:25:57+00:00","breadcrumb":{"@id":"https:\/\/www.guerini.it\/index.php\/prodotto\/problem-solving-e-decision-making\/#breadcrumb"},"inLanguage":"it-IT","potentialAction":[{"@type":"ReadAction","target":["https:\/\/www.guerini.it\/index.php\/prodotto\/problem-solving-e-decision-making\/"]}]},{"@type":"ImageObject","inLanguage":"it-IT","@id":"https:\/\/www.guerini.it\/index.php\/prodotto\/problem-solving-e-decision-making\/#primaryimage","url":"https:\/\/www.guerini.it\/wp-content\/uploads\/2023\/04\/Front-cover-Problem-solving-e-decision-making-9788868964924.webp","contentUrl":"https:\/\/www.guerini.it\/wp-content\/uploads\/2023\/04\/Front-cover-Problem-solving-e-decision-making-9788868964924.webp","width":667,"height":1000,"caption":"Copertina di Problem solving e decision making, Guerini Next, 2023"},{"@type":"BreadcrumbList","@id":"https:\/\/www.guerini.it\/index.php\/prodotto\/problem-solving-e-decision-making\/#breadcrumb","itemListElement":[{"@type":"ListItem","position":1,"name":"Home","item":"https:\/\/www.guerini.it\/"},{"@type":"ListItem","position":2,"name":"Catalogo","item":"https:\/\/www.guerini.it\/index.php\/negozio\/"},{"@type":"ListItem","position":3,"name":"Problem solving e decision making"}]},{"@type":"WebSite","@id":"https:\/\/www.guerini.it\/#website","url":"https:\/\/www.guerini.it\/","name":"Guerini e Associati","description":"30 anni di libri, idee e libert\u00e0","publisher":{"@id":"https:\/\/www.guerini.it\/#organization"},"potentialAction":[{"@type":"SearchAction","target":{"@type":"EntryPoint","urlTemplate":"https:\/\/www.guerini.it\/?s={search_term_string}"},"query-input":{"@type":"PropertyValueSpecification","valueRequired":true,"valueName":"search_term_string"}}],"inLanguage":"it-IT"},{"@type":"Organization","@id":"https:\/\/www.guerini.it\/#organization","name":"Guerini e Associati","url":"https:\/\/www.guerini.it\/","logo":{"@type":"ImageObject","inLanguage":"it-IT","@id":"https:\/\/www.guerini.it\/#\/schema\/logo\/image\/","url":"https:\/\/www.guerini.it\/wp-content\/uploads\/2021\/03\/Logo-Guerini-OK_-e1615831292285.png","contentUrl":"https:\/\/www.guerini.it\/wp-content\/uploads\/2021\/03\/Logo-Guerini-OK_-e1615831292285.png","width":2805,"height":1870,"caption":"Guerini e Associati"},"image":{"@id":"https:\/\/www.guerini.it\/#\/schema\/logo\/image\/"}}]}},"_links":{"self":[{"href":"https:\/\/www.guerini.it\/index.php\/wp-json\/wp\/v2\/product\/23895","targetHints":{"allow":["GET"]}}],"collection":[{"href":"https:\/\/www.guerini.it\/index.php\/wp-json\/wp\/v2\/product"}],"about":[{"href":"https:\/\/www.guerini.it\/index.php\/wp-json\/wp\/v2\/types\/product"}],"wp:featuredmedia":[{"embeddable":true,"href":"https:\/\/www.guerini.it\/index.php\/wp-json\/wp\/v2\/media\/23896"}],"wp:attachment":[{"href":"https:\/\/www.guerini.it\/index.php\/wp-json\/wp\/v2\/media?parent=23895"}],"wp:term":[{"taxonomy":"product_brand","embeddable":true,"href":"https:\/\/www.guerini.it\/index.php\/wp-json\/wp\/v2\/product_brand?post=23895"},{"taxonomy":"product_cat","embeddable":true,"href":"https:\/\/www.guerini.it\/index.php\/wp-json\/wp\/v2\/product_cat?post=23895"},{"taxonomy":"product_tag","embeddable":true,"href":"https:\/\/www.guerini.it\/index.php\/wp-json\/wp\/v2\/product_tag?post=23895"}],"curies":[{"name":"wp","href":"https:\/\/api.w.org\/{rel}","templated":true}]}}