{"id":23916,"date":"2023-05-26T17:28:04","date_gmt":"2023-05-26T15:28:04","guid":{"rendered":"https:\/\/www.guerini.it\/?post_type=product&#038;p=23916"},"modified":"2024-06-09T20:25:58","modified_gmt":"2024-06-09T18:25:58","slug":"agile-transformation-neil-perkin-guerini","status":"publish","type":"product","link":"https:\/\/www.guerini.it\/index.php\/prodotto\/agile-transformation-neil-perkin-guerini\/","title":{"rendered":"Agile transformation"},"content":{"rendered":"<p style=\"text-align: justify;\">Le tecnologie digitali hanno avuto un impatto enorme sulla nostra realt\u00e0. Il mondo cambia pi\u00f9 in fretta, e cos\u00ec le richieste del mercato. Nuovi competitor e nuove tecnologie dall\u2019effetto dirompente compaiono sulla scena a ritmo sempre pi\u00f9 serrato. Eppure moltissime imprese restano bloccate. Bloccate da metodologie di lavoro sorpassate, in processi decisionali poco orizzontali e che inibiscono l\u2019innovazione, in una cultura aziendale che premia il conformismo e l\u2019efficienza immediata anzich\u00e9 l\u2019intraprendenza e la volont\u00e0 di imparare.<\/p>\n<p style=\"text-align: justify;\">Agile Transformation offre una guida ricca e dettagliata a uno dei pi\u00f9 importanti modelli di organizzazione aziendale del terzo millennio. Il testo traccia la strada per creare imprese che sappiano continuamente rimodellarsi sulla base delle esigenze dei clienti e dei loro feedback, che lavorino in team orizzontali e flessibili, supportati dalla tecnologia e che sappiano utilizzare le proprie risorse in modo continuamente adattabile al futuro. Un contributo fondamentale per orientarsi in una nuova era per le organizzazioni.<\/p>\n<hr \/>\n<p style=\"text-align: justify;\"><strong>Neil Perkin<\/strong> \u00e8 il fondatore dell\u2019agenzia di consulenza digital Only Dead Fish, attraverso cui aiuta le organizzazioni a relazionarsi alle nuove tecnologie, innovarsi e diventare pi\u00f9 agili. Ha lavorato con decine di aziende leader a livello mondiale, come Vodafone, Astra Zeneca, Samsung, YouTube e Warner Bros. Dirige per Google il podcast Firestarters ed \u00e8 keynote speaker per il Google Squared Programme.<\/p>\n<p style=\"text-align: justify;\"><strong>Marco Calzolari<\/strong>, imprenditore e filosofo, \u00e8 co-fondatore e CEO dell\u2019agenzia di coaching e consulenza Agile Reloaded, con sede a Milano e Londra. Ha esperienza come project manager, direttore generale, keynote speaker e investitore. Attualmente collabora con piccole, medie e grandi aziende italiane e internazionali per evolvere i modelli organizzativi e di leadership.<\/p>\n","protected":false},"excerpt":{"rendered":"<p>Le tecnologie digitali hanno avuto un impatto enorme sulla nostra realt\u00e0. Il mondo cambia pi\u00f9 in fretta, e cos\u00ec le richieste del mercato. Nuovi competitor e nuove tecnologie dall\u2019effetto dirompente [&hellip;]<\/p>\n","protected":false},"featured_media":23917,"template":"","meta":{"_editorskit_title_hidden":false,"_editorskit_reading_time":0,"_editorskit_is_block_options_detached":false,"_editorskit_block_options_position":"{}","_monsterinsights_skip_tracking":false,"_monsterinsights_sitenote_active":false,"_monsterinsights_sitenote_note":"","_monsterinsights_sitenote_category":0},"product_brand":[],"product_cat":[6805],"product_tag":[9115,6745,6750,10761],"class_list":{"0":"post-23916","1":"product","2":"type-product","3":"status-publish","4":"has-post-thumbnail","6":"product_cat-guerini-next","7":"product_tag-era-digitale","8":"product_tag-innovazione","9":"product_tag-tecnologia","10":"product_tag-trasformazione-agile","11":"pa_guerini_amazon_link-https-www-amazon-it-transformation-sopravvivere-svilupparsi-competere-digitale-dp-8868964775","12":"pa_guerini_feltrinelli_link-https-www-lafeltrinelli-it-agile-transformation-sopravvivere-svilupparsi-competere-libro-neil-perkin-e-9788868964771","13":"pa_guerini_ibs_link-https-www-ibs-it-agile-transformation-sopravvivere-svilupparsi-competere-libro-neil-perkin-e-9788868964771","14":"pa_guerini_libruniver_link-https-www-libreriauniversitaria-it-agile-transformation-sopravvivere-svilupparsi-competere-libro-9788868964771","15":"pa_guerini_link_amazon-https-www-amazon-it-dp-b0ccqjytm4","16":"pa_guerini_link_google_play-https-play-google-com-store-books-details-neil_perkin_agile_transformation_sopravvivere_svilidh-jmeaaaqbaj","17":"pa_guerini_link_ibs-https-www-ibs-it-agile-transformation-sopravvivere-svilupparsi-competere-ebook-neil-perkin-e-9788868965068","18":"pa_guerini_link_kobo-https-www-kobo-com-it-it-ebook-agile-transformation-9","19":"pa_guerini_link_lafeltrinelli-https-www-lafeltrinelli-it-agile-transformation-sopravvivere-svilupparsi-competere-ebook-neil-perkin-e-9788868965068","20":"pa_guerini_mondadori_link-https-www-mondadoristore-it-agile-transformation-neil-perkin-eai978886896477","22":"first","23":"instock","24":"sale","25":"shipping-taxable","26":"purchasable","27":"product-type-simple"},"yoast_head":"<!-- This site is optimized with the Yoast SEO plugin v25.4 - https:\/\/yoast.com\/wordpress\/plugins\/seo\/ -->\n<title>Agile transformation - Guerini Editore<\/title>\n<meta name=\"robots\" content=\"index, follow, max-snippet:-1, max-image-preview:large, max-video-preview:-1\" \/>\n<link rel=\"canonical\" href=\"https:\/\/www.guerini.it\/index.php\/prodotto\/agile-transformation-neil-perkin-guerini\/\" \/>\n<meta property=\"og:locale\" content=\"it_IT\" \/>\n<meta property=\"og:type\" content=\"article\" \/>\n<meta property=\"og:title\" content=\"Agile transformation - Guerini Editore\" \/>\n<meta property=\"og:description\" content=\"Le tecnologie digitali hanno avuto un impatto enorme sulla nostra realt\u00e0. Il mondo cambia pi\u00f9 in fretta, e cos\u00ec le richieste del mercato. Nuovi competitor e nuove tecnologie dall\u2019effetto dirompente [&hellip;]\" \/>\n<meta property=\"og:url\" content=\"https:\/\/www.guerini.it\/index.php\/prodotto\/agile-transformation-neil-perkin-guerini\/\" \/>\n<meta property=\"og:site_name\" content=\"Guerini e Associati\" \/>\n<meta property=\"article:modified_time\" content=\"2024-06-09T18:25:58+00:00\" \/>\n<meta property=\"og:image\" content=\"https:\/\/www.guerini.it\/wp-content\/uploads\/2023\/05\/Agile-Transformation.webp\" \/>\n\t<meta property=\"og:image:width\" content=\"643\" \/>\n\t<meta property=\"og:image:height\" content=\"1000\" \/>\n\t<meta property=\"og:image:type\" content=\"image\/webp\" \/>\n<meta name=\"twitter:card\" content=\"summary_large_image\" \/>\n<meta name=\"twitter:label1\" content=\"Tempo di lettura stimato\" \/>\n\t<meta name=\"twitter:data1\" content=\"2 minuti\" \/>\n<!-- \/ Yoast SEO plugin. -->","yoast_head_json":{"title":"Agile transformation - Guerini Editore","robots":{"index":"index","follow":"follow","max-snippet":"max-snippet:-1","max-image-preview":"max-image-preview:large","max-video-preview":"max-video-preview:-1"},"canonical":"https:\/\/www.guerini.it\/index.php\/prodotto\/agile-transformation-neil-perkin-guerini\/","og_locale":"it_IT","og_type":"article","og_title":"Agile transformation - Guerini Editore","og_description":"Le tecnologie digitali hanno avuto un impatto enorme sulla nostra realt\u00e0. Il mondo cambia pi\u00f9 in fretta, e cos\u00ec le richieste del mercato. Nuovi competitor e nuove tecnologie dall\u2019effetto dirompente [&hellip;]","og_url":"https:\/\/www.guerini.it\/index.php\/prodotto\/agile-transformation-neil-perkin-guerini\/","og_site_name":"Guerini e Associati","article_modified_time":"2024-06-09T18:25:58+00:00","og_image":[{"width":643,"height":1000,"url":"https:\/\/www.guerini.it\/wp-content\/uploads\/2023\/05\/Agile-Transformation.webp","type":"image\/webp"}],"twitter_card":"summary_large_image","twitter_misc":{"Tempo di lettura stimato":"2 minuti"},"schema":{"@context":"https:\/\/schema.org","@graph":[{"@type":"WebPage","@id":"https:\/\/www.guerini.it\/index.php\/prodotto\/agile-transformation-neil-perkin-guerini\/","url":"https:\/\/www.guerini.it\/index.php\/prodotto\/agile-transformation-neil-perkin-guerini\/","name":"Agile transformation - Guerini Editore","isPartOf":{"@id":"https:\/\/www.guerini.it\/#website"},"primaryImageOfPage":{"@id":"https:\/\/www.guerini.it\/index.php\/prodotto\/agile-transformation-neil-perkin-guerini\/#primaryimage"},"image":{"@id":"https:\/\/www.guerini.it\/index.php\/prodotto\/agile-transformation-neil-perkin-guerini\/#primaryimage"},"thumbnailUrl":"https:\/\/www.guerini.it\/wp-content\/uploads\/2023\/05\/Agile-Transformation.webp","datePublished":"2023-05-26T15:28:04+00:00","dateModified":"2024-06-09T18:25:58+00:00","breadcrumb":{"@id":"https:\/\/www.guerini.it\/index.php\/prodotto\/agile-transformation-neil-perkin-guerini\/#breadcrumb"},"inLanguage":"it-IT","potentialAction":[{"@type":"ReadAction","target":["https:\/\/www.guerini.it\/index.php\/prodotto\/agile-transformation-neil-perkin-guerini\/"]}]},{"@type":"ImageObject","inLanguage":"it-IT","@id":"https:\/\/www.guerini.it\/index.php\/prodotto\/agile-transformation-neil-perkin-guerini\/#primaryimage","url":"https:\/\/www.guerini.it\/wp-content\/uploads\/2023\/05\/Agile-Transformation.webp","contentUrl":"https:\/\/www.guerini.it\/wp-content\/uploads\/2023\/05\/Agile-Transformation.webp","width":643,"height":1000,"caption":"Copertina del libro N. Perkin, Agile transformation, Guerini Next, 2023"},{"@type":"BreadcrumbList","@id":"https:\/\/www.guerini.it\/index.php\/prodotto\/agile-transformation-neil-perkin-guerini\/#breadcrumb","itemListElement":[{"@type":"ListItem","position":1,"name":"Home","item":"https:\/\/www.guerini.it\/"},{"@type":"ListItem","position":2,"name":"Catalogo","item":"https:\/\/www.guerini.it\/index.php\/negozio\/"},{"@type":"ListItem","position":3,"name":"Agile transformation"}]},{"@type":"WebSite","@id":"https:\/\/www.guerini.it\/#website","url":"https:\/\/www.guerini.it\/","name":"Guerini e Associati","description":"30 anni di libri, idee e libert\u00e0","publisher":{"@id":"https:\/\/www.guerini.it\/#organization"},"potentialAction":[{"@type":"SearchAction","target":{"@type":"EntryPoint","urlTemplate":"https:\/\/www.guerini.it\/?s={search_term_string}"},"query-input":{"@type":"PropertyValueSpecification","valueRequired":true,"valueName":"search_term_string"}}],"inLanguage":"it-IT"},{"@type":"Organization","@id":"https:\/\/www.guerini.it\/#organization","name":"Guerini e Associati","url":"https:\/\/www.guerini.it\/","logo":{"@type":"ImageObject","inLanguage":"it-IT","@id":"https:\/\/www.guerini.it\/#\/schema\/logo\/image\/","url":"https:\/\/www.guerini.it\/wp-content\/uploads\/2021\/03\/Logo-Guerini-OK_-e1615831292285.png","contentUrl":"https:\/\/www.guerini.it\/wp-content\/uploads\/2021\/03\/Logo-Guerini-OK_-e1615831292285.png","width":2805,"height":1870,"caption":"Guerini e Associati"},"image":{"@id":"https:\/\/www.guerini.it\/#\/schema\/logo\/image\/"}}]}},"_links":{"self":[{"href":"https:\/\/www.guerini.it\/index.php\/wp-json\/wp\/v2\/product\/23916","targetHints":{"allow":["GET"]}}],"collection":[{"href":"https:\/\/www.guerini.it\/index.php\/wp-json\/wp\/v2\/product"}],"about":[{"href":"https:\/\/www.guerini.it\/index.php\/wp-json\/wp\/v2\/types\/product"}],"wp:featuredmedia":[{"embeddable":true,"href":"https:\/\/www.guerini.it\/index.php\/wp-json\/wp\/v2\/media\/23917"}],"wp:attachment":[{"href":"https:\/\/www.guerini.it\/index.php\/wp-json\/wp\/v2\/media?parent=23916"}],"wp:term":[{"taxonomy":"product_brand","embeddable":true,"href":"https:\/\/www.guerini.it\/index.php\/wp-json\/wp\/v2\/product_brand?post=23916"},{"taxonomy":"product_cat","embeddable":true,"href":"https:\/\/www.guerini.it\/index.php\/wp-json\/wp\/v2\/product_cat?post=23916"},{"taxonomy":"product_tag","embeddable":true,"href":"https:\/\/www.guerini.it\/index.php\/wp-json\/wp\/v2\/product_tag?post=23916"}],"curies":[{"name":"wp","href":"https:\/\/api.w.org\/{rel}","templated":true}]}}