{"id":23954,"date":"2023-07-18T11:49:51","date_gmt":"2023-07-18T09:49:51","guid":{"rendered":"https:\/\/www.guerini.it\/?post_type=product&#038;p=23954"},"modified":"2024-06-09T20:26:00","modified_gmt":"2024-06-09T18:26:00","slug":"concorso-dirigenti-scolastici-edizione-2023","status":"publish","type":"product","link":"https:\/\/www.guerini.it\/index.php\/prodotto\/concorso-dirigenti-scolastici-edizione-2023\/","title":{"rendered":"Concorso Dirigenti Scolastici EDIZIONE 2023"},"content":{"rendered":"<p style=\"text-align: center;\"><strong>PNRR: riforme e investimenti<\/strong><br \/>\n<strong>Legge di bilancio 2023<\/strong><br \/>\n<strong>Il nuovo codice dei contratti pubblici (Decreto legislativo 36\/2023)<\/strong><br \/>\n<strong>Novit\u00e0 in materia di sicurezza 2023<\/strong><br \/>\n<strong>CON ESPANSIONE ONLINE<\/strong><\/p>\n<p style=\"text-align: justify;\">Questa \u00e8 l\u2019edizione aggiornata a luglio 2023 del manuale per il concorso dirigenti scolastici pubblicato nel 2022. Il ritardo nella pubblicazione del bando del concorso \u00abregionale\u00bb a dirigente scolastico ha reso necessaria questa ulteriore versione per rimanere al passo con le continue, cospicue e rilevanti novit\u00e0 normative e per mantenerne la validit\u00e0 quale strumento di preparazione alla selezione concorsuale.<br \/>\nOltre a numerosi consigli pratici per il superamento delle prove concorsuali, il volume contiene un ampio inquadramento della funzione dirigenziale, molti spunti di riflessione critica sull\u2019attivit\u00e0 propria del dirigente delle scuole, una panoramica della normativa fondamentale e vari approfondimenti sulle questioni di specifico interesse per il mondo scolastico, inclusi numerosi riferimenti giurisprudenziali. Sono affrontate tutte le tematiche relative al ruolo che il dirigente deve svolgere per contribuire con incisivit\u00e0 al miglioramento della didattica, degli apprendimenti e del clima relazionale.<br \/>\nIl testo accompagna il lettore lungo un articolato percorso formativo e lo mette in grado di cogliere le interrelazioni tra i differenti aspetti di rilievo per la professione, offrendo dunque una cornice di senso complessiva agli argomenti di studio. Inoltre gli consente di individuare gli eventuali e ulteriori approfondimenti di cui necessita per affrontare il concorso.<br \/>\nL\u2019aggiornamento riguarda, in modo particolare, le disposizioni della Legge di bilancio 2023 di interesse per il settore scolastico, lo stato di attuazione delle riforme e degli investimenti del Piano nazionale di ripresa e resilienza (PNRR), il nuovo codice dei contratti pubblici e le novit\u00e0 in materia di sicurezza.<br \/>\nIl manuale, inoltre, \u00e8 arricchito da un\u2019espansione online, anch\u2019essa aggiornata, contenente approfondimenti e materiali aggiuntivi di natura normativa quali ausili assolutamente necessari e complementari allo studio del testo.<\/p>\n<hr \/>\n<p style=\"text-align: justify;\"><strong>Antonello Giannelli<\/strong>, Presidente dell\u2019<a href=\"https:\/\/www.anp.it\/\">ANP<\/a> (Associazione nazionale dirigenti pubblici e alte professionalit\u00e0 della scuola), \u00e8 dirigente tecnico ed \u00e8 stato in precedenza dirigente scolastico e preside incaricato. Esperto di tematiche organizzative, gestionali e giuridiche afferenti al settore scolastico, fautore dell\u2019innovazione didattica, \u00e8 autore di numerose pubblicazioni di diritto scolastico. Per le nostre edizioni ha pubblicato la <a href=\"https:\/\/www.guerini.it\/index.php\/prodotto\/guida-teorico-pratica-per-i-dirigenti-delle-scuole\/\"><em>Guida teorico-pratica per i dirigenti delle scuole<\/em><\/a> (2015), <a href=\"https:\/\/www.guerini.it\/index.php\/prodotto\/rivoluzionare-la-scuola-con-gentilezza\/\"><em>Rivoluzionare la scuola con gentilezza <\/em><\/a>(2019), i manuali <a href=\"https:\/\/www.guerini.it\/index.php\/categoria-prodotto\/psicologia-pedagogia\/concorso-dirigenti-scolastici\/\"><em>Concorso dirigenti scolastici<\/em><\/a> (edizioni 2017, 2019, 2022), <a href=\"https:\/\/www.guerini.it\/index.php\/prodotto\/concorso-dirigenti-scolastici-prova-orale-prevendita\/\"><em>Concorso dirigenti scolastici. Prova orale<\/em><\/a> (a cura di; 2019) e ha curato con Massimo Faggioli <a href=\"https:\/\/www.guerini.it\/index.php\/prodotto\/concorso-a-dirigente-tecnico-2021\/\"><em>Concorso a dirigente tecnico 2021<\/em><\/a>. Ha inoltre curato i manuali <a href=\"https:\/\/www.guerini.it\/?s=Concorso+a+cattedra+2020.+Scuola+dell%E2%80%99in%C2%ADfanzia&amp;post_type=product&amp;dgwt_wcas=1\"><em>Concorso a cattedra 2020. Scuola dell\u2019in\u00adfanzia<\/em><\/a> e<a href=\"https:\/\/www.guerini.it\/?s=Concorso+a+cattedra+2020.+Scuola+primaria&amp;post_type=product&amp;dgwt_wcas=1\"> <em>Concorso a cattedra 2020. Scuola primaria<\/em><\/a>, oltre ai volumi di preparazione <a href=\"https:\/\/www.guerini.it\/?s=Concorso+a+cattedra.+Scuola+secondaria&amp;post_type=product&amp;dgwt_wcas=1\"><em>Concorso a cattedra. Scuola secondaria<\/em><\/a> (2020-2022).<\/p>\n<p style=\"text-align: justify;\"><strong>Raffaella Briani<\/strong>, attualmente distaccata presso l\u2019ANP, \u00e8 dirigente scolastico dal 2012. Abilitata all\u2019esercizio della professione forense, \u00e8 autrice di diverse pubblicazioni di diritto amministrativo e di giustizia amministrativa, tra cui la monografia <em>L\u2019istruzione probatoria nel processo amministrativo<\/em> (2013). Per le nostre edizioni ha collaborato alla cura dei manuali<em> Concorso a cattedra 2020. Scuola dell\u2019infanzia<\/em> e <em>Concorso a cattedra 2020. Scuola primaria<\/em>, del manuale <em>Concorso a dirigente tecnico 2021<\/em> e dei volumi di <em>Concorso a cattedra. Scuola secondaria<\/em> (2020-2022). Come autore ha contribuito al manuale <em>Concorso dirigenti scolastici (2022)<\/em>.<\/p>\n<p style=\"text-align: justify;\"><strong>Sandra Scicolone<\/strong>, attuale componente dello staff nazionale dell\u2019ANP, \u00e8 dirigente scolastico dal 2013. Svolge intensa attivit\u00e0 di formazione e aggiornamento per dirigenti e docenti su tematiche organizzative e didattiche. Come autore ha contribuito, di recente, al manuale <em>Concorso dirigenti scolastici. Prova orale<\/em> (2019) e al manuale <em>Concorso dirigenti scolastici (2022)<\/em>. Per le nostre edizioni ha collaborato inoltre alla cura dei manuali <em>Concorso a cattedra 2020. Scuola dell\u2019infanzia, Concorso a cattedra 2020. Scuola primaria<\/em> e dei volumi di <em>Concorso a cattedra. Scuola secondaria<\/em> (2020-2022).<\/p>\n<p><iframe loading=\"lazy\" src=\"https:\/\/www.google.com\/maps\/d\/u\/0\/embed?mid=1RINkEMdZqk8uq6USXJ1DEhPOYLbfld0&amp;ehbc=2E312F\" width=\"640\" height=\"480\"><\/iframe><\/p>\n","protected":false},"excerpt":{"rendered":"<p>PNRR: riforme e investimenti Legge di bilancio 2023 Il nuovo codice dei contratti pubblici (Decreto legislativo 36\/2023) Novit\u00e0 in materia di sicurezza 2023 CON ESPANSIONE ONLINE Questa \u00e8 l\u2019edizione aggiornata [&hellip;]<\/p>\n","protected":false},"featured_media":23956,"template":"","meta":{"_editorskit_title_hidden":false,"_editorskit_reading_time":0,"_editorskit_is_block_options_detached":false,"_editorskit_block_options_position":"{}","_monsterinsights_skip_tracking":false,"_monsterinsights_sitenote_active":false,"_monsterinsights_sitenote_note":"","_monsterinsights_sitenote_category":0},"product_brand":[],"product_cat":[6787,6684],"product_tag":[10863,10861,6788,10862,6790],"class_list":{"0":"post-23954","1":"product","2":"type-product","3":"status-publish","4":"has-post-thumbnail","6":"product_cat-concorso-pubblico","7":"product_cat-concorso-dirigenti-scolastici","8":"product_tag-anp","9":"product_tag-concorso-dirigenti-scolastici","10":"product_tag-concorso-pubblico","11":"product_tag-professionalita-della-scuola","12":"product_tag-scuola","13":"pa_guerini_amazon_link-https-www-amazon-it-concorso-dirigenti-scolastici-preparazione-edizione-dp-8862509839","14":"pa_guerini_feltrinelli_link-https-www-lafeltrinelli-it-concorso-dirigenti-scolastici-manuale-per-libro-vari-e-9788862509831","15":"pa_guerini_ibs_link-https-www-ibs-it-concorso-dirigenti-scolastici-manuale-per-libro-vari-e-9788862509831queryid0b8d737553ab9fce3e49804f380f64ea","16":"pa_guerini_libruniver_link-https-www-libreriauniversitaria-it-concorso-dirigenti-scolastici-2023-prova-libro-9788862509831","17":"pa_guerini_link_amazon-https-www-amazon-it-concorso-dirigenti-scolastici-preparazione-edizione-ebook-dp-b0cj4bsp7k","18":"pa_guerini_link_apple_ibook-https-books-apple-com-it-book-concorso-dirigenti-scolastici-manuale-per-la-preparazione-id6466904944","19":"pa_guerini_link_google_play-https-play-google-com-store-books-details-antonello_giannelli_concorso_dirigenti_scolasticiidugdxeaaaqbaj","20":"pa_guerini_link_ibs-https-www-ibs-it-concorso-dirigenti-scolastici-manuale-per-ebook-vari-e-9788881954858queryid24a422f2fb03b68791f5249d97f99031","21":"pa_guerini_link_kobo-https-www-kobo-com-it-it-ebook-concorso-dirigenti-scolastici-manuale-per-la-preparazione-edizione-2023","22":"pa_guerini_link_lafeltrinelli-https-www-lafeltrinelli-it-concorso-dirigenti-scolastici-manuale-per-ebook-vari-e-9788881954858queryidd0f03208e3f82218ac9952f9aa09330a","23":"pa_guerini_link_mondadori-https-www-mondadoristore-it-concorso-dirigenti-antonello-giannelli-raffaella-briani-sandra-scicolone-eai978888195485","24":"pa_guerini_mondadori_link-https-www-mondadoristore-it-concorso-dirigenti-scolastici-antonello-giannelli-raffaella-briani-sandra-scicolone-eai978886250983","26":"first","27":"instock","28":"sale","29":"shipping-taxable","30":"purchasable","31":"product-type-simple"},"yoast_head":"<!-- This site is optimized with the Yoast SEO plugin v25.4 - https:\/\/yoast.com\/wordpress\/plugins\/seo\/ -->\n<title>Concorso Dirigenti Scolastici EDIZIONE 2023 | Guerini Editore<\/title>\n<meta name=\"description\" content=\"Il pi\u00f9 aggiornato manuale scritto da Antonello Giannelli, Raffaella Briani e Sandra Scicolone, per affrontare l\u2019imminente concorso per dirigenti scolastici.\" \/>\n<meta name=\"robots\" content=\"index, follow, max-snippet:-1, max-image-preview:large, max-video-preview:-1\" \/>\n<link rel=\"canonical\" href=\"https:\/\/www.guerini.it\/index.php\/prodotto\/concorso-dirigenti-scolastici-edizione-2023\/\" \/>\n<meta property=\"og:locale\" content=\"it_IT\" \/>\n<meta property=\"og:type\" content=\"article\" \/>\n<meta property=\"og:title\" content=\"Concorso Dirigenti Scolastici EDIZIONE 2023 | Guerini Editore\" \/>\n<meta property=\"og:description\" content=\"Il pi\u00f9 aggiornato manuale scritto da Antonello Giannelli, Raffaella Briani e Sandra Scicolone, per affrontare l\u2019imminente concorso per dirigenti scolastici.\" \/>\n<meta property=\"og:url\" content=\"https:\/\/www.guerini.it\/index.php\/prodotto\/concorso-dirigenti-scolastici-edizione-2023\/\" \/>\n<meta property=\"og:site_name\" content=\"Guerini e Associati\" \/>\n<meta property=\"article:modified_time\" content=\"2024-06-09T18:26:00+00:00\" \/>\n<meta property=\"og:image\" content=\"https:\/\/www.guerini.it\/wp-content\/uploads\/2023\/07\/cover-concorso-scaled.webp\" \/>\n\t<meta property=\"og:image:width\" content=\"1804\" \/>\n\t<meta property=\"og:image:height\" content=\"2560\" \/>\n\t<meta property=\"og:image:type\" content=\"image\/webp\" \/>\n<meta name=\"twitter:card\" content=\"summary_large_image\" \/>\n<meta name=\"twitter:label1\" content=\"Tempo di lettura stimato\" \/>\n\t<meta name=\"twitter:data1\" content=\"4 minuti\" \/>\n<!-- \/ Yoast SEO plugin. -->","yoast_head_json":{"title":"Concorso Dirigenti Scolastici EDIZIONE 2023 | Guerini Editore","description":"Il pi\u00f9 aggiornato manuale scritto da Antonello Giannelli, Raffaella Briani e Sandra Scicolone, per affrontare l\u2019imminente concorso per dirigenti scolastici.","robots":{"index":"index","follow":"follow","max-snippet":"max-snippet:-1","max-image-preview":"max-image-preview:large","max-video-preview":"max-video-preview:-1"},"canonical":"https:\/\/www.guerini.it\/index.php\/prodotto\/concorso-dirigenti-scolastici-edizione-2023\/","og_locale":"it_IT","og_type":"article","og_title":"Concorso Dirigenti Scolastici EDIZIONE 2023 | Guerini Editore","og_description":"Il pi\u00f9 aggiornato manuale scritto da Antonello Giannelli, Raffaella Briani e Sandra Scicolone, per affrontare l\u2019imminente concorso per dirigenti scolastici.","og_url":"https:\/\/www.guerini.it\/index.php\/prodotto\/concorso-dirigenti-scolastici-edizione-2023\/","og_site_name":"Guerini e Associati","article_modified_time":"2024-06-09T18:26:00+00:00","og_image":[{"width":1804,"height":2560,"url":"https:\/\/www.guerini.it\/wp-content\/uploads\/2023\/07\/cover-concorso-scaled.webp","type":"image\/webp"}],"twitter_card":"summary_large_image","twitter_misc":{"Tempo di lettura stimato":"4 minuti"},"schema":{"@context":"https:\/\/schema.org","@graph":[{"@type":"WebPage","@id":"https:\/\/www.guerini.it\/index.php\/prodotto\/concorso-dirigenti-scolastici-edizione-2023\/","url":"https:\/\/www.guerini.it\/index.php\/prodotto\/concorso-dirigenti-scolastici-edizione-2023\/","name":"Concorso Dirigenti Scolastici EDIZIONE 2023 | Guerini Editore","isPartOf":{"@id":"https:\/\/www.guerini.it\/#website"},"primaryImageOfPage":{"@id":"https:\/\/www.guerini.it\/index.php\/prodotto\/concorso-dirigenti-scolastici-edizione-2023\/#primaryimage"},"image":{"@id":"https:\/\/www.guerini.it\/index.php\/prodotto\/concorso-dirigenti-scolastici-edizione-2023\/#primaryimage"},"thumbnailUrl":"https:\/\/www.guerini.it\/wp-content\/uploads\/2023\/07\/cover-concorso-scaled.webp","datePublished":"2023-07-18T09:49:51+00:00","dateModified":"2024-06-09T18:26:00+00:00","description":"Il pi\u00f9 aggiornato manuale scritto da Antonello Giannelli, Raffaella Briani e Sandra Scicolone, per affrontare l\u2019imminente concorso per dirigenti scolastici.","breadcrumb":{"@id":"https:\/\/www.guerini.it\/index.php\/prodotto\/concorso-dirigenti-scolastici-edizione-2023\/#breadcrumb"},"inLanguage":"it-IT","potentialAction":[{"@type":"ReadAction","target":["https:\/\/www.guerini.it\/index.php\/prodotto\/concorso-dirigenti-scolastici-edizione-2023\/"]}]},{"@type":"ImageObject","inLanguage":"it-IT","@id":"https:\/\/www.guerini.it\/index.php\/prodotto\/concorso-dirigenti-scolastici-edizione-2023\/#primaryimage","url":"https:\/\/www.guerini.it\/wp-content\/uploads\/2023\/07\/cover-concorso-scaled.webp","contentUrl":"https:\/\/www.guerini.it\/wp-content\/uploads\/2023\/07\/cover-concorso-scaled.webp","width":1804,"height":2560,"caption":"Copertina del libro di A. Giannelli, S. Scicolone, R. Briani, Concorso Dirigenti Scolastici. Edizione 2023, Guerini e Associati, 2023"},{"@type":"BreadcrumbList","@id":"https:\/\/www.guerini.it\/index.php\/prodotto\/concorso-dirigenti-scolastici-edizione-2023\/#breadcrumb","itemListElement":[{"@type":"ListItem","position":1,"name":"Home","item":"https:\/\/www.guerini.it\/"},{"@type":"ListItem","position":2,"name":"Catalogo","item":"https:\/\/www.guerini.it\/index.php\/negozio\/"},{"@type":"ListItem","position":3,"name":"Concorso Dirigenti Scolastici EDIZIONE 2023"}]},{"@type":"WebSite","@id":"https:\/\/www.guerini.it\/#website","url":"https:\/\/www.guerini.it\/","name":"Guerini e Associati","description":"30 anni di libri, idee e libert\u00e0","publisher":{"@id":"https:\/\/www.guerini.it\/#organization"},"potentialAction":[{"@type":"SearchAction","target":{"@type":"EntryPoint","urlTemplate":"https:\/\/www.guerini.it\/?s={search_term_string}"},"query-input":{"@type":"PropertyValueSpecification","valueRequired":true,"valueName":"search_term_string"}}],"inLanguage":"it-IT"},{"@type":"Organization","@id":"https:\/\/www.guerini.it\/#organization","name":"Guerini e Associati","url":"https:\/\/www.guerini.it\/","logo":{"@type":"ImageObject","inLanguage":"it-IT","@id":"https:\/\/www.guerini.it\/#\/schema\/logo\/image\/","url":"https:\/\/www.guerini.it\/wp-content\/uploads\/2021\/03\/Logo-Guerini-OK_-e1615831292285.png","contentUrl":"https:\/\/www.guerini.it\/wp-content\/uploads\/2021\/03\/Logo-Guerini-OK_-e1615831292285.png","width":2805,"height":1870,"caption":"Guerini e Associati"},"image":{"@id":"https:\/\/www.guerini.it\/#\/schema\/logo\/image\/"}}]}},"_links":{"self":[{"href":"https:\/\/www.guerini.it\/index.php\/wp-json\/wp\/v2\/product\/23954","targetHints":{"allow":["GET"]}}],"collection":[{"href":"https:\/\/www.guerini.it\/index.php\/wp-json\/wp\/v2\/product"}],"about":[{"href":"https:\/\/www.guerini.it\/index.php\/wp-json\/wp\/v2\/types\/product"}],"wp:featuredmedia":[{"embeddable":true,"href":"https:\/\/www.guerini.it\/index.php\/wp-json\/wp\/v2\/media\/23956"}],"wp:attachment":[{"href":"https:\/\/www.guerini.it\/index.php\/wp-json\/wp\/v2\/media?parent=23954"}],"wp:term":[{"taxonomy":"product_brand","embeddable":true,"href":"https:\/\/www.guerini.it\/index.php\/wp-json\/wp\/v2\/product_brand?post=23954"},{"taxonomy":"product_cat","embeddable":true,"href":"https:\/\/www.guerini.it\/index.php\/wp-json\/wp\/v2\/product_cat?post=23954"},{"taxonomy":"product_tag","embeddable":true,"href":"https:\/\/www.guerini.it\/index.php\/wp-json\/wp\/v2\/product_tag?post=23954"}],"curies":[{"name":"wp","href":"https:\/\/api.w.org\/{rel}","templated":true}]}}