{"id":24201,"date":"2023-10-06T18:16:39","date_gmt":"2023-10-06T16:16:39","guid":{"rendered":"https:\/\/www.guerini.it\/?post_type=product&#038;p=24201"},"modified":"2024-06-09T20:26:07","modified_gmt":"2024-06-09T18:26:07","slug":"3p-2a","status":"publish","type":"product","link":"https:\/\/www.guerini.it\/index.php\/prodotto\/3p-2a\/","title":{"rendered":"3P 2A"},"content":{"rendered":"<p style=\"text-align: justify;\">Il Marketing degli intermediari finanziari \u00e8 un sistema di processi estremamente complesso. Si rivolge a un target diversificato \u2013 famiglie, imprese, fondi d\u2019investimento \u2013 e deve trasmettere allo stesso tempo un\u2019immagine di intraprendenza e solidit\u00e0.<br \/>\nForte di una lunga esperienza nel mondo bancario, Emanuele Fontana propone un approccio che guarda alla lezione di Kotler ma che si adatta alla realt\u00e0 attuale, in cui la rivoluzione digitale allarga la platea dei competitors ma offre anche nuove grandi possibilit\u00e0: <em>3P, 2A<\/em>, ossia Presence, Awareness, Price, Product, Advocate. Un modello in cui ogni passaggio della relazione con l\u2019utente \u00e8 pensato per formare branding, in cui ogni anello dell\u2019organizzazione partecipa a un marketing efficace, in cui il cliente diviene parte attiva nella difesa del marchio. Un testo che insegna a partire sempre dall\u2019esperienza del cliente e a trasformare tutti i dipendenti di un\u2019organizzazione in esperti di marketing.<\/p>\n<hr \/>\n<p style=\"text-align: justify;\"><strong>Emanuele Fontana<\/strong> (Ph.D.) \u00e8 Responsabile Servizio Offerta e Innovazione Agri e Coordinatore Agricoltura di Cr\u00e9dit Agricole Italia. Ha insegnato Economia Aziendale, Economia delle imprese vitivinicole e Agribusiness nelle Universit\u00e0 di Firenze, Verona e Parma, dove tuttora \u00e8 Cultore della materia in Agribusiness. \u00c8 Executive Fellow SDA BOCCONI.<br \/>\n<a href=\"https:\/\/emanuelefontana.it\/\">www.emanuelefontana.it.<\/a><\/p>\n","protected":false},"excerpt":{"rendered":"<p>Il Marketing degli intermediari finanziari \u00e8 un sistema di processi estremamente complesso. Si rivolge a un target diversificato \u2013 famiglie, imprese, fondi d\u2019investimento \u2013 e deve trasmettere allo stesso tempo [&hellip;]<\/p>\n","protected":false},"featured_media":24202,"template":"","meta":{"_editorskit_title_hidden":false,"_editorskit_reading_time":0,"_editorskit_is_block_options_detached":false,"_editorskit_block_options_position":"{}","_monsterinsights_skip_tracking":false,"_monsterinsights_sitenote_active":false,"_monsterinsights_sitenote_note":"","_monsterinsights_sitenote_category":0},"product_brand":[],"product_cat":[6805,6711],"product_tag":[6760,7514],"class_list":{"0":"post-24201","1":"product","2":"type-product","3":"status-publish","4":"has-post-thumbnail","6":"product_cat-guerini-next","7":"product_cat-finanza","8":"product_tag-finanza","9":"product_tag-marketing","10":"pa_guerini_amazon_link-https-www-amazon-it-marketing-servizi-finanziari-dp-8868964880","11":"pa_guerini_feltrinelli_link-https-www-lafeltrinelli-it-3p-2a-marketing-per-servizi-libro-emanuele-fontana-e-9788868964887","12":"pa_guerini_ibs_link-https-www-ibs-it-3p-2a-marketing-per-servizi-libro-emanuele-fontana-e-9788868964887","13":"pa_guerini_libruniver_link-https-www-libreriauniversitaria-it-3p-2a-marketing-servizi-finanziari-libro-9788868964887","14":"pa_guerini_mondadori_link-https-www-mondadoristore-it-3p-2a-marketing-servizi-emanuele-fontana-eai978886896488","16":"first","17":"instock","18":"sale","19":"shipping-taxable","20":"purchasable","21":"product-type-simple"},"yoast_head":"<!-- This site is optimized with the Yoast SEO plugin v25.4 - https:\/\/yoast.com\/wordpress\/plugins\/seo\/ -->\n<title>E. Fontana, 3P 2A | Guerini Editore<\/title>\n<meta name=\"description\" content=\"3P 2A insegna a partire sempre dall\u2019esperienza del cliente e a trasformare tutti i dipendenti di un\u2019organizzazione in esperti di marketing.\" \/>\n<meta name=\"robots\" content=\"index, follow, max-snippet:-1, max-image-preview:large, max-video-preview:-1\" \/>\n<link rel=\"canonical\" href=\"https:\/\/www.guerini.it\/index.php\/prodotto\/3p-2a\/\" \/>\n<meta property=\"og:locale\" content=\"it_IT\" \/>\n<meta property=\"og:type\" content=\"article\" \/>\n<meta property=\"og:title\" content=\"E. Fontana, 3P 2A | Guerini Editore\" \/>\n<meta property=\"og:description\" content=\"3P 2A insegna a partire sempre dall\u2019esperienza del cliente e a trasformare tutti i dipendenti di un\u2019organizzazione in esperti di marketing.\" \/>\n<meta property=\"og:url\" content=\"https:\/\/www.guerini.it\/index.php\/prodotto\/3p-2a\/\" \/>\n<meta property=\"og:site_name\" content=\"Guerini e Associati\" \/>\n<meta property=\"article:modified_time\" content=\"2024-06-09T18:26:07+00:00\" \/>\n<meta property=\"og:image\" content=\"https:\/\/www.guerini.it\/wp-content\/uploads\/2023\/10\/9788868964887.webp\" \/>\n\t<meta property=\"og:image:width\" content=\"667\" \/>\n\t<meta property=\"og:image:height\" content=\"1000\" \/>\n\t<meta property=\"og:image:type\" content=\"image\/webp\" \/>\n<meta name=\"twitter:card\" content=\"summary_large_image\" \/>\n<meta name=\"twitter:label1\" content=\"Tempo di lettura stimato\" \/>\n\t<meta name=\"twitter:data1\" content=\"2 minuti\" \/>\n<!-- \/ Yoast SEO plugin. -->","yoast_head_json":{"title":"E. Fontana, 3P 2A | Guerini Editore","description":"3P 2A insegna a partire sempre dall\u2019esperienza del cliente e a trasformare tutti i dipendenti di un\u2019organizzazione in esperti di marketing.","robots":{"index":"index","follow":"follow","max-snippet":"max-snippet:-1","max-image-preview":"max-image-preview:large","max-video-preview":"max-video-preview:-1"},"canonical":"https:\/\/www.guerini.it\/index.php\/prodotto\/3p-2a\/","og_locale":"it_IT","og_type":"article","og_title":"E. Fontana, 3P 2A | Guerini Editore","og_description":"3P 2A insegna a partire sempre dall\u2019esperienza del cliente e a trasformare tutti i dipendenti di un\u2019organizzazione in esperti di marketing.","og_url":"https:\/\/www.guerini.it\/index.php\/prodotto\/3p-2a\/","og_site_name":"Guerini e Associati","article_modified_time":"2024-06-09T18:26:07+00:00","og_image":[{"width":667,"height":1000,"url":"https:\/\/www.guerini.it\/wp-content\/uploads\/2023\/10\/9788868964887.webp","type":"image\/webp"}],"twitter_card":"summary_large_image","twitter_misc":{"Tempo di lettura stimato":"2 minuti"},"schema":{"@context":"https:\/\/schema.org","@graph":[{"@type":"WebPage","@id":"https:\/\/www.guerini.it\/index.php\/prodotto\/3p-2a\/","url":"https:\/\/www.guerini.it\/index.php\/prodotto\/3p-2a\/","name":"E. Fontana, 3P 2A | Guerini Editore","isPartOf":{"@id":"https:\/\/www.guerini.it\/#website"},"primaryImageOfPage":{"@id":"https:\/\/www.guerini.it\/index.php\/prodotto\/3p-2a\/#primaryimage"},"image":{"@id":"https:\/\/www.guerini.it\/index.php\/prodotto\/3p-2a\/#primaryimage"},"thumbnailUrl":"https:\/\/www.guerini.it\/wp-content\/uploads\/2023\/10\/9788868964887.webp","datePublished":"2023-10-06T16:16:39+00:00","dateModified":"2024-06-09T18:26:07+00:00","description":"3P 2A insegna a partire sempre dall\u2019esperienza del cliente e a trasformare tutti i dipendenti di un\u2019organizzazione in esperti di marketing.","breadcrumb":{"@id":"https:\/\/www.guerini.it\/index.php\/prodotto\/3p-2a\/#breadcrumb"},"inLanguage":"it-IT","potentialAction":[{"@type":"ReadAction","target":["https:\/\/www.guerini.it\/index.php\/prodotto\/3p-2a\/"]}]},{"@type":"ImageObject","inLanguage":"it-IT","@id":"https:\/\/www.guerini.it\/index.php\/prodotto\/3p-2a\/#primaryimage","url":"https:\/\/www.guerini.it\/wp-content\/uploads\/2023\/10\/9788868964887.webp","contentUrl":"https:\/\/www.guerini.it\/wp-content\/uploads\/2023\/10\/9788868964887.webp","width":667,"height":1000,"caption":"Copertina di E. Fontana, 3P 2A, Guerini Next, 2023"},{"@type":"BreadcrumbList","@id":"https:\/\/www.guerini.it\/index.php\/prodotto\/3p-2a\/#breadcrumb","itemListElement":[{"@type":"ListItem","position":1,"name":"Home","item":"https:\/\/www.guerini.it\/"},{"@type":"ListItem","position":2,"name":"Catalogo","item":"https:\/\/www.guerini.it\/index.php\/negozio\/"},{"@type":"ListItem","position":3,"name":"3P 2A"}]},{"@type":"WebSite","@id":"https:\/\/www.guerini.it\/#website","url":"https:\/\/www.guerini.it\/","name":"Guerini e Associati","description":"30 anni di libri, idee e libert\u00e0","publisher":{"@id":"https:\/\/www.guerini.it\/#organization"},"potentialAction":[{"@type":"SearchAction","target":{"@type":"EntryPoint","urlTemplate":"https:\/\/www.guerini.it\/?s={search_term_string}"},"query-input":{"@type":"PropertyValueSpecification","valueRequired":true,"valueName":"search_term_string"}}],"inLanguage":"it-IT"},{"@type":"Organization","@id":"https:\/\/www.guerini.it\/#organization","name":"Guerini e Associati","url":"https:\/\/www.guerini.it\/","logo":{"@type":"ImageObject","inLanguage":"it-IT","@id":"https:\/\/www.guerini.it\/#\/schema\/logo\/image\/","url":"https:\/\/www.guerini.it\/wp-content\/uploads\/2021\/03\/Logo-Guerini-OK_-e1615831292285.png","contentUrl":"https:\/\/www.guerini.it\/wp-content\/uploads\/2021\/03\/Logo-Guerini-OK_-e1615831292285.png","width":2805,"height":1870,"caption":"Guerini e Associati"},"image":{"@id":"https:\/\/www.guerini.it\/#\/schema\/logo\/image\/"}}]}},"_links":{"self":[{"href":"https:\/\/www.guerini.it\/index.php\/wp-json\/wp\/v2\/product\/24201","targetHints":{"allow":["GET"]}}],"collection":[{"href":"https:\/\/www.guerini.it\/index.php\/wp-json\/wp\/v2\/product"}],"about":[{"href":"https:\/\/www.guerini.it\/index.php\/wp-json\/wp\/v2\/types\/product"}],"wp:featuredmedia":[{"embeddable":true,"href":"https:\/\/www.guerini.it\/index.php\/wp-json\/wp\/v2\/media\/24202"}],"wp:attachment":[{"href":"https:\/\/www.guerini.it\/index.php\/wp-json\/wp\/v2\/media?parent=24201"}],"wp:term":[{"taxonomy":"product_brand","embeddable":true,"href":"https:\/\/www.guerini.it\/index.php\/wp-json\/wp\/v2\/product_brand?post=24201"},{"taxonomy":"product_cat","embeddable":true,"href":"https:\/\/www.guerini.it\/index.php\/wp-json\/wp\/v2\/product_cat?post=24201"},{"taxonomy":"product_tag","embeddable":true,"href":"https:\/\/www.guerini.it\/index.php\/wp-json\/wp\/v2\/product_tag?post=24201"}],"curies":[{"name":"wp","href":"https:\/\/api.w.org\/{rel}","templated":true}]}}