{"id":24219,"date":"2023-10-17T16:05:48","date_gmt":"2023-10-17T14:05:48","guid":{"rendered":"https:\/\/www.guerini.it\/?post_type=product&#038;p=24219"},"modified":"2024-06-09T20:26:07","modified_gmt":"2024-06-09T18:26:07","slug":"schein-sviluppo-organizzativo-e-metodo-clinico-guerini","status":"publish","type":"product","link":"https:\/\/www.guerini.it\/index.php\/prodotto\/schein-sviluppo-organizzativo-e-metodo-clinico-guerini\/","title":{"rendered":"Sviluppo organizzativo e metodo clinico"},"content":{"rendered":"<p style=\"text-align: justify;\">La maggior parte degli scritti sulla ricerca qualitativa riguarda il ruolo dell\u2019etnografo in una determinata cultura, organizzazione o in un altro ambiente. L\u2019etnografo registra invisibile la natura di tale ambiente, senza influire sulle attivit\u00e0 quotidiane del luogo studiato. Ma non tutta la ricerca qualitativa pretende di essere cos\u00ec imparziale e non coinvolta. La prospettiva clinica, derivante dalla ricerca-azione, \u00e8 qualcosa di molto diverso. Il clinico \u00e8 di solito un consulente che interviene specificamente per portare un cambiamento all\u2019interno di un\u2019organizzazione. Questo tipo di ricercatore lavora sotto una serie molto diversa di vincoli tecnici ed etici, vincoli che differenziano questo tipo di ricerca dall\u2019etnografia tradizionale in quasi tutti i punti del processo: dalla scelta del contesto, alla definizione dell\u2019agenda di ricerca, alla raccolta dei dati e alla comunicazione dei risultati.<\/p>\n<hr \/>\n<p style=\"text-align: justify;\"><strong>Edgar H. Schein<\/strong> (1928-2023) \u00e8 stato tra i massimi esperti mondiali di psicologia sociale e delle organizzazioni. Ha insegnato all\u2019<a href=\"https:\/\/www.mit.edu\/\">MIT<\/a> per oltre quarant\u2019anni, ricevendo numerosi premi e lauree ad honorem. I suoi saggi sono stati pubblicati in decine di lingue e hanno venduto centinaia di migliaia di copie. Per le nostre edizioni ha pubblicato molte sue opere, tra cui <a href=\"https:\/\/www.guerini.it\/index.php\/prodotto\/l-arte-di-far-domande\/\">L\u2019arte di far domande<\/a> (2014, seconda edizione aggiornata e ampliata in uscita nel 2024), <a href=\"https:\/\/www.guerini.it\/index.php\/prodotto\/l-arte-della-consulenza\/\">L\u2019arte della consulenza<\/a> (2017) e <a href=\"https:\/\/www.guerini.it\/index.php\/prodotto\/l-arte-di-creare-fiducia\/\">L\u2019arte di creare fiducia<\/a> (2019).<\/p>\n","protected":false},"excerpt":{"rendered":"<p>La maggior parte degli scritti sulla ricerca qualitativa riguarda il ruolo dell\u2019etnografo in una determinata cultura, organizzazione o in un altro ambiente. L\u2019etnografo registra invisibile la natura di tale ambiente, [&hellip;]<\/p>\n","protected":false},"featured_media":24220,"template":"","meta":{"_editorskit_title_hidden":false,"_editorskit_reading_time":0,"_editorskit_is_block_options_detached":false,"_editorskit_block_options_position":"{}","_monsterinsights_skip_tracking":false,"_monsterinsights_sitenote_active":false,"_monsterinsights_sitenote_note":"","_monsterinsights_sitenote_category":0},"product_brand":[],"product_cat":[6805,6529],"product_tag":[],"class_list":{"0":"post-24219","1":"product","2":"type-product","3":"status-publish","4":"has-post-thumbnail","6":"product_cat-guerini-next","7":"product_cat-economia-e-management","9":"first","10":"instock","11":"sale","12":"shipping-taxable","13":"purchasable","14":"product-type-simple"},"yoast_head":"<!-- This site is optimized with the Yoast SEO plugin v25.4 - https:\/\/yoast.com\/wordpress\/plugins\/seo\/ -->\n<title>E. Schein, Sviluppo organizzativo e metodo clinico | Guerini Editore<\/title>\n<meta name=\"description\" content=\"Con Sviluppo organizzativo e metodo clinico, Edgar Schein rivoluziona la ricerca qualitativa con un approccio unico e coinvolgente\" \/>\n<meta name=\"robots\" content=\"index, follow, max-snippet:-1, max-image-preview:large, max-video-preview:-1\" \/>\n<link rel=\"canonical\" href=\"https:\/\/www.guerini.it\/index.php\/prodotto\/schein-sviluppo-organizzativo-e-metodo-clinico-guerini\/\" \/>\n<meta property=\"og:locale\" content=\"it_IT\" \/>\n<meta property=\"og:type\" content=\"article\" \/>\n<meta property=\"og:title\" content=\"E. Schein, Sviluppo organizzativo e metodo clinico | Guerini Editore\" \/>\n<meta property=\"og:description\" content=\"Con Sviluppo organizzativo e metodo clinico, Edgar Schein rivoluziona la ricerca qualitativa con un approccio unico e coinvolgente\" \/>\n<meta property=\"og:url\" content=\"https:\/\/www.guerini.it\/index.php\/prodotto\/schein-sviluppo-organizzativo-e-metodo-clinico-guerini\/\" \/>\n<meta property=\"og:site_name\" content=\"Guerini e Associati\" \/>\n<meta property=\"article:modified_time\" content=\"2024-06-09T18:26:07+00:00\" \/>\n<meta property=\"og:image\" content=\"https:\/\/www.guerini.it\/wp-content\/uploads\/2023\/10\/9788868965013.webp\" \/>\n\t<meta property=\"og:image:width\" content=\"667\" \/>\n\t<meta property=\"og:image:height\" content=\"1000\" \/>\n\t<meta property=\"og:image:type\" content=\"image\/webp\" \/>\n<meta name=\"twitter:card\" content=\"summary_large_image\" \/>\n<meta name=\"twitter:label1\" content=\"Tempo di lettura stimato\" \/>\n\t<meta name=\"twitter:data1\" content=\"2 minuti\" \/>\n<!-- \/ Yoast SEO plugin. -->","yoast_head_json":{"title":"E. Schein, Sviluppo organizzativo e metodo clinico | Guerini Editore","description":"Con Sviluppo organizzativo e metodo clinico, Edgar Schein rivoluziona la ricerca qualitativa con un approccio unico e coinvolgente","robots":{"index":"index","follow":"follow","max-snippet":"max-snippet:-1","max-image-preview":"max-image-preview:large","max-video-preview":"max-video-preview:-1"},"canonical":"https:\/\/www.guerini.it\/index.php\/prodotto\/schein-sviluppo-organizzativo-e-metodo-clinico-guerini\/","og_locale":"it_IT","og_type":"article","og_title":"E. Schein, Sviluppo organizzativo e metodo clinico | Guerini Editore","og_description":"Con Sviluppo organizzativo e metodo clinico, Edgar Schein rivoluziona la ricerca qualitativa con un approccio unico e coinvolgente","og_url":"https:\/\/www.guerini.it\/index.php\/prodotto\/schein-sviluppo-organizzativo-e-metodo-clinico-guerini\/","og_site_name":"Guerini e Associati","article_modified_time":"2024-06-09T18:26:07+00:00","og_image":[{"width":667,"height":1000,"url":"https:\/\/www.guerini.it\/wp-content\/uploads\/2023\/10\/9788868965013.webp","type":"image\/webp"}],"twitter_card":"summary_large_image","twitter_misc":{"Tempo di lettura stimato":"2 minuti"},"schema":{"@context":"https:\/\/schema.org","@graph":[{"@type":"WebPage","@id":"https:\/\/www.guerini.it\/index.php\/prodotto\/schein-sviluppo-organizzativo-e-metodo-clinico-guerini\/","url":"https:\/\/www.guerini.it\/index.php\/prodotto\/schein-sviluppo-organizzativo-e-metodo-clinico-guerini\/","name":"E. Schein, Sviluppo organizzativo e metodo clinico | Guerini Editore","isPartOf":{"@id":"https:\/\/www.guerini.it\/#website"},"primaryImageOfPage":{"@id":"https:\/\/www.guerini.it\/index.php\/prodotto\/schein-sviluppo-organizzativo-e-metodo-clinico-guerini\/#primaryimage"},"image":{"@id":"https:\/\/www.guerini.it\/index.php\/prodotto\/schein-sviluppo-organizzativo-e-metodo-clinico-guerini\/#primaryimage"},"thumbnailUrl":"https:\/\/www.guerini.it\/wp-content\/uploads\/2023\/10\/9788868965013.webp","datePublished":"2023-10-17T14:05:48+00:00","dateModified":"2024-06-09T18:26:07+00:00","description":"Con Sviluppo organizzativo e metodo clinico, Edgar Schein rivoluziona la ricerca qualitativa con un approccio unico e coinvolgente","breadcrumb":{"@id":"https:\/\/www.guerini.it\/index.php\/prodotto\/schein-sviluppo-organizzativo-e-metodo-clinico-guerini\/#breadcrumb"},"inLanguage":"it-IT","potentialAction":[{"@type":"ReadAction","target":["https:\/\/www.guerini.it\/index.php\/prodotto\/schein-sviluppo-organizzativo-e-metodo-clinico-guerini\/"]}]},{"@type":"ImageObject","inLanguage":"it-IT","@id":"https:\/\/www.guerini.it\/index.php\/prodotto\/schein-sviluppo-organizzativo-e-metodo-clinico-guerini\/#primaryimage","url":"https:\/\/www.guerini.it\/wp-content\/uploads\/2023\/10\/9788868965013.webp","contentUrl":"https:\/\/www.guerini.it\/wp-content\/uploads\/2023\/10\/9788868965013.webp","width":667,"height":1000,"caption":"Copertina di Sviluppo organizzativo e metodo clinico, E. Schein, Guerini Next"},{"@type":"BreadcrumbList","@id":"https:\/\/www.guerini.it\/index.php\/prodotto\/schein-sviluppo-organizzativo-e-metodo-clinico-guerini\/#breadcrumb","itemListElement":[{"@type":"ListItem","position":1,"name":"Home","item":"https:\/\/www.guerini.it\/"},{"@type":"ListItem","position":2,"name":"Catalogo","item":"https:\/\/www.guerini.it\/index.php\/negozio\/"},{"@type":"ListItem","position":3,"name":"Sviluppo organizzativo e metodo clinico"}]},{"@type":"WebSite","@id":"https:\/\/www.guerini.it\/#website","url":"https:\/\/www.guerini.it\/","name":"Guerini e Associati","description":"30 anni di libri, idee e libert\u00e0","publisher":{"@id":"https:\/\/www.guerini.it\/#organization"},"potentialAction":[{"@type":"SearchAction","target":{"@type":"EntryPoint","urlTemplate":"https:\/\/www.guerini.it\/?s={search_term_string}"},"query-input":{"@type":"PropertyValueSpecification","valueRequired":true,"valueName":"search_term_string"}}],"inLanguage":"it-IT"},{"@type":"Organization","@id":"https:\/\/www.guerini.it\/#organization","name":"Guerini e Associati","url":"https:\/\/www.guerini.it\/","logo":{"@type":"ImageObject","inLanguage":"it-IT","@id":"https:\/\/www.guerini.it\/#\/schema\/logo\/image\/","url":"https:\/\/www.guerini.it\/wp-content\/uploads\/2021\/03\/Logo-Guerini-OK_-e1615831292285.png","contentUrl":"https:\/\/www.guerini.it\/wp-content\/uploads\/2021\/03\/Logo-Guerini-OK_-e1615831292285.png","width":2805,"height":1870,"caption":"Guerini e Associati"},"image":{"@id":"https:\/\/www.guerini.it\/#\/schema\/logo\/image\/"}}]}},"_links":{"self":[{"href":"https:\/\/www.guerini.it\/index.php\/wp-json\/wp\/v2\/product\/24219","targetHints":{"allow":["GET"]}}],"collection":[{"href":"https:\/\/www.guerini.it\/index.php\/wp-json\/wp\/v2\/product"}],"about":[{"href":"https:\/\/www.guerini.it\/index.php\/wp-json\/wp\/v2\/types\/product"}],"wp:featuredmedia":[{"embeddable":true,"href":"https:\/\/www.guerini.it\/index.php\/wp-json\/wp\/v2\/media\/24220"}],"wp:attachment":[{"href":"https:\/\/www.guerini.it\/index.php\/wp-json\/wp\/v2\/media?parent=24219"}],"wp:term":[{"taxonomy":"product_brand","embeddable":true,"href":"https:\/\/www.guerini.it\/index.php\/wp-json\/wp\/v2\/product_brand?post=24219"},{"taxonomy":"product_cat","embeddable":true,"href":"https:\/\/www.guerini.it\/index.php\/wp-json\/wp\/v2\/product_cat?post=24219"},{"taxonomy":"product_tag","embeddable":true,"href":"https:\/\/www.guerini.it\/index.php\/wp-json\/wp\/v2\/product_tag?post=24219"}],"curies":[{"name":"wp","href":"https:\/\/api.w.org\/{rel}","templated":true}]}}