{"id":24284,"date":"2023-11-16T18:15:11","date_gmt":"2023-11-16T17:15:11","guid":{"rendered":"https:\/\/www.guerini.it\/?post_type=product&#038;p=24284"},"modified":"2024-06-09T20:26:10","modified_gmt":"2024-06-09T18:26:10","slug":"smart-leadership-canvas","status":"publish","type":"product","link":"https:\/\/www.guerini.it\/index.php\/prodotto\/smart-leadership-canvas\/","title":{"rendered":"Smart Leadership Canvas"},"content":{"rendered":"<p style=\"text-align: justify;\">L\u2019intelligenza artificiale ha bisogno del cuore e del cervello umano: \u00e8 la prospettiva con cui affrontare l\u2019impresa 5.0, quella nella quale l\u2019intelligenza delle persone collabora con le reti neurali generative. Presentando le nuove teorie manageriali e le esperienze di 20 grandi leader italiani, il libro indica come guidare la fase due dello sviluppo dell\u2019intelligenza artificiale: dopo l\u2019entusiasmo seguito al lancio di ChatGPT avvenuto il 30 novembre 2022, \u00e8 necessario che chi guida la rivoluzione aziendale si focalizzi sulle persone con cui collabora e sugli obiettivi di business per arrivare a promuovere un impatto positivo all\u2019interno e all\u2019esterno dell\u2019azienda. In sostegno al manager viene in aiuto lo Smart Leadeship Canvas, strumento di valutazione per i manager che vogliono diventare leader ai tempi dell\u2019intelligenza artificiale.<\/p>\n<p><iframe loading=\"lazy\" title=\"YouTube video player\" src=\"https:\/\/www.youtube.com\/embed\/H-_r-jf34rk?si=9KYkPoEVqr1pg0Jw\" width=\"560\" height=\"315\" frameborder=\"0\" allowfullscreen=\"allowfullscreen\"><span data-mce-type=\"bookmark\" style=\"display: inline-block; width: 0px; overflow: hidden; line-height: 0;\" class=\"mce_SELRES_start\">\ufeff<\/span><\/iframe><br \/>\n<iframe loading=\"lazy\" title=\"YouTube video player\" src=\"https:\/\/www.youtube.com\/embed\/BWTnruoFukA?si=EeWL0BJBc-cxpuKR\" width=\"560\" height=\"315\" frameborder=\"0\" allowfullscreen=\"allowfullscreen\"><\/iframe><\/p>\n<hr \/>\n<p style=\"text-align: justify;\"><strong>Filippo Poletti<\/strong> \u00e8 Top voice di LinkedIn con executive MBA al <a href=\"https:\/\/www.polimi.it\/\">Politecnico di Milano<\/a>. Dal 2017 cura su LinkedIn una rubrica quotidiana dedicata al lavoro. \u00c8 stato inserito da WikiMilano tra i protagonisti della vita metropolitana. Speaker, formatore e giornalista professionista ha scritto per oltre 30 testate nazionali come il Corriere della Sera. Tra i suoi libri <em>Tempo di IoP: Intranet of People<\/em> (2020), <em>Grammatica del nuovo mondo<\/em> (2021), <em>MBA Power: innovare alla ricerca del proprio purpose<\/em> (2022) e <em>Ucraina: grammatica dell\u2019inferno<\/em> (2023).<\/p>\n<p style=\"text-align: justify;\"><strong>Alberto Ferraris<\/strong>, Ph.D. in business management, \u00e8 professore ordinario in economia e gestione delle imprese all\u2019<a href=\"https:\/\/www.unito.it\/\">Universit\u00e0 di Torino<\/a>. Docente dei corsi di Innovation management e digital transformation e Performance management e leadership presso l\u2019Universit\u00e0 di Torino, \u00e8 autore di diversi libri e di oltre un centinaio di pubblicazioni di carattere scientifico a livello internazionale. \u00c8 membro dell\u2019advisory board dell\u2019Osservatorio HR Zucchetti e collabora con diverse aziende a livello nazionale.<\/p>\n<hr \/>\n<p><strong>Rassegna Stampa<\/strong><\/p>\n<p><em><a href=\"https:\/\/nuvola.corriere.it\/2024\/03\/04\/nuvola-libri-il-leader-sa-gestire-la-collaborazione-tra-uomo-e-macchina\/\">Nuvola Libri &#8211; Il leader? Sa gestire la collaborazione tra uomo e macchina\u00a0<\/a><\/em>, Corriere della Sera<\/p>\n<p>&nbsp;<\/p>\n","protected":false},"excerpt":{"rendered":"<p>L\u2019intelligenza artificiale ha bisogno del cuore e del cervello umano: \u00e8 la prospettiva con cui affrontare l\u2019impresa 5.0, quella nella quale l\u2019intelligenza delle persone collabora con le reti neurali generative. [&hellip;]<\/p>\n","protected":false},"featured_media":24285,"template":"","meta":{"_editorskit_title_hidden":false,"_editorskit_reading_time":0,"_editorskit_is_block_options_detached":false,"_editorskit_block_options_position":"{}","_monsterinsights_skip_tracking":false,"_monsterinsights_sitenote_active":false,"_monsterinsights_sitenote_note":"","_monsterinsights_sitenote_category":0},"product_brand":[],"product_cat":[6805],"product_tag":[7501,6967],"class_list":{"0":"post-24284","1":"product","2":"type-product","3":"status-publish","4":"has-post-thumbnail","6":"product_cat-guerini-next","7":"product_tag-intelligenza-artificiale","8":"product_tag-leadership","9":"pa_guerini_amazon_link-https-www-amazon-it-leadership-rivoluzione-dellintelligenza-artificiale-cervello-dp-8868964988","10":"pa_guerini_feltrinelli_link-https-www-lafeltrinelli-it-smart-leadership-canvas-come-guidare-libro-filippo-poletti-alberto-ferraris-e-9788868964986","11":"pa_guerini_ibs_link-https-www-ibs-it-smart-leadership-canvas-come-guidare-libro-filippo-poletti-alberto-ferraris-e-9788868964986","12":"pa_guerini_libruniver_link-https-www-libreriauniversitaria-it-smart-leadership-canvas-guidare-rivoluzione-libro-9788868964986","13":"pa_guerini_mondadori_link-https-www-mondadoristore-it-smart-leadership-canvas-come-alberto-ferraris-filippo-poletti-eai978886896498","15":"first","16":"instock","17":"sale","18":"shipping-taxable","19":"purchasable","20":"product-type-simple"},"yoast_head":"<!-- This site is optimized with the Yoast SEO plugin v25.4 - https:\/\/yoast.com\/wordpress\/plugins\/seo\/ -->\n<title>F. Poletti, A. Ferraris, Smart Leadership Canvas | Guerini Editore<\/title>\n<meta name=\"description\" content=\"Lo Smart Leadership Canvas \u00e8 lo strumento di valutazione per i manager che vogliono diventare leader ai tempi dell\u2019intelligenza artificiale.\" \/>\n<meta name=\"robots\" content=\"index, follow, max-snippet:-1, max-image-preview:large, max-video-preview:-1\" \/>\n<link rel=\"canonical\" href=\"https:\/\/www.guerini.it\/index.php\/prodotto\/smart-leadership-canvas\/\" \/>\n<meta property=\"og:locale\" content=\"it_IT\" \/>\n<meta property=\"og:type\" content=\"article\" \/>\n<meta property=\"og:title\" content=\"F. Poletti, A. Ferraris, Smart Leadership Canvas | Guerini Editore\" \/>\n<meta property=\"og:description\" content=\"Lo Smart Leadership Canvas \u00e8 lo strumento di valutazione per i manager che vogliono diventare leader ai tempi dell\u2019intelligenza artificiale.\" \/>\n<meta property=\"og:url\" content=\"https:\/\/www.guerini.it\/index.php\/prodotto\/smart-leadership-canvas\/\" \/>\n<meta property=\"og:site_name\" content=\"Guerini e Associati\" \/>\n<meta property=\"article:modified_time\" content=\"2024-06-09T18:26:10+00:00\" \/>\n<meta property=\"og:image\" content=\"https:\/\/www.guerini.it\/wp-content\/uploads\/2023\/11\/9788868964986_1.webp\" \/>\n\t<meta property=\"og:image:width\" content=\"667\" \/>\n\t<meta property=\"og:image:height\" content=\"1000\" \/>\n\t<meta property=\"og:image:type\" content=\"image\/webp\" \/>\n<meta name=\"twitter:card\" content=\"summary_large_image\" \/>\n<meta name=\"twitter:label1\" content=\"Tempo di lettura stimato\" \/>\n\t<meta name=\"twitter:data1\" content=\"2 minuti\" \/>\n<!-- \/ Yoast SEO plugin. -->","yoast_head_json":{"title":"F. Poletti, A. Ferraris, Smart Leadership Canvas | Guerini Editore","description":"Lo Smart Leadership Canvas \u00e8 lo strumento di valutazione per i manager che vogliono diventare leader ai tempi dell\u2019intelligenza artificiale.","robots":{"index":"index","follow":"follow","max-snippet":"max-snippet:-1","max-image-preview":"max-image-preview:large","max-video-preview":"max-video-preview:-1"},"canonical":"https:\/\/www.guerini.it\/index.php\/prodotto\/smart-leadership-canvas\/","og_locale":"it_IT","og_type":"article","og_title":"F. Poletti, A. Ferraris, Smart Leadership Canvas | Guerini Editore","og_description":"Lo Smart Leadership Canvas \u00e8 lo strumento di valutazione per i manager che vogliono diventare leader ai tempi dell\u2019intelligenza artificiale.","og_url":"https:\/\/www.guerini.it\/index.php\/prodotto\/smart-leadership-canvas\/","og_site_name":"Guerini e Associati","article_modified_time":"2024-06-09T18:26:10+00:00","og_image":[{"width":667,"height":1000,"url":"https:\/\/www.guerini.it\/wp-content\/uploads\/2023\/11\/9788868964986_1.webp","type":"image\/webp"}],"twitter_card":"summary_large_image","twitter_misc":{"Tempo di lettura stimato":"2 minuti"},"schema":{"@context":"https:\/\/schema.org","@graph":[{"@type":"WebPage","@id":"https:\/\/www.guerini.it\/index.php\/prodotto\/smart-leadership-canvas\/","url":"https:\/\/www.guerini.it\/index.php\/prodotto\/smart-leadership-canvas\/","name":"F. Poletti, A. Ferraris, Smart Leadership Canvas | Guerini Editore","isPartOf":{"@id":"https:\/\/www.guerini.it\/#website"},"primaryImageOfPage":{"@id":"https:\/\/www.guerini.it\/index.php\/prodotto\/smart-leadership-canvas\/#primaryimage"},"image":{"@id":"https:\/\/www.guerini.it\/index.php\/prodotto\/smart-leadership-canvas\/#primaryimage"},"thumbnailUrl":"https:\/\/www.guerini.it\/wp-content\/uploads\/2023\/11\/9788868964986_1.webp","datePublished":"2023-11-16T17:15:11+00:00","dateModified":"2024-06-09T18:26:10+00:00","description":"Lo Smart Leadership Canvas \u00e8 lo strumento di valutazione per i manager che vogliono diventare leader ai tempi dell\u2019intelligenza artificiale.","breadcrumb":{"@id":"https:\/\/www.guerini.it\/index.php\/prodotto\/smart-leadership-canvas\/#breadcrumb"},"inLanguage":"it-IT","potentialAction":[{"@type":"ReadAction","target":["https:\/\/www.guerini.it\/index.php\/prodotto\/smart-leadership-canvas\/"]}]},{"@type":"ImageObject","inLanguage":"it-IT","@id":"https:\/\/www.guerini.it\/index.php\/prodotto\/smart-leadership-canvas\/#primaryimage","url":"https:\/\/www.guerini.it\/wp-content\/uploads\/2023\/11\/9788868964986_1.webp","contentUrl":"https:\/\/www.guerini.it\/wp-content\/uploads\/2023\/11\/9788868964986_1.webp","width":667,"height":1000,"caption":"Copertina del libro di F. Poletti, A. Ferraris, Smart Leadership Canvas, Guerini Next, 2023"},{"@type":"BreadcrumbList","@id":"https:\/\/www.guerini.it\/index.php\/prodotto\/smart-leadership-canvas\/#breadcrumb","itemListElement":[{"@type":"ListItem","position":1,"name":"Home","item":"https:\/\/www.guerini.it\/"},{"@type":"ListItem","position":2,"name":"Catalogo","item":"https:\/\/www.guerini.it\/index.php\/negozio\/"},{"@type":"ListItem","position":3,"name":"Smart Leadership Canvas"}]},{"@type":"WebSite","@id":"https:\/\/www.guerini.it\/#website","url":"https:\/\/www.guerini.it\/","name":"Guerini e Associati","description":"30 anni di libri, idee e libert\u00e0","publisher":{"@id":"https:\/\/www.guerini.it\/#organization"},"potentialAction":[{"@type":"SearchAction","target":{"@type":"EntryPoint","urlTemplate":"https:\/\/www.guerini.it\/?s={search_term_string}"},"query-input":{"@type":"PropertyValueSpecification","valueRequired":true,"valueName":"search_term_string"}}],"inLanguage":"it-IT"},{"@type":"Organization","@id":"https:\/\/www.guerini.it\/#organization","name":"Guerini e Associati","url":"https:\/\/www.guerini.it\/","logo":{"@type":"ImageObject","inLanguage":"it-IT","@id":"https:\/\/www.guerini.it\/#\/schema\/logo\/image\/","url":"https:\/\/www.guerini.it\/wp-content\/uploads\/2021\/03\/Logo-Guerini-OK_-e1615831292285.png","contentUrl":"https:\/\/www.guerini.it\/wp-content\/uploads\/2021\/03\/Logo-Guerini-OK_-e1615831292285.png","width":2805,"height":1870,"caption":"Guerini e Associati"},"image":{"@id":"https:\/\/www.guerini.it\/#\/schema\/logo\/image\/"}}]}},"_links":{"self":[{"href":"https:\/\/www.guerini.it\/index.php\/wp-json\/wp\/v2\/product\/24284","targetHints":{"allow":["GET"]}}],"collection":[{"href":"https:\/\/www.guerini.it\/index.php\/wp-json\/wp\/v2\/product"}],"about":[{"href":"https:\/\/www.guerini.it\/index.php\/wp-json\/wp\/v2\/types\/product"}],"wp:featuredmedia":[{"embeddable":true,"href":"https:\/\/www.guerini.it\/index.php\/wp-json\/wp\/v2\/media\/24285"}],"wp:attachment":[{"href":"https:\/\/www.guerini.it\/index.php\/wp-json\/wp\/v2\/media?parent=24284"}],"wp:term":[{"taxonomy":"product_brand","embeddable":true,"href":"https:\/\/www.guerini.it\/index.php\/wp-json\/wp\/v2\/product_brand?post=24284"},{"taxonomy":"product_cat","embeddable":true,"href":"https:\/\/www.guerini.it\/index.php\/wp-json\/wp\/v2\/product_cat?post=24284"},{"taxonomy":"product_tag","embeddable":true,"href":"https:\/\/www.guerini.it\/index.php\/wp-json\/wp\/v2\/product_tag?post=24284"}],"curies":[{"name":"wp","href":"https:\/\/api.w.org\/{rel}","templated":true}]}}