{"id":24288,"date":"2023-11-16T16:28:26","date_gmt":"2023-11-16T15:28:26","guid":{"rendered":"https:\/\/www.guerini.it\/?post_type=product&#038;p=24288"},"modified":"2024-06-09T20:26:10","modified_gmt":"2024-06-09T18:26:10","slug":"disruption-mattiello-taticchi-guerini-next","status":"publish","type":"product","link":"https:\/\/www.guerini.it\/index.php\/prodotto\/disruption-mattiello-taticchi-guerini-next\/","title":{"rendered":"Disruption"},"content":{"rendered":"<p style=\"text-align: justify;\">In un contesto di incessante mutamento, in cui le logiche consolidate di competizione e crescita appaiono inadeguate, il ruolo del CEO sta subendo una significativa trasformazione. Da semplice esecutore di strategie, il CEO si sta reinventando come un \u00abChief Equilibrium Officer\u00bb, ovvero una figura capace non soltanto di guidare, ma anche di interpretare con agilit\u00e0 i mutamenti, riconoscere le disarmonie e ridisegnare un equilibrio all\u2019interno delle strutture organizzative. Basandosi su intuizioni tratte dalla rivista <a href=\"https:\/\/sloanreview.mit.edu\/\">MIT Sloan Management Review<\/a>, questo volume si configura come una risorsa indispensabile per i leader contemporanei, desiderosi di instaurare una cultura aziendale che sappia coniugare innovazione e sostenibilit\u00e0. <em>Disruption<\/em> si presenta dunque come una guida, volta a orientare i leader verso l\u2019adozione di strategie e modelli organizzativi innovativi, che non solo li rendano capaci di cavalcare le sfide del cambiamento tecnologico, ma garantiscano che le loro imprese rimangano agili, innovative e sostenibili in un\u2019epoca caratterizzata da imprevedibilit\u00e0 e progresso sempre pi\u00f9 rapide.<\/p>\n<hr \/>\n<p style=\"text-align: justify;\"><strong>Alberto Mattiello<\/strong> \u00e8 un business futurist, imprenditore, autore e un keynote speaker. Vive a Miami, Florida. Autore di sette libri \u00e8 curatore della collana <a href=\"https:\/\/www.guerini.it\/index.php\/categoria-prodotto\/economia-e-management\/the-future-of-management\/\">THE FUTURE OF MANAGEMENT<\/a>. \u00c8 un esperto di tecnologia, business e leadership del cambiamento e partner di Retail Hub. \u00c8 stato membro del comitato scientifico di Confindustria Piccola Industria ed \u00e8 lecturer in diversi atenei incluso l&#8217;Imperial College of London e l&#8217;Universit\u00e0 Bocconi. Per le nostre edizioni ha pubblicato <a href=\"https:\/\/www.guerini.it\/index.php\/prodotto\/mind-the-change\/\"><em>Mind The Change<\/em> <\/a>(2017).<\/p>\n<p style=\"text-align: justify;\"><strong>Paolo Taticchi<\/strong> \u00e8 Professore di Strategia Aziendale e Sostenibilit\u00e0 e Vicepreside (Executive Education, MBA e Global Engagement) presso la UCL School of Management di Londra. Negli anni 2021-23 il Sole 24 ore lo ha menzionato come l&#8217;under 40 italiano pi\u00f9 influente al mondo. \u00c8 anche un imprenditore e un advisor di aziende e governi. I suoi progetti e i suoi lavori sono stati raccontati da centinaia di testate di tutto il mondo, tra cui: <a href=\"https:\/\/www.ft.com\/content\/cd4774a4-f839-3ab5-b154-f3d076e8e264\"><em>Financial Times<\/em><\/a>, <a href=\"https:\/\/www.forbes.com\/sites\/vitascarosella\/2023\/09\/13\/moving-towards-a-sustainable-future-the-first-serie-a-sustainability-index\/?sh=7e74962c38f2\"><em>Forbes<\/em><\/a>, <em>The Economist<\/em>, RAI, Sky News, Mediaset, BBC e CNN.<\/p>\n","protected":false},"excerpt":{"rendered":"<p>In un contesto di incessante mutamento, in cui le logiche consolidate di competizione e crescita appaiono inadeguate, il ruolo del CEO sta subendo una significativa trasformazione. Da semplice esecutore di [&hellip;]<\/p>\n","protected":false},"featured_media":24289,"template":"","meta":{"_editorskit_title_hidden":false,"_editorskit_reading_time":0,"_editorskit_is_block_options_detached":false,"_editorskit_block_options_position":"{}","_monsterinsights_skip_tracking":false,"_monsterinsights_sitenote_active":false,"_monsterinsights_sitenote_note":"","_monsterinsights_sitenote_category":0},"product_brand":[],"product_cat":[6805,6712],"product_tag":[7471,6745,11089,6754],"class_list":{"0":"post-24288","1":"product","2":"type-product","3":"status-publish","4":"has-post-thumbnail","6":"product_cat-guerini-next","7":"product_cat-the-future-of-management","8":"product_tag-disruptive","9":"product_tag-innovazione","10":"product_tag-mit-sloan-management-review","11":"product_tag-sostenibilita","12":"pa_guerini_amazon_link-https-www-amazon-it-disruption-linnovazione-spacca-alberto-mattiello-dp-8868964961","13":"pa_guerini_feltrinelli_link-https-www-lafeltrinelli-it-disruption-guida-per-navigare-cambiamenti-libro-alberto-mattiello-paolo-taticchi-e-9788868964962","14":"pa_guerini_ibs_link-https-www-ibs-it-disruption-guida-per-navigare-cambiamenti-libro-alberto-mattiello-paolo-taticchi-e-9788868964962","15":"pa_guerini_libruniver_link-https-www-libreriauniversitaria-it-disruption-guida-navigare-cambiamenti-estremi-libro-9788868964962","16":"pa_guerini_mondadori_link-https-www-mondadoristore-it-disruption-guida-navigare-alberto-mattiello-paolo-taticchi-eai978886896496","18":"first","19":"instock","20":"sale","21":"shipping-taxable","22":"purchasable","23":"product-type-simple"},"yoast_head":"<!-- This site is optimized with the Yoast SEO plugin v25.4 - https:\/\/yoast.com\/wordpress\/plugins\/seo\/ -->\n<title>Alberto Mattiello, Paolo Taticchi, Disruption | Guerini Editore<\/title>\n<meta name=\"description\" content=\"Disruption \u00e8 una guida indispensabile per i leader contemporanei desiderosi di instaurare una cultura aziendale all&#039;insegna di innovazione e sostenibilit\u00e0\" \/>\n<meta name=\"robots\" content=\"index, follow, max-snippet:-1, max-image-preview:large, max-video-preview:-1\" \/>\n<link rel=\"canonical\" href=\"https:\/\/www.guerini.it\/index.php\/prodotto\/disruption-mattiello-taticchi-guerini-next\/\" \/>\n<meta property=\"og:locale\" content=\"it_IT\" \/>\n<meta property=\"og:type\" content=\"article\" \/>\n<meta property=\"og:title\" content=\"Alberto Mattiello, Paolo Taticchi, Disruption | Guerini Editore\" \/>\n<meta property=\"og:description\" content=\"Disruption \u00e8 una guida indispensabile per i leader contemporanei desiderosi di instaurare una cultura aziendale all&#039;insegna di innovazione e sostenibilit\u00e0\" \/>\n<meta property=\"og:url\" content=\"https:\/\/www.guerini.it\/index.php\/prodotto\/disruption-mattiello-taticchi-guerini-next\/\" \/>\n<meta property=\"og:site_name\" content=\"Guerini e Associati\" \/>\n<meta property=\"article:modified_time\" content=\"2024-06-09T18:26:10+00:00\" \/>\n<meta property=\"og:image\" content=\"https:\/\/www.guerini.it\/wp-content\/uploads\/2023\/11\/Front-Cover-DISRUPTION-scaled.webp\" \/>\n\t<meta property=\"og:image:width\" content=\"1647\" \/>\n\t<meta property=\"og:image:height\" content=\"2560\" \/>\n\t<meta property=\"og:image:type\" content=\"image\/webp\" \/>\n<meta name=\"twitter:card\" content=\"summary_large_image\" \/>\n<meta name=\"twitter:label1\" content=\"Tempo di lettura stimato\" \/>\n\t<meta name=\"twitter:data1\" content=\"2 minuti\" \/>\n<!-- \/ Yoast SEO plugin. -->","yoast_head_json":{"title":"Alberto Mattiello, Paolo Taticchi, Disruption | Guerini Editore","description":"Disruption \u00e8 una guida indispensabile per i leader contemporanei desiderosi di instaurare una cultura aziendale all'insegna di innovazione e sostenibilit\u00e0","robots":{"index":"index","follow":"follow","max-snippet":"max-snippet:-1","max-image-preview":"max-image-preview:large","max-video-preview":"max-video-preview:-1"},"canonical":"https:\/\/www.guerini.it\/index.php\/prodotto\/disruption-mattiello-taticchi-guerini-next\/","og_locale":"it_IT","og_type":"article","og_title":"Alberto Mattiello, Paolo Taticchi, Disruption | Guerini Editore","og_description":"Disruption \u00e8 una guida indispensabile per i leader contemporanei desiderosi di instaurare una cultura aziendale all'insegna di innovazione e sostenibilit\u00e0","og_url":"https:\/\/www.guerini.it\/index.php\/prodotto\/disruption-mattiello-taticchi-guerini-next\/","og_site_name":"Guerini e Associati","article_modified_time":"2024-06-09T18:26:10+00:00","og_image":[{"width":1647,"height":2560,"url":"https:\/\/www.guerini.it\/wp-content\/uploads\/2023\/11\/Front-Cover-DISRUPTION-scaled.webp","type":"image\/webp"}],"twitter_card":"summary_large_image","twitter_misc":{"Tempo di lettura stimato":"2 minuti"},"schema":{"@context":"https:\/\/schema.org","@graph":[{"@type":"WebPage","@id":"https:\/\/www.guerini.it\/index.php\/prodotto\/disruption-mattiello-taticchi-guerini-next\/","url":"https:\/\/www.guerini.it\/index.php\/prodotto\/disruption-mattiello-taticchi-guerini-next\/","name":"Alberto Mattiello, Paolo Taticchi, Disruption | Guerini Editore","isPartOf":{"@id":"https:\/\/www.guerini.it\/#website"},"primaryImageOfPage":{"@id":"https:\/\/www.guerini.it\/index.php\/prodotto\/disruption-mattiello-taticchi-guerini-next\/#primaryimage"},"image":{"@id":"https:\/\/www.guerini.it\/index.php\/prodotto\/disruption-mattiello-taticchi-guerini-next\/#primaryimage"},"thumbnailUrl":"https:\/\/www.guerini.it\/wp-content\/uploads\/2023\/11\/Front-Cover-DISRUPTION-scaled.webp","datePublished":"2023-11-16T15:28:26+00:00","dateModified":"2024-06-09T18:26:10+00:00","description":"Disruption \u00e8 una guida indispensabile per i leader contemporanei desiderosi di instaurare una cultura aziendale all'insegna di innovazione e sostenibilit\u00e0","breadcrumb":{"@id":"https:\/\/www.guerini.it\/index.php\/prodotto\/disruption-mattiello-taticchi-guerini-next\/#breadcrumb"},"inLanguage":"it-IT","potentialAction":[{"@type":"ReadAction","target":["https:\/\/www.guerini.it\/index.php\/prodotto\/disruption-mattiello-taticchi-guerini-next\/"]}]},{"@type":"ImageObject","inLanguage":"it-IT","@id":"https:\/\/www.guerini.it\/index.php\/prodotto\/disruption-mattiello-taticchi-guerini-next\/#primaryimage","url":"https:\/\/www.guerini.it\/wp-content\/uploads\/2023\/11\/Front-Cover-DISRUPTION-scaled.webp","contentUrl":"https:\/\/www.guerini.it\/wp-content\/uploads\/2023\/11\/Front-Cover-DISRUPTION-scaled.webp","width":1647,"height":2560,"caption":"Copertina del libro a cura di A. Mattiello, P. Taticchi, Disruption, Guerini Next 2023"},{"@type":"BreadcrumbList","@id":"https:\/\/www.guerini.it\/index.php\/prodotto\/disruption-mattiello-taticchi-guerini-next\/#breadcrumb","itemListElement":[{"@type":"ListItem","position":1,"name":"Home","item":"https:\/\/www.guerini.it\/"},{"@type":"ListItem","position":2,"name":"Catalogo","item":"https:\/\/www.guerini.it\/index.php\/negozio\/"},{"@type":"ListItem","position":3,"name":"Disruption"}]},{"@type":"WebSite","@id":"https:\/\/www.guerini.it\/#website","url":"https:\/\/www.guerini.it\/","name":"Guerini e Associati","description":"30 anni di libri, idee e libert\u00e0","publisher":{"@id":"https:\/\/www.guerini.it\/#organization"},"potentialAction":[{"@type":"SearchAction","target":{"@type":"EntryPoint","urlTemplate":"https:\/\/www.guerini.it\/?s={search_term_string}"},"query-input":{"@type":"PropertyValueSpecification","valueRequired":true,"valueName":"search_term_string"}}],"inLanguage":"it-IT"},{"@type":"Organization","@id":"https:\/\/www.guerini.it\/#organization","name":"Guerini e Associati","url":"https:\/\/www.guerini.it\/","logo":{"@type":"ImageObject","inLanguage":"it-IT","@id":"https:\/\/www.guerini.it\/#\/schema\/logo\/image\/","url":"https:\/\/www.guerini.it\/wp-content\/uploads\/2021\/03\/Logo-Guerini-OK_-e1615831292285.png","contentUrl":"https:\/\/www.guerini.it\/wp-content\/uploads\/2021\/03\/Logo-Guerini-OK_-e1615831292285.png","width":2805,"height":1870,"caption":"Guerini e Associati"},"image":{"@id":"https:\/\/www.guerini.it\/#\/schema\/logo\/image\/"}}]}},"_links":{"self":[{"href":"https:\/\/www.guerini.it\/index.php\/wp-json\/wp\/v2\/product\/24288","targetHints":{"allow":["GET"]}}],"collection":[{"href":"https:\/\/www.guerini.it\/index.php\/wp-json\/wp\/v2\/product"}],"about":[{"href":"https:\/\/www.guerini.it\/index.php\/wp-json\/wp\/v2\/types\/product"}],"wp:featuredmedia":[{"embeddable":true,"href":"https:\/\/www.guerini.it\/index.php\/wp-json\/wp\/v2\/media\/24289"}],"wp:attachment":[{"href":"https:\/\/www.guerini.it\/index.php\/wp-json\/wp\/v2\/media?parent=24288"}],"wp:term":[{"taxonomy":"product_brand","embeddable":true,"href":"https:\/\/www.guerini.it\/index.php\/wp-json\/wp\/v2\/product_brand?post=24288"},{"taxonomy":"product_cat","embeddable":true,"href":"https:\/\/www.guerini.it\/index.php\/wp-json\/wp\/v2\/product_cat?post=24288"},{"taxonomy":"product_tag","embeddable":true,"href":"https:\/\/www.guerini.it\/index.php\/wp-json\/wp\/v2\/product_tag?post=24288"}],"curies":[{"name":"wp","href":"https:\/\/api.w.org\/{rel}","templated":true}]}}