{"id":24291,"date":"2023-12-12T12:34:32","date_gmt":"2023-12-12T11:34:32","guid":{"rendered":"https:\/\/www.guerini.it\/?post_type=product&#038;p=24291"},"modified":"2024-06-09T20:26:10","modified_gmt":"2024-06-09T18:26:10","slug":"istituzioni-scolastiche-agasisti-guerini","status":"publish","type":"product","link":"https:\/\/www.guerini.it\/index.php\/prodotto\/istituzioni-scolastiche-agasisti-guerini\/","title":{"rendered":"Istituzioni scolastiche e sviluppo delle competenze socioemotive"},"content":{"rendered":"<p style=\"text-align: justify;\">In questo libro, si propone perch\u00e9 (e come) la scuola debba occuparsi anche delle competenze socioemotive degli studenti, oltre che delle loro competenze cognitive e disciplinari. In particolare, si evidenzia come le competenze socioemotive siano fondamentali per il successo scolastico, personale e professionale.<br \/>\nOltre a discutere le diverse prospettive teoriche e metodologiche sul tema, il volume intende fornire esempi concreti su come queste competenze possono essere insegnate e valutate a scuola. Il libro \u00e8 rivolto a un pubblico di educatori, insegnanti, genitori e studenti interessati a comprendere l\u2019importanza di tali competenze per l\u2019apprendimento e la crescita dei giovani.<br \/>\nLe competenze socioemotive sono una nuova sfida per la scuola. In questo contributo, si offre una panoramica completa del tema e si propongono strumenti e strategie per affrontare questa sfida.<\/p>\n<hr \/>\n<p style=\"text-align: justify;\"><strong>Tommaso Agasisti<\/strong> \u00e8 professore ordinario presso il Dipartimento di Ingegneria Gestionale del <a href=\"https:\/\/www.polimi.it\/\">Politecnico<\/a> di Milano, dove insegna Public Management ed Economia e Organizzazione Aziendale. Dal 2019 \u00e8 componente del Consiglio di Amministrazione del Politecnico di Milano. Svolge attivit\u00e0 di ricerca sul tema della valutazione delle performance nelle pubbliche amministrazioni, con particolare riferimento al settore scolastico, universitario e agli enti locali; \u00e8 autore di oltre cento pubblicazioni su riviste accademiche internazionali, nonch\u00e9 di numerosi articoli e capitoli di libro a diffusione nazionale e internazionale. Svolge diverse attivit\u00e0 istituzionali con organizzazioni pubbliche e private (INVALSI, Fondazione per la Scuola della Compagnia di San Paolo, Fondazione Sussidiariet\u00e0). Dal 2014, \u00e8 componente del Comitato Provinciale di Valutazione del Sistema scolastico della Provincia Autonoma di Trento. Dal 2010 al 2020 \u00e8 stato componente dei Nuclei di valutazione di numerosi atenei italiani, statali e non. Dal 2021 coordina il Comitato Tecnico Scientifico per il Piano Nazionale Scuola Digitale presso il Ministero dell\u2019Istruzione e del Merito.<\/p>\n","protected":false},"excerpt":{"rendered":"<p>In questo libro, si propone perch\u00e9 (e come) la scuola debba occuparsi anche delle competenze socioemotive degli studenti, oltre che delle loro competenze cognitive e disciplinari. In particolare, si evidenzia [&hellip;]<\/p>\n","protected":false},"featured_media":24292,"template":"","meta":{"_editorskit_title_hidden":false,"_editorskit_reading_time":0,"_editorskit_is_block_options_detached":false,"_editorskit_block_options_position":"{}","_monsterinsights_skip_tracking":false,"_monsterinsights_sitenote_active":false,"_monsterinsights_sitenote_note":"","_monsterinsights_sitenote_category":0},"product_brand":[],"product_cat":[6805,6786],"product_tag":[6790],"class_list":{"0":"post-24291","1":"product","2":"type-product","3":"status-publish","4":"has-post-thumbnail","6":"product_cat-guerini-next","7":"product_cat-scuola","8":"product_tag-scuola","9":"pa_guerini_amazon_link-https-www-amazon-it-istituzioni-scolastiche-sviluppo-delle-competenze-dp-8868965151","10":"pa_guerini_ibs_link-https-www-ibs-it-istituzioni-scolastiche-sviluppo-delle-competenze-libro-tommaso-agasisti-e-9788868965150","11":"pa_guerini_mondadori_link-https-www-mondadoristore-it-istituzioni-scolastiche-tommaso-agasisti-eai978886896515","13":"first","14":"instock","15":"sale","16":"shipping-taxable","17":"purchasable","18":"product-type-simple"},"yoast_head":"<!-- This site is optimized with the Yoast SEO plugin v25.4 - https:\/\/yoast.com\/wordpress\/plugins\/seo\/ -->\n<title>Istituzioni scolastiche e sviluppo delle competenze socioemotive<\/title>\n<meta name=\"robots\" content=\"index, follow, max-snippet:-1, max-image-preview:large, max-video-preview:-1\" \/>\n<link rel=\"canonical\" href=\"https:\/\/www.guerini.it\/index.php\/prodotto\/istituzioni-scolastiche-agasisti-guerini\/\" \/>\n<meta property=\"og:locale\" content=\"it_IT\" \/>\n<meta property=\"og:type\" content=\"article\" \/>\n<meta property=\"og:title\" content=\"Istituzioni scolastiche e sviluppo delle competenze socioemotive\" \/>\n<meta property=\"og:description\" content=\"In questo libro, si propone perch\u00e9 (e come) la scuola debba occuparsi anche delle competenze socioemotive degli studenti, oltre che delle loro competenze cognitive e disciplinari. In particolare, si evidenzia [&hellip;]\" \/>\n<meta property=\"og:url\" content=\"https:\/\/www.guerini.it\/index.php\/prodotto\/istituzioni-scolastiche-agasisti-guerini\/\" \/>\n<meta property=\"og:site_name\" content=\"Guerini e Associati\" \/>\n<meta property=\"article:modified_time\" content=\"2024-06-09T18:26:10+00:00\" \/>\n<meta property=\"og:image\" content=\"https:\/\/www.guerini.it\/wp-content\/uploads\/2023\/11\/Front-Cover-ISTITUZIONI-SCOLASTICHE-E-SVILUPPO.-1-scaled.webp\" \/>\n\t<meta property=\"og:image:width\" content=\"1647\" \/>\n\t<meta property=\"og:image:height\" content=\"2560\" \/>\n\t<meta property=\"og:image:type\" content=\"image\/webp\" \/>\n<meta name=\"twitter:card\" content=\"summary_large_image\" \/>\n<meta name=\"twitter:label1\" content=\"Tempo di lettura stimato\" \/>\n\t<meta name=\"twitter:data1\" content=\"2 minuti\" \/>\n<!-- \/ Yoast SEO plugin. -->","yoast_head_json":{"title":"Istituzioni scolastiche e sviluppo delle competenze socioemotive","robots":{"index":"index","follow":"follow","max-snippet":"max-snippet:-1","max-image-preview":"max-image-preview:large","max-video-preview":"max-video-preview:-1"},"canonical":"https:\/\/www.guerini.it\/index.php\/prodotto\/istituzioni-scolastiche-agasisti-guerini\/","og_locale":"it_IT","og_type":"article","og_title":"Istituzioni scolastiche e sviluppo delle competenze socioemotive","og_description":"In questo libro, si propone perch\u00e9 (e come) la scuola debba occuparsi anche delle competenze socioemotive degli studenti, oltre che delle loro competenze cognitive e disciplinari. In particolare, si evidenzia [&hellip;]","og_url":"https:\/\/www.guerini.it\/index.php\/prodotto\/istituzioni-scolastiche-agasisti-guerini\/","og_site_name":"Guerini e Associati","article_modified_time":"2024-06-09T18:26:10+00:00","og_image":[{"width":1647,"height":2560,"url":"https:\/\/www.guerini.it\/wp-content\/uploads\/2023\/11\/Front-Cover-ISTITUZIONI-SCOLASTICHE-E-SVILUPPO.-1-scaled.webp","type":"image\/webp"}],"twitter_card":"summary_large_image","twitter_misc":{"Tempo di lettura stimato":"2 minuti"},"schema":{"@context":"https:\/\/schema.org","@graph":[{"@type":"WebPage","@id":"https:\/\/www.guerini.it\/index.php\/prodotto\/istituzioni-scolastiche-agasisti-guerini\/","url":"https:\/\/www.guerini.it\/index.php\/prodotto\/istituzioni-scolastiche-agasisti-guerini\/","name":"Istituzioni scolastiche e sviluppo delle competenze socioemotive","isPartOf":{"@id":"https:\/\/www.guerini.it\/#website"},"primaryImageOfPage":{"@id":"https:\/\/www.guerini.it\/index.php\/prodotto\/istituzioni-scolastiche-agasisti-guerini\/#primaryimage"},"image":{"@id":"https:\/\/www.guerini.it\/index.php\/prodotto\/istituzioni-scolastiche-agasisti-guerini\/#primaryimage"},"thumbnailUrl":"https:\/\/www.guerini.it\/wp-content\/uploads\/2023\/11\/Front-Cover-ISTITUZIONI-SCOLASTICHE-E-SVILUPPO.-1-scaled.webp","datePublished":"2023-12-12T11:34:32+00:00","dateModified":"2024-06-09T18:26:10+00:00","breadcrumb":{"@id":"https:\/\/www.guerini.it\/index.php\/prodotto\/istituzioni-scolastiche-agasisti-guerini\/#breadcrumb"},"inLanguage":"it-IT","potentialAction":[{"@type":"ReadAction","target":["https:\/\/www.guerini.it\/index.php\/prodotto\/istituzioni-scolastiche-agasisti-guerini\/"]}]},{"@type":"ImageObject","inLanguage":"it-IT","@id":"https:\/\/www.guerini.it\/index.php\/prodotto\/istituzioni-scolastiche-agasisti-guerini\/#primaryimage","url":"https:\/\/www.guerini.it\/wp-content\/uploads\/2023\/11\/Front-Cover-ISTITUZIONI-SCOLASTICHE-E-SVILUPPO.-1-scaled.webp","contentUrl":"https:\/\/www.guerini.it\/wp-content\/uploads\/2023\/11\/Front-Cover-ISTITUZIONI-SCOLASTICHE-E-SVILUPPO.-1-scaled.webp","width":1647,"height":2560,"caption":"Copertina di T. Agasisti, Istituzioni scolastiche e sviluppo delle competenze socioemotive, Guerini Next 2023"},{"@type":"BreadcrumbList","@id":"https:\/\/www.guerini.it\/index.php\/prodotto\/istituzioni-scolastiche-agasisti-guerini\/#breadcrumb","itemListElement":[{"@type":"ListItem","position":1,"name":"Home","item":"https:\/\/www.guerini.it\/"},{"@type":"ListItem","position":2,"name":"Catalogo","item":"https:\/\/www.guerini.it\/index.php\/negozio\/"},{"@type":"ListItem","position":3,"name":"Istituzioni scolastiche e sviluppo delle competenze socioemotive"}]},{"@type":"WebSite","@id":"https:\/\/www.guerini.it\/#website","url":"https:\/\/www.guerini.it\/","name":"Guerini e Associati","description":"30 anni di libri, idee e libert\u00e0","publisher":{"@id":"https:\/\/www.guerini.it\/#organization"},"potentialAction":[{"@type":"SearchAction","target":{"@type":"EntryPoint","urlTemplate":"https:\/\/www.guerini.it\/?s={search_term_string}"},"query-input":{"@type":"PropertyValueSpecification","valueRequired":true,"valueName":"search_term_string"}}],"inLanguage":"it-IT"},{"@type":"Organization","@id":"https:\/\/www.guerini.it\/#organization","name":"Guerini e Associati","url":"https:\/\/www.guerini.it\/","logo":{"@type":"ImageObject","inLanguage":"it-IT","@id":"https:\/\/www.guerini.it\/#\/schema\/logo\/image\/","url":"https:\/\/www.guerini.it\/wp-content\/uploads\/2021\/03\/Logo-Guerini-OK_-e1615831292285.png","contentUrl":"https:\/\/www.guerini.it\/wp-content\/uploads\/2021\/03\/Logo-Guerini-OK_-e1615831292285.png","width":2805,"height":1870,"caption":"Guerini e Associati"},"image":{"@id":"https:\/\/www.guerini.it\/#\/schema\/logo\/image\/"}}]}},"_links":{"self":[{"href":"https:\/\/www.guerini.it\/index.php\/wp-json\/wp\/v2\/product\/24291","targetHints":{"allow":["GET"]}}],"collection":[{"href":"https:\/\/www.guerini.it\/index.php\/wp-json\/wp\/v2\/product"}],"about":[{"href":"https:\/\/www.guerini.it\/index.php\/wp-json\/wp\/v2\/types\/product"}],"wp:featuredmedia":[{"embeddable":true,"href":"https:\/\/www.guerini.it\/index.php\/wp-json\/wp\/v2\/media\/24292"}],"wp:attachment":[{"href":"https:\/\/www.guerini.it\/index.php\/wp-json\/wp\/v2\/media?parent=24291"}],"wp:term":[{"taxonomy":"product_brand","embeddable":true,"href":"https:\/\/www.guerini.it\/index.php\/wp-json\/wp\/v2\/product_brand?post=24291"},{"taxonomy":"product_cat","embeddable":true,"href":"https:\/\/www.guerini.it\/index.php\/wp-json\/wp\/v2\/product_cat?post=24291"},{"taxonomy":"product_tag","embeddable":true,"href":"https:\/\/www.guerini.it\/index.php\/wp-json\/wp\/v2\/product_tag?post=24291"}],"curies":[{"name":"wp","href":"https:\/\/api.w.org\/{rel}","templated":true}]}}