{"id":24303,"date":"2023-12-04T18:20:05","date_gmt":"2023-12-04T17:20:05","guid":{"rendered":"https:\/\/www.guerini.it\/?post_type=product&#038;p=24303"},"modified":"2024-06-09T20:26:10","modified_gmt":"2024-06-09T18:26:10","slug":"lavoro-tecnologia-e-liberta-ponzellini-guerini","status":"publish","type":"product","link":"https:\/\/www.guerini.it\/index.php\/prodotto\/lavoro-tecnologia-e-liberta-ponzellini-guerini\/","title":{"rendered":"Lavoro, tecnologia e libert\u00e0"},"content":{"rendered":"<p style=\"text-align: justify;\">Nella nostra epoca post-pandemica, il lavoro \u00e8 cambiato per sempre. Internet, il metaverso e le nuove piattaforme guidate dall\u2019intelligenza artificiale stanno trasformando i modi di produrre. Questo libro esplora le trasformazioni spazio-temporali del lavoro, inclusi i risultati della sperimentazione del lavoro da remoto e le modifiche negli orari, e la nascita del paradigma 4.0. Come cambier\u00e0 la qualit\u00e0 delle nostre vite? Quali saranno le lotte sindacali di domani? E come dovranno comportarsi i policy makers per garantire a tutti modalit\u00e0 di lavoro eque e dignitose? Un\u2019indispensabile risorsa per comprendere le prospettive del lavoro nell\u2019era digitale.<\/p>\n<hr \/>\n<p style=\"text-align: justify;\"><strong>Anna Maria Ponzellini<\/strong>, sociologa del lavoro, \u00e8 esperta sui temi delle relazioni industriali, dell\u2019organizzazione e delle politiche del lavoro. \u00c8 stata direttrice di ricerca presso la Fondazione Pietro Seveso e docente universitaria a Bergamo e Brescia. \u00c8 partner della societ\u00e0 di consulenza Apotema. Come consulente del Ministero del lavoro, ha contribuito a progetti di innovazione tecnologica e organizzativa e di partecipazione dei lavoratori. Per le nostre edizioni ha pubblicato <a href=\"https:\/\/www.guerini.it\/index.php\/prodotto\/le-leve-dell-innovazione\/\"><em>Le leve dell\u2019innovazione<\/em> <\/a>(2017).<\/p>\n","protected":false},"excerpt":{"rendered":"<p>Nella nostra epoca post-pandemica, il lavoro \u00e8 cambiato per sempre. Internet, il metaverso e le nuove piattaforme guidate dall\u2019intelligenza artificiale stanno trasformando i modi di produrre. Questo libro esplora le [&hellip;]<\/p>\n","protected":false},"featured_media":24304,"template":"","meta":{"_editorskit_title_hidden":false,"_editorskit_reading_time":0,"_editorskit_is_block_options_detached":false,"_editorskit_block_options_position":"{}","_monsterinsights_skip_tracking":false,"_monsterinsights_sitenote_active":false,"_monsterinsights_sitenote_note":"","_monsterinsights_sitenote_category":0},"product_brand":[],"product_cat":[6805],"product_tag":[7501,7341],"class_list":{"0":"post-24303","1":"product","2":"type-product","3":"status-publish","4":"has-post-thumbnail","6":"product_cat-guerini-next","7":"product_tag-intelligenza-artificiale","8":"product_tag-lavoro","9":"pa_guerini_amazon_link-https-www-amazon-it-tecnologia-libert-nellera-dellintelligenza-digitale-dp-8868965089","10":"pa_guerini_feltrinelli_link-https-www-lafeltrinelli-it-lavoro-tecnologia-liberta-tempo-spazio-libro-anna-maria-ponzellini-e-9788868965082","11":"pa_guerini_ibs_link-https-www-ibs-it-lavoro-tecnologia-liberta-tempo-spazio-libro-anna-maria-ponzellini-e-9788868965082","12":"pa_guerini_libruniver_link-https-www-libreriauniversitaria-it-lavoro-tecnologia-liberta-tempo-spazio-libro-9788868965082","13":"pa_guerini_mondadori_link-https-www-mondadoristore-it-lavoro-tecnologia-liberta-anna-maria-ponzellini-eai978886896508","15":"first","16":"instock","17":"sale","18":"shipping-taxable","19":"purchasable","20":"product-type-simple"},"yoast_head":"<!-- This site is optimized with the Yoast SEO plugin v25.4 - https:\/\/yoast.com\/wordpress\/plugins\/seo\/ -->\n<title>A. M. Ponzellini, Lavoro, tecnologia e libert\u00e0 | Guerini Editore<\/title>\n<meta name=\"description\" content=\"Internet, il metaverso e l\u2019intelligenza artificiale stanno trasformando i modi di produrre. Questo libro esplora le trasformazioni del futuro del lavoro\" \/>\n<meta name=\"robots\" content=\"index, follow, max-snippet:-1, max-image-preview:large, max-video-preview:-1\" \/>\n<link rel=\"canonical\" href=\"https:\/\/www.guerini.it\/index.php\/prodotto\/lavoro-tecnologia-e-liberta-ponzellini-guerini\/\" \/>\n<meta property=\"og:locale\" content=\"it_IT\" \/>\n<meta property=\"og:type\" content=\"article\" \/>\n<meta property=\"og:title\" content=\"A. M. Ponzellini, Lavoro, tecnologia e libert\u00e0 | Guerini Editore\" \/>\n<meta property=\"og:description\" content=\"Internet, il metaverso e l\u2019intelligenza artificiale stanno trasformando i modi di produrre. Questo libro esplora le trasformazioni del futuro del lavoro\" \/>\n<meta property=\"og:url\" content=\"https:\/\/www.guerini.it\/index.php\/prodotto\/lavoro-tecnologia-e-liberta-ponzellini-guerini\/\" \/>\n<meta property=\"og:site_name\" content=\"Guerini e Associati\" \/>\n<meta property=\"article:modified_time\" content=\"2024-06-09T18:26:10+00:00\" \/>\n<meta property=\"og:image\" content=\"https:\/\/www.guerini.it\/wp-content\/uploads\/2023\/12\/9788868965082.webp\" \/>\n\t<meta property=\"og:image:width\" content=\"667\" \/>\n\t<meta property=\"og:image:height\" content=\"1000\" \/>\n\t<meta property=\"og:image:type\" content=\"image\/webp\" \/>\n<meta name=\"twitter:card\" content=\"summary_large_image\" \/>\n<meta name=\"twitter:label1\" content=\"Tempo di lettura stimato\" \/>\n\t<meta name=\"twitter:data1\" content=\"1 minuto\" \/>\n<!-- \/ Yoast SEO plugin. -->","yoast_head_json":{"title":"A. M. Ponzellini, Lavoro, tecnologia e libert\u00e0 | Guerini Editore","description":"Internet, il metaverso e l\u2019intelligenza artificiale stanno trasformando i modi di produrre. Questo libro esplora le trasformazioni del futuro del lavoro","robots":{"index":"index","follow":"follow","max-snippet":"max-snippet:-1","max-image-preview":"max-image-preview:large","max-video-preview":"max-video-preview:-1"},"canonical":"https:\/\/www.guerini.it\/index.php\/prodotto\/lavoro-tecnologia-e-liberta-ponzellini-guerini\/","og_locale":"it_IT","og_type":"article","og_title":"A. M. Ponzellini, Lavoro, tecnologia e libert\u00e0 | Guerini Editore","og_description":"Internet, il metaverso e l\u2019intelligenza artificiale stanno trasformando i modi di produrre. Questo libro esplora le trasformazioni del futuro del lavoro","og_url":"https:\/\/www.guerini.it\/index.php\/prodotto\/lavoro-tecnologia-e-liberta-ponzellini-guerini\/","og_site_name":"Guerini e Associati","article_modified_time":"2024-06-09T18:26:10+00:00","og_image":[{"width":667,"height":1000,"url":"https:\/\/www.guerini.it\/wp-content\/uploads\/2023\/12\/9788868965082.webp","type":"image\/webp"}],"twitter_card":"summary_large_image","twitter_misc":{"Tempo di lettura stimato":"1 minuto"},"schema":{"@context":"https:\/\/schema.org","@graph":[{"@type":"WebPage","@id":"https:\/\/www.guerini.it\/index.php\/prodotto\/lavoro-tecnologia-e-liberta-ponzellini-guerini\/","url":"https:\/\/www.guerini.it\/index.php\/prodotto\/lavoro-tecnologia-e-liberta-ponzellini-guerini\/","name":"A. M. Ponzellini, Lavoro, tecnologia e libert\u00e0 | Guerini Editore","isPartOf":{"@id":"https:\/\/www.guerini.it\/#website"},"primaryImageOfPage":{"@id":"https:\/\/www.guerini.it\/index.php\/prodotto\/lavoro-tecnologia-e-liberta-ponzellini-guerini\/#primaryimage"},"image":{"@id":"https:\/\/www.guerini.it\/index.php\/prodotto\/lavoro-tecnologia-e-liberta-ponzellini-guerini\/#primaryimage"},"thumbnailUrl":"https:\/\/www.guerini.it\/wp-content\/uploads\/2023\/12\/9788868965082.webp","datePublished":"2023-12-04T17:20:05+00:00","dateModified":"2024-06-09T18:26:10+00:00","description":"Internet, il metaverso e l\u2019intelligenza artificiale stanno trasformando i modi di produrre. Questo libro esplora le trasformazioni del futuro del lavoro","breadcrumb":{"@id":"https:\/\/www.guerini.it\/index.php\/prodotto\/lavoro-tecnologia-e-liberta-ponzellini-guerini\/#breadcrumb"},"inLanguage":"it-IT","potentialAction":[{"@type":"ReadAction","target":["https:\/\/www.guerini.it\/index.php\/prodotto\/lavoro-tecnologia-e-liberta-ponzellini-guerini\/"]}]},{"@type":"ImageObject","inLanguage":"it-IT","@id":"https:\/\/www.guerini.it\/index.php\/prodotto\/lavoro-tecnologia-e-liberta-ponzellini-guerini\/#primaryimage","url":"https:\/\/www.guerini.it\/wp-content\/uploads\/2023\/12\/9788868965082.webp","contentUrl":"https:\/\/www.guerini.it\/wp-content\/uploads\/2023\/12\/9788868965082.webp","width":667,"height":1000,"caption":"Copertina di A. M. Ponzellini, Lavoro, tecnologia e libert\u00e0, Guerini NEXT 2023"},{"@type":"BreadcrumbList","@id":"https:\/\/www.guerini.it\/index.php\/prodotto\/lavoro-tecnologia-e-liberta-ponzellini-guerini\/#breadcrumb","itemListElement":[{"@type":"ListItem","position":1,"name":"Home","item":"https:\/\/www.guerini.it\/"},{"@type":"ListItem","position":2,"name":"Catalogo","item":"https:\/\/www.guerini.it\/index.php\/negozio\/"},{"@type":"ListItem","position":3,"name":"Lavoro, tecnologia e libert\u00e0"}]},{"@type":"WebSite","@id":"https:\/\/www.guerini.it\/#website","url":"https:\/\/www.guerini.it\/","name":"Guerini e Associati","description":"30 anni di libri, idee e libert\u00e0","publisher":{"@id":"https:\/\/www.guerini.it\/#organization"},"potentialAction":[{"@type":"SearchAction","target":{"@type":"EntryPoint","urlTemplate":"https:\/\/www.guerini.it\/?s={search_term_string}"},"query-input":{"@type":"PropertyValueSpecification","valueRequired":true,"valueName":"search_term_string"}}],"inLanguage":"it-IT"},{"@type":"Organization","@id":"https:\/\/www.guerini.it\/#organization","name":"Guerini e Associati","url":"https:\/\/www.guerini.it\/","logo":{"@type":"ImageObject","inLanguage":"it-IT","@id":"https:\/\/www.guerini.it\/#\/schema\/logo\/image\/","url":"https:\/\/www.guerini.it\/wp-content\/uploads\/2021\/03\/Logo-Guerini-OK_-e1615831292285.png","contentUrl":"https:\/\/www.guerini.it\/wp-content\/uploads\/2021\/03\/Logo-Guerini-OK_-e1615831292285.png","width":2805,"height":1870,"caption":"Guerini e Associati"},"image":{"@id":"https:\/\/www.guerini.it\/#\/schema\/logo\/image\/"}}]}},"_links":{"self":[{"href":"https:\/\/www.guerini.it\/index.php\/wp-json\/wp\/v2\/product\/24303","targetHints":{"allow":["GET"]}}],"collection":[{"href":"https:\/\/www.guerini.it\/index.php\/wp-json\/wp\/v2\/product"}],"about":[{"href":"https:\/\/www.guerini.it\/index.php\/wp-json\/wp\/v2\/types\/product"}],"wp:featuredmedia":[{"embeddable":true,"href":"https:\/\/www.guerini.it\/index.php\/wp-json\/wp\/v2\/media\/24304"}],"wp:attachment":[{"href":"https:\/\/www.guerini.it\/index.php\/wp-json\/wp\/v2\/media?parent=24303"}],"wp:term":[{"taxonomy":"product_brand","embeddable":true,"href":"https:\/\/www.guerini.it\/index.php\/wp-json\/wp\/v2\/product_brand?post=24303"},{"taxonomy":"product_cat","embeddable":true,"href":"https:\/\/www.guerini.it\/index.php\/wp-json\/wp\/v2\/product_cat?post=24303"},{"taxonomy":"product_tag","embeddable":true,"href":"https:\/\/www.guerini.it\/index.php\/wp-json\/wp\/v2\/product_tag?post=24303"}],"curies":[{"name":"wp","href":"https:\/\/api.w.org\/{rel}","templated":true}]}}