{"id":24305,"date":"2023-12-04T18:34:03","date_gmt":"2023-12-04T17:34:03","guid":{"rendered":"https:\/\/www.guerini.it\/?post_type=product&#038;p=24305"},"modified":"2024-06-09T20:26:10","modified_gmt":"2024-06-09T18:26:10","slug":"lunica-donna-nel-cda","status":"publish","type":"product","link":"https:\/\/www.guerini.it\/index.php\/prodotto\/lunica-donna-nel-cda\/","title":{"rendered":"L&#8217;unica donna nel CDA"},"content":{"rendered":"<p style=\"text-align: justify;\"><strong>Provvidenza Bruno<\/strong> \u00e8 nata a Catania nel 1938. Suo padre possedeva un negozio di strumenti musicali. Ancora ragazza ha dovuto interrompere gli studi per aiutare l\u2019attivit\u00e0 di famiglia. Eppure, questo \u00e8 stato l\u2019inizio di un percorso che ha reso la Bruno S.p.A. una delle pi\u00f9 grandi aziende nella distribuzione di elettronica di consumo. Un percorso che ha portato Provvidenza a sedersi nei consigli d\u2019amministrazione di alcuni dei pi\u00f9 grandi gruppi d\u2019acquisto internazionali, come Get (poi Euronics), fino ad allora composti da soli uomini. Il racconto di Giorgio Romeo \u2013 frutto di una lunga intervista alla protagonista \u2013 si snoda sullo sfondo di una Catania non sempre raggiante ma pur sempre resiliente, che vede un negozio nato negli anni Trenta nel cuore della citt\u00e0 diventare un\u2019azienda leader in ambito nazionale, che pu\u00f2 ispirare una nuova generazione di leader e imprenditrici.<\/p>\n<hr \/>\n<p style=\"text-align: justify;\"><strong>Giorgio Romeo<\/strong> \u00e8 fondatore e direttore del <a href=\"https:\/\/www.sicilianpost.it\/\">Sicilian Post<\/a>, testata di approfondimento glocale vincitrice nel 2017 del premio Nostalgia di Futuro \u2013 Giovanni Giovannini. Giornalista, scrive per La Stampa e La Sicilia e ha pubblicato su La Repubblica. Ideatore del tool \u00abAria\u00bb, software che utilizza intelligenza artificiale per la realizzazione di infografiche (il cui prototipo \u00e8 stato finanziato da Google), coniuga l\u2019interesse per il giornalismo culturale e sociale con quello per l\u2019innovazione. Dal 2018 organizza a Catania il workshop internazionale Il giornalismo che verr\u00e0, che coinvolge ogni anno alcuni dei pi\u00f9 rilevanti giornalisti, editori ed esperti di media a livello internazionale. \u00c8 curatore dei volumi <em>Visioni, in viaggio con la Scuola Superiore di Catania<\/em> (2018), <em>Il giorno dopo, visioni del post pandemia<\/em> (2020) e <em>Turi Ferro, il primattore<\/em> (2021).<\/p>\n","protected":false},"excerpt":{"rendered":"<p>Provvidenza Bruno \u00e8 nata a Catania nel 1938. Suo padre possedeva un negozio di strumenti musicali. Ancora ragazza ha dovuto interrompere gli studi per aiutare l\u2019attivit\u00e0 di famiglia. Eppure, questo [&hellip;]<\/p>\n","protected":false},"featured_media":24306,"template":"","meta":{"_editorskit_title_hidden":false,"_editorskit_reading_time":0,"_editorskit_is_block_options_detached":false,"_editorskit_block_options_position":"{}","_monsterinsights_skip_tracking":false,"_monsterinsights_sitenote_active":false,"_monsterinsights_sitenote_note":"","_monsterinsights_sitenote_category":0},"product_brand":[],"product_cat":[6805],"product_tag":[7009,8302],"class_list":{"0":"post-24305","1":"product","2":"type-product","3":"status-publish","4":"has-post-thumbnail","6":"product_cat-guerini-next","7":"product_tag-donne","8":"product_tag-imprenditoria-italiana","9":"pa_guerini_amazon_link-https-www-amazon-it-lunica-donna-cda-biografia-bruno-dp-8868964996","10":"pa_guerini_feltrinelli_link-https-www-lafeltrinelli-it-unica-donna-nel-cda-biografia-libro-giorgio-romeo-e-9788868964993","11":"pa_guerini_ibs_link-https-www-ibs-it-unica-donna-nel-cda-biografia-libro-giorgio-romeo-e-9788868964993","12":"pa_guerini_libruniver_link-https-www-libreriauniversitaria-it-unica-donna-cda-biografia-provvidenza-libro-9788868964993","13":"pa_guerini_mondadori_link-https-www-mondadoristore-it-unica-donna-cda-biografia-giorgio-romeo-eai978886896499","15":"first","16":"instock","17":"sale","18":"shipping-taxable","19":"purchasable","20":"product-type-simple"},"yoast_head":"<!-- This site is optimized with the Yoast SEO plugin v25.4 - https:\/\/yoast.com\/wordpress\/plugins\/seo\/ -->\n<title>Giorgio Romeo, L&#039;unica donna nel CDA | Guerini Editore<\/title>\n<meta name=\"description\" content=\"Giorgio Romeo racconta la storia di Provvidenza Bruno, imprenditrice tra le prime donne nei CDA di alcuni dei pi\u00f9 grandi gruppi d\u2019acquisto internazionali\" \/>\n<meta name=\"robots\" content=\"index, follow, max-snippet:-1, max-image-preview:large, max-video-preview:-1\" \/>\n<link rel=\"canonical\" href=\"https:\/\/www.guerini.it\/index.php\/prodotto\/lunica-donna-nel-cda\/\" \/>\n<meta property=\"og:locale\" content=\"it_IT\" \/>\n<meta property=\"og:type\" content=\"article\" \/>\n<meta property=\"og:title\" content=\"Giorgio Romeo, L&#039;unica donna nel CDA | Guerini Editore\" \/>\n<meta property=\"og:description\" content=\"Giorgio Romeo racconta la storia di Provvidenza Bruno, imprenditrice tra le prime donne nei CDA di alcuni dei pi\u00f9 grandi gruppi d\u2019acquisto internazionali\" \/>\n<meta property=\"og:url\" content=\"https:\/\/www.guerini.it\/index.php\/prodotto\/lunica-donna-nel-cda\/\" \/>\n<meta property=\"og:site_name\" content=\"Guerini e Associati\" \/>\n<meta property=\"article:modified_time\" content=\"2024-06-09T18:26:10+00:00\" \/>\n<meta property=\"og:image\" content=\"https:\/\/www.guerini.it\/wp-content\/uploads\/2023\/12\/9788868964993.webp\" \/>\n\t<meta property=\"og:image:width\" content=\"667\" \/>\n\t<meta property=\"og:image:height\" content=\"1000\" \/>\n\t<meta property=\"og:image:type\" content=\"image\/webp\" \/>\n<meta name=\"twitter:card\" content=\"summary_large_image\" \/>\n<meta name=\"twitter:label1\" content=\"Tempo di lettura stimato\" \/>\n\t<meta name=\"twitter:data1\" content=\"2 minuti\" \/>\n<!-- \/ Yoast SEO plugin. -->","yoast_head_json":{"title":"Giorgio Romeo, L'unica donna nel CDA | Guerini Editore","description":"Giorgio Romeo racconta la storia di Provvidenza Bruno, imprenditrice tra le prime donne nei CDA di alcuni dei pi\u00f9 grandi gruppi d\u2019acquisto internazionali","robots":{"index":"index","follow":"follow","max-snippet":"max-snippet:-1","max-image-preview":"max-image-preview:large","max-video-preview":"max-video-preview:-1"},"canonical":"https:\/\/www.guerini.it\/index.php\/prodotto\/lunica-donna-nel-cda\/","og_locale":"it_IT","og_type":"article","og_title":"Giorgio Romeo, L'unica donna nel CDA | Guerini Editore","og_description":"Giorgio Romeo racconta la storia di Provvidenza Bruno, imprenditrice tra le prime donne nei CDA di alcuni dei pi\u00f9 grandi gruppi d\u2019acquisto internazionali","og_url":"https:\/\/www.guerini.it\/index.php\/prodotto\/lunica-donna-nel-cda\/","og_site_name":"Guerini e Associati","article_modified_time":"2024-06-09T18:26:10+00:00","og_image":[{"width":667,"height":1000,"url":"https:\/\/www.guerini.it\/wp-content\/uploads\/2023\/12\/9788868964993.webp","type":"image\/webp"}],"twitter_card":"summary_large_image","twitter_misc":{"Tempo di lettura stimato":"2 minuti"},"schema":{"@context":"https:\/\/schema.org","@graph":[{"@type":"WebPage","@id":"https:\/\/www.guerini.it\/index.php\/prodotto\/lunica-donna-nel-cda\/","url":"https:\/\/www.guerini.it\/index.php\/prodotto\/lunica-donna-nel-cda\/","name":"Giorgio Romeo, L'unica donna nel CDA | Guerini Editore","isPartOf":{"@id":"https:\/\/www.guerini.it\/#website"},"primaryImageOfPage":{"@id":"https:\/\/www.guerini.it\/index.php\/prodotto\/lunica-donna-nel-cda\/#primaryimage"},"image":{"@id":"https:\/\/www.guerini.it\/index.php\/prodotto\/lunica-donna-nel-cda\/#primaryimage"},"thumbnailUrl":"https:\/\/www.guerini.it\/wp-content\/uploads\/2023\/12\/9788868964993.webp","datePublished":"2023-12-04T17:34:03+00:00","dateModified":"2024-06-09T18:26:10+00:00","description":"Giorgio Romeo racconta la storia di Provvidenza Bruno, imprenditrice tra le prime donne nei CDA di alcuni dei pi\u00f9 grandi gruppi d\u2019acquisto internazionali","breadcrumb":{"@id":"https:\/\/www.guerini.it\/index.php\/prodotto\/lunica-donna-nel-cda\/#breadcrumb"},"inLanguage":"it-IT","potentialAction":[{"@type":"ReadAction","target":["https:\/\/www.guerini.it\/index.php\/prodotto\/lunica-donna-nel-cda\/"]}]},{"@type":"ImageObject","inLanguage":"it-IT","@id":"https:\/\/www.guerini.it\/index.php\/prodotto\/lunica-donna-nel-cda\/#primaryimage","url":"https:\/\/www.guerini.it\/wp-content\/uploads\/2023\/12\/9788868964993.webp","contentUrl":"https:\/\/www.guerini.it\/wp-content\/uploads\/2023\/12\/9788868964993.webp","width":667,"height":1000,"caption":"Copertina di G. Romeo, L'unica donna nel CDA, Guerini NEXT 2023"},{"@type":"BreadcrumbList","@id":"https:\/\/www.guerini.it\/index.php\/prodotto\/lunica-donna-nel-cda\/#breadcrumb","itemListElement":[{"@type":"ListItem","position":1,"name":"Home","item":"https:\/\/www.guerini.it\/"},{"@type":"ListItem","position":2,"name":"Catalogo","item":"https:\/\/www.guerini.it\/index.php\/negozio\/"},{"@type":"ListItem","position":3,"name":"L&#8217;unica donna nel CDA"}]},{"@type":"WebSite","@id":"https:\/\/www.guerini.it\/#website","url":"https:\/\/www.guerini.it\/","name":"Guerini e Associati","description":"30 anni di libri, idee e libert\u00e0","publisher":{"@id":"https:\/\/www.guerini.it\/#organization"},"potentialAction":[{"@type":"SearchAction","target":{"@type":"EntryPoint","urlTemplate":"https:\/\/www.guerini.it\/?s={search_term_string}"},"query-input":{"@type":"PropertyValueSpecification","valueRequired":true,"valueName":"search_term_string"}}],"inLanguage":"it-IT"},{"@type":"Organization","@id":"https:\/\/www.guerini.it\/#organization","name":"Guerini e Associati","url":"https:\/\/www.guerini.it\/","logo":{"@type":"ImageObject","inLanguage":"it-IT","@id":"https:\/\/www.guerini.it\/#\/schema\/logo\/image\/","url":"https:\/\/www.guerini.it\/wp-content\/uploads\/2021\/03\/Logo-Guerini-OK_-e1615831292285.png","contentUrl":"https:\/\/www.guerini.it\/wp-content\/uploads\/2021\/03\/Logo-Guerini-OK_-e1615831292285.png","width":2805,"height":1870,"caption":"Guerini e Associati"},"image":{"@id":"https:\/\/www.guerini.it\/#\/schema\/logo\/image\/"}}]}},"_links":{"self":[{"href":"https:\/\/www.guerini.it\/index.php\/wp-json\/wp\/v2\/product\/24305","targetHints":{"allow":["GET"]}}],"collection":[{"href":"https:\/\/www.guerini.it\/index.php\/wp-json\/wp\/v2\/product"}],"about":[{"href":"https:\/\/www.guerini.it\/index.php\/wp-json\/wp\/v2\/types\/product"}],"wp:featuredmedia":[{"embeddable":true,"href":"https:\/\/www.guerini.it\/index.php\/wp-json\/wp\/v2\/media\/24306"}],"wp:attachment":[{"href":"https:\/\/www.guerini.it\/index.php\/wp-json\/wp\/v2\/media?parent=24305"}],"wp:term":[{"taxonomy":"product_brand","embeddable":true,"href":"https:\/\/www.guerini.it\/index.php\/wp-json\/wp\/v2\/product_brand?post=24305"},{"taxonomy":"product_cat","embeddable":true,"href":"https:\/\/www.guerini.it\/index.php\/wp-json\/wp\/v2\/product_cat?post=24305"},{"taxonomy":"product_tag","embeddable":true,"href":"https:\/\/www.guerini.it\/index.php\/wp-json\/wp\/v2\/product_tag?post=24305"}],"curies":[{"name":"wp","href":"https:\/\/api.w.org\/{rel}","templated":true}]}}