{"id":24336,"date":"2023-12-27T10:12:04","date_gmt":"2023-12-27T09:12:04","guid":{"rendered":"https:\/\/www.guerini.it\/?post_type=product&#038;p=24336"},"modified":"2024-06-09T20:26:11","modified_gmt":"2024-06-09T18:26:11","slug":"il-valore-del-purpose","status":"publish","type":"product","link":"https:\/\/www.guerini.it\/index.php\/prodotto\/il-valore-del-purpose\/","title":{"rendered":"Il valore del Purpose"},"content":{"rendered":"<p style=\"text-align: justify;\">In un periodo in cui si invoca sempre maggiore attenzione all\u2019impatto sociale e ambientale delle imprese, il concetto di Purpose sta diventando fondamentale per le organizzazioni. Il Purpose va oltre l\u2019identit\u00e0 aziendale e si concentra sul \u00abperch\u00e9\u00bb un\u2019organizzazione esiste, sul significato della sua attivit\u00e0 e su come pu\u00f2 contribuire al bene della societ\u00e0.<br \/>\n\u00c8 necessario comprendere, definire e adottare il proprio Purpose in modo consapevole, ma trovarne uno in cui tutti si riconoscano e che esprima l\u2019identit\u00e0 dell\u2019azienda \u00e8 pi\u00f9 difficile di quanto si pensi.<br \/>\nE il tema della sostenibilit\u00e0 non \u00e8 l\u2019unico che conta: il Purpose pu\u00f2 essere perseguito in modo ancor pi\u00f9 valido se si tiene conto con cura e sensibilit\u00e0 del benessere delle persone.<\/p>\n<hr \/>\n<p style=\"text-align: justify;\"><strong>Rosario Sica<\/strong> fisico cibernetico di formazione, specializzato nei processi di trasformazione digitale con lunga esperienza nella gestione di progetti complessi. Ha collaborato in passato nella cooperazione internazionale e per il MAE ed \u00e8 stato consulente per primarie societ\u00e0 di management consulting.<br \/>\nHa pubblicato libri e articoli in una vasta gamma di settori accademici affrontando temi di evoluzione delle tecnologie digitali, sviluppo organizzativo e gestione dei processi di innovazione.<br \/>\nCoinvolto nella ricerca applicata, insegna in diverse Universit\u00e0 in Italia e all\u2019estero. Ha vissuto e lavorato in diversi paesi tra cui il Vietnam, Fiji, Australia, Nuova Zelanda, Cile, Citt\u00e0 del Capo. Ha viaggiato estensivamente, ora vive a Milano sua citt\u00e0 adottiva. \u00c8 sposato con due figli.<br \/>\nAttualmente \u00e8 Partner di BIP e copre la carica di amministratore delegato di <a href=\"https:\/\/www.open-knowledge.it\/\">OpenKnowledge<\/a> di cui \u00e8 stato socio fondatore nel 2008, societ\u00e0 che dal 2015 fa parte del Gruppo BIP.<\/p>\n","protected":false},"excerpt":{"rendered":"<p>In un periodo in cui si invoca sempre maggiore attenzione all\u2019impatto sociale e ambientale delle imprese, il concetto di Purpose sta diventando fondamentale per le organizzazioni. Il Purpose va oltre [&hellip;]<\/p>\n","protected":false},"featured_media":24337,"template":"","meta":{"_editorskit_title_hidden":false,"_editorskit_reading_time":0,"_editorskit_is_block_options_detached":false,"_editorskit_block_options_position":"{}","_monsterinsights_skip_tracking":false,"_monsterinsights_sitenote_active":false,"_monsterinsights_sitenote_note":"","_monsterinsights_sitenote_category":0},"product_brand":[],"product_cat":[6805],"product_tag":[8241,6815,6803,7412,10677,10914,6816,11239],"class_list":{"0":"post-24336","1":"product","2":"type-product","3":"status-publish","4":"has-post-thumbnail","6":"product_cat-guerini-next","7":"product_tag-azienda","8":"product_tag-economia","9":"product_tag-management","10":"product_tag-organizzazione","11":"product_tag-purpose","12":"product_tag-risorse","13":"product_tag-societa","14":"product_tag-wellness","15":"pa_guerini_amazon_link-https-www-amazon-it-valore-purpose-trovare-senso-unorganizzazione-dp-8868965267","16":"pa_guerini_feltrinelli_link-https-www-lafeltrinelli-it-valore-del-purpose-trovare-senso-libro-rosario-sica-e-9788868965266","17":"pa_guerini_ibs_link-https-www-ibs-it-valore-del-purpose-trovare-senso-libro-rosario-sica-e-9788868965266","18":"pa_guerini_libruniver_link-https-www-libreriauniversitaria-it-valore-purpose-trovare-senso-organizzazione-libro-9788868965266","19":"pa_guerini_mondadori_link-https-www-mondadoristore-it-valore-purpose-trovare-senso-rosario-sica-eai978886896526","21":"first","22":"instock","23":"sale","24":"shipping-taxable","25":"purchasable","26":"product-type-simple"},"yoast_head":"<!-- This site is optimized with the Yoast SEO plugin v25.4 - https:\/\/yoast.com\/wordpress\/plugins\/seo\/ -->\n<title>Rosario Sica, Il valore del Purpose | Guerini Editore<\/title>\n<meta name=\"description\" content=\"\u00abQuesto libro di Rosario Sica va diritto al punto e si propone di definire ed esaltare il valore del Purpose\u00bb. (Enrico Sassoon).\" \/>\n<meta name=\"robots\" content=\"index, follow, max-snippet:-1, max-image-preview:large, max-video-preview:-1\" \/>\n<link rel=\"canonical\" href=\"https:\/\/www.guerini.it\/index.php\/prodotto\/il-valore-del-purpose\/\" \/>\n<meta property=\"og:locale\" content=\"it_IT\" \/>\n<meta property=\"og:type\" content=\"article\" \/>\n<meta property=\"og:title\" content=\"Rosario Sica, Il valore del Purpose | Guerini Editore\" \/>\n<meta property=\"og:description\" content=\"\u00abQuesto libro di Rosario Sica va diritto al punto e si propone di definire ed esaltare il valore del Purpose\u00bb. (Enrico Sassoon).\" \/>\n<meta property=\"og:url\" content=\"https:\/\/www.guerini.it\/index.php\/prodotto\/il-valore-del-purpose\/\" \/>\n<meta property=\"og:site_name\" content=\"Guerini e Associati\" \/>\n<meta property=\"article:modified_time\" content=\"2024-06-09T18:26:11+00:00\" \/>\n<meta property=\"og:image\" content=\"https:\/\/www.guerini.it\/wp-content\/uploads\/2023\/12\/Front-Cover-IL-VALORE-DEL-PURPOSE-Sica-scaled.webp\" \/>\n\t<meta property=\"og:image:width\" content=\"1813\" \/>\n\t<meta property=\"og:image:height\" content=\"2560\" \/>\n\t<meta property=\"og:image:type\" content=\"image\/webp\" \/>\n<meta name=\"twitter:card\" content=\"summary_large_image\" \/>\n<meta name=\"twitter:label1\" content=\"Tempo di lettura stimato\" \/>\n\t<meta name=\"twitter:data1\" content=\"2 minuti\" \/>\n<!-- \/ Yoast SEO plugin. -->","yoast_head_json":{"title":"Rosario Sica, Il valore del Purpose | Guerini Editore","description":"\u00abQuesto libro di Rosario Sica va diritto al punto e si propone di definire ed esaltare il valore del Purpose\u00bb. (Enrico Sassoon).","robots":{"index":"index","follow":"follow","max-snippet":"max-snippet:-1","max-image-preview":"max-image-preview:large","max-video-preview":"max-video-preview:-1"},"canonical":"https:\/\/www.guerini.it\/index.php\/prodotto\/il-valore-del-purpose\/","og_locale":"it_IT","og_type":"article","og_title":"Rosario Sica, Il valore del Purpose | Guerini Editore","og_description":"\u00abQuesto libro di Rosario Sica va diritto al punto e si propone di definire ed esaltare il valore del Purpose\u00bb. (Enrico Sassoon).","og_url":"https:\/\/www.guerini.it\/index.php\/prodotto\/il-valore-del-purpose\/","og_site_name":"Guerini e Associati","article_modified_time":"2024-06-09T18:26:11+00:00","og_image":[{"width":1813,"height":2560,"url":"https:\/\/www.guerini.it\/wp-content\/uploads\/2023\/12\/Front-Cover-IL-VALORE-DEL-PURPOSE-Sica-scaled.webp","type":"image\/webp"}],"twitter_card":"summary_large_image","twitter_misc":{"Tempo di lettura stimato":"2 minuti"},"schema":{"@context":"https:\/\/schema.org","@graph":[{"@type":"WebPage","@id":"https:\/\/www.guerini.it\/index.php\/prodotto\/il-valore-del-purpose\/","url":"https:\/\/www.guerini.it\/index.php\/prodotto\/il-valore-del-purpose\/","name":"Rosario Sica, Il valore del Purpose | Guerini Editore","isPartOf":{"@id":"https:\/\/www.guerini.it\/#website"},"primaryImageOfPage":{"@id":"https:\/\/www.guerini.it\/index.php\/prodotto\/il-valore-del-purpose\/#primaryimage"},"image":{"@id":"https:\/\/www.guerini.it\/index.php\/prodotto\/il-valore-del-purpose\/#primaryimage"},"thumbnailUrl":"https:\/\/www.guerini.it\/wp-content\/uploads\/2023\/12\/Front-Cover-IL-VALORE-DEL-PURPOSE-Sica-scaled.webp","datePublished":"2023-12-27T09:12:04+00:00","dateModified":"2024-06-09T18:26:11+00:00","description":"\u00abQuesto libro di Rosario Sica va diritto al punto e si propone di definire ed esaltare il valore del Purpose\u00bb. (Enrico Sassoon).","breadcrumb":{"@id":"https:\/\/www.guerini.it\/index.php\/prodotto\/il-valore-del-purpose\/#breadcrumb"},"inLanguage":"it-IT","potentialAction":[{"@type":"ReadAction","target":["https:\/\/www.guerini.it\/index.php\/prodotto\/il-valore-del-purpose\/"]}]},{"@type":"ImageObject","inLanguage":"it-IT","@id":"https:\/\/www.guerini.it\/index.php\/prodotto\/il-valore-del-purpose\/#primaryimage","url":"https:\/\/www.guerini.it\/wp-content\/uploads\/2023\/12\/Front-Cover-IL-VALORE-DEL-PURPOSE-Sica-scaled.webp","contentUrl":"https:\/\/www.guerini.it\/wp-content\/uploads\/2023\/12\/Front-Cover-IL-VALORE-DEL-PURPOSE-Sica-scaled.webp","width":1813,"height":2560,"caption":"Copertina del libro di Rosario Sica, Il Valore del Purpose, Guerini Next, 2024"},{"@type":"BreadcrumbList","@id":"https:\/\/www.guerini.it\/index.php\/prodotto\/il-valore-del-purpose\/#breadcrumb","itemListElement":[{"@type":"ListItem","position":1,"name":"Home","item":"https:\/\/www.guerini.it\/"},{"@type":"ListItem","position":2,"name":"Catalogo","item":"https:\/\/www.guerini.it\/index.php\/negozio\/"},{"@type":"ListItem","position":3,"name":"Il valore del Purpose"}]},{"@type":"WebSite","@id":"https:\/\/www.guerini.it\/#website","url":"https:\/\/www.guerini.it\/","name":"Guerini e Associati","description":"30 anni di libri, idee e libert\u00e0","publisher":{"@id":"https:\/\/www.guerini.it\/#organization"},"potentialAction":[{"@type":"SearchAction","target":{"@type":"EntryPoint","urlTemplate":"https:\/\/www.guerini.it\/?s={search_term_string}"},"query-input":{"@type":"PropertyValueSpecification","valueRequired":true,"valueName":"search_term_string"}}],"inLanguage":"it-IT"},{"@type":"Organization","@id":"https:\/\/www.guerini.it\/#organization","name":"Guerini e Associati","url":"https:\/\/www.guerini.it\/","logo":{"@type":"ImageObject","inLanguage":"it-IT","@id":"https:\/\/www.guerini.it\/#\/schema\/logo\/image\/","url":"https:\/\/www.guerini.it\/wp-content\/uploads\/2021\/03\/Logo-Guerini-OK_-e1615831292285.png","contentUrl":"https:\/\/www.guerini.it\/wp-content\/uploads\/2021\/03\/Logo-Guerini-OK_-e1615831292285.png","width":2805,"height":1870,"caption":"Guerini e Associati"},"image":{"@id":"https:\/\/www.guerini.it\/#\/schema\/logo\/image\/"}}]}},"_links":{"self":[{"href":"https:\/\/www.guerini.it\/index.php\/wp-json\/wp\/v2\/product\/24336","targetHints":{"allow":["GET"]}}],"collection":[{"href":"https:\/\/www.guerini.it\/index.php\/wp-json\/wp\/v2\/product"}],"about":[{"href":"https:\/\/www.guerini.it\/index.php\/wp-json\/wp\/v2\/types\/product"}],"wp:featuredmedia":[{"embeddable":true,"href":"https:\/\/www.guerini.it\/index.php\/wp-json\/wp\/v2\/media\/24337"}],"wp:attachment":[{"href":"https:\/\/www.guerini.it\/index.php\/wp-json\/wp\/v2\/media?parent=24336"}],"wp:term":[{"taxonomy":"product_brand","embeddable":true,"href":"https:\/\/www.guerini.it\/index.php\/wp-json\/wp\/v2\/product_brand?post=24336"},{"taxonomy":"product_cat","embeddable":true,"href":"https:\/\/www.guerini.it\/index.php\/wp-json\/wp\/v2\/product_cat?post=24336"},{"taxonomy":"product_tag","embeddable":true,"href":"https:\/\/www.guerini.it\/index.php\/wp-json\/wp\/v2\/product_tag?post=24336"}],"curies":[{"name":"wp","href":"https:\/\/api.w.org\/{rel}","templated":true}]}}