{"id":24362,"date":"2024-01-15T13:33:36","date_gmt":"2024-01-15T12:33:36","guid":{"rendered":"https:\/\/www.guerini.it\/?post_type=product&#038;p=24362"},"modified":"2024-06-09T20:26:16","modified_gmt":"2024-06-09T18:26:16","slug":"larte-di-far-domande","status":"publish","type":"product","link":"https:\/\/www.guerini.it\/index.php\/prodotto\/larte-di-far-domande\/","title":{"rendered":"L&#8217;arte di far domande"},"content":{"rendered":"<p style=\"text-align: justify;\">Spesso pensiamo che comunicare voglia dire solo \u00abparlare\u00bb, dimenticando l\u2019ascolto e ancor pi\u00f9 la capacit\u00e0 di fare domande. Al contrario, bisognerebbe parlare meno e imparare a fare le domande giuste. Questo atteggiamento, che presuppone una buona disposizione all\u2019ascolto, vale per tutti ma soprattutto per i leader delle organizzazioni. Un buon leader non deve solo saper orientare, dare direttive ed esprimere valori; ma anche capire quando \u00e8 il momento di domandare e di mettersi in ascolto con umilt\u00e0. Solo cos\u00ec accresciamo la nostra conoscenza e creiamo rapporti solidi e di valore.<br \/>\nLa seconda edizione ampliata e aggiornata approfondisce e attualizza i principali temi di questo classico del pensiero manageriale. Arricchito da nuovi casi di studio ed esercizi, <em>L\u2019arte di far domande<\/em> \u00e8 uno strumento unico per apprendere e migliorare le dinamiche relazionali nel mondo delle organizzazioni.<\/p>\n<blockquote>\n<p style=\"text-align: center;\">UNA GUIDA DI INCALCOLABILE VALORE<br \/>\nIrvin Yalom, autore di <em>Le lacrime di Nietzsche<\/em><\/p>\n<\/blockquote>\n<hr \/>\n<p style=\"text-align: justify;\"><strong>Edgar H. Schein<\/strong> (1928-2023) \u00e8 stato tra i massimi esperti mondiali di psicologia sociale e delle organizzazioni. Ha insegnato all\u2019<a href=\"https:\/\/www.mit.edu\/\">MIT<\/a> per oltre quarant\u2019anni, ricevendo numerosi premi e lauree ad honorem. I suoi saggi sono stati pubblicati in decine di lingue. Guerini ha pubblicato molte sue opere, tra cui <a href=\"https:\/\/www.guerini.it\/index.php\/prodotto\/l-arte-della-consulenza\/\"><em>L\u2019arte della consulenza<\/em><\/a> (2017), <a href=\"https:\/\/www.guerini.it\/index.php\/prodotto\/l-arte-di-creare-fiducia\/\"><em>L\u2019arte di creare fiducia<\/em><\/a> (2019) e <a href=\"https:\/\/www.guerini.it\/index.php\/prodotto\/schein-sviluppo-organizzativo-e-metodo-clinico-guerini\/\"><em>Sviluppo organizzativo e metodo clinico<\/em><\/a> (19891 &#8211; 20232).<br \/>\n<strong>Peter A. Schein<\/strong> \u00e8 un consulente di strategia nella Silicon Valley. Con oltre trent\u2019anni di esperienza nel settore della strategia, del marketing e dello sviluppo aziendale, aiuta le start-up e le aziende tecnologiche in fase di espansione.<\/p>\n","protected":false},"excerpt":{"rendered":"<p>Spesso pensiamo che comunicare voglia dire solo \u00abparlare\u00bb, dimenticando l\u2019ascolto e ancor pi\u00f9 la capacit\u00e0 di fare domande. Al contrario, bisognerebbe parlare meno e imparare a fare le domande giuste. [&hellip;]<\/p>\n","protected":false},"featured_media":24363,"template":"","meta":{"_editorskit_title_hidden":false,"_editorskit_reading_time":0,"_editorskit_is_block_options_detached":false,"_editorskit_block_options_position":"{}","_monsterinsights_skip_tracking":false,"_monsterinsights_sitenote_active":false,"_monsterinsights_sitenote_note":"","_monsterinsights_sitenote_category":0},"product_brand":[],"product_cat":[6805,6728],"product_tag":[11369,7412,11370],"class_list":{"0":"post-24362","1":"product","2":"type-product","3":"status-publish","4":"has-post-thumbnail","6":"product_cat-guerini-next","7":"product_cat-ultime_novita","8":"product_tag-cultura-manageriale","9":"product_tag-organizzazione","10":"product_tag-psicologia-sociale","11":"pa_guerini_amazon_link-https-www-amazon-it-domande-quando-ascoltare-meglio-parlare-dp-8868965216","12":"pa_guerini_feltrinelli_link-https-www-lafeltrinelli-it-arte-di-far-domande-quando-libro-edgar-h-schein-e-9788868965211","13":"pa_guerini_ibs_link-https-www-ibs-it-arte-di-far-domande-quando-libro-edgar-h-schein-e-9788868965211","14":"pa_guerini_libruniver_link-https-www-libreriauniversitaria-it-arte-far-domande-quando-ascoltare-libro-9788868965211","15":"pa_guerini_mondadori_link-https-www-mondadoristore-it-arte-far-domande-quando-edgar-schein-eai978886896521","17":"first","18":"instock","19":"sale","20":"shipping-taxable","21":"purchasable","22":"product-type-simple"},"yoast_head":"<!-- This site is optimized with the Yoast SEO plugin v25.4 - https:\/\/yoast.com\/wordpress\/plugins\/seo\/ -->\n<title>E. H. Schein, P. Schein, L&#039;arte di far domande N.E. | Guerini Editore<\/title>\n<meta name=\"description\" content=\"La nuova edizione ampliata e aggiornata de L&#039;arte di far domande approfondisce e attualizza i principali temi di questo classico del pensiero manageriale.\" \/>\n<meta name=\"robots\" content=\"index, follow, max-snippet:-1, max-image-preview:large, max-video-preview:-1\" \/>\n<link rel=\"canonical\" href=\"https:\/\/www.guerini.it\/index.php\/prodotto\/larte-di-far-domande\/\" \/>\n<meta property=\"og:locale\" content=\"it_IT\" \/>\n<meta property=\"og:type\" content=\"article\" \/>\n<meta property=\"og:title\" content=\"E. H. Schein, P. Schein, L&#039;arte di far domande N.E. | Guerini Editore\" \/>\n<meta property=\"og:description\" content=\"La nuova edizione ampliata e aggiornata de L&#039;arte di far domande approfondisce e attualizza i principali temi di questo classico del pensiero manageriale.\" \/>\n<meta property=\"og:url\" content=\"https:\/\/www.guerini.it\/index.php\/prodotto\/larte-di-far-domande\/\" \/>\n<meta property=\"og:site_name\" content=\"Guerini e Associati\" \/>\n<meta property=\"article:modified_time\" content=\"2024-06-09T18:26:16+00:00\" \/>\n<meta property=\"og:image\" content=\"https:\/\/www.guerini.it\/wp-content\/uploads\/2024\/01\/Front-Cover-LARTE-DI-FAR-DOMANDE-2-ediz.webp\" \/>\n\t<meta property=\"og:image:width\" content=\"1654\" \/>\n\t<meta property=\"og:image:height\" content=\"2480\" \/>\n\t<meta property=\"og:image:type\" content=\"image\/webp\" \/>\n<meta name=\"twitter:card\" content=\"summary_large_image\" \/>\n<meta name=\"twitter:label1\" content=\"Tempo di lettura stimato\" \/>\n\t<meta name=\"twitter:data1\" content=\"2 minuti\" \/>\n<!-- \/ Yoast SEO plugin. -->","yoast_head_json":{"title":"E. H. Schein, P. Schein, L'arte di far domande N.E. | Guerini Editore","description":"La nuova edizione ampliata e aggiornata de L'arte di far domande approfondisce e attualizza i principali temi di questo classico del pensiero manageriale.","robots":{"index":"index","follow":"follow","max-snippet":"max-snippet:-1","max-image-preview":"max-image-preview:large","max-video-preview":"max-video-preview:-1"},"canonical":"https:\/\/www.guerini.it\/index.php\/prodotto\/larte-di-far-domande\/","og_locale":"it_IT","og_type":"article","og_title":"E. H. Schein, P. Schein, L'arte di far domande N.E. | Guerini Editore","og_description":"La nuova edizione ampliata e aggiornata de L'arte di far domande approfondisce e attualizza i principali temi di questo classico del pensiero manageriale.","og_url":"https:\/\/www.guerini.it\/index.php\/prodotto\/larte-di-far-domande\/","og_site_name":"Guerini e Associati","article_modified_time":"2024-06-09T18:26:16+00:00","og_image":[{"width":1654,"height":2480,"url":"https:\/\/www.guerini.it\/wp-content\/uploads\/2024\/01\/Front-Cover-LARTE-DI-FAR-DOMANDE-2-ediz.webp","type":"image\/webp"}],"twitter_card":"summary_large_image","twitter_misc":{"Tempo di lettura stimato":"2 minuti"},"schema":{"@context":"https:\/\/schema.org","@graph":[{"@type":"WebPage","@id":"https:\/\/www.guerini.it\/index.php\/prodotto\/larte-di-far-domande\/","url":"https:\/\/www.guerini.it\/index.php\/prodotto\/larte-di-far-domande\/","name":"E. H. Schein, P. Schein, L'arte di far domande N.E. | Guerini Editore","isPartOf":{"@id":"https:\/\/www.guerini.it\/#website"},"primaryImageOfPage":{"@id":"https:\/\/www.guerini.it\/index.php\/prodotto\/larte-di-far-domande\/#primaryimage"},"image":{"@id":"https:\/\/www.guerini.it\/index.php\/prodotto\/larte-di-far-domande\/#primaryimage"},"thumbnailUrl":"https:\/\/www.guerini.it\/wp-content\/uploads\/2024\/01\/Front-Cover-LARTE-DI-FAR-DOMANDE-2-ediz.webp","datePublished":"2024-01-15T12:33:36+00:00","dateModified":"2024-06-09T18:26:16+00:00","description":"La nuova edizione ampliata e aggiornata de L'arte di far domande approfondisce e attualizza i principali temi di questo classico del pensiero manageriale.","breadcrumb":{"@id":"https:\/\/www.guerini.it\/index.php\/prodotto\/larte-di-far-domande\/#breadcrumb"},"inLanguage":"it-IT","potentialAction":[{"@type":"ReadAction","target":["https:\/\/www.guerini.it\/index.php\/prodotto\/larte-di-far-domande\/"]}]},{"@type":"ImageObject","inLanguage":"it-IT","@id":"https:\/\/www.guerini.it\/index.php\/prodotto\/larte-di-far-domande\/#primaryimage","url":"https:\/\/www.guerini.it\/wp-content\/uploads\/2024\/01\/Front-Cover-LARTE-DI-FAR-DOMANDE-2-ediz.webp","contentUrl":"https:\/\/www.guerini.it\/wp-content\/uploads\/2024\/01\/Front-Cover-LARTE-DI-FAR-DOMANDE-2-ediz.webp","width":1654,"height":2480,"caption":"Copertina del libro di E. H. Schein, P. A. Schein, L'arte di far domande, nuova edizione, Guerini Next, 2024"},{"@type":"BreadcrumbList","@id":"https:\/\/www.guerini.it\/index.php\/prodotto\/larte-di-far-domande\/#breadcrumb","itemListElement":[{"@type":"ListItem","position":1,"name":"Home","item":"https:\/\/www.guerini.it\/"},{"@type":"ListItem","position":2,"name":"Catalogo","item":"https:\/\/www.guerini.it\/index.php\/negozio\/"},{"@type":"ListItem","position":3,"name":"L&#8217;arte di far domande"}]},{"@type":"WebSite","@id":"https:\/\/www.guerini.it\/#website","url":"https:\/\/www.guerini.it\/","name":"Guerini e Associati","description":"30 anni di libri, idee e libert\u00e0","publisher":{"@id":"https:\/\/www.guerini.it\/#organization"},"potentialAction":[{"@type":"SearchAction","target":{"@type":"EntryPoint","urlTemplate":"https:\/\/www.guerini.it\/?s={search_term_string}"},"query-input":{"@type":"PropertyValueSpecification","valueRequired":true,"valueName":"search_term_string"}}],"inLanguage":"it-IT"},{"@type":"Organization","@id":"https:\/\/www.guerini.it\/#organization","name":"Guerini e Associati","url":"https:\/\/www.guerini.it\/","logo":{"@type":"ImageObject","inLanguage":"it-IT","@id":"https:\/\/www.guerini.it\/#\/schema\/logo\/image\/","url":"https:\/\/www.guerini.it\/wp-content\/uploads\/2021\/03\/Logo-Guerini-OK_-e1615831292285.png","contentUrl":"https:\/\/www.guerini.it\/wp-content\/uploads\/2021\/03\/Logo-Guerini-OK_-e1615831292285.png","width":2805,"height":1870,"caption":"Guerini e Associati"},"image":{"@id":"https:\/\/www.guerini.it\/#\/schema\/logo\/image\/"}}]}},"_links":{"self":[{"href":"https:\/\/www.guerini.it\/index.php\/wp-json\/wp\/v2\/product\/24362","targetHints":{"allow":["GET"]}}],"collection":[{"href":"https:\/\/www.guerini.it\/index.php\/wp-json\/wp\/v2\/product"}],"about":[{"href":"https:\/\/www.guerini.it\/index.php\/wp-json\/wp\/v2\/types\/product"}],"wp:featuredmedia":[{"embeddable":true,"href":"https:\/\/www.guerini.it\/index.php\/wp-json\/wp\/v2\/media\/24363"}],"wp:attachment":[{"href":"https:\/\/www.guerini.it\/index.php\/wp-json\/wp\/v2\/media?parent=24362"}],"wp:term":[{"taxonomy":"product_brand","embeddable":true,"href":"https:\/\/www.guerini.it\/index.php\/wp-json\/wp\/v2\/product_brand?post=24362"},{"taxonomy":"product_cat","embeddable":true,"href":"https:\/\/www.guerini.it\/index.php\/wp-json\/wp\/v2\/product_cat?post=24362"},{"taxonomy":"product_tag","embeddable":true,"href":"https:\/\/www.guerini.it\/index.php\/wp-json\/wp\/v2\/product_tag?post=24362"}],"curies":[{"name":"wp","href":"https:\/\/api.w.org\/{rel}","templated":true}]}}